{"id":596040,"date":"2025-07-14T15:13:38","date_gmt":"2025-07-14T13:13:38","guid":{"rendered":"https:\/\/www.samoens.com\/?page_id=596040"},"modified":"2025-12-17T10:09:48","modified_gmt":"2025-12-17T09:09:48","slug":"plans-du-village","status":"publish","type":"page","link":"https:\/\/www.samoens.com\/en\/downloads\/plans-du-village\/","title":{"rendered":"Maps of the village"},"content":{"rendered":"<div class=\"wpb-content-wrapper\"><p>[vc_row][vc_column width=&#8221;1\/2&#8243;][vc_single_image image=&#8221;593616&#8243; img_size=&#8221;medium&#8221; alignment=&#8221;center&#8221; onclick=&#8221;custom_link&#8221; img_link_target=&#8221;_blank&#8221; title=&#8221;Summer Map&#8221; link=&#8221;https:\/\/www.samoens.com\/wp-content\/uploads\/2025\/07\/Plan-du-village-ETE-Samoens-2025.pdf&#8221; el_class=&#8221;lienversliste&#8221;][\/vc_column][vc_column width=&#8221;1\/2&#8243;][vc_single_image image=&#8221;593611&#8243; img_size=&#8221;medium&#8221; alignment=&#8221;center&#8221; onclick=&#8221;custom_link&#8221; img_link_target=&#8221;_blank&#8221; css=&#8221;&#8221; title=&#8221;Winter Map&#8221; link=&#8221;https:\/\/www.samoens.com\/wp-content\/uploads\/2025\/12\/Plan-du-village-HIVER-Samoens-2026.pdf&#8221; el_class=&#8221;lienversliste&#8221;][\/vc_column][\/vc_row]<\/p>\n<\/div>","protected":false},"excerpt":{"rendered":"<p>[vc_row][vc_column width=&#8221;1\/2&#8243;][vc_single_image image=&#8221;593616&#8243; img_size=&#8221;medium&#8221; alignment=&#8221;center&#8221; onclick=&#8221;custom_link&#8221; img_link_target=&#8221;_blank&#8221; title=&#8221;Summer Map&#8221; link=&#8221;https:\/\/www.samoens.com\/wp-content\/uploads\/2025\/07\/Plan-du-village-ETE-Samoens-2025.pdf&#8221; el_class=&#8221;lienversliste&#8221;][\/vc_column][vc_column width=&#8221;1\/2&#8243;][vc_single_image image=&#8221;593611&#8243; img_size=&#8221;medium&#8221; alignment=&#8221;center&#8221; onclick=&#8221;custom_link&#8221; img_link_target=&#8221;_blank&#8221; css=&#8221;&#8221; title=&#8221;Winter Map&#8221; link=&#8221;https:\/\/www.samoens.com\/wp-content\/uploads\/2025\/12\/Plan-du-village-HIVER-Samoens-2026.pdf&#8221; el_class=&#8221;lienversliste&#8221;][\/vc_column][\/vc_row]<\/p>\n","protected":false},"author":2,"featured_media":593616,"parent":51338,"menu_order":1,"comment_status":"closed","ping_status":"closed","template":"","meta":{"_acf_changed":false,"footnotes":""},"class_list":["post-596040","page","type-page","status-publish","hentry"],"acf":[],"yoast_head":"<!-- This site is optimized with the Yoast SEO plugin v27.2 - https:\/\/yoast.com\/product\/yoast-seo-wordpress\/ -->\n<title>Maps of the village Samo\u00ebns, station de ski et village authentique en Haute-Savoie<\/title>\n<meta name=\"robots\" content=\"index, follow, max-snippet:-1, max-image-preview:large, max-video-preview:-1\" \/>\n<link rel=\"canonical\" href=\"https:\/\/www.samoens.com\/en\/downloads\/plans-du-village\/\" \/>\n<meta property=\"og:locale\" content=\"en_US\" \/>\n<meta property=\"og:type\" content=\"article\" \/>\n<meta property=\"og:title\" content=\"Maps of the village Samo\u00ebns, station de ski et village authentique en Haute-Savoie\" \/>\n<meta property=\"og:description\" content=\"[vc_row][vc_column width=&#8221;1\/2&#8243;][vc_single_image image=&#8221;593616&#8243; img_size=&#8221;medium&#8221; alignment=&#8221;center&#8221; onclick=&#8221;custom_link&#8221; img_link_target=&#8221;_blank&#8221; title=&#8221;Summer Map&#8221; link=&#8221;https:\/\/www.samoens.com\/wp-content\/uploads\/2025\/07\/Plan-du-village-ETE-Samoens-2025.pdf&#8221; el_class=&#8221;lienversliste&#8221;][\/vc_column][vc_column width=&#8221;1\/2&#8243;][vc_single_image image=&#8221;593611&#8243; img_size=&#8221;medium&#8221; alignment=&#8221;center&#8221; onclick=&#8221;custom_link&#8221; img_link_target=&#8221;_blank&#8221; css=&#8221;&#8221; title=&#8221;Winter Map&#8221; link=&#8221;https:\/\/www.samoens.com\/wp-content\/uploads\/2025\/12\/Plan-du-village-HIVER-Samoens-2026.pdf&#8221; el_class=&#8221;lienversliste&#8221;][\/vc_column][\/vc_row]\" \/>\n<meta property=\"og:url\" content=\"https:\/\/www.samoens.com\/en\/downloads\/plans-du-village\/\" \/>\n<meta property=\"og:site_name\" content=\"Samo\u00ebns, station de ski et village authentique en Haute-Savoie\" \/>\n<meta property=\"article:modified_time\" content=\"2025-12-17T09:09:48+00:00\" \/>\n<meta name=\"twitter:card\" content=\"summary_large_image\" \/>\n<script type=\"application\/ld+json\" class=\"yoast-schema-graph\">{\"@context\":\"https:\/\/schema.org\",\"@graph\":[{\"@type\":\"WebPage\",\"@id\":\"https:\/\/www.samoens.com\/en\/downloads\/plans-du-village\/\",\"url\":\"https:\/\/www.samoens.com\/en\/downloads\/plans-du-village\/\",\"name\":\"Maps of the village Samo\u00ebns, station de ski et village authentique en Haute-Savoie\",\"isPartOf\":{\"@id\":\"https:\/\/www.samoens.com\/#website\"},\"primaryImageOfPage\":{\"@id\":\"https:\/\/www.samoens.com\/en\/downloads\/plans-du-village\/#primaryimage\"},\"image\":{\"@id\":\"https:\/\/www.samoens.com\/en\/downloads\/plans-du-village\/#primaryimage\"},\"thumbnailUrl\":\"https:\/\/www.samoens.com\/wp-content\/uploads\/2025\/01\/plan-ete.png\",\"datePublished\":\"2025-07-14T13:13:38+00:00\",\"dateModified\":\"2025-12-17T09:09:48+00:00\",\"breadcrumb\":{\"@id\":\"https:\/\/www.samoens.com\/en\/downloads\/plans-du-village\/#breadcrumb\"},\"inLanguage\":\"en-US\",\"potentialAction\":[{\"@type\":\"ReadAction\",\"target\":[\"https:\/\/www.samoens.com\/en\/downloads\/plans-du-village\/\"]}]},{\"@type\":\"ImageObject\",\"inLanguage\":\"en-US\",\"@id\":\"https:\/\/www.samoens.com\/en\/downloads\/plans-du-village\/#primaryimage\",\"url\":\"https:\/\/www.samoens.com\/wp-content\/uploads\/2025\/01\/plan-ete.png\",\"contentUrl\":\"https:\/\/www.samoens.com\/wp-content\/uploads\/2025\/01\/plan-ete.png\",\"width\":1377,\"height\":721},{\"@type\":\"BreadcrumbList\",\"@id\":\"https:\/\/www.samoens.com\/en\/downloads\/plans-du-village\/#breadcrumb\",\"itemListElement\":[{\"@type\":\"ListItem\",\"position\":1,\"name\":\"Accueil\",\"item\":\"https:\/\/www.samoens.com\/en\/\"},{\"@type\":\"ListItem\",\"position\":2,\"name\":\"Downloads\",\"item\":\"https:\/\/www.samoens.com\/en\/downloads\/\"},{\"@type\":\"ListItem\",\"position\":3,\"name\":\"Maps of the village\"}]},{\"@type\":\"WebSite\",\"@id\":\"https:\/\/www.samoens.com\/#website\",\"url\":\"https:\/\/www.samoens.com\/\",\"name\":\"Samo\u00ebns, station de ski et village authentique en Haute-Savoie\",\"description\":\"Nich\u00e9e au coeur du domaine skiable du Grand Massif et \u00e0 moins d&#039;1h de Gen\u00e8ve, Samo\u00ebns rendra vos vacances inoubliables en \u00e9t\u00e9 comme en hiver\",\"potentialAction\":[{\"@type\":\"SearchAction\",\"target\":{\"@type\":\"EntryPoint\",\"urlTemplate\":\"https:\/\/www.samoens.com\/?s={search_term_string}\"},\"query-input\":{\"@type\":\"PropertyValueSpecification\",\"valueRequired\":true,\"valueName\":\"search_term_string\"}}],\"inLanguage\":\"en-US\"}]}<\/script>\n<!-- \/ Yoast SEO plugin. -->","yoast_head_json":{"title":"Maps of the village Samo\u00ebns, station de ski et village authentique en Haute-Savoie","robots":{"index":"index","follow":"follow","max-snippet":"max-snippet:-1","max-image-preview":"max-image-preview:large","max-video-preview":"max-video-preview:-1"},"canonical":"https:\/\/www.samoens.com\/en\/downloads\/plans-du-village\/","og_locale":"en_US","og_type":"article","og_title":"Maps of the village Samo\u00ebns, station de ski et village authentique en Haute-Savoie","og_description":"[vc_row][vc_column width=&#8221;1\/2&#8243;][vc_single_image image=&#8221;593616&#8243; img_size=&#8221;medium&#8221; alignment=&#8221;center&#8221; onclick=&#8221;custom_link&#8221; img_link_target=&#8221;_blank&#8221; title=&#8221;Summer Map&#8221; link=&#8221;https:\/\/www.samoens.com\/wp-content\/uploads\/2025\/07\/Plan-du-village-ETE-Samoens-2025.pdf&#8221; el_class=&#8221;lienversliste&#8221;][\/vc_column][vc_column width=&#8221;1\/2&#8243;][vc_single_image image=&#8221;593611&#8243; img_size=&#8221;medium&#8221; alignment=&#8221;center&#8221; onclick=&#8221;custom_link&#8221; img_link_target=&#8221;_blank&#8221; css=&#8221;&#8221; title=&#8221;Winter Map&#8221; link=&#8221;https:\/\/www.samoens.com\/wp-content\/uploads\/2025\/12\/Plan-du-village-HIVER-Samoens-2026.pdf&#8221; el_class=&#8221;lienversliste&#8221;][\/vc_column][\/vc_row]","og_url":"https:\/\/www.samoens.com\/en\/downloads\/plans-du-village\/","og_site_name":"Samo\u00ebns, station de ski et village authentique en Haute-Savoie","article_modified_time":"2025-12-17T09:09:48+00:00","twitter_card":"summary_large_image","schema":{"@context":"https:\/\/schema.org","@graph":[{"@type":"WebPage","@id":"https:\/\/www.samoens.com\/en\/downloads\/plans-du-village\/","url":"https:\/\/www.samoens.com\/en\/downloads\/plans-du-village\/","name":"Maps of the village Samo\u00ebns, station de ski et village authentique en Haute-Savoie","isPartOf":{"@id":"https:\/\/www.samoens.com\/#website"},"primaryImageOfPage":{"@id":"https:\/\/www.samoens.com\/en\/downloads\/plans-du-village\/#primaryimage"},"image":{"@id":"https:\/\/www.samoens.com\/en\/downloads\/plans-du-village\/#primaryimage"},"thumbnailUrl":"https:\/\/www.samoens.com\/wp-content\/uploads\/2025\/01\/plan-ete.png","datePublished":"2025-07-14T13:13:38+00:00","dateModified":"2025-12-17T09:09:48+00:00","breadcrumb":{"@id":"https:\/\/www.samoens.com\/en\/downloads\/plans-du-village\/#breadcrumb"},"inLanguage":"en-US","potentialAction":[{"@type":"ReadAction","target":["https:\/\/www.samoens.com\/en\/downloads\/plans-du-village\/"]}]},{"@type":"ImageObject","inLanguage":"en-US","@id":"https:\/\/www.samoens.com\/en\/downloads\/plans-du-village\/#primaryimage","url":"https:\/\/www.samoens.com\/wp-content\/uploads\/2025\/01\/plan-ete.png","contentUrl":"https:\/\/www.samoens.com\/wp-content\/uploads\/2025\/01\/plan-ete.png","width":1377,"height":721},{"@type":"BreadcrumbList","@id":"https:\/\/www.samoens.com\/en\/downloads\/plans-du-village\/#breadcrumb","itemListElement":[{"@type":"ListItem","position":1,"name":"Accueil","item":"https:\/\/www.samoens.com\/en\/"},{"@type":"ListItem","position":2,"name":"Downloads","item":"https:\/\/www.samoens.com\/en\/downloads\/"},{"@type":"ListItem","position":3,"name":"Maps of the village"}]},{"@type":"WebSite","@id":"https:\/\/www.samoens.com\/#website","url":"https:\/\/www.samoens.com\/","name":"Samo\u00ebns, station de ski et village authentique en Haute-Savoie","description":"Nich\u00e9e au coeur du domaine skiable du Grand Massif et \u00e0 moins d&#039;1h de Gen\u00e8ve, Samo\u00ebns rendra vos vacances inoubliables en \u00e9t\u00e9 comme en hiver","potentialAction":[{"@type":"SearchAction","target":{"@type":"EntryPoint","urlTemplate":"https:\/\/www.samoens.com\/?s={search_term_string}"},"query-input":{"@type":"PropertyValueSpecification","valueRequired":true,"valueName":"search_term_string"}}],"inLanguage":"en-US"}]}},"_links":{"self":[{"href":"https:\/\/www.samoens.com\/en\/wp-json\/wp\/v2\/pages\/596040","targetHints":{"allow":["GET"]}}],"collection":[{"href":"https:\/\/www.samoens.com\/en\/wp-json\/wp\/v2\/pages"}],"about":[{"href":"https:\/\/www.samoens.com\/en\/wp-json\/wp\/v2\/types\/page"}],"author":[{"embeddable":true,"href":"https:\/\/www.samoens.com\/en\/wp-json\/wp\/v2\/users\/2"}],"replies":[{"embeddable":true,"href":"https:\/\/www.samoens.com\/en\/wp-json\/wp\/v2\/comments?post=596040"}],"version-history":[{"count":5,"href":"https:\/\/www.samoens.com\/en\/wp-json\/wp\/v2\/pages\/596040\/revisions"}],"predecessor-version":[{"id":604930,"href":"https:\/\/www.samoens.com\/en\/wp-json\/wp\/v2\/pages\/596040\/revisions\/604930"}],"up":[{"embeddable":true,"href":"https:\/\/www.samoens.com\/en\/wp-json\/wp\/v2\/pages\/51338"}],"wp:featuredmedia":[{"embeddable":true,"href":"https:\/\/www.samoens.com\/en\/wp-json\/wp\/v2\/media\/593616"}],"wp:attachment":[{"href":"https:\/\/www.samoens.com\/en\/wp-json\/wp\/v2\/media?parent=596040"}],"curies":[{"name":"wp","href":"https:\/\/api.w.org\/{rel}","templated":true}]}}