{"id":595133,"date":"2021-12-14T15:22:33","date_gmt":"2021-12-14T14:22:33","guid":{"rendered":"https:\/\/www.samoens.com\/les-activites-a-samoens\/"},"modified":"2025-04-09T08:33:45","modified_gmt":"2025-04-09T06:33:45","slug":"activities-in-samoens","status":"publish","type":"page","link":"https:\/\/www.samoens.com\/en\/activities-in-samoens\/","title":{"rendered":"Activities in Samo\u00ebns"},"content":{"rendered":"<div class=\"wpb-content-wrapper\"><p>[vc_row][vc_column][vc_column_text]<\/p>\n<h2>Fill up on activities in Samo\u00ebns<\/h2>\n<p>[\/vc_column_text][vc_column_text]<\/p>\n<h2 class=\"chapeau\">Discover all the things to do in Samo\u00ebns in summer, spring, winter and autumn. With family or friends, the resort-village of Samo\u00ebns offers a wide range of activities and entertainment all year round.<\/h2>\n<p>[\/vc_column_text][\/vc_column][\/vc_row][vc_row][vc_column]<div class=\"vc_row wpb_row vc_row-fluid\"><div class=\"wpb_column vc_column_container vc_col-sm-6 vc_col-lg-4\"><div class=\"vc_column-inner\"><a href=\"https:\/\/www.samoens.com\/en\/que-faire-en-automne-a-samoens\/\" class=\"listeactiseo\"><div class=\"imgcropCtn\"><img decoding=\"async\" class=\"imgcrop\" src=\"https:\/\/www.samoens.com\/wp-content\/uploads\/2022\/09\/DJI_0556-2-768x576.jpg\" alt=\"Autumn activities\"><div class=\"descriptif\">\r\nAfter a sporty summer for some or a more relaxing one for others, Samo\u00ebns invites you to discover its town and hamlets during a beautiful Indian summer. Stroll along the Giffre, discover the surrounding forests or the Tines gorges, take a diversion to the magnificent mountain lakes... Samo\u00ebns is decked out in warm colours to let you enjoy an exce...<\/div><\/div><h3>Autumn activities<\/h3><\/a><\/div><\/div><div class=\"wpb_column vc_column_container vc_col-sm-6 vc_col-lg-4\"><div class=\"vc_column-inner\"><a href=\"https:\/\/www.samoens.com\/en\/profitez-du-printemps-a-samoens\/\" class=\"listeactiseo\"><div class=\"imgcropCtn\"><img decoding=\"async\" class=\"imgcrop\" src=\"https:\/\/www.samoens.com\/wp-content\/uploads\/2021\/08\/Samoe\u00a6ens-018-768x371.jpg\" alt=\"Spring activities\"><div class=\"descriptif\">\r\nExperience the wonder of spring in Samo\u00ebns!\r\nIn the heart of the majestic French Alps, Samo\u00ebns gently awakens with the arrival of spring, offering travellers an unforgettable experience in an enchanting, unspoilt natural setting.\r\n<\/div><\/div><h3>Spring activities<\/h3><\/a><\/div><\/div><div class=\"wpb_column vc_column_container vc_col-sm-6 vc_col-lg-4\"><div class=\"vc_column-inner\"><a href=\"https:\/\/www.samoens.com\/en\/handicap\/\" class=\"listeactiseo\"><div class=\"imgcropCtn\"><img decoding=\"async\" class=\"imgcrop\" src=\"https:\/\/www.samoens.com\/wp-content\/uploads\/2020\/06\/4-FTT-nov-2016-768x576.jpg\" alt=\"Activities for the disabled\"><div class=\"descriptif\">mn width=\"1\/2\"][vc_single_image image=\"605469\" img_size=\"medium\" css=\"\"][\/vc_column][vc_column width=\"1\/2\"][vc_single_image image=\"605771\" img_size=\"medium\" css=\"\"][\/vc_column][\/vc_row][vc_row][vc_column][vc_column_text css=\"\"]\r\nhandi-tourism in Samo\u00ebns\r\n<\/div><\/div><h3>Activities for the disabled<\/h3><\/a><\/div><\/div><\/div>[\/vc_column][\/vc_row][vc_row][vc_column]<p class=\"\" style=\"text-align:center;\"><a class=\"ye_boutPlein ye_coul1\" href=\"https:\/\/booking.samoens.com\/all-our-promotions.html\">Find all our good accommodation deals all year round<\/a><\/p>[\/vc_column][\/vc_row]<\/p>\n<\/div>","protected":false},"excerpt":{"rendered":"<p>[vc_row][vc_column][vc_column_text] Fill up on activities in Samo\u00ebns [\/vc_column_text][vc_column_text] Discover all the things to do in Samo\u00ebns in summer, spring, winter and autumn. With family or friends, the resort-village of Samo\u00ebns offers a wide range of activities and entertainment all year round. [\/vc_column_text][\/vc_column][\/vc_row][vc_row][vc_column][\/vc_column][\/vc_row][vc_row][vc_column][\/vc_column][\/vc_row]<\/p>\n","protected":false},"author":1,"featured_media":0,"parent":0,"menu_order":140,"comment_status":"closed","ping_status":"closed","template":"","meta":{"_acf_changed":false,"footnotes":""},"class_list":["post-595133","page","type-page","status-publish","hentry"],"acf":[],"yoast_head":"<!-- This site is optimized with the Yoast SEO plugin v27.4 - https:\/\/yoast.com\/product\/yoast-seo-wordpress\/ -->\n<title>Activities in Samo\u00ebns Samo\u00ebns, station de ski et village authentique en Haute-Savoie<\/title>\n<meta name=\"robots\" content=\"index, follow, max-snippet:-1, max-image-preview:large, max-video-preview:-1\" \/>\n<link rel=\"canonical\" href=\"https:\/\/www.samoens.com\/en\/activities-in-samoens\/\" \/>\n<meta property=\"og:locale\" content=\"en_US\" \/>\n<meta property=\"og:type\" content=\"article\" \/>\n<meta property=\"og:title\" content=\"Activities in Samo\u00ebns Samo\u00ebns, station de ski et village authentique en Haute-Savoie\" \/>\n<meta property=\"og:description\" content=\"[vc_row][vc_column][vc_column_text] Fill up on activities in Samo\u00ebns [\/vc_column_text][vc_column_text] Discover all the things to do in Samo\u00ebns in summer, spring, winter and autumn. With family or friends, the resort-village of Samo\u00ebns offers a wide range of activities and entertainment all year round. [\/vc_column_text][\/vc_column][\/vc_row][vc_row][vc_column][\/vc_column][\/vc_row][vc_row][vc_column][\/vc_column][\/vc_row]\" \/>\n<meta property=\"og:url\" content=\"https:\/\/www.samoens.com\/en\/activities-in-samoens\/\" \/>\n<meta property=\"og:site_name\" content=\"Samo\u00ebns, station de ski et village authentique en Haute-Savoie\" \/>\n<meta property=\"article:modified_time\" content=\"2025-04-09T06:33:45+00:00\" \/>\n<meta name=\"twitter:card\" content=\"summary_large_image\" \/>\n<meta name=\"twitter:label1\" content=\"Est. reading time\" \/>\n\t<meta name=\"twitter:data1\" content=\"1 minute\" \/>\n<script type=\"application\/ld+json\" class=\"yoast-schema-graph\">{\"@context\":\"https:\\\/\\\/schema.org\",\"@graph\":[{\"@type\":\"WebPage\",\"@id\":\"https:\\\/\\\/www.samoens.com\\\/en\\\/activities-in-samoens\\\/\",\"url\":\"https:\\\/\\\/www.samoens.com\\\/en\\\/activities-in-samoens\\\/\",\"name\":\"Activities in Samo\u00ebns Samo\u00ebns, station de ski et village authentique en Haute-Savoie\",\"isPartOf\":{\"@id\":\"https:\\\/\\\/www.samoens.com\\\/#website\"},\"datePublished\":\"2021-12-14T14:22:33+00:00\",\"dateModified\":\"2025-04-09T06:33:45+00:00\",\"breadcrumb\":{\"@id\":\"https:\\\/\\\/www.samoens.com\\\/en\\\/activities-in-samoens\\\/#breadcrumb\"},\"inLanguage\":\"en-US\",\"potentialAction\":[{\"@type\":\"ReadAction\",\"target\":[\"https:\\\/\\\/www.samoens.com\\\/en\\\/activities-in-samoens\\\/\"]}]},{\"@type\":\"BreadcrumbList\",\"@id\":\"https:\\\/\\\/www.samoens.com\\\/en\\\/activities-in-samoens\\\/#breadcrumb\",\"itemListElement\":[{\"@type\":\"ListItem\",\"position\":1,\"name\":\"Accueil\",\"item\":\"https:\\\/\\\/www.samoens.com\\\/en\\\/\"},{\"@type\":\"ListItem\",\"position\":2,\"name\":\"Activities in Samo\u00ebns\"}]},{\"@type\":\"WebSite\",\"@id\":\"https:\\\/\\\/www.samoens.com\\\/#website\",\"url\":\"https:\\\/\\\/www.samoens.com\\\/\",\"name\":\"Samo\u00ebns, station de ski et village authentique en Haute-Savoie\",\"description\":\"Nich\u00e9e au coeur du domaine skiable du Grand Massif et \u00e0 moins d&#039;1h de Gen\u00e8ve, Samo\u00ebns rendra vos vacances inoubliables en \u00e9t\u00e9 comme en hiver\",\"potentialAction\":[{\"@type\":\"SearchAction\",\"target\":{\"@type\":\"EntryPoint\",\"urlTemplate\":\"https:\\\/\\\/www.samoens.com\\\/?s={search_term_string}\"},\"query-input\":{\"@type\":\"PropertyValueSpecification\",\"valueRequired\":true,\"valueName\":\"search_term_string\"}}],\"inLanguage\":\"en-US\"}]}<\/script>\n<!-- \/ Yoast SEO plugin. -->","yoast_head_json":{"title":"Activities in Samo\u00ebns Samo\u00ebns, station de ski et village authentique en Haute-Savoie","robots":{"index":"index","follow":"follow","max-snippet":"max-snippet:-1","max-image-preview":"max-image-preview:large","max-video-preview":"max-video-preview:-1"},"canonical":"https:\/\/www.samoens.com\/en\/activities-in-samoens\/","og_locale":"en_US","og_type":"article","og_title":"Activities in Samo\u00ebns Samo\u00ebns, station de ski et village authentique en Haute-Savoie","og_description":"[vc_row][vc_column][vc_column_text] Fill up on activities in Samo\u00ebns [\/vc_column_text][vc_column_text] Discover all the things to do in Samo\u00ebns in summer, spring, winter and autumn. With family or friends, the resort-village of Samo\u00ebns offers a wide range of activities and entertainment all year round. [\/vc_column_text][\/vc_column][\/vc_row][vc_row][vc_column][\/vc_column][\/vc_row][vc_row][vc_column][\/vc_column][\/vc_row]","og_url":"https:\/\/www.samoens.com\/en\/activities-in-samoens\/","og_site_name":"Samo\u00ebns, station de ski et village authentique en Haute-Savoie","article_modified_time":"2025-04-09T06:33:45+00:00","twitter_card":"summary_large_image","twitter_misc":{"Est. reading time":"1 minute"},"schema":{"@context":"https:\/\/schema.org","@graph":[{"@type":"WebPage","@id":"https:\/\/www.samoens.com\/en\/activities-in-samoens\/","url":"https:\/\/www.samoens.com\/en\/activities-in-samoens\/","name":"Activities in Samo\u00ebns Samo\u00ebns, station de ski et village authentique en Haute-Savoie","isPartOf":{"@id":"https:\/\/www.samoens.com\/#website"},"datePublished":"2021-12-14T14:22:33+00:00","dateModified":"2025-04-09T06:33:45+00:00","breadcrumb":{"@id":"https:\/\/www.samoens.com\/en\/activities-in-samoens\/#breadcrumb"},"inLanguage":"en-US","potentialAction":[{"@type":"ReadAction","target":["https:\/\/www.samoens.com\/en\/activities-in-samoens\/"]}]},{"@type":"BreadcrumbList","@id":"https:\/\/www.samoens.com\/en\/activities-in-samoens\/#breadcrumb","itemListElement":[{"@type":"ListItem","position":1,"name":"Accueil","item":"https:\/\/www.samoens.com\/en\/"},{"@type":"ListItem","position":2,"name":"Activities in Samo\u00ebns"}]},{"@type":"WebSite","@id":"https:\/\/www.samoens.com\/#website","url":"https:\/\/www.samoens.com\/","name":"Samo\u00ebns, station de ski et village authentique en Haute-Savoie","description":"Nich\u00e9e au coeur du domaine skiable du Grand Massif et \u00e0 moins d&#039;1h de Gen\u00e8ve, Samo\u00ebns rendra vos vacances inoubliables en \u00e9t\u00e9 comme en hiver","potentialAction":[{"@type":"SearchAction","target":{"@type":"EntryPoint","urlTemplate":"https:\/\/www.samoens.com\/?s={search_term_string}"},"query-input":{"@type":"PropertyValueSpecification","valueRequired":true,"valueName":"search_term_string"}}],"inLanguage":"en-US"}]}},"_links":{"self":[{"href":"https:\/\/www.samoens.com\/en\/wp-json\/wp\/v2\/pages\/595133","targetHints":{"allow":["GET"]}}],"collection":[{"href":"https:\/\/www.samoens.com\/en\/wp-json\/wp\/v2\/pages"}],"about":[{"href":"https:\/\/www.samoens.com\/en\/wp-json\/wp\/v2\/types\/page"}],"author":[{"embeddable":true,"href":"https:\/\/www.samoens.com\/en\/wp-json\/wp\/v2\/users\/1"}],"replies":[{"embeddable":true,"href":"https:\/\/www.samoens.com\/en\/wp-json\/wp\/v2\/comments?post=595133"}],"version-history":[{"count":3,"href":"https:\/\/www.samoens.com\/en\/wp-json\/wp\/v2\/pages\/595133\/revisions"}],"predecessor-version":[{"id":595136,"href":"https:\/\/www.samoens.com\/en\/wp-json\/wp\/v2\/pages\/595133\/revisions\/595136"}],"wp:attachment":[{"href":"https:\/\/www.samoens.com\/en\/wp-json\/wp\/v2\/media?parent=595133"}],"curies":[{"name":"wp","href":"https:\/\/api.w.org\/{rel}","templated":true}]}}