{"id":593672,"date":"2025-01-09T22:26:14","date_gmt":"2025-01-09T21:26:14","guid":{"rendered":"https:\/\/www.samoens.com\/?page_id=593672"},"modified":"2025-08-13T12:13:05","modified_gmt":"2025-08-13T10:13:05","slug":"plans-des-itineraires-vtt-vae","status":"publish","type":"page","link":"https:\/\/www.samoens.com\/en\/plans-des-itineraires-vtt-vae\/","title":{"rendered":"MTB &#038; e-MTB route maps"},"content":{"rendered":"<div class=\"wpb-content-wrapper\"><p>[vc_row][vc_column width=&#8221;1\/2&#8243;][vc_single_image image=&#8221;67946&#8243; img_size=&#8221;medium&#8221; alignment=&#8221;center&#8221; onclick=&#8221;custom_link&#8221; img_link_target=&#8221;_blank&#8221; title=&#8221;Grand Massif MTB panoramic map (in French only)&#8221; link=&#8221;https:\/\/www.samoens.com\/wp-content\/uploads\/2025\/05\/Plan-VTT-Grand-Massif-ete-2025.pdf&#8221; el_class=&#8221;lienversliste&#8221;][vc_single_image image=&#8221;542061&#8243; img_size=&#8221;medium&#8221; alignment=&#8221;center&#8221; onclick=&#8221;custom_link&#8221; img_link_target=&#8221;_blank&#8221; title=&#8221;&#8216;Welcome Bike&#8217; booklet&#8221; link=&#8221;https:\/\/www.samoens.com\/wp-content\/uploads\/2025\/08\/Accueil-Velo-GB.pdf&#8221; el_class=&#8221;lienversliste&#8221;][\/vc_column][vc_column width=&#8221;1\/2&#8243;][vc_single_image image=&#8221;67851&#8243; img_size=&#8221;medium&#8221; alignment=&#8221;center&#8221; onclick=&#8221;custom_link&#8221; img_link_target=&#8221;_blank&#8221; title=&#8221;e-MTB routes in the Montagnes du Giffre (in French only)&#8221; link=&#8221;https:\/\/www.samoens.com\/wp-content\/uploads\/2022\/08\/MDG_VTTAE_2022.pdf&#8221; el_class=&#8221;lienversliste&#8221;][vc_single_image image=&#8221;541948&#8243; img_size=&#8221;medium&#8221; alignment=&#8221;center&#8221; onclick=&#8221;custom_link&#8221; img_link_target=&#8221;_blank&#8221; title=&#8221;The &#8216;Au fil du Giffre&#8217; route (in French only)&#8221; link=&#8221;https:\/\/www.samoens.com\/wp-content\/uploads\/2021\/06\/depliant-au-fil-du-giffre-web.pdf&#8221; el_class=&#8221;lienversliste&#8221;][\/vc_column][\/vc_row]<\/p>\n<\/div>","protected":false},"excerpt":{"rendered":"<p>[vc_row][vc_column width=&#8221;1\/2&#8243;][vc_single_image image=&#8221;67946&#8243; img_size=&#8221;medium&#8221; alignment=&#8221;center&#8221; onclick=&#8221;custom_link&#8221; img_link_target=&#8221;_blank&#8221; title=&#8221;Grand Massif MTB panoramic map (in French only)&#8221; link=&#8221;https:\/\/www.samoens.com\/wp-content\/uploads\/2025\/05\/Plan-VTT-Grand-Massif-ete-2025.pdf&#8221; el_class=&#8221;lienversliste&#8221;][vc_single_image image=&#8221;542061&#8243; img_size=&#8221;medium&#8221; alignment=&#8221;center&#8221; onclick=&#8221;custom_link&#8221; img_link_target=&#8221;_blank&#8221; title=&#8221;&#8216;Welcome Bike&#8217; booklet&#8221; link=&#8221;https:\/\/www.samoens.com\/wp-content\/uploads\/2025\/08\/Accueil-Velo-GB.pdf&#8221; el_class=&#8221;lienversliste&#8221;][\/vc_column][vc_column width=&#8221;1\/2&#8243;][vc_single_image image=&#8221;67851&#8243; img_size=&#8221;medium&#8221; alignment=&#8221;center&#8221; onclick=&#8221;custom_link&#8221; img_link_target=&#8221;_blank&#8221; title=&#8221;e-MTB routes in the Montagnes du Giffre (in French only)&#8221; link=&#8221;https:\/\/www.samoens.com\/wp-content\/uploads\/2022\/08\/MDG_VTTAE_2022.pdf&#8221; el_class=&#8221;lienversliste&#8221;][vc_single_image image=&#8221;541948&#8243; img_size=&#8221;medium&#8221; alignment=&#8221;center&#8221; onclick=&#8221;custom_link&#8221; img_link_target=&#8221;_blank&#8221; title=&#8221;The &#8216;Au fil du Giffre&#8217; [&hellip;]<\/p>\n","protected":false},"author":2,"featured_media":542013,"parent":0,"menu_order":129,"comment_status":"closed","ping_status":"closed","template":"","meta":{"_acf_changed":false,"footnotes":""},"class_list":["post-593672","page","type-page","status-publish","hentry"],"acf":[],"yoast_head":"<!-- This site is optimized with the Yoast SEO plugin v27.2 - https:\/\/yoast.com\/product\/yoast-seo-wordpress\/ -->\n<title>MTB &amp; e-MTB route maps Samo\u00ebns, station de ski et village authentique en Haute-Savoie<\/title>\n<meta name=\"robots\" content=\"index, follow, max-snippet:-1, max-image-preview:large, max-video-preview:-1\" \/>\n<link rel=\"canonical\" href=\"https:\/\/www.samoens.com\/en\/plans-des-itineraires-vtt-vae\/\" \/>\n<meta property=\"og:locale\" content=\"en_US\" \/>\n<meta property=\"og:type\" content=\"article\" \/>\n<meta property=\"og:title\" content=\"MTB &amp; e-MTB route maps Samo\u00ebns, station de ski et village authentique en Haute-Savoie\" \/>\n<meta property=\"og:description\" content=\"[vc_row][vc_column width=&#8221;1\/2&#8243;][vc_single_image image=&#8221;67946&#8243; img_size=&#8221;medium&#8221; alignment=&#8221;center&#8221; onclick=&#8221;custom_link&#8221; img_link_target=&#8221;_blank&#8221; title=&#8221;Grand Massif MTB panoramic map (in French only)&#8221; link=&#8221;https:\/\/www.samoens.com\/wp-content\/uploads\/2025\/05\/Plan-VTT-Grand-Massif-ete-2025.pdf&#8221; el_class=&#8221;lienversliste&#8221;][vc_single_image image=&#8221;542061&#8243; img_size=&#8221;medium&#8221; alignment=&#8221;center&#8221; onclick=&#8221;custom_link&#8221; img_link_target=&#8221;_blank&#8221; title=&#8221;&#8216;Welcome Bike&#8217; booklet&#8221; link=&#8221;https:\/\/www.samoens.com\/wp-content\/uploads\/2025\/08\/Accueil-Velo-GB.pdf&#8221; el_class=&#8221;lienversliste&#8221;][\/vc_column][vc_column width=&#8221;1\/2&#8243;][vc_single_image image=&#8221;67851&#8243; img_size=&#8221;medium&#8221; alignment=&#8221;center&#8221; onclick=&#8221;custom_link&#8221; img_link_target=&#8221;_blank&#8221; title=&#8221;e-MTB routes in the Montagnes du Giffre (in French only)&#8221; link=&#8221;https:\/\/www.samoens.com\/wp-content\/uploads\/2022\/08\/MDG_VTTAE_2022.pdf&#8221; el_class=&#8221;lienversliste&#8221;][vc_single_image image=&#8221;541948&#8243; img_size=&#8221;medium&#8221; alignment=&#8221;center&#8221; onclick=&#8221;custom_link&#8221; img_link_target=&#8221;_blank&#8221; title=&#8221;The &#8216;Au fil du Giffre&#8217; [&hellip;]\" \/>\n<meta property=\"og:url\" content=\"https:\/\/www.samoens.com\/en\/plans-des-itineraires-vtt-vae\/\" \/>\n<meta property=\"og:site_name\" content=\"Samo\u00ebns, station de ski et village authentique en Haute-Savoie\" \/>\n<meta property=\"article:modified_time\" content=\"2025-08-13T10:13:05+00:00\" \/>\n<meta property=\"og:image\" content=\"https:\/\/www.samoens.com\/wp-content\/uploads\/2021\/07\/webcam-Joux-Plane-1.jpg\" \/>\n\t<meta property=\"og:image:width\" content=\"771\" \/>\n\t<meta property=\"og:image:height\" content=\"378\" \/>\n\t<meta property=\"og:image:type\" content=\"image\/jpeg\" \/>\n<meta name=\"twitter:card\" content=\"summary_large_image\" \/>\n<meta name=\"twitter:label1\" content=\"Est. reading time\" \/>\n\t<meta name=\"twitter:data1\" content=\"1 minute\" \/>\n<script type=\"application\/ld+json\" class=\"yoast-schema-graph\">{\"@context\":\"https:\/\/schema.org\",\"@graph\":[{\"@type\":\"WebPage\",\"@id\":\"https:\/\/www.samoens.com\/en\/plans-des-itineraires-vtt-vae\/\",\"url\":\"https:\/\/www.samoens.com\/en\/plans-des-itineraires-vtt-vae\/\",\"name\":\"MTB & e-MTB route maps Samo\u00ebns, station de ski et village authentique en Haute-Savoie\",\"isPartOf\":{\"@id\":\"https:\/\/www.samoens.com\/#website\"},\"primaryImageOfPage\":{\"@id\":\"https:\/\/www.samoens.com\/en\/plans-des-itineraires-vtt-vae\/#primaryimage\"},\"image\":{\"@id\":\"https:\/\/www.samoens.com\/en\/plans-des-itineraires-vtt-vae\/#primaryimage\"},\"thumbnailUrl\":\"https:\/\/www.samoens.com\/wp-content\/uploads\/2021\/07\/webcam-Joux-Plane-1.jpg\",\"datePublished\":\"2025-01-09T21:26:14+00:00\",\"dateModified\":\"2025-08-13T10:13:05+00:00\",\"breadcrumb\":{\"@id\":\"https:\/\/www.samoens.com\/en\/plans-des-itineraires-vtt-vae\/#breadcrumb\"},\"inLanguage\":\"en-US\",\"potentialAction\":[{\"@type\":\"ReadAction\",\"target\":[\"https:\/\/www.samoens.com\/en\/plans-des-itineraires-vtt-vae\/\"]}]},{\"@type\":\"ImageObject\",\"inLanguage\":\"en-US\",\"@id\":\"https:\/\/www.samoens.com\/en\/plans-des-itineraires-vtt-vae\/#primaryimage\",\"url\":\"https:\/\/www.samoens.com\/wp-content\/uploads\/2021\/07\/webcam-Joux-Plane-1.jpg\",\"contentUrl\":\"https:\/\/www.samoens.com\/wp-content\/uploads\/2021\/07\/webcam-Joux-Plane-1.jpg\",\"width\":771,\"height\":378,\"caption\":\"webcam Joux Plane\"},{\"@type\":\"BreadcrumbList\",\"@id\":\"https:\/\/www.samoens.com\/en\/plans-des-itineraires-vtt-vae\/#breadcrumb\",\"itemListElement\":[{\"@type\":\"ListItem\",\"position\":1,\"name\":\"Accueil\",\"item\":\"https:\/\/www.samoens.com\/en\/\"},{\"@type\":\"ListItem\",\"position\":2,\"name\":\"MTB &#038; e-MTB route maps\"}]},{\"@type\":\"WebSite\",\"@id\":\"https:\/\/www.samoens.com\/#website\",\"url\":\"https:\/\/www.samoens.com\/\",\"name\":\"Samo\u00ebns, station de ski et village authentique en Haute-Savoie\",\"description\":\"Nich\u00e9e au coeur du domaine skiable du Grand Massif et \u00e0 moins d&#039;1h de Gen\u00e8ve, Samo\u00ebns rendra vos vacances inoubliables en \u00e9t\u00e9 comme en hiver\",\"potentialAction\":[{\"@type\":\"SearchAction\",\"target\":{\"@type\":\"EntryPoint\",\"urlTemplate\":\"https:\/\/www.samoens.com\/?s={search_term_string}\"},\"query-input\":{\"@type\":\"PropertyValueSpecification\",\"valueRequired\":true,\"valueName\":\"search_term_string\"}}],\"inLanguage\":\"en-US\"}]}<\/script>\n<!-- \/ Yoast SEO plugin. -->","yoast_head_json":{"title":"MTB & e-MTB route maps Samo\u00ebns, station de ski et village authentique en Haute-Savoie","robots":{"index":"index","follow":"follow","max-snippet":"max-snippet:-1","max-image-preview":"max-image-preview:large","max-video-preview":"max-video-preview:-1"},"canonical":"https:\/\/www.samoens.com\/en\/plans-des-itineraires-vtt-vae\/","og_locale":"en_US","og_type":"article","og_title":"MTB & e-MTB route maps Samo\u00ebns, station de ski et village authentique en Haute-Savoie","og_description":"[vc_row][vc_column width=&#8221;1\/2&#8243;][vc_single_image image=&#8221;67946&#8243; img_size=&#8221;medium&#8221; alignment=&#8221;center&#8221; onclick=&#8221;custom_link&#8221; img_link_target=&#8221;_blank&#8221; title=&#8221;Grand Massif MTB panoramic map (in French only)&#8221; link=&#8221;https:\/\/www.samoens.com\/wp-content\/uploads\/2025\/05\/Plan-VTT-Grand-Massif-ete-2025.pdf&#8221; el_class=&#8221;lienversliste&#8221;][vc_single_image image=&#8221;542061&#8243; img_size=&#8221;medium&#8221; alignment=&#8221;center&#8221; onclick=&#8221;custom_link&#8221; img_link_target=&#8221;_blank&#8221; title=&#8221;&#8216;Welcome Bike&#8217; booklet&#8221; link=&#8221;https:\/\/www.samoens.com\/wp-content\/uploads\/2025\/08\/Accueil-Velo-GB.pdf&#8221; el_class=&#8221;lienversliste&#8221;][\/vc_column][vc_column width=&#8221;1\/2&#8243;][vc_single_image image=&#8221;67851&#8243; img_size=&#8221;medium&#8221; alignment=&#8221;center&#8221; onclick=&#8221;custom_link&#8221; img_link_target=&#8221;_blank&#8221; title=&#8221;e-MTB routes in the Montagnes du Giffre (in French only)&#8221; link=&#8221;https:\/\/www.samoens.com\/wp-content\/uploads\/2022\/08\/MDG_VTTAE_2022.pdf&#8221; el_class=&#8221;lienversliste&#8221;][vc_single_image image=&#8221;541948&#8243; img_size=&#8221;medium&#8221; alignment=&#8221;center&#8221; onclick=&#8221;custom_link&#8221; img_link_target=&#8221;_blank&#8221; title=&#8221;The &#8216;Au fil du Giffre&#8217; [&hellip;]","og_url":"https:\/\/www.samoens.com\/en\/plans-des-itineraires-vtt-vae\/","og_site_name":"Samo\u00ebns, station de ski et village authentique en Haute-Savoie","article_modified_time":"2025-08-13T10:13:05+00:00","og_image":[{"width":771,"height":378,"url":"https:\/\/www.samoens.com\/wp-content\/uploads\/2021\/07\/webcam-Joux-Plane-1.jpg","type":"image\/jpeg"}],"twitter_card":"summary_large_image","twitter_misc":{"Est. reading time":"1 minute"},"schema":{"@context":"https:\/\/schema.org","@graph":[{"@type":"WebPage","@id":"https:\/\/www.samoens.com\/en\/plans-des-itineraires-vtt-vae\/","url":"https:\/\/www.samoens.com\/en\/plans-des-itineraires-vtt-vae\/","name":"MTB & e-MTB route maps Samo\u00ebns, station de ski et village authentique en Haute-Savoie","isPartOf":{"@id":"https:\/\/www.samoens.com\/#website"},"primaryImageOfPage":{"@id":"https:\/\/www.samoens.com\/en\/plans-des-itineraires-vtt-vae\/#primaryimage"},"image":{"@id":"https:\/\/www.samoens.com\/en\/plans-des-itineraires-vtt-vae\/#primaryimage"},"thumbnailUrl":"https:\/\/www.samoens.com\/wp-content\/uploads\/2021\/07\/webcam-Joux-Plane-1.jpg","datePublished":"2025-01-09T21:26:14+00:00","dateModified":"2025-08-13T10:13:05+00:00","breadcrumb":{"@id":"https:\/\/www.samoens.com\/en\/plans-des-itineraires-vtt-vae\/#breadcrumb"},"inLanguage":"en-US","potentialAction":[{"@type":"ReadAction","target":["https:\/\/www.samoens.com\/en\/plans-des-itineraires-vtt-vae\/"]}]},{"@type":"ImageObject","inLanguage":"en-US","@id":"https:\/\/www.samoens.com\/en\/plans-des-itineraires-vtt-vae\/#primaryimage","url":"https:\/\/www.samoens.com\/wp-content\/uploads\/2021\/07\/webcam-Joux-Plane-1.jpg","contentUrl":"https:\/\/www.samoens.com\/wp-content\/uploads\/2021\/07\/webcam-Joux-Plane-1.jpg","width":771,"height":378,"caption":"webcam Joux Plane"},{"@type":"BreadcrumbList","@id":"https:\/\/www.samoens.com\/en\/plans-des-itineraires-vtt-vae\/#breadcrumb","itemListElement":[{"@type":"ListItem","position":1,"name":"Accueil","item":"https:\/\/www.samoens.com\/en\/"},{"@type":"ListItem","position":2,"name":"MTB &#038; e-MTB route maps"}]},{"@type":"WebSite","@id":"https:\/\/www.samoens.com\/#website","url":"https:\/\/www.samoens.com\/","name":"Samo\u00ebns, station de ski et village authentique en Haute-Savoie","description":"Nich\u00e9e au coeur du domaine skiable du Grand Massif et \u00e0 moins d&#039;1h de Gen\u00e8ve, Samo\u00ebns rendra vos vacances inoubliables en \u00e9t\u00e9 comme en hiver","potentialAction":[{"@type":"SearchAction","target":{"@type":"EntryPoint","urlTemplate":"https:\/\/www.samoens.com\/?s={search_term_string}"},"query-input":{"@type":"PropertyValueSpecification","valueRequired":true,"valueName":"search_term_string"}}],"inLanguage":"en-US"}]}},"_links":{"self":[{"href":"https:\/\/www.samoens.com\/en\/wp-json\/wp\/v2\/pages\/593672","targetHints":{"allow":["GET"]}}],"collection":[{"href":"https:\/\/www.samoens.com\/en\/wp-json\/wp\/v2\/pages"}],"about":[{"href":"https:\/\/www.samoens.com\/en\/wp-json\/wp\/v2\/types\/page"}],"author":[{"embeddable":true,"href":"https:\/\/www.samoens.com\/en\/wp-json\/wp\/v2\/users\/2"}],"replies":[{"embeddable":true,"href":"https:\/\/www.samoens.com\/en\/wp-json\/wp\/v2\/comments?post=593672"}],"version-history":[{"count":5,"href":"https:\/\/www.samoens.com\/en\/wp-json\/wp\/v2\/pages\/593672\/revisions"}],"predecessor-version":[{"id":598484,"href":"https:\/\/www.samoens.com\/en\/wp-json\/wp\/v2\/pages\/593672\/revisions\/598484"}],"wp:featuredmedia":[{"embeddable":true,"href":"https:\/\/www.samoens.com\/en\/wp-json\/wp\/v2\/media\/542013"}],"wp:attachment":[{"href":"https:\/\/www.samoens.com\/en\/wp-json\/wp\/v2\/media?parent=593672"}],"curies":[{"name":"wp","href":"https:\/\/api.w.org\/{rel}","templated":true}]}}