{"id":592868,"date":"2022-02-22T11:55:10","date_gmt":"2022-02-22T10:55:10","guid":{"rendered":"https:\/\/www.samoens.com\/accueil-velo\/"},"modified":"2025-08-13T12:12:30","modified_gmt":"2025-08-13T10:12:30","slug":"accueil-velo","status":"publish","type":"page","link":"https:\/\/www.samoens.com\/en\/accueil-velo\/","title":{"rendered":"Welcome Bike"},"content":{"rendered":"<div class=\"wpb-content-wrapper\"><p>[vc_row][vc_column]<div style=\"height:30px;\"><\/div>[\/vc_column][vc_column width=&#8221;1\/2&#8243;][vc_single_image image=&#8221;562933&#8243; alignment=&#8221;center&#8221;][\/vc_column][vc_column width=&#8221;1\/2&#8243;][vc_column_text]Accueil V\u00e9lo is a national brand guaranteeing a welcome, services and specific facilities tailored to the needs of cycling tourists along France&#8217;s cycle routes.[\/vc_column_text][\/vc_column][\/vc_row][vc_row][vc_column][vc_zigzag][vc_column_text]It helps to reassure cycling customers, particularly those from abroad, about the quality of the services available to them, with the aim of making their cycling journeys easier.<\/p>\n<p>It is the promise of a high-quality welcome for cyclists and cycle travellers in France, to extend the customer experience internationally: Bett + Bike (D), Fietsers Welkom! (NL), Welcome Cyclists (Tch, HU), Bienvenue cyclistes! (QC), ETC.<\/p>\n<p>It is helping to make France the world&#8217;s leading destination for cycle tourism by 2030.<\/p>\n<p>The small green logo in the shape of a cyclist is a quick way of identifying approved establishments, and encourages cyclists to visit these establishments, located less than 5 km from cycle routes (included in a departmental, regional or national scheme), including mountain bike routes and signposted local loops.<\/p>\n<p>Credits: France V\u00e9lo Tourisme<\/p>\n<p>&nbsp;<\/p>\n<p>[\/vc_column_text][vc_column_text]Samo\u00ebns Tourist Office has been awarded the \u2018Accueil V\u00e9lo\u2019 label. It offers a tailor-made welcome, appropriate documentation and a repair kit for minor damage.<\/p>\n<p>Click below for our Accueil V\u00e9lo documentation:[\/vc_column_text][\/vc_column][\/vc_row][vc_row][vc_column]\n\n    <div class=\"brochure\">\n      <a class=\"brochure_link\" target=\"_blank\"><\/a><p class=\"brochure_title\">Welcome Bike<\/p><a class=\"gtm_brochures_download brochure_link ye_boutPlein\" href=\"https:\/\/www.samoens.com\/wp-content\/uploads\/2025\/08\/Accueil-Velo-GB.pdf\" target=\"_blank\">Download the brochure<\/a><\/div>[\/vc_column][\/vc_row][vc_row][vc_column][\/vc_column][\/vc_row]<\/p>\n<\/div>","protected":false},"excerpt":{"rendered":"<p>[vc_row][vc_column][\/vc_column][vc_column width=&#8221;1\/2&#8243;][vc_single_image image=&#8221;562933&#8243; alignment=&#8221;center&#8221;][\/vc_column][vc_column width=&#8221;1\/2&#8243;][vc_column_text]Accueil V\u00e9lo is a national brand guaranteeing a welcome, services and specific facilities tailored to the needs of cycling tourists along France&#8217;s cycle routes.[\/vc_column_text][\/vc_column][\/vc_row][vc_row][vc_column][vc_zigzag][vc_column_text]It helps to reassure cycling customers, particularly those from abroad, about the quality of the services available to them, with the aim of making their cycling journeys easier. [&hellip;]<\/p>\n","protected":false},"author":12,"featured_media":0,"parent":0,"menu_order":144,"comment_status":"closed","ping_status":"closed","template":"","meta":{"_acf_changed":false,"footnotes":""},"class_list":["post-592868","page","type-page","status-publish","hentry"],"acf":[],"yoast_head":"<!-- This site is optimized with the Yoast SEO plugin v27.2 - https:\/\/yoast.com\/product\/yoast-seo-wordpress\/ -->\n<title>Welcome Bike Samo\u00ebns, station de ski et village authentique en Haute-Savoie<\/title>\n<meta name=\"robots\" content=\"index, follow, max-snippet:-1, max-image-preview:large, max-video-preview:-1\" \/>\n<link rel=\"canonical\" href=\"https:\/\/www.samoens.com\/en\/accueil-velo\/\" \/>\n<meta property=\"og:locale\" content=\"en_US\" \/>\n<meta property=\"og:type\" content=\"article\" \/>\n<meta property=\"og:title\" content=\"Welcome Bike Samo\u00ebns, station de ski et village authentique en Haute-Savoie\" \/>\n<meta property=\"og:description\" content=\"[vc_row][vc_column][\/vc_column][vc_column width=&#8221;1\/2&#8243;][vc_single_image image=&#8221;562933&#8243; alignment=&#8221;center&#8221;][\/vc_column][vc_column width=&#8221;1\/2&#8243;][vc_column_text]Accueil V\u00e9lo is a national brand guaranteeing a welcome, services and specific facilities tailored to the needs of cycling tourists along France&#8217;s cycle routes.[\/vc_column_text][\/vc_column][\/vc_row][vc_row][vc_column][vc_zigzag][vc_column_text]It helps to reassure cycling customers, particularly those from abroad, about the quality of the services available to them, with the aim of making their cycling journeys easier. [&hellip;]\" \/>\n<meta property=\"og:url\" content=\"https:\/\/www.samoens.com\/en\/accueil-velo\/\" \/>\n<meta property=\"og:site_name\" content=\"Samo\u00ebns, station de ski et village authentique en Haute-Savoie\" \/>\n<meta property=\"article:modified_time\" content=\"2025-08-13T10:12:30+00:00\" \/>\n<meta name=\"twitter:card\" content=\"summary_large_image\" \/>\n<meta name=\"twitter:label1\" content=\"Est. reading time\" \/>\n\t<meta name=\"twitter:data1\" content=\"2 minutes\" \/>\n<script type=\"application\/ld+json\" class=\"yoast-schema-graph\">{\"@context\":\"https:\/\/schema.org\",\"@graph\":[{\"@type\":\"WebPage\",\"@id\":\"https:\/\/www.samoens.com\/en\/accueil-velo\/\",\"url\":\"https:\/\/www.samoens.com\/en\/accueil-velo\/\",\"name\":\"Welcome Bike Samo\u00ebns, station de ski et village authentique en Haute-Savoie\",\"isPartOf\":{\"@id\":\"https:\/\/www.samoens.com\/#website\"},\"datePublished\":\"2022-02-22T10:55:10+00:00\",\"dateModified\":\"2025-08-13T10:12:30+00:00\",\"breadcrumb\":{\"@id\":\"https:\/\/www.samoens.com\/en\/accueil-velo\/#breadcrumb\"},\"inLanguage\":\"en-US\",\"potentialAction\":[{\"@type\":\"ReadAction\",\"target\":[\"https:\/\/www.samoens.com\/en\/accueil-velo\/\"]}]},{\"@type\":\"BreadcrumbList\",\"@id\":\"https:\/\/www.samoens.com\/en\/accueil-velo\/#breadcrumb\",\"itemListElement\":[{\"@type\":\"ListItem\",\"position\":1,\"name\":\"Accueil\",\"item\":\"https:\/\/www.samoens.com\/en\/\"},{\"@type\":\"ListItem\",\"position\":2,\"name\":\"Welcome Bike\"}]},{\"@type\":\"WebSite\",\"@id\":\"https:\/\/www.samoens.com\/#website\",\"url\":\"https:\/\/www.samoens.com\/\",\"name\":\"Samo\u00ebns, station de ski et village authentique en Haute-Savoie\",\"description\":\"Nich\u00e9e au coeur du domaine skiable du Grand Massif et \u00e0 moins d&#039;1h de Gen\u00e8ve, Samo\u00ebns rendra vos vacances inoubliables en \u00e9t\u00e9 comme en hiver\",\"potentialAction\":[{\"@type\":\"SearchAction\",\"target\":{\"@type\":\"EntryPoint\",\"urlTemplate\":\"https:\/\/www.samoens.com\/?s={search_term_string}\"},\"query-input\":{\"@type\":\"PropertyValueSpecification\",\"valueRequired\":true,\"valueName\":\"search_term_string\"}}],\"inLanguage\":\"en-US\"}]}<\/script>\n<!-- \/ Yoast SEO plugin. -->","yoast_head_json":{"title":"Welcome Bike Samo\u00ebns, station de ski et village authentique en Haute-Savoie","robots":{"index":"index","follow":"follow","max-snippet":"max-snippet:-1","max-image-preview":"max-image-preview:large","max-video-preview":"max-video-preview:-1"},"canonical":"https:\/\/www.samoens.com\/en\/accueil-velo\/","og_locale":"en_US","og_type":"article","og_title":"Welcome Bike Samo\u00ebns, station de ski et village authentique en Haute-Savoie","og_description":"[vc_row][vc_column][\/vc_column][vc_column width=&#8221;1\/2&#8243;][vc_single_image image=&#8221;562933&#8243; alignment=&#8221;center&#8221;][\/vc_column][vc_column width=&#8221;1\/2&#8243;][vc_column_text]Accueil V\u00e9lo is a national brand guaranteeing a welcome, services and specific facilities tailored to the needs of cycling tourists along France&#8217;s cycle routes.[\/vc_column_text][\/vc_column][\/vc_row][vc_row][vc_column][vc_zigzag][vc_column_text]It helps to reassure cycling customers, particularly those from abroad, about the quality of the services available to them, with the aim of making their cycling journeys easier. [&hellip;]","og_url":"https:\/\/www.samoens.com\/en\/accueil-velo\/","og_site_name":"Samo\u00ebns, station de ski et village authentique en Haute-Savoie","article_modified_time":"2025-08-13T10:12:30+00:00","twitter_card":"summary_large_image","twitter_misc":{"Est. reading time":"2 minutes"},"schema":{"@context":"https:\/\/schema.org","@graph":[{"@type":"WebPage","@id":"https:\/\/www.samoens.com\/en\/accueil-velo\/","url":"https:\/\/www.samoens.com\/en\/accueil-velo\/","name":"Welcome Bike Samo\u00ebns, station de ski et village authentique en Haute-Savoie","isPartOf":{"@id":"https:\/\/www.samoens.com\/#website"},"datePublished":"2022-02-22T10:55:10+00:00","dateModified":"2025-08-13T10:12:30+00:00","breadcrumb":{"@id":"https:\/\/www.samoens.com\/en\/accueil-velo\/#breadcrumb"},"inLanguage":"en-US","potentialAction":[{"@type":"ReadAction","target":["https:\/\/www.samoens.com\/en\/accueil-velo\/"]}]},{"@type":"BreadcrumbList","@id":"https:\/\/www.samoens.com\/en\/accueil-velo\/#breadcrumb","itemListElement":[{"@type":"ListItem","position":1,"name":"Accueil","item":"https:\/\/www.samoens.com\/en\/"},{"@type":"ListItem","position":2,"name":"Welcome Bike"}]},{"@type":"WebSite","@id":"https:\/\/www.samoens.com\/#website","url":"https:\/\/www.samoens.com\/","name":"Samo\u00ebns, station de ski et village authentique en Haute-Savoie","description":"Nich\u00e9e au coeur du domaine skiable du Grand Massif et \u00e0 moins d&#039;1h de Gen\u00e8ve, Samo\u00ebns rendra vos vacances inoubliables en \u00e9t\u00e9 comme en hiver","potentialAction":[{"@type":"SearchAction","target":{"@type":"EntryPoint","urlTemplate":"https:\/\/www.samoens.com\/?s={search_term_string}"},"query-input":{"@type":"PropertyValueSpecification","valueRequired":true,"valueName":"search_term_string"}}],"inLanguage":"en-US"}]}},"_links":{"self":[{"href":"https:\/\/www.samoens.com\/en\/wp-json\/wp\/v2\/pages\/592868","targetHints":{"allow":["GET"]}}],"collection":[{"href":"https:\/\/www.samoens.com\/en\/wp-json\/wp\/v2\/pages"}],"about":[{"href":"https:\/\/www.samoens.com\/en\/wp-json\/wp\/v2\/types\/page"}],"author":[{"embeddable":true,"href":"https:\/\/www.samoens.com\/en\/wp-json\/wp\/v2\/users\/12"}],"replies":[{"embeddable":true,"href":"https:\/\/www.samoens.com\/en\/wp-json\/wp\/v2\/comments?post=592868"}],"version-history":[{"count":5,"href":"https:\/\/www.samoens.com\/en\/wp-json\/wp\/v2\/pages\/592868\/revisions"}],"predecessor-version":[{"id":598945,"href":"https:\/\/www.samoens.com\/en\/wp-json\/wp\/v2\/pages\/592868\/revisions\/598945"}],"wp:attachment":[{"href":"https:\/\/www.samoens.com\/en\/wp-json\/wp\/v2\/media?parent=592868"}],"curies":[{"name":"wp","href":"https:\/\/api.w.org\/{rel}","templated":true}]}}