{"id":590840,"date":"2025-10-28T09:30:57","date_gmt":"2025-10-28T08:30:57","guid":{"rendered":"https:\/\/www.samoens.com\/activites-dinterieur\/"},"modified":"2025-10-28T10:45:33","modified_gmt":"2025-10-28T09:45:33","slug":"activites-dinterieur","status":"publish","type":"page","link":"https:\/\/www.samoens.com\/en\/activites-dinterieur\/","title":{"rendered":"Indoor activities"},"content":{"rendered":"<div class=\"wpb-content-wrapper\"><p>[vc_row][vc_column][vc_column_text]<\/p>\n<ul>\n<li>Discover new films or books at a cinema and media library open all year round.<\/li>\n<li>Visit museums less than 30 minutes away by car.<\/li>\n<li>Explore the heritage of Haut-Giffre with its churches, Carthusian monastery and traditional farming methods.<\/li>\n<li>Visit farms where you can sample regional cheeses and sometimes even snails!<\/li>\n<li>Take care of yourself in our wellness areas.<\/li>\n<li>Swim in the nearby aquatic centres.<\/li>\n<li>Enjoy the Philippe Candeloro ice rink in Samo\u00ebns.<\/li>\n<\/ul>\n<p>[\/vc_column_text]<div style=\"height:50px;\"><\/div>[\/vc_column][\/vc_row][vc_row][vc_column]<div class=\"vc_row wpb_row vc_row-fluid\"><div class=\"wpb_column vc_column_container vc_col-sm-6 vc_col-lg-4\"><div class=\"vc_column-inner\"><a href=\"https:\/\/www.samoens.com\/en\/activites-dinterieur\/culture-and-leisure\/\" class=\"listeactiseo\"><div class=\"imgcropCtn\"><img decoding=\"async\" class=\"imgcrop\" src=\"https:\/\/www.samoens.com\/wp-content\/uploads\/2021\/12\/Cinema-Pellicule-768x512.jpg\" alt=\"Culture and leasure\"><div class=\"descriptif\">\r\nLooking for culture?\r\nEnjoy the Samo\u00ebns cinema with its 6-day-a-week programme, go and see a live show or discover new novels at the media library!\r\nLet's get started with off-ski activities in Samo\u00ebns!\r\n<\/div><\/div><h3>Culture and leasure<\/h3><\/a><\/div><\/div><div class=\"wpb_column vc_column_container vc_col-sm-6 vc_col-lg-4\"><div class=\"vc_column-inner\"><a href=\"https:\/\/www.samoens.com\/en\/activites-dinterieur\/cultural-heritage\/\" class=\"listeactiseo\"><div class=\"imgcropCtn\"><img decoding=\"async\" class=\"imgcrop\" src=\"https:\/\/www.samoens.com\/wp-content\/uploads\/2019\/08\/65-eglise-samoens-768x510.jpg\" alt=\"Local heritage\"><div class=\"descriptif\">Dive into the fascinating cultural and natural heritage of Samo\u00ebns and the Giffre Valley. This picturesque Alpine region offers a wealth of historical sites, including charming historic villages, well-curated museums, and remarkable religious landmarks. Families, history enthusiasts, and curious travelers alike will find plenty to explore and learn...<\/div><\/div><h3>Local heritage<\/h3><\/a><\/div><\/div><div class=\"wpb_column vc_column_container vc_col-sm-6 vc_col-lg-4\"><div class=\"vc_column-inner\"><a href=\"https:\/\/www.samoens.com\/en\/activites-dinterieur\/farms-and-tastings\/\" class=\"listeactiseo\"><div class=\"imgcropCtn\"><img decoding=\"async\" class=\"imgcrop\" src=\"https:\/\/www.samoens.com\/wp-content\/uploads\/2021\/12\/Agneaux-768x512.jpg\" alt=\"Farms and tastings\"><div class=\"descriptif\">\r\nWhat Haute-Savoie products will you be bringing back from your stay in Samo\u00ebns?\r\n<\/div><\/div><h3>Farms and tastings<\/h3><\/a><\/div><\/div><div class=\"wpb_column vc_column_container vc_col-sm-6 vc_col-lg-4\"><div class=\"vc_column-inner\"><a href=\"https:\/\/www.samoens.com\/en\/activities-in-samoens\/summer-activities-2\/activites-bien-etre\/well-being-activities\/\" class=\"listeactiseo\"><div class=\"imgcropCtn\"><img decoding=\"async\" class=\"imgcrop\" src=\"https:\/\/www.samoens.com\/wp-content\/uploads\/2019\/12\/Capture-d\u2019e\u0301cran-2019-12-10-a\u0300-14.10.30-768x511.png\" alt=\"Wellness activities\"><div class=\"descriptif\"><\/div><\/div><h3>Wellness activities<\/h3><\/a><\/div><\/div><div class=\"wpb_column vc_column_container vc_col-sm-6 vc_col-lg-4\"><div class=\"vc_column-inner\"><a href=\"https:\/\/www.samoens.com\/en\/activites-dinterieur\/centres-aquatiques\/\" class=\"listeactiseo\"><div class=\"imgcropCtn\"><img decoding=\"async\" class=\"imgcrop\" src=\"https:\/\/www.samoens.com\/wp-content\/uploads\/2021\/12\/father-daughter-swimming-together-pool-768x512.jpg\" alt=\"Aquatic centres\"><div class=\"descriptif\">\r\nDiscover the aquatic areas around Samo\u00ebns\r\n<\/div><\/div><h3>Aquatic centres<\/h3><\/a><\/div><\/div><div class=\"wpb_column vc_column_container vc_col-sm-6 vc_col-lg-4\"><div class=\"vc_column-inner\"><a href=\"https:\/\/www.samoens.com\/en\/artificial-ice-rink\/\" class=\"listeactiseo\"><div class=\"imgcropCtn\"><img decoding=\"async\" class=\"imgcrop\" src=\"\/wp-content\/plugins\/yatadata\/public\/multimedias\/192278\/35765440-diaporama.jpg\" alt=\"Ice rink\"><div class=\"descriptif\">UNIQUEMENT OUVERTE L'HIVER\r\nVenez go\u00fbter aux joies du patinage sur la patinoire ext\u00e9rieure couverte, \u00e9quip\u00e9e de gradins. L'hiver, vous d\u00e9couvrirez les joies du patin sur glace.<\/div><\/div><h3>Ice rink<\/h3><\/a><\/div><\/div><\/div><div class=\"vc_row wpb_row vc_row-fluid\"><div class=\"wpb_column vc_column_container vc_col-sm-6 vc_col-lg-4\"><div class=\"vc_column-inner\"><a href=\"https:\/\/www.samoens.com\/en\/latelier-de-puce-handcrafted-pottery\/\" class=\"listeactiseo\"><div class=\"imgcropCtn\"><img decoding=\"async\" class=\"imgcrop\" src=\"\/wp-content\/plugins\/yatadata\/public\/multimedias\/330223\/26269456-diaporama.jpg\" alt=\"Handcrafted pottery\"><div class=\"descriptif\">Fabrication artisanale de jolies poteries toutes blanches en gr\u00e8s \u00e9maill\u00e9, utilitaires et d\u00e9coratives.\r\nD\u00e9monstrations et initiations durant les saisons \u00e9t\u00e9 et hiver sur r\u00e9servation uniquement au 0658104556.<\/div><\/div><h3>Handcrafted pottery<\/h3><\/a><\/div><\/div><div class=\"wpb_column vc_column_container vc_col-sm-6 vc_col-lg-4\"><div class=\"vc_column-inner\"><a href=\"https:\/\/www.samoens.com\/en\/workshop-making-jewelry-in-micro-macrame-saijana\/\" class=\"listeactiseo\"><div class=\"imgcropCtn\"><img decoding=\"async\" class=\"imgcrop\" src=\"\/wp-content\/plugins\/yatadata\/public\/multimedias\/7160016\/26842115-diaporama.jpg\" alt=\"Workshop \u2013 making jewellery using micro-macram\u00e9\"><div class=\"descriptif\">D\u00e9couvrez le micro macram\u00e9 avec Laura, cr\u00e9atrice de bijoux ! Lors d'ateliers conviviaux et accessibles, laissez libre cours \u00e0 votre cr\u00e9ativit\u00e9 en r\u00e9alisant des bijoux uniques.<\/div><\/div><h3>Workshop \u2013 making jewellery using micro-macram\u00e9<\/h3><\/a><\/div><\/div><div class=\"wpb_column vc_column_container vc_col-sm-6 vc_col-lg-4\"><div class=\"vc_column-inner\"><a href=\"https:\/\/www.samoens.com\/en\/activities-in-samoens\/summer-activities-2\/activites-bien-etre\/non-therapeutic-body-massages\/\" class=\"listeactiseo\"><div class=\"imgcropCtn\"><img decoding=\"async\" class=\"imgcrop\" src=\"https:\/\/www.samoens.com\/wp-content\/uploads\/2021\/12\/Bien-etre_002-768x512.jpg\" alt=\"Non-therapeutic body massages\"><div class=\"descriptif\">Take your time &#8230; In expert hands !\n<\/div><\/div><h3>Non-therapeutic body massages<\/h3><\/a><\/div><\/div><div class=\"wpb_column vc_column_container vc_col-sm-6 vc_col-lg-4\"><div class=\"vc_column-inner\"><a href=\"https:\/\/www.samoens.com\/en\/activities-in-samoens\/summer-activities-2\/activites-bien-etre\/wellness-areas\/\" class=\"listeactiseo\"><div class=\"imgcropCtn\"><img decoding=\"async\" class=\"imgcrop\" src=\"https:\/\/www.samoens.com\/wp-content\/uploads\/2020\/06\/women-936549-768x500.jpg\" alt=\"Wellness areas\"><div class=\"descriptif\">Take the time &#8230; In expert hands\n<\/div><\/div><h3>Wellness areas<\/h3><\/a><\/div><\/div><\/div>[\/vc_column][\/vc_row]<\/p>\n<\/div>","protected":false},"excerpt":{"rendered":"<p>[vc_row][vc_column][vc_column_text] Discover new films or books at a cinema and media library open all year round. Visit museums less than 30 minutes away by car. Explore the heritage of Haut-Giffre with its churches, Carthusian monastery and traditional farming methods. Visit farms where you can sample regional cheeses and sometimes even snails! Take care of yourself [&hellip;]<\/p>\n","protected":false},"author":9,"featured_media":590841,"parent":0,"menu_order":141,"comment_status":"closed","ping_status":"closed","template":"template-entete-bleue.php","meta":{"_acf_changed":false,"footnotes":""},"class_list":["post-590840","page","type-page","status-publish","hentry"],"acf":[],"yoast_head":"<!-- This site is optimized with the Yoast SEO plugin v27.4 - https:\/\/yoast.com\/product\/yoast-seo-wordpress\/ -->\n<title>Activit\u00e9s en int\u00e9rieur - Samo\u00ebns<\/title>\n<meta name=\"description\" content=\"D\u00e9couvrez des activit\u00e9s d&#039;int\u00e9rieur captivantes \u00e0 Samo\u00ebns ! Que vous soyez en famille ou entre amis, explorez notre s\u00e9lection d&#039;activit\u00e9s vari\u00e9es pour passer un moment agr\u00e9able, quelles que soient les conditions m\u00e9t\u00e9orologiques. Profitez des loisirs et divertissements uniques qui vous attendent.\" \/>\n<meta name=\"robots\" content=\"index, follow, max-snippet:-1, max-image-preview:large, max-video-preview:-1\" \/>\n<link rel=\"canonical\" href=\"https:\/\/www.samoens.com\/en\/activites-dinterieur\/\" \/>\n<meta property=\"og:locale\" content=\"en_US\" \/>\n<meta property=\"og:type\" content=\"article\" \/>\n<meta property=\"og:title\" content=\"Activit\u00e9s en int\u00e9rieur - Samo\u00ebns\" \/>\n<meta property=\"og:description\" content=\"D\u00e9couvrez des activit\u00e9s d&#039;int\u00e9rieur captivantes \u00e0 Samo\u00ebns ! Que vous soyez en famille ou entre amis, explorez notre s\u00e9lection d&#039;activit\u00e9s vari\u00e9es pour passer un moment agr\u00e9able, quelles que soient les conditions m\u00e9t\u00e9orologiques. Profitez des loisirs et divertissements uniques qui vous attendent.\" \/>\n<meta property=\"og:url\" content=\"https:\/\/www.samoens.com\/en\/activites-dinterieur\/\" \/>\n<meta property=\"og:site_name\" content=\"Samo\u00ebns, station de ski et village authentique en Haute-Savoie\" \/>\n<meta property=\"article:modified_time\" content=\"2025-10-28T09:45:33+00:00\" \/>\n<meta property=\"og:image\" content=\"https:\/\/www.samoens.com\/wp-content\/uploads\/2021\/12\/Cinema-Pellicule-1200x800.jpg\" \/>\n\t<meta property=\"og:image:width\" content=\"1200\" \/>\n\t<meta property=\"og:image:height\" content=\"800\" \/>\n\t<meta property=\"og:image:type\" content=\"image\/jpeg\" \/>\n<meta name=\"twitter:card\" content=\"summary_large_image\" \/>\n<meta name=\"twitter:label1\" content=\"Est. reading time\" \/>\n\t<meta name=\"twitter:data1\" content=\"2 minutes\" \/>\n<script type=\"application\/ld+json\" class=\"yoast-schema-graph\">{\"@context\":\"https:\\\/\\\/schema.org\",\"@graph\":[{\"@type\":\"WebPage\",\"@id\":\"https:\\\/\\\/www.samoens.com\\\/en\\\/activites-dinterieur\\\/\",\"url\":\"https:\\\/\\\/www.samoens.com\\\/en\\\/activites-dinterieur\\\/\",\"name\":\"Activit\u00e9s en int\u00e9rieur - Samo\u00ebns\",\"isPartOf\":{\"@id\":\"https:\\\/\\\/www.samoens.com\\\/#website\"},\"primaryImageOfPage\":{\"@id\":\"https:\\\/\\\/www.samoens.com\\\/en\\\/activites-dinterieur\\\/#primaryimage\"},\"image\":{\"@id\":\"https:\\\/\\\/www.samoens.com\\\/en\\\/activites-dinterieur\\\/#primaryimage\"},\"thumbnailUrl\":\"https:\\\/\\\/www.samoens.com\\\/wp-content\\\/uploads\\\/2021\\\/12\\\/Cinema-Pellicule.jpg\",\"datePublished\":\"2025-10-28T08:30:57+00:00\",\"dateModified\":\"2025-10-28T09:45:33+00:00\",\"description\":\"D\u00e9couvrez des activit\u00e9s d'int\u00e9rieur captivantes \u00e0 Samo\u00ebns ! Que vous soyez en famille ou entre amis, explorez notre s\u00e9lection d'activit\u00e9s vari\u00e9es pour passer un moment agr\u00e9able, quelles que soient les conditions m\u00e9t\u00e9orologiques. Profitez des loisirs et divertissements uniques qui vous attendent.\",\"breadcrumb\":{\"@id\":\"https:\\\/\\\/www.samoens.com\\\/en\\\/activites-dinterieur\\\/#breadcrumb\"},\"inLanguage\":\"en-US\",\"potentialAction\":[{\"@type\":\"ReadAction\",\"target\":[\"https:\\\/\\\/www.samoens.com\\\/en\\\/activites-dinterieur\\\/\"]}]},{\"@type\":\"ImageObject\",\"inLanguage\":\"en-US\",\"@id\":\"https:\\\/\\\/www.samoens.com\\\/en\\\/activites-dinterieur\\\/#primaryimage\",\"url\":\"https:\\\/\\\/www.samoens.com\\\/wp-content\\\/uploads\\\/2021\\\/12\\\/Cinema-Pellicule.jpg\",\"contentUrl\":\"https:\\\/\\\/www.samoens.com\\\/wp-content\\\/uploads\\\/2021\\\/12\\\/Cinema-Pellicule.jpg\",\"width\":4930,\"height\":3287},{\"@type\":\"BreadcrumbList\",\"@id\":\"https:\\\/\\\/www.samoens.com\\\/en\\\/activites-dinterieur\\\/#breadcrumb\",\"itemListElement\":[{\"@type\":\"ListItem\",\"position\":1,\"name\":\"Accueil\",\"item\":\"https:\\\/\\\/www.samoens.com\\\/en\\\/\"},{\"@type\":\"ListItem\",\"position\":2,\"name\":\"Indoor activities\"}]},{\"@type\":\"WebSite\",\"@id\":\"https:\\\/\\\/www.samoens.com\\\/#website\",\"url\":\"https:\\\/\\\/www.samoens.com\\\/\",\"name\":\"Samo\u00ebns, station de ski et village authentique en Haute-Savoie\",\"description\":\"Nich\u00e9e au coeur du domaine skiable du Grand Massif et \u00e0 moins d&#039;1h de Gen\u00e8ve, Samo\u00ebns rendra vos vacances inoubliables en \u00e9t\u00e9 comme en hiver\",\"potentialAction\":[{\"@type\":\"SearchAction\",\"target\":{\"@type\":\"EntryPoint\",\"urlTemplate\":\"https:\\\/\\\/www.samoens.com\\\/?s={search_term_string}\"},\"query-input\":{\"@type\":\"PropertyValueSpecification\",\"valueRequired\":true,\"valueName\":\"search_term_string\"}}],\"inLanguage\":\"en-US\"}]}<\/script>\n<!-- \/ Yoast SEO plugin. -->","yoast_head_json":{"title":"Activit\u00e9s en int\u00e9rieur - Samo\u00ebns","description":"D\u00e9couvrez des activit\u00e9s d'int\u00e9rieur captivantes \u00e0 Samo\u00ebns ! Que vous soyez en famille ou entre amis, explorez notre s\u00e9lection d'activit\u00e9s vari\u00e9es pour passer un moment agr\u00e9able, quelles que soient les conditions m\u00e9t\u00e9orologiques. Profitez des loisirs et divertissements uniques qui vous attendent.","robots":{"index":"index","follow":"follow","max-snippet":"max-snippet:-1","max-image-preview":"max-image-preview:large","max-video-preview":"max-video-preview:-1"},"canonical":"https:\/\/www.samoens.com\/en\/activites-dinterieur\/","og_locale":"en_US","og_type":"article","og_title":"Activit\u00e9s en int\u00e9rieur - Samo\u00ebns","og_description":"D\u00e9couvrez des activit\u00e9s d'int\u00e9rieur captivantes \u00e0 Samo\u00ebns ! Que vous soyez en famille ou entre amis, explorez notre s\u00e9lection d'activit\u00e9s vari\u00e9es pour passer un moment agr\u00e9able, quelles que soient les conditions m\u00e9t\u00e9orologiques. Profitez des loisirs et divertissements uniques qui vous attendent.","og_url":"https:\/\/www.samoens.com\/en\/activites-dinterieur\/","og_site_name":"Samo\u00ebns, station de ski et village authentique en Haute-Savoie","article_modified_time":"2025-10-28T09:45:33+00:00","og_image":[{"width":1200,"height":800,"url":"https:\/\/www.samoens.com\/wp-content\/uploads\/2021\/12\/Cinema-Pellicule-1200x800.jpg","type":"image\/jpeg"}],"twitter_card":"summary_large_image","twitter_misc":{"Est. reading time":"2 minutes"},"schema":{"@context":"https:\/\/schema.org","@graph":[{"@type":"WebPage","@id":"https:\/\/www.samoens.com\/en\/activites-dinterieur\/","url":"https:\/\/www.samoens.com\/en\/activites-dinterieur\/","name":"Activit\u00e9s en int\u00e9rieur - Samo\u00ebns","isPartOf":{"@id":"https:\/\/www.samoens.com\/#website"},"primaryImageOfPage":{"@id":"https:\/\/www.samoens.com\/en\/activites-dinterieur\/#primaryimage"},"image":{"@id":"https:\/\/www.samoens.com\/en\/activites-dinterieur\/#primaryimage"},"thumbnailUrl":"https:\/\/www.samoens.com\/wp-content\/uploads\/2021\/12\/Cinema-Pellicule.jpg","datePublished":"2025-10-28T08:30:57+00:00","dateModified":"2025-10-28T09:45:33+00:00","description":"D\u00e9couvrez des activit\u00e9s d'int\u00e9rieur captivantes \u00e0 Samo\u00ebns ! Que vous soyez en famille ou entre amis, explorez notre s\u00e9lection d'activit\u00e9s vari\u00e9es pour passer un moment agr\u00e9able, quelles que soient les conditions m\u00e9t\u00e9orologiques. Profitez des loisirs et divertissements uniques qui vous attendent.","breadcrumb":{"@id":"https:\/\/www.samoens.com\/en\/activites-dinterieur\/#breadcrumb"},"inLanguage":"en-US","potentialAction":[{"@type":"ReadAction","target":["https:\/\/www.samoens.com\/en\/activites-dinterieur\/"]}]},{"@type":"ImageObject","inLanguage":"en-US","@id":"https:\/\/www.samoens.com\/en\/activites-dinterieur\/#primaryimage","url":"https:\/\/www.samoens.com\/wp-content\/uploads\/2021\/12\/Cinema-Pellicule.jpg","contentUrl":"https:\/\/www.samoens.com\/wp-content\/uploads\/2021\/12\/Cinema-Pellicule.jpg","width":4930,"height":3287},{"@type":"BreadcrumbList","@id":"https:\/\/www.samoens.com\/en\/activites-dinterieur\/#breadcrumb","itemListElement":[{"@type":"ListItem","position":1,"name":"Accueil","item":"https:\/\/www.samoens.com\/en\/"},{"@type":"ListItem","position":2,"name":"Indoor activities"}]},{"@type":"WebSite","@id":"https:\/\/www.samoens.com\/#website","url":"https:\/\/www.samoens.com\/","name":"Samo\u00ebns, station de ski et village authentique en Haute-Savoie","description":"Nich\u00e9e au coeur du domaine skiable du Grand Massif et \u00e0 moins d&#039;1h de Gen\u00e8ve, Samo\u00ebns rendra vos vacances inoubliables en \u00e9t\u00e9 comme en hiver","potentialAction":[{"@type":"SearchAction","target":{"@type":"EntryPoint","urlTemplate":"https:\/\/www.samoens.com\/?s={search_term_string}"},"query-input":{"@type":"PropertyValueSpecification","valueRequired":true,"valueName":"search_term_string"}}],"inLanguage":"en-US"}]}},"_links":{"self":[{"href":"https:\/\/www.samoens.com\/en\/wp-json\/wp\/v2\/pages\/590840","targetHints":{"allow":["GET"]}}],"collection":[{"href":"https:\/\/www.samoens.com\/en\/wp-json\/wp\/v2\/pages"}],"about":[{"href":"https:\/\/www.samoens.com\/en\/wp-json\/wp\/v2\/types\/page"}],"author":[{"embeddable":true,"href":"https:\/\/www.samoens.com\/en\/wp-json\/wp\/v2\/users\/9"}],"replies":[{"embeddable":true,"href":"https:\/\/www.samoens.com\/en\/wp-json\/wp\/v2\/comments?post=590840"}],"version-history":[{"count":5,"href":"https:\/\/www.samoens.com\/en\/wp-json\/wp\/v2\/pages\/590840\/revisions"}],"predecessor-version":[{"id":602822,"href":"https:\/\/www.samoens.com\/en\/wp-json\/wp\/v2\/pages\/590840\/revisions\/602822"}],"wp:featuredmedia":[{"embeddable":true,"href":"https:\/\/www.samoens.com\/en\/wp-json\/wp\/v2\/media\/590841"}],"wp:attachment":[{"href":"https:\/\/www.samoens.com\/en\/wp-json\/wp\/v2\/media?parent=590840"}],"curies":[{"name":"wp","href":"https:\/\/api.w.org\/{rel}","templated":true}]}}