{"id":589332,"date":"2024-05-23T11:30:14","date_gmt":"2024-05-23T09:30:14","guid":{"rendered":"https:\/\/www.samoens.com\/?page_id=589332"},"modified":"2024-07-26T16:29:07","modified_gmt":"2024-07-26T14:29:07","slug":"craftsmen-in-samoens","status":"publish","type":"page","link":"https:\/\/www.samoens.com\/en\/bonnes-adresses\/craftsmen-in-samoens\/","title":{"rendered":"Craftsmen in Samo\u00ebns"},"content":{"rendered":"<div class=\"wpb-content-wrapper\"><p>[vc_row][vc_column][vc_column_text]<\/p>\n<h2>The craftsmen | Samo\u00ebns resort<\/h2>\n<p>[\/vc_column_text][vc_column_text]<\/p>\n<h2 class=\"chapeau\">In this section, you&#8217;ll find all the craftsmen in the resort: electricians, joiners, carpenters, craftsmen, etc.<\/h2>\n<p>[\/vc_column_text][\/vc_column][\/vc_row]<\/p>\n<\/div>","protected":false},"excerpt":{"rendered":"<p>[vc_row][vc_column][vc_column_text] The craftsmen | Samo\u00ebns resort [\/vc_column_text][vc_column_text] In this section, you&#8217;ll find all the craftsmen in the resort: electricians, joiners, carpenters, craftsmen, etc. [\/vc_column_text][\/vc_column][\/vc_row]<\/p>\n","protected":false},"author":2,"featured_media":2478,"parent":415748,"menu_order":5,"comment_status":"closed","ping_status":"closed","template":"template-liste-apidae.php","meta":{"_acf_changed":false,"footnotes":""},"class_list":["post-589332","page","type-page","status-publish","hentry"],"acf":[],"yoast_head":"<!-- This site is optimized with the Yoast SEO plugin v27.4 - https:\/\/yoast.com\/product\/yoast-seo-wordpress\/ -->\n<title>Craftsmen in Samo\u00ebns Samo\u00ebns, station de ski et village authentique en Haute-Savoie<\/title>\n<meta name=\"robots\" content=\"index, follow, max-snippet:-1, max-image-preview:large, max-video-preview:-1\" \/>\n<link rel=\"canonical\" href=\"https:\/\/www.samoens.com\/en\/bonnes-adresses\/craftsmen-in-samoens\/\" \/>\n<meta property=\"og:locale\" content=\"en_US\" \/>\n<meta property=\"og:type\" content=\"article\" \/>\n<meta property=\"og:title\" content=\"Craftsmen in Samo\u00ebns Samo\u00ebns, station de ski et village authentique en Haute-Savoie\" \/>\n<meta property=\"og:description\" content=\"[vc_row][vc_column][vc_column_text] The craftsmen | Samo\u00ebns resort [\/vc_column_text][vc_column_text] In this section, you&#8217;ll find all the craftsmen in the resort: electricians, joiners, carpenters, craftsmen, etc. [\/vc_column_text][\/vc_column][\/vc_row]\" \/>\n<meta property=\"og:url\" content=\"https:\/\/www.samoens.com\/en\/bonnes-adresses\/craftsmen-in-samoens\/\" \/>\n<meta property=\"og:site_name\" content=\"Samo\u00ebns, station de ski et village authentique en Haute-Savoie\" \/>\n<meta property=\"article:modified_time\" content=\"2024-07-26T14:29:07+00:00\" \/>\n<meta property=\"og:image\" content=\"https:\/\/www.samoens.com\/wp-content\/uploads\/2019\/08\/samoens-vue-du-ciel-ete.jpg\" \/>\n\t<meta property=\"og:image:width\" content=\"1200\" \/>\n\t<meta property=\"og:image:height\" content=\"579\" \/>\n\t<meta property=\"og:image:type\" content=\"image\/jpeg\" \/>\n<meta name=\"twitter:card\" content=\"summary_large_image\" \/>\n<script type=\"application\/ld+json\" class=\"yoast-schema-graph\">{\"@context\":\"https:\\\/\\\/schema.org\",\"@graph\":[{\"@type\":\"WebPage\",\"@id\":\"https:\\\/\\\/www.samoens.com\\\/en\\\/bonnes-adresses\\\/craftsmen-in-samoens\\\/\",\"url\":\"https:\\\/\\\/www.samoens.com\\\/en\\\/bonnes-adresses\\\/craftsmen-in-samoens\\\/\",\"name\":\"Craftsmen in Samo\u00ebns Samo\u00ebns, station de ski et village authentique en Haute-Savoie\",\"isPartOf\":{\"@id\":\"https:\\\/\\\/www.samoens.com\\\/#website\"},\"primaryImageOfPage\":{\"@id\":\"https:\\\/\\\/www.samoens.com\\\/en\\\/bonnes-adresses\\\/craftsmen-in-samoens\\\/#primaryimage\"},\"image\":{\"@id\":\"https:\\\/\\\/www.samoens.com\\\/en\\\/bonnes-adresses\\\/craftsmen-in-samoens\\\/#primaryimage\"},\"thumbnailUrl\":\"https:\\\/\\\/www.samoens.com\\\/wp-content\\\/uploads\\\/2019\\\/08\\\/samoens-vue-du-ciel-ete.jpg\",\"datePublished\":\"2024-05-23T09:30:14+00:00\",\"dateModified\":\"2024-07-26T14:29:07+00:00\",\"breadcrumb\":{\"@id\":\"https:\\\/\\\/www.samoens.com\\\/en\\\/bonnes-adresses\\\/craftsmen-in-samoens\\\/#breadcrumb\"},\"inLanguage\":\"en-US\",\"potentialAction\":[{\"@type\":\"ReadAction\",\"target\":[\"https:\\\/\\\/www.samoens.com\\\/en\\\/bonnes-adresses\\\/craftsmen-in-samoens\\\/\"]}]},{\"@type\":\"ImageObject\",\"inLanguage\":\"en-US\",\"@id\":\"https:\\\/\\\/www.samoens.com\\\/en\\\/bonnes-adresses\\\/craftsmen-in-samoens\\\/#primaryimage\",\"url\":\"https:\\\/\\\/www.samoens.com\\\/wp-content\\\/uploads\\\/2019\\\/08\\\/samoens-vue-du-ciel-ete.jpg\",\"contentUrl\":\"https:\\\/\\\/www.samoens.com\\\/wp-content\\\/uploads\\\/2019\\\/08\\\/samoens-vue-du-ciel-ete.jpg\",\"width\":1200,\"height\":579,\"caption\":\"Bien vivre \u00e0 Samo\u00ebns\"},{\"@type\":\"BreadcrumbList\",\"@id\":\"https:\\\/\\\/www.samoens.com\\\/en\\\/bonnes-adresses\\\/craftsmen-in-samoens\\\/#breadcrumb\",\"itemListElement\":[{\"@type\":\"ListItem\",\"position\":1,\"name\":\"Accueil\",\"item\":\"https:\\\/\\\/www.samoens.com\\\/en\\\/\"},{\"@type\":\"ListItem\",\"position\":2,\"name\":\"Good adresses\",\"item\":\"https:\\\/\\\/www.samoens.com\\\/en\\\/bonnes-adresses\\\/\"},{\"@type\":\"ListItem\",\"position\":3,\"name\":\"Craftsmen in Samo\u00ebns\"}]},{\"@type\":\"WebSite\",\"@id\":\"https:\\\/\\\/www.samoens.com\\\/#website\",\"url\":\"https:\\\/\\\/www.samoens.com\\\/\",\"name\":\"Samo\u00ebns, station de ski et village authentique en Haute-Savoie\",\"description\":\"Nich\u00e9e au coeur du domaine skiable du Grand Massif et \u00e0 moins d&#039;1h de Gen\u00e8ve, Samo\u00ebns rendra vos vacances inoubliables en \u00e9t\u00e9 comme en hiver\",\"potentialAction\":[{\"@type\":\"SearchAction\",\"target\":{\"@type\":\"EntryPoint\",\"urlTemplate\":\"https:\\\/\\\/www.samoens.com\\\/?s={search_term_string}\"},\"query-input\":{\"@type\":\"PropertyValueSpecification\",\"valueRequired\":true,\"valueName\":\"search_term_string\"}}],\"inLanguage\":\"en-US\"}]}<\/script>\n<!-- \/ Yoast SEO plugin. -->","yoast_head_json":{"title":"Craftsmen in Samo\u00ebns Samo\u00ebns, station de ski et village authentique en Haute-Savoie","robots":{"index":"index","follow":"follow","max-snippet":"max-snippet:-1","max-image-preview":"max-image-preview:large","max-video-preview":"max-video-preview:-1"},"canonical":"https:\/\/www.samoens.com\/en\/bonnes-adresses\/craftsmen-in-samoens\/","og_locale":"en_US","og_type":"article","og_title":"Craftsmen in Samo\u00ebns Samo\u00ebns, station de ski et village authentique en Haute-Savoie","og_description":"[vc_row][vc_column][vc_column_text] The craftsmen | Samo\u00ebns resort [\/vc_column_text][vc_column_text] In this section, you&#8217;ll find all the craftsmen in the resort: electricians, joiners, carpenters, craftsmen, etc. [\/vc_column_text][\/vc_column][\/vc_row]","og_url":"https:\/\/www.samoens.com\/en\/bonnes-adresses\/craftsmen-in-samoens\/","og_site_name":"Samo\u00ebns, station de ski et village authentique en Haute-Savoie","article_modified_time":"2024-07-26T14:29:07+00:00","og_image":[{"width":1200,"height":579,"url":"https:\/\/www.samoens.com\/wp-content\/uploads\/2019\/08\/samoens-vue-du-ciel-ete.jpg","type":"image\/jpeg"}],"twitter_card":"summary_large_image","schema":{"@context":"https:\/\/schema.org","@graph":[{"@type":"WebPage","@id":"https:\/\/www.samoens.com\/en\/bonnes-adresses\/craftsmen-in-samoens\/","url":"https:\/\/www.samoens.com\/en\/bonnes-adresses\/craftsmen-in-samoens\/","name":"Craftsmen in Samo\u00ebns Samo\u00ebns, station de ski et village authentique en Haute-Savoie","isPartOf":{"@id":"https:\/\/www.samoens.com\/#website"},"primaryImageOfPage":{"@id":"https:\/\/www.samoens.com\/en\/bonnes-adresses\/craftsmen-in-samoens\/#primaryimage"},"image":{"@id":"https:\/\/www.samoens.com\/en\/bonnes-adresses\/craftsmen-in-samoens\/#primaryimage"},"thumbnailUrl":"https:\/\/www.samoens.com\/wp-content\/uploads\/2019\/08\/samoens-vue-du-ciel-ete.jpg","datePublished":"2024-05-23T09:30:14+00:00","dateModified":"2024-07-26T14:29:07+00:00","breadcrumb":{"@id":"https:\/\/www.samoens.com\/en\/bonnes-adresses\/craftsmen-in-samoens\/#breadcrumb"},"inLanguage":"en-US","potentialAction":[{"@type":"ReadAction","target":["https:\/\/www.samoens.com\/en\/bonnes-adresses\/craftsmen-in-samoens\/"]}]},{"@type":"ImageObject","inLanguage":"en-US","@id":"https:\/\/www.samoens.com\/en\/bonnes-adresses\/craftsmen-in-samoens\/#primaryimage","url":"https:\/\/www.samoens.com\/wp-content\/uploads\/2019\/08\/samoens-vue-du-ciel-ete.jpg","contentUrl":"https:\/\/www.samoens.com\/wp-content\/uploads\/2019\/08\/samoens-vue-du-ciel-ete.jpg","width":1200,"height":579,"caption":"Bien vivre \u00e0 Samo\u00ebns"},{"@type":"BreadcrumbList","@id":"https:\/\/www.samoens.com\/en\/bonnes-adresses\/craftsmen-in-samoens\/#breadcrumb","itemListElement":[{"@type":"ListItem","position":1,"name":"Accueil","item":"https:\/\/www.samoens.com\/en\/"},{"@type":"ListItem","position":2,"name":"Good adresses","item":"https:\/\/www.samoens.com\/en\/bonnes-adresses\/"},{"@type":"ListItem","position":3,"name":"Craftsmen in Samo\u00ebns"}]},{"@type":"WebSite","@id":"https:\/\/www.samoens.com\/#website","url":"https:\/\/www.samoens.com\/","name":"Samo\u00ebns, station de ski et village authentique en Haute-Savoie","description":"Nich\u00e9e au coeur du domaine skiable du Grand Massif et \u00e0 moins d&#039;1h de Gen\u00e8ve, Samo\u00ebns rendra vos vacances inoubliables en \u00e9t\u00e9 comme en hiver","potentialAction":[{"@type":"SearchAction","target":{"@type":"EntryPoint","urlTemplate":"https:\/\/www.samoens.com\/?s={search_term_string}"},"query-input":{"@type":"PropertyValueSpecification","valueRequired":true,"valueName":"search_term_string"}}],"inLanguage":"en-US"}]}},"_links":{"self":[{"href":"https:\/\/www.samoens.com\/en\/wp-json\/wp\/v2\/pages\/589332","targetHints":{"allow":["GET"]}}],"collection":[{"href":"https:\/\/www.samoens.com\/en\/wp-json\/wp\/v2\/pages"}],"about":[{"href":"https:\/\/www.samoens.com\/en\/wp-json\/wp\/v2\/types\/page"}],"author":[{"embeddable":true,"href":"https:\/\/www.samoens.com\/en\/wp-json\/wp\/v2\/users\/2"}],"replies":[{"embeddable":true,"href":"https:\/\/www.samoens.com\/en\/wp-json\/wp\/v2\/comments?post=589332"}],"version-history":[{"count":3,"href":"https:\/\/www.samoens.com\/en\/wp-json\/wp\/v2\/pages\/589332\/revisions"}],"predecessor-version":[{"id":590613,"href":"https:\/\/www.samoens.com\/en\/wp-json\/wp\/v2\/pages\/589332\/revisions\/590613"}],"up":[{"embeddable":true,"href":"https:\/\/www.samoens.com\/en\/wp-json\/wp\/v2\/pages\/415748"}],"wp:featuredmedia":[{"embeddable":true,"href":"https:\/\/www.samoens.com\/en\/wp-json\/wp\/v2\/media\/2478"}],"wp:attachment":[{"href":"https:\/\/www.samoens.com\/en\/wp-json\/wp\/v2\/media?parent=589332"}],"curies":[{"name":"wp","href":"https:\/\/api.w.org\/{rel}","templated":true}]}}