{"id":580075,"date":"2021-08-13T16:29:50","date_gmt":"2021-08-13T14:29:50","guid":{"rendered":"https:\/\/www.samoens.com\/?page_id=580075"},"modified":"2025-08-04T23:17:54","modified_gmt":"2025-08-04T21:17:54","slug":"hiking-maps-and-guides","status":"publish","type":"page","link":"https:\/\/www.samoens.com\/en\/hiking-maps-and-guides\/","title":{"rendered":"Hiking maps and guides"},"content":{"rendered":"<div class=\"wpb-content-wrapper\"><p>[vc_row][vc_column width=&#8221;1\/3&#8243;][vc_single_image image=&#8221;530819&#8243; img_size=&#8221;medium&#8221; alignment=&#8221;center&#8221; onclick=&#8221;custom_link&#8221; img_link_target=&#8221;_blank&#8221; title=&#8221;&#8217;54 Guided Routes&#8217; Hiking map in the Giffre Mountains (all levels)&#8221; link=&#8221;https:\/\/www.samoens.com\/wp-content\/uploads\/2025\/08\/Carte-54-Circuits-Commentes-Montagnes-du-Giffre-FR-Version-2025.pdf&#8221; el_class=&#8221;lienversliste&#8221;][vc_single_image image=&#8221;590479&#8243; img_size=&#8221;medium&#8221; alignment=&#8221;center&#8221; onclick=&#8221;custom_link&#8221; img_link_target=&#8221;_blank&#8221; title=&#8221;Flyer &#8216;Le Tour des Dents Blanches'&#8221; link=&#8221;https:\/\/www.samoens.com\/wp-content\/uploads\/2024\/07\/Flyer-Tour-des-Dents-Blanches-2024.pdf&#8221; el_class=&#8221;lienversliste&#8221;][\/vc_column][vc_column width=&#8221;1\/3&#8243;][vc_single_image image=&#8221;429672&#8243; img_size=&#8221;medium&#8221; alignment=&#8221;center&#8221; onclick=&#8221;custom_link&#8221; img_link_target=&#8221;_blank&#8221; title=&#8221;&#8217;32 Guided Walks&#8217; in the Giffre Mountains (from 30 minutes to 3 hours)&#8221; link=&#8221;https:\/\/www.samoens.com\/wp-content\/uploads\/2025\/08\/Topo-32-Balades-Commentees-Montagnes-du-Giffre-FR-Version-2025.pdf&#8221; el_class=&#8221;lienversliste&#8221;][vc_single_image image=&#8221;431189&#8243; img_size=&#8221;medium&#8221; alignment=&#8221;center&#8221; onclick=&#8221;custom_link&#8221; img_link_target=&#8221;_blank&#8221; title=&#8221;Brochure &#8216;Cirque du Fer-\u00e0-Cheval : \u00c0 la D\u00e9couverte du Grandiose&#8220;&#8221; link=&#8221;https:\/\/www.samoens.com\/wp-content\/uploads\/2025\/08\/Depliant-Cirque-du-Fer-a-Cheval-Grand-Site-Grandiose.pdf&#8221; el_class=&#8221;lienversliste&#8221;][\/vc_column][vc_column width=&#8221;1\/3&#8243;][vc_single_image image=&#8221;530187&#8243; img_size=&#8221;medium&#8221; alignment=&#8221;center&#8221; onclick=&#8221;custom_link&#8221; img_link_target=&#8221;_blank&#8221; title=&#8221;Brochure \u201cAu fil du Giffre\u201d (Along the Giffre): greenway for cyclists and hikers along the river&#8221; link=&#8221;https:\/\/www.samoens.com\/wp-content\/uploads\/2021\/06\/depliant-au-fil-du-giffre-web.pdf&#8221; el_class=&#8221;lienversliste&#8221;][vc_single_image image=&#8221;590177&#8243; img_size=&#8221;medium&#8221; alignment=&#8221;center&#8221; onclick=&#8221;custom_link&#8221; img_link_target=&#8221;_blank&#8221; title=&#8221;2025 RANDO&#8217;BUS Summer Guide (ideas for hike+bus itineraries)&#8221; link=&#8221;https:\/\/www.samoens.com\/wp-content\/uploads\/2025\/08\/Guide-Rando-Bus-2025.pdf&#8221; el_class=&#8221;lienversliste&#8221;][\/vc_column][\/vc_row]<\/p>\n<\/div>","protected":false},"excerpt":{"rendered":"<p>[vc_row][vc_column width=&#8221;1\/3&#8243;][vc_single_image image=&#8221;530819&#8243; img_size=&#8221;medium&#8221; alignment=&#8221;center&#8221; onclick=&#8221;custom_link&#8221; img_link_target=&#8221;_blank&#8221; title=&#8221;&#8217;54 Guided Routes&#8217; Hiking map in the Giffre Mountains (all levels)&#8221; link=&#8221;https:\/\/www.samoens.com\/wp-content\/uploads\/2025\/08\/Carte-54-Circuits-Commentes-Montagnes-du-Giffre-FR-Version-2025.pdf&#8221; el_class=&#8221;lienversliste&#8221;][vc_single_image image=&#8221;590479&#8243; img_size=&#8221;medium&#8221; alignment=&#8221;center&#8221; onclick=&#8221;custom_link&#8221; img_link_target=&#8221;_blank&#8221; title=&#8221;Flyer &#8216;Le Tour des Dents Blanches&#8217;&#8221; link=&#8221;https:\/\/www.samoens.com\/wp-content\/uploads\/2024\/07\/Flyer-Tour-des-Dents-Blanches-2024.pdf&#8221; el_class=&#8221;lienversliste&#8221;][\/vc_column][vc_column width=&#8221;1\/3&#8243;][vc_single_image image=&#8221;429672&#8243; img_size=&#8221;medium&#8221; alignment=&#8221;center&#8221; onclick=&#8221;custom_link&#8221; img_link_target=&#8221;_blank&#8221; title=&#8221;&#8217;32 Guided Walks&#8217; in the Giffre Mountains (from 30 minutes to 3 hours)&#8221; link=&#8221;https:\/\/www.samoens.com\/wp-content\/uploads\/2025\/08\/Topo-32-Balades-Commentees-Montagnes-du-Giffre-FR-Version-2025.pdf&#8221; el_class=&#8221;lienversliste&#8221;][vc_single_image image=&#8221;431189&#8243; [&hellip;]<\/p>\n","protected":false},"author":2,"featured_media":0,"parent":0,"menu_order":127,"comment_status":"closed","ping_status":"closed","template":"","meta":{"_acf_changed":false,"footnotes":""},"class_list":["post-580075","page","type-page","status-publish","hentry"],"acf":[],"yoast_head":"<!-- This site is optimized with the Yoast SEO plugin v27.2 - https:\/\/yoast.com\/product\/yoast-seo-wordpress\/ -->\n<title>Hiking maps and guides Samo\u00ebns, station de ski et village authentique en Haute-Savoie<\/title>\n<meta name=\"robots\" content=\"index, follow, max-snippet:-1, max-image-preview:large, max-video-preview:-1\" \/>\n<link rel=\"canonical\" href=\"https:\/\/www.samoens.com\/en\/hiking-maps-and-guides\/\" \/>\n<meta property=\"og:locale\" content=\"en_US\" \/>\n<meta property=\"og:type\" content=\"article\" \/>\n<meta property=\"og:title\" content=\"Hiking maps and guides Samo\u00ebns, station de ski et village authentique en Haute-Savoie\" \/>\n<meta property=\"og:description\" content=\"[vc_row][vc_column width=&#8221;1\/3&#8243;][vc_single_image image=&#8221;530819&#8243; img_size=&#8221;medium&#8221; alignment=&#8221;center&#8221; onclick=&#8221;custom_link&#8221; img_link_target=&#8221;_blank&#8221; title=&#8221;&#8217;54 Guided Routes&#8217; Hiking map in the Giffre Mountains (all levels)&#8221; link=&#8221;https:\/\/www.samoens.com\/wp-content\/uploads\/2025\/08\/Carte-54-Circuits-Commentes-Montagnes-du-Giffre-FR-Version-2025.pdf&#8221; el_class=&#8221;lienversliste&#8221;][vc_single_image image=&#8221;590479&#8243; img_size=&#8221;medium&#8221; alignment=&#8221;center&#8221; onclick=&#8221;custom_link&#8221; img_link_target=&#8221;_blank&#8221; title=&#8221;Flyer &#8216;Le Tour des Dents Blanches&#039;&#8221; link=&#8221;https:\/\/www.samoens.com\/wp-content\/uploads\/2024\/07\/Flyer-Tour-des-Dents-Blanches-2024.pdf&#8221; el_class=&#8221;lienversliste&#8221;][\/vc_column][vc_column width=&#8221;1\/3&#8243;][vc_single_image image=&#8221;429672&#8243; img_size=&#8221;medium&#8221; alignment=&#8221;center&#8221; onclick=&#8221;custom_link&#8221; img_link_target=&#8221;_blank&#8221; title=&#8221;&#8217;32 Guided Walks&#8217; in the Giffre Mountains (from 30 minutes to 3 hours)&#8221; link=&#8221;https:\/\/www.samoens.com\/wp-content\/uploads\/2025\/08\/Topo-32-Balades-Commentees-Montagnes-du-Giffre-FR-Version-2025.pdf&#8221; el_class=&#8221;lienversliste&#8221;][vc_single_image image=&#8221;431189&#8243; [&hellip;]\" \/>\n<meta property=\"og:url\" content=\"https:\/\/www.samoens.com\/en\/hiking-maps-and-guides\/\" \/>\n<meta property=\"og:site_name\" content=\"Samo\u00ebns, station de ski et village authentique en Haute-Savoie\" \/>\n<meta property=\"article:modified_time\" content=\"2025-08-04T21:17:54+00:00\" \/>\n<meta name=\"twitter:card\" content=\"summary_large_image\" \/>\n<meta name=\"twitter:label1\" content=\"Est. reading time\" \/>\n\t<meta name=\"twitter:data1\" content=\"1 minute\" \/>\n<script type=\"application\/ld+json\" class=\"yoast-schema-graph\">{\"@context\":\"https:\/\/schema.org\",\"@graph\":[{\"@type\":\"WebPage\",\"@id\":\"https:\/\/www.samoens.com\/en\/hiking-maps-and-guides\/\",\"url\":\"https:\/\/www.samoens.com\/en\/hiking-maps-and-guides\/\",\"name\":\"Hiking maps and guides Samo\u00ebns, station de ski et village authentique en Haute-Savoie\",\"isPartOf\":{\"@id\":\"https:\/\/www.samoens.com\/#website\"},\"datePublished\":\"2021-08-13T14:29:50+00:00\",\"dateModified\":\"2025-08-04T21:17:54+00:00\",\"breadcrumb\":{\"@id\":\"https:\/\/www.samoens.com\/en\/hiking-maps-and-guides\/#breadcrumb\"},\"inLanguage\":\"en-US\",\"potentialAction\":[{\"@type\":\"ReadAction\",\"target\":[\"https:\/\/www.samoens.com\/en\/hiking-maps-and-guides\/\"]}]},{\"@type\":\"BreadcrumbList\",\"@id\":\"https:\/\/www.samoens.com\/en\/hiking-maps-and-guides\/#breadcrumb\",\"itemListElement\":[{\"@type\":\"ListItem\",\"position\":1,\"name\":\"Accueil\",\"item\":\"https:\/\/www.samoens.com\/en\/\"},{\"@type\":\"ListItem\",\"position\":2,\"name\":\"Hiking maps and guides\"}]},{\"@type\":\"WebSite\",\"@id\":\"https:\/\/www.samoens.com\/#website\",\"url\":\"https:\/\/www.samoens.com\/\",\"name\":\"Samo\u00ebns, station de ski et village authentique en Haute-Savoie\",\"description\":\"Nich\u00e9e au coeur du domaine skiable du Grand Massif et \u00e0 moins d&#039;1h de Gen\u00e8ve, Samo\u00ebns rendra vos vacances inoubliables en \u00e9t\u00e9 comme en hiver\",\"potentialAction\":[{\"@type\":\"SearchAction\",\"target\":{\"@type\":\"EntryPoint\",\"urlTemplate\":\"https:\/\/www.samoens.com\/?s={search_term_string}\"},\"query-input\":{\"@type\":\"PropertyValueSpecification\",\"valueRequired\":true,\"valueName\":\"search_term_string\"}}],\"inLanguage\":\"en-US\"}]}<\/script>\n<!-- \/ Yoast SEO plugin. -->","yoast_head_json":{"title":"Hiking maps and guides Samo\u00ebns, station de ski et village authentique en Haute-Savoie","robots":{"index":"index","follow":"follow","max-snippet":"max-snippet:-1","max-image-preview":"max-image-preview:large","max-video-preview":"max-video-preview:-1"},"canonical":"https:\/\/www.samoens.com\/en\/hiking-maps-and-guides\/","og_locale":"en_US","og_type":"article","og_title":"Hiking maps and guides Samo\u00ebns, station de ski et village authentique en Haute-Savoie","og_description":"[vc_row][vc_column width=&#8221;1\/3&#8243;][vc_single_image image=&#8221;530819&#8243; img_size=&#8221;medium&#8221; alignment=&#8221;center&#8221; onclick=&#8221;custom_link&#8221; img_link_target=&#8221;_blank&#8221; title=&#8221;&#8217;54 Guided Routes&#8217; Hiking map in the Giffre Mountains (all levels)&#8221; link=&#8221;https:\/\/www.samoens.com\/wp-content\/uploads\/2025\/08\/Carte-54-Circuits-Commentes-Montagnes-du-Giffre-FR-Version-2025.pdf&#8221; el_class=&#8221;lienversliste&#8221;][vc_single_image image=&#8221;590479&#8243; img_size=&#8221;medium&#8221; alignment=&#8221;center&#8221; onclick=&#8221;custom_link&#8221; img_link_target=&#8221;_blank&#8221; title=&#8221;Flyer &#8216;Le Tour des Dents Blanches'&#8221; link=&#8221;https:\/\/www.samoens.com\/wp-content\/uploads\/2024\/07\/Flyer-Tour-des-Dents-Blanches-2024.pdf&#8221; el_class=&#8221;lienversliste&#8221;][\/vc_column][vc_column width=&#8221;1\/3&#8243;][vc_single_image image=&#8221;429672&#8243; img_size=&#8221;medium&#8221; alignment=&#8221;center&#8221; onclick=&#8221;custom_link&#8221; img_link_target=&#8221;_blank&#8221; title=&#8221;&#8217;32 Guided Walks&#8217; in the Giffre Mountains (from 30 minutes to 3 hours)&#8221; link=&#8221;https:\/\/www.samoens.com\/wp-content\/uploads\/2025\/08\/Topo-32-Balades-Commentees-Montagnes-du-Giffre-FR-Version-2025.pdf&#8221; el_class=&#8221;lienversliste&#8221;][vc_single_image image=&#8221;431189&#8243; [&hellip;]","og_url":"https:\/\/www.samoens.com\/en\/hiking-maps-and-guides\/","og_site_name":"Samo\u00ebns, station de ski et village authentique en Haute-Savoie","article_modified_time":"2025-08-04T21:17:54+00:00","twitter_card":"summary_large_image","twitter_misc":{"Est. reading time":"1 minute"},"schema":{"@context":"https:\/\/schema.org","@graph":[{"@type":"WebPage","@id":"https:\/\/www.samoens.com\/en\/hiking-maps-and-guides\/","url":"https:\/\/www.samoens.com\/en\/hiking-maps-and-guides\/","name":"Hiking maps and guides Samo\u00ebns, station de ski et village authentique en Haute-Savoie","isPartOf":{"@id":"https:\/\/www.samoens.com\/#website"},"datePublished":"2021-08-13T14:29:50+00:00","dateModified":"2025-08-04T21:17:54+00:00","breadcrumb":{"@id":"https:\/\/www.samoens.com\/en\/hiking-maps-and-guides\/#breadcrumb"},"inLanguage":"en-US","potentialAction":[{"@type":"ReadAction","target":["https:\/\/www.samoens.com\/en\/hiking-maps-and-guides\/"]}]},{"@type":"BreadcrumbList","@id":"https:\/\/www.samoens.com\/en\/hiking-maps-and-guides\/#breadcrumb","itemListElement":[{"@type":"ListItem","position":1,"name":"Accueil","item":"https:\/\/www.samoens.com\/en\/"},{"@type":"ListItem","position":2,"name":"Hiking maps and guides"}]},{"@type":"WebSite","@id":"https:\/\/www.samoens.com\/#website","url":"https:\/\/www.samoens.com\/","name":"Samo\u00ebns, station de ski et village authentique en Haute-Savoie","description":"Nich\u00e9e au coeur du domaine skiable du Grand Massif et \u00e0 moins d&#039;1h de Gen\u00e8ve, Samo\u00ebns rendra vos vacances inoubliables en \u00e9t\u00e9 comme en hiver","potentialAction":[{"@type":"SearchAction","target":{"@type":"EntryPoint","urlTemplate":"https:\/\/www.samoens.com\/?s={search_term_string}"},"query-input":{"@type":"PropertyValueSpecification","valueRequired":true,"valueName":"search_term_string"}}],"inLanguage":"en-US"}]}},"_links":{"self":[{"href":"https:\/\/www.samoens.com\/en\/wp-json\/wp\/v2\/pages\/580075","targetHints":{"allow":["GET"]}}],"collection":[{"href":"https:\/\/www.samoens.com\/en\/wp-json\/wp\/v2\/pages"}],"about":[{"href":"https:\/\/www.samoens.com\/en\/wp-json\/wp\/v2\/types\/page"}],"author":[{"embeddable":true,"href":"https:\/\/www.samoens.com\/en\/wp-json\/wp\/v2\/users\/2"}],"replies":[{"embeddable":true,"href":"https:\/\/www.samoens.com\/en\/wp-json\/wp\/v2\/comments?post=580075"}],"version-history":[{"count":4,"href":"https:\/\/www.samoens.com\/en\/wp-json\/wp\/v2\/pages\/580075\/revisions"}],"predecessor-version":[{"id":598583,"href":"https:\/\/www.samoens.com\/en\/wp-json\/wp\/v2\/pages\/580075\/revisions\/598583"}],"wp:attachment":[{"href":"https:\/\/www.samoens.com\/en\/wp-json\/wp\/v2\/media?parent=580075"}],"curies":[{"name":"wp","href":"https:\/\/api.w.org\/{rel}","templated":true}]}}