{"id":573986,"date":"2021-01-14T09:28:10","date_gmt":"2021-01-14T08:28:10","guid":{"rendered":"https:\/\/www.samoens.com\/magasins-de-sport\/"},"modified":"2022-11-24T11:07:08","modified_gmt":"2022-11-24T10:07:08","slug":"magasins-de-sport","status":"publish","type":"page","link":"https:\/\/www.samoens.com\/en\/magasins-de-sport\/","title":{"rendered":"Sports stores"},"content":{"rendered":"<div class=\"wpb-content-wrapper\"><p>[vc_row][vc_column][vc_column_text]Find the list of septimontains tradesmen who will be able to advise you in the choice of your hiring or purchase of material.[\/vc_column_text][\/vc_column][\/vc_row]<\/p>\n<\/div>","protected":false},"excerpt":{"rendered":"<p>[vc_row][vc_column][vc_column_text]Find the list of septimontains tradesmen who will be able to advise you in the choice of your hiring or purchase of material.[\/vc_column_text][\/vc_column][\/vc_row]<\/p>\n","protected":false},"author":2,"featured_media":0,"parent":0,"menu_order":106,"comment_status":"closed","ping_status":"closed","template":"template-liste-apidae.php","meta":{"_acf_changed":false,"footnotes":""},"class_list":["post-573986","page","type-page","status-publish","hentry"],"acf":[],"yoast_head":"<!-- This site is optimized with the Yoast SEO plugin v27.2 - https:\/\/yoast.com\/product\/yoast-seo-wordpress\/ -->\n<title>Sports stores Samo\u00ebns, station de ski et village authentique en Haute-Savoie<\/title>\n<meta name=\"robots\" content=\"index, follow, max-snippet:-1, max-image-preview:large, max-video-preview:-1\" \/>\n<link rel=\"canonical\" href=\"https:\/\/www.samoens.com\/en\/magasins-de-sport\/\" \/>\n<meta property=\"og:locale\" content=\"en_US\" \/>\n<meta property=\"og:type\" content=\"article\" \/>\n<meta property=\"og:title\" content=\"Sports stores Samo\u00ebns, station de ski et village authentique en Haute-Savoie\" \/>\n<meta property=\"og:description\" content=\"[vc_row][vc_column][vc_column_text]Find the list of septimontains tradesmen who will be able to advise you in the choice of your hiring or purchase of material.[\/vc_column_text][\/vc_column][\/vc_row]\" \/>\n<meta property=\"og:url\" content=\"https:\/\/www.samoens.com\/en\/magasins-de-sport\/\" \/>\n<meta property=\"og:site_name\" content=\"Samo\u00ebns, station de ski et village authentique en Haute-Savoie\" \/>\n<meta property=\"article:modified_time\" content=\"2022-11-24T10:07:08+00:00\" \/>\n<meta name=\"twitter:card\" content=\"summary_large_image\" \/>\n<script type=\"application\/ld+json\" class=\"yoast-schema-graph\">{\"@context\":\"https:\/\/schema.org\",\"@graph\":[{\"@type\":\"WebPage\",\"@id\":\"https:\/\/www.samoens.com\/en\/magasins-de-sport\/\",\"url\":\"https:\/\/www.samoens.com\/en\/magasins-de-sport\/\",\"name\":\"Sports stores Samo\u00ebns, station de ski et village authentique en Haute-Savoie\",\"isPartOf\":{\"@id\":\"https:\/\/www.samoens.com\/#website\"},\"datePublished\":\"2021-01-14T08:28:10+00:00\",\"dateModified\":\"2022-11-24T10:07:08+00:00\",\"breadcrumb\":{\"@id\":\"https:\/\/www.samoens.com\/en\/magasins-de-sport\/#breadcrumb\"},\"inLanguage\":\"en-US\",\"potentialAction\":[{\"@type\":\"ReadAction\",\"target\":[\"https:\/\/www.samoens.com\/en\/magasins-de-sport\/\"]}]},{\"@type\":\"BreadcrumbList\",\"@id\":\"https:\/\/www.samoens.com\/en\/magasins-de-sport\/#breadcrumb\",\"itemListElement\":[{\"@type\":\"ListItem\",\"position\":1,\"name\":\"Accueil\",\"item\":\"https:\/\/www.samoens.com\/en\/\"},{\"@type\":\"ListItem\",\"position\":2,\"name\":\"Sports stores\"}]},{\"@type\":\"WebSite\",\"@id\":\"https:\/\/www.samoens.com\/#website\",\"url\":\"https:\/\/www.samoens.com\/\",\"name\":\"Samo\u00ebns, station de ski et village authentique en Haute-Savoie\",\"description\":\"Nich\u00e9e au coeur du domaine skiable du Grand Massif et \u00e0 moins d&#039;1h de Gen\u00e8ve, Samo\u00ebns rendra vos vacances inoubliables en \u00e9t\u00e9 comme en hiver\",\"potentialAction\":[{\"@type\":\"SearchAction\",\"target\":{\"@type\":\"EntryPoint\",\"urlTemplate\":\"https:\/\/www.samoens.com\/?s={search_term_string}\"},\"query-input\":{\"@type\":\"PropertyValueSpecification\",\"valueRequired\":true,\"valueName\":\"search_term_string\"}}],\"inLanguage\":\"en-US\"}]}<\/script>\n<!-- \/ Yoast SEO plugin. -->","yoast_head_json":{"title":"Sports stores Samo\u00ebns, station de ski et village authentique en Haute-Savoie","robots":{"index":"index","follow":"follow","max-snippet":"max-snippet:-1","max-image-preview":"max-image-preview:large","max-video-preview":"max-video-preview:-1"},"canonical":"https:\/\/www.samoens.com\/en\/magasins-de-sport\/","og_locale":"en_US","og_type":"article","og_title":"Sports stores Samo\u00ebns, station de ski et village authentique en Haute-Savoie","og_description":"[vc_row][vc_column][vc_column_text]Find the list of septimontains tradesmen who will be able to advise you in the choice of your hiring or purchase of material.[\/vc_column_text][\/vc_column][\/vc_row]","og_url":"https:\/\/www.samoens.com\/en\/magasins-de-sport\/","og_site_name":"Samo\u00ebns, station de ski et village authentique en Haute-Savoie","article_modified_time":"2022-11-24T10:07:08+00:00","twitter_card":"summary_large_image","schema":{"@context":"https:\/\/schema.org","@graph":[{"@type":"WebPage","@id":"https:\/\/www.samoens.com\/en\/magasins-de-sport\/","url":"https:\/\/www.samoens.com\/en\/magasins-de-sport\/","name":"Sports stores Samo\u00ebns, station de ski et village authentique en Haute-Savoie","isPartOf":{"@id":"https:\/\/www.samoens.com\/#website"},"datePublished":"2021-01-14T08:28:10+00:00","dateModified":"2022-11-24T10:07:08+00:00","breadcrumb":{"@id":"https:\/\/www.samoens.com\/en\/magasins-de-sport\/#breadcrumb"},"inLanguage":"en-US","potentialAction":[{"@type":"ReadAction","target":["https:\/\/www.samoens.com\/en\/magasins-de-sport\/"]}]},{"@type":"BreadcrumbList","@id":"https:\/\/www.samoens.com\/en\/magasins-de-sport\/#breadcrumb","itemListElement":[{"@type":"ListItem","position":1,"name":"Accueil","item":"https:\/\/www.samoens.com\/en\/"},{"@type":"ListItem","position":2,"name":"Sports stores"}]},{"@type":"WebSite","@id":"https:\/\/www.samoens.com\/#website","url":"https:\/\/www.samoens.com\/","name":"Samo\u00ebns, station de ski et village authentique en Haute-Savoie","description":"Nich\u00e9e au coeur du domaine skiable du Grand Massif et \u00e0 moins d&#039;1h de Gen\u00e8ve, Samo\u00ebns rendra vos vacances inoubliables en \u00e9t\u00e9 comme en hiver","potentialAction":[{"@type":"SearchAction","target":{"@type":"EntryPoint","urlTemplate":"https:\/\/www.samoens.com\/?s={search_term_string}"},"query-input":{"@type":"PropertyValueSpecification","valueRequired":true,"valueName":"search_term_string"}}],"inLanguage":"en-US"}]}},"_links":{"self":[{"href":"https:\/\/www.samoens.com\/en\/wp-json\/wp\/v2\/pages\/573986","targetHints":{"allow":["GET"]}}],"collection":[{"href":"https:\/\/www.samoens.com\/en\/wp-json\/wp\/v2\/pages"}],"about":[{"href":"https:\/\/www.samoens.com\/en\/wp-json\/wp\/v2\/types\/page"}],"author":[{"embeddable":true,"href":"https:\/\/www.samoens.com\/en\/wp-json\/wp\/v2\/users\/2"}],"replies":[{"embeddable":true,"href":"https:\/\/www.samoens.com\/en\/wp-json\/wp\/v2\/comments?post=573986"}],"version-history":[{"count":0,"href":"https:\/\/www.samoens.com\/en\/wp-json\/wp\/v2\/pages\/573986\/revisions"}],"wp:attachment":[{"href":"https:\/\/www.samoens.com\/en\/wp-json\/wp\/v2\/media?parent=573986"}],"curies":[{"name":"wp","href":"https:\/\/api.w.org\/{rel}","templated":true}]}}