{"id":573979,"date":"2022-10-26T09:19:43","date_gmt":"2022-10-26T07:19:43","guid":{"rendered":"https:\/\/www.samoens.com\/bonnes-adresses\/useful-services\/transport-in-samoens\/navette-ski-bus-a-samoens\/"},"modified":"2026-03-29T10:08:44","modified_gmt":"2026-03-29T08:08:44","slug":"navette-ski-bus-a-samoens","status":"publish","type":"page","link":"https:\/\/www.samoens.com\/en\/bonnes-adresses\/useful-services\/transport-in-samoens\/navette-ski-bus-a-samoens\/","title":{"rendered":"Ski bus shuttles in Samo\u00ebns"},"content":{"rendered":"<div class=\"wpb-content-wrapper\"><p>[vc_row][vc_column][vc_column_text]<\/p>\n<h2>The free shuttles of Samo\u00ebns for your movements in the station<\/h2>\n<p>[\/vc_column_text][vc_column_text]<\/p>\n<h2 class=\"chapeau\">Winter, free shuttles are available to facilitate your travels in Samo\u00ebns. Find all the information: stops, access, practical information and see in real time the position of the shuttle.<\/h2>\n<p>[\/vc_column_text][\/vc_column][\/vc_row][vc_row][vc_column]<p class=\"\" style=\"text-align:center;\"><a class=\"ye_boutPlein ye_coul2\" href=\"https:\/\/www.samoens.com\/wp-content\/uploads\/2025\/12\/Reseaux.pdf\"><span class=\"ye_icon vc_icon_element-icon IcoFont icon-bus\"><\/span><span class=\"ye_txtBoutIc\">Discover the ski bus route map<\/span><\/a><\/p>[\/vc_column][\/vc_row][vc_row][vc_column width=&#8221;1\/4&#8243;]<p class=\"\" style=\"text-align:center;\"><a class=\"ye_boutPlein ye_coul2\" href=\"https:\/\/www.samoens.com\/wp-content\/uploads\/2026\/03\/Horaire-21-Mars-Fermeture-Domaine-skiable.pdf\"><span class=\"ye_icon vc_icon_element-icon IcoFont icon-bus\"><\/span><span class=\"ye_txtBoutIc\">Check the timetables<\/span><\/a><\/p>[\/vc_column][vc_column width=&#8221;1\/4&#8243;]<p class=\"\" style=\"text-align:center;\"><a class=\"ye_boutPlein ye_coul2\" href=\"https:\/\/explore.samoens.com\/en\/shops-and-services?search=skibus%20stop\"><span class=\"ye_icon vc_icon_element-icon IcoFont icon-bus\"><\/span><span class=\"ye_txtBoutIc\">Locate the nearest stop to your accommodation<\/span><\/a><\/p>[\/vc_column][vc_column width=&#8221;1\/4&#8243;]<p class=\"\" style=\"text-align:center;\"><a class=\"ye_boutPlein ye_coul2\" href=\"https:\/\/livemap.hubup.cloud\/JACQUET\"><span class=\"ye_icon vc_icon_element-icon IcoFont icon-bus\"><\/span><span class=\"ye_txtBoutIc\">Track your shuttle in real time<\/span><\/a><\/p>[\/vc_column][vc_column width=&#8221;1\/4&#8243;]<p class=\"\" style=\"text-align:center;\"><a class=\"ye_boutPlein ye_coul2\" href=\"https:\/\/www.mairiedesamoens.fr\/parking-gme-payant\"><span class=\"ye_icon vc_icon_element-icon IcoFont icon-bus\"><\/span><span class=\"ye_txtBoutIc\">Pay car park Grand Massif Express<\/span><\/a><\/p>[\/vc_column][\/vc_row][vc_row][vc_column][vc_column_text]<\/p>\n<h2>Frequently asked questions about the shuttles<\/h2>\n<p>[\/vc_column_text]<div class=\"blocqr\"><div class=\"question\" id=\"qr73q\" onclick=\"openqr('qr73');\"><span>Is it necessary to reserve the shuttles?<\/span><i class=\"fas fa-chevron-down\"><\/i><\/div><div class=\"reponse\" id=\"qr73\">No, these shuttles are available without reservation.<\/div><\/div><script>function openqr(div){\n                    if($(\"#\"+div+\"q\").hasClass(\"opened\")){\n                    $(\"#\"+div+\"\").toggle(\"fast\");\n                    $(\"#\"+div+\"q\").removeClass(\"opened\");\n                    }\n                    else{\n                        $(\"#\"+div+\"\").toggle(\"fast\");\n                        $(\"#\"+div+\"q\").addClass(\"opened\");\n                    }\n                }<\/script><div class=\"blocqr\"><div class=\"question\" id=\"qr895q\" onclick=\"openqr('qr895');\"><span>Can I take my dog on the shuttles?<\/span><i class=\"fas fa-chevron-down\"><\/i><\/div><div class=\"reponse\" id=\"qr895\">Yes, dogs are welcome.<\/div><\/div><script>function openqr(div){\n                    if($(\"#\"+div+\"q\").hasClass(\"opened\")){\n                    $(\"#\"+div+\"\").toggle(\"fast\");\n                    $(\"#\"+div+\"q\").removeClass(\"opened\");\n                    }\n                    else{\n                        $(\"#\"+div+\"\").toggle(\"fast\");\n                        $(\"#\"+div+\"q\").addClass(\"opened\");\n                    }\n                }<\/script><div class=\"blocqr\"><div class=\"question\" id=\"qr213q\" onclick=\"openqr('qr213');\"><span>Are the shuttles adapted to the PMR?<\/span><i class=\"fas fa-chevron-down\"><\/i><\/div><div class=\"reponse\" id=\"qr213\">Yes, people with reduced mobility can take the shuttles.<\/div><\/div><script>function openqr(div){\n                    if($(\"#\"+div+\"q\").hasClass(\"opened\")){\n                    $(\"#\"+div+\"\").toggle(\"fast\");\n                    $(\"#\"+div+\"q\").removeClass(\"opened\");\n                    }\n                    else{\n                        $(\"#\"+div+\"\").toggle(\"fast\");\n                        $(\"#\"+div+\"q\").addClass(\"opened\");\n                    }\n                }<\/script><div class=\"blocqr\"><div class=\"question\" id=\"qr988q\" onclick=\"openqr('qr988');\"><span>Can we take the shuttles even if we don't ski?<\/span><i class=\"fas fa-chevron-down\"><\/i><\/div><div class=\"reponse\" id=\"qr988\">Yes, these shuttles are accessible to all.<\/div><\/div><script>function openqr(div){\n                    if($(\"#\"+div+\"q\").hasClass(\"opened\")){\n                    $(\"#\"+div+\"\").toggle(\"fast\");\n                    $(\"#\"+div+\"q\").removeClass(\"opened\");\n                    }\n                    else{\n                        $(\"#\"+div+\"\").toggle(\"fast\");\n                        $(\"#\"+div+\"q\").addClass(\"opened\");\n                    }\n                }<\/script><div class=\"blocqr\"><div class=\"question\" id=\"qr167q\" onclick=\"openqr('qr167');\"><span>Are there any shuttles to Samo\u00ebns 1600 ?<\/span><i class=\"fas fa-chevron-down\"><\/i><\/div><div class=\"reponse\" id=\"qr167\">No, to get to Samo\u00ebns 1600 you have to take the Grand Massif Express cable car or the Vercland cable car.<\/div><\/div><script>function openqr(div){\n                    if($(\"#\"+div+\"q\").hasClass(\"opened\")){\n                    $(\"#\"+div+\"\").toggle(\"fast\");\n                    $(\"#\"+div+\"q\").removeClass(\"opened\");\n                    }\n                    else{\n                        $(\"#\"+div+\"\").toggle(\"fast\");\n                        $(\"#\"+div+\"q\").addClass(\"opened\");\n                    }\n                }<\/script>[\/vc_column][vc_column][\/vc_column][\/vc_row]<\/p>\n<\/div>","protected":false},"excerpt":{"rendered":"<p>[vc_row][vc_column][vc_column_text] The free shuttles of Samo\u00ebns for your movements in the station [\/vc_column_text][vc_column_text] Winter, free shuttles are available to facilitate your travels in Samo\u00ebns. Find all the information: stops, access, practical information and see in real time the position of the shuttle. [\/vc_column_text][\/vc_column][\/vc_row][vc_row][vc_column][\/vc_column][\/vc_row][vc_row][vc_column width=&#8221;1\/4&#8243;][\/vc_column][vc_column width=&#8221;1\/4&#8243;][\/vc_column][vc_column width=&#8221;1\/4&#8243;][\/vc_column][vc_column width=&#8221;1\/4&#8243;][\/vc_column][\/vc_row][vc_row][vc_column][vc_column_text] Frequently asked questions about the shuttles [\/vc_column_text][\/vc_column][vc_column][\/vc_column][\/vc_row]<\/p>\n","protected":false},"author":1,"featured_media":577472,"parent":3334,"menu_order":1,"comment_status":"closed","ping_status":"closed","template":"","meta":{"_acf_changed":false,"footnotes":""},"class_list":["post-573979","page","type-page","status-publish","hentry"],"acf":[],"yoast_head":"<!-- This site is optimized with the Yoast SEO plugin v27.4 - https:\/\/yoast.com\/product\/yoast-seo-wordpress\/ -->\n<title>Ski bus shuttles in Samo\u00ebns Samo\u00ebns, station de ski et village authentique en Haute-Savoie<\/title>\n<meta name=\"robots\" content=\"index, follow, max-snippet:-1, max-image-preview:large, max-video-preview:-1\" \/>\n<link rel=\"canonical\" href=\"https:\/\/www.samoens.com\/en\/bonnes-adresses\/useful-services\/transport-in-samoens\/navette-ski-bus-a-samoens\/\" \/>\n<meta property=\"og:locale\" content=\"en_US\" \/>\n<meta property=\"og:type\" content=\"article\" \/>\n<meta property=\"og:title\" content=\"Ski bus shuttles in Samo\u00ebns Samo\u00ebns, station de ski et village authentique en Haute-Savoie\" \/>\n<meta property=\"og:description\" content=\"[vc_row][vc_column][vc_column_text] The free shuttles of Samo\u00ebns for your movements in the station [\/vc_column_text][vc_column_text] Winter, free shuttles are available to facilitate your travels in Samo\u00ebns. Find all the information: stops, access, practical information and see in real time the position of the shuttle. [\/vc_column_text][\/vc_column][\/vc_row][vc_row][vc_column][\/vc_column][\/vc_row][vc_row][vc_column width=&#8221;1\/4&#8243;][\/vc_column][vc_column width=&#8221;1\/4&#8243;][\/vc_column][vc_column width=&#8221;1\/4&#8243;][\/vc_column][vc_column width=&#8221;1\/4&#8243;][\/vc_column][\/vc_row][vc_row][vc_column][vc_column_text] Frequently asked questions about the shuttles [\/vc_column_text][\/vc_column][vc_column][\/vc_column][\/vc_row]\" \/>\n<meta property=\"og:url\" content=\"https:\/\/www.samoens.com\/en\/bonnes-adresses\/useful-services\/transport-in-samoens\/navette-ski-bus-a-samoens\/\" \/>\n<meta property=\"og:site_name\" content=\"Samo\u00ebns, station de ski et village authentique en Haute-Savoie\" \/>\n<meta property=\"article:modified_time\" content=\"2026-03-29T08:08:44+00:00\" \/>\n<meta property=\"og:image\" content=\"https:\/\/www.samoens.com\/wp-content\/uploads\/2023\/03\/istockphoto-467085194-612x612-1.jpg\" \/>\n\t<meta property=\"og:image:width\" content=\"612\" \/>\n\t<meta property=\"og:image:height\" content=\"408\" \/>\n\t<meta property=\"og:image:type\" content=\"image\/jpeg\" \/>\n<meta name=\"twitter:card\" content=\"summary_large_image\" \/>\n<meta name=\"twitter:label1\" content=\"Est. reading time\" \/>\n\t<meta name=\"twitter:data1\" content=\"2 minutes\" \/>\n<script type=\"application\/ld+json\" class=\"yoast-schema-graph\">{\"@context\":\"https:\\\/\\\/schema.org\",\"@graph\":[{\"@type\":\"WebPage\",\"@id\":\"https:\\\/\\\/www.samoens.com\\\/en\\\/bonnes-adresses\\\/useful-services\\\/transport-in-samoens\\\/navette-ski-bus-a-samoens\\\/\",\"url\":\"https:\\\/\\\/www.samoens.com\\\/en\\\/bonnes-adresses\\\/useful-services\\\/transport-in-samoens\\\/navette-ski-bus-a-samoens\\\/\",\"name\":\"Ski bus shuttles in Samo\u00ebns Samo\u00ebns, station de ski et village authentique en Haute-Savoie\",\"isPartOf\":{\"@id\":\"https:\\\/\\\/www.samoens.com\\\/#website\"},\"primaryImageOfPage\":{\"@id\":\"https:\\\/\\\/www.samoens.com\\\/en\\\/bonnes-adresses\\\/useful-services\\\/transport-in-samoens\\\/navette-ski-bus-a-samoens\\\/#primaryimage\"},\"image\":{\"@id\":\"https:\\\/\\\/www.samoens.com\\\/en\\\/bonnes-adresses\\\/useful-services\\\/transport-in-samoens\\\/navette-ski-bus-a-samoens\\\/#primaryimage\"},\"thumbnailUrl\":\"https:\\\/\\\/www.samoens.com\\\/wp-content\\\/uploads\\\/2023\\\/03\\\/istockphoto-467085194-612x612-1.jpg\",\"datePublished\":\"2022-10-26T07:19:43+00:00\",\"dateModified\":\"2026-03-29T08:08:44+00:00\",\"breadcrumb\":{\"@id\":\"https:\\\/\\\/www.samoens.com\\\/en\\\/bonnes-adresses\\\/useful-services\\\/transport-in-samoens\\\/navette-ski-bus-a-samoens\\\/#breadcrumb\"},\"inLanguage\":\"en-US\",\"potentialAction\":[{\"@type\":\"ReadAction\",\"target\":[\"https:\\\/\\\/www.samoens.com\\\/en\\\/bonnes-adresses\\\/useful-services\\\/transport-in-samoens\\\/navette-ski-bus-a-samoens\\\/\"]}]},{\"@type\":\"ImageObject\",\"inLanguage\":\"en-US\",\"@id\":\"https:\\\/\\\/www.samoens.com\\\/en\\\/bonnes-adresses\\\/useful-services\\\/transport-in-samoens\\\/navette-ski-bus-a-samoens\\\/#primaryimage\",\"url\":\"https:\\\/\\\/www.samoens.com\\\/wp-content\\\/uploads\\\/2023\\\/03\\\/istockphoto-467085194-612x612-1.jpg\",\"contentUrl\":\"https:\\\/\\\/www.samoens.com\\\/wp-content\\\/uploads\\\/2023\\\/03\\\/istockphoto-467085194-612x612-1.jpg\",\"width\":612,\"height\":408,\"caption\":\"New modern city bus\"},{\"@type\":\"BreadcrumbList\",\"@id\":\"https:\\\/\\\/www.samoens.com\\\/en\\\/bonnes-adresses\\\/useful-services\\\/transport-in-samoens\\\/navette-ski-bus-a-samoens\\\/#breadcrumb\",\"itemListElement\":[{\"@type\":\"ListItem\",\"position\":1,\"name\":\"Accueil\",\"item\":\"https:\\\/\\\/www.samoens.com\\\/en\\\/\"},{\"@type\":\"ListItem\",\"position\":2,\"name\":\"Transport in Samo\u00ebns\",\"item\":\"https:\\\/\\\/www.samoens.com\\\/en\\\/bonnes-adresses\\\/useful-services\\\/transport-in-samoens\\\/\"},{\"@type\":\"ListItem\",\"position\":3,\"name\":\"Useful services\",\"item\":\"https:\\\/\\\/www.samoens.com\\\/en\\\/bonnes-adresses\\\/useful-services\\\/\"},{\"@type\":\"ListItem\",\"position\":4,\"name\":\"Good adresses\",\"item\":\"https:\\\/\\\/www.samoens.com\\\/en\\\/bonnes-adresses\\\/\"},{\"@type\":\"ListItem\",\"position\":5,\"name\":\"Ski bus shuttles in Samo\u00ebns\"}]},{\"@type\":\"WebSite\",\"@id\":\"https:\\\/\\\/www.samoens.com\\\/#website\",\"url\":\"https:\\\/\\\/www.samoens.com\\\/\",\"name\":\"Samo\u00ebns, station de ski et village authentique en Haute-Savoie\",\"description\":\"Nich\u00e9e au coeur du domaine skiable du Grand Massif et \u00e0 moins d&#039;1h de Gen\u00e8ve, Samo\u00ebns rendra vos vacances inoubliables en \u00e9t\u00e9 comme en hiver\",\"potentialAction\":[{\"@type\":\"SearchAction\",\"target\":{\"@type\":\"EntryPoint\",\"urlTemplate\":\"https:\\\/\\\/www.samoens.com\\\/?s={search_term_string}\"},\"query-input\":{\"@type\":\"PropertyValueSpecification\",\"valueRequired\":true,\"valueName\":\"search_term_string\"}}],\"inLanguage\":\"en-US\"}]}<\/script>\n<!-- \/ Yoast SEO plugin. -->","yoast_head_json":{"title":"Ski bus shuttles in Samo\u00ebns Samo\u00ebns, station de ski et village authentique en Haute-Savoie","robots":{"index":"index","follow":"follow","max-snippet":"max-snippet:-1","max-image-preview":"max-image-preview:large","max-video-preview":"max-video-preview:-1"},"canonical":"https:\/\/www.samoens.com\/en\/bonnes-adresses\/useful-services\/transport-in-samoens\/navette-ski-bus-a-samoens\/","og_locale":"en_US","og_type":"article","og_title":"Ski bus shuttles in Samo\u00ebns Samo\u00ebns, station de ski et village authentique en Haute-Savoie","og_description":"[vc_row][vc_column][vc_column_text] The free shuttles of Samo\u00ebns for your movements in the station [\/vc_column_text][vc_column_text] Winter, free shuttles are available to facilitate your travels in Samo\u00ebns. Find all the information: stops, access, practical information and see in real time the position of the shuttle. [\/vc_column_text][\/vc_column][\/vc_row][vc_row][vc_column][\/vc_column][\/vc_row][vc_row][vc_column width=&#8221;1\/4&#8243;][\/vc_column][vc_column width=&#8221;1\/4&#8243;][\/vc_column][vc_column width=&#8221;1\/4&#8243;][\/vc_column][vc_column width=&#8221;1\/4&#8243;][\/vc_column][\/vc_row][vc_row][vc_column][vc_column_text] Frequently asked questions about the shuttles [\/vc_column_text][\/vc_column][vc_column][\/vc_column][\/vc_row]","og_url":"https:\/\/www.samoens.com\/en\/bonnes-adresses\/useful-services\/transport-in-samoens\/navette-ski-bus-a-samoens\/","og_site_name":"Samo\u00ebns, station de ski et village authentique en Haute-Savoie","article_modified_time":"2026-03-29T08:08:44+00:00","og_image":[{"width":612,"height":408,"url":"https:\/\/www.samoens.com\/wp-content\/uploads\/2023\/03\/istockphoto-467085194-612x612-1.jpg","type":"image\/jpeg"}],"twitter_card":"summary_large_image","twitter_misc":{"Est. reading time":"2 minutes"},"schema":{"@context":"https:\/\/schema.org","@graph":[{"@type":"WebPage","@id":"https:\/\/www.samoens.com\/en\/bonnes-adresses\/useful-services\/transport-in-samoens\/navette-ski-bus-a-samoens\/","url":"https:\/\/www.samoens.com\/en\/bonnes-adresses\/useful-services\/transport-in-samoens\/navette-ski-bus-a-samoens\/","name":"Ski bus shuttles in Samo\u00ebns Samo\u00ebns, station de ski et village authentique en Haute-Savoie","isPartOf":{"@id":"https:\/\/www.samoens.com\/#website"},"primaryImageOfPage":{"@id":"https:\/\/www.samoens.com\/en\/bonnes-adresses\/useful-services\/transport-in-samoens\/navette-ski-bus-a-samoens\/#primaryimage"},"image":{"@id":"https:\/\/www.samoens.com\/en\/bonnes-adresses\/useful-services\/transport-in-samoens\/navette-ski-bus-a-samoens\/#primaryimage"},"thumbnailUrl":"https:\/\/www.samoens.com\/wp-content\/uploads\/2023\/03\/istockphoto-467085194-612x612-1.jpg","datePublished":"2022-10-26T07:19:43+00:00","dateModified":"2026-03-29T08:08:44+00:00","breadcrumb":{"@id":"https:\/\/www.samoens.com\/en\/bonnes-adresses\/useful-services\/transport-in-samoens\/navette-ski-bus-a-samoens\/#breadcrumb"},"inLanguage":"en-US","potentialAction":[{"@type":"ReadAction","target":["https:\/\/www.samoens.com\/en\/bonnes-adresses\/useful-services\/transport-in-samoens\/navette-ski-bus-a-samoens\/"]}]},{"@type":"ImageObject","inLanguage":"en-US","@id":"https:\/\/www.samoens.com\/en\/bonnes-adresses\/useful-services\/transport-in-samoens\/navette-ski-bus-a-samoens\/#primaryimage","url":"https:\/\/www.samoens.com\/wp-content\/uploads\/2023\/03\/istockphoto-467085194-612x612-1.jpg","contentUrl":"https:\/\/www.samoens.com\/wp-content\/uploads\/2023\/03\/istockphoto-467085194-612x612-1.jpg","width":612,"height":408,"caption":"New modern city bus"},{"@type":"BreadcrumbList","@id":"https:\/\/www.samoens.com\/en\/bonnes-adresses\/useful-services\/transport-in-samoens\/navette-ski-bus-a-samoens\/#breadcrumb","itemListElement":[{"@type":"ListItem","position":1,"name":"Accueil","item":"https:\/\/www.samoens.com\/en\/"},{"@type":"ListItem","position":2,"name":"Transport in Samo\u00ebns","item":"https:\/\/www.samoens.com\/en\/bonnes-adresses\/useful-services\/transport-in-samoens\/"},{"@type":"ListItem","position":3,"name":"Useful services","item":"https:\/\/www.samoens.com\/en\/bonnes-adresses\/useful-services\/"},{"@type":"ListItem","position":4,"name":"Good adresses","item":"https:\/\/www.samoens.com\/en\/bonnes-adresses\/"},{"@type":"ListItem","position":5,"name":"Ski bus shuttles in Samo\u00ebns"}]},{"@type":"WebSite","@id":"https:\/\/www.samoens.com\/#website","url":"https:\/\/www.samoens.com\/","name":"Samo\u00ebns, station de ski et village authentique en Haute-Savoie","description":"Nich\u00e9e au coeur du domaine skiable du Grand Massif et \u00e0 moins d&#039;1h de Gen\u00e8ve, Samo\u00ebns rendra vos vacances inoubliables en \u00e9t\u00e9 comme en hiver","potentialAction":[{"@type":"SearchAction","target":{"@type":"EntryPoint","urlTemplate":"https:\/\/www.samoens.com\/?s={search_term_string}"},"query-input":{"@type":"PropertyValueSpecification","valueRequired":true,"valueName":"search_term_string"}}],"inLanguage":"en-US"}]}},"_links":{"self":[{"href":"https:\/\/www.samoens.com\/en\/wp-json\/wp\/v2\/pages\/573979","targetHints":{"allow":["GET"]}}],"collection":[{"href":"https:\/\/www.samoens.com\/en\/wp-json\/wp\/v2\/pages"}],"about":[{"href":"https:\/\/www.samoens.com\/en\/wp-json\/wp\/v2\/types\/page"}],"author":[{"embeddable":true,"href":"https:\/\/www.samoens.com\/en\/wp-json\/wp\/v2\/users\/1"}],"replies":[{"embeddable":true,"href":"https:\/\/www.samoens.com\/en\/wp-json\/wp\/v2\/comments?post=573979"}],"version-history":[{"count":5,"href":"https:\/\/www.samoens.com\/en\/wp-json\/wp\/v2\/pages\/573979\/revisions"}],"predecessor-version":[{"id":607062,"href":"https:\/\/www.samoens.com\/en\/wp-json\/wp\/v2\/pages\/573979\/revisions\/607062"}],"up":[{"embeddable":true,"href":"https:\/\/www.samoens.com\/en\/wp-json\/wp\/v2\/pages\/3334"}],"wp:featuredmedia":[{"embeddable":true,"href":"https:\/\/www.samoens.com\/en\/wp-json\/wp\/v2\/media\/577472"}],"wp:attachment":[{"href":"https:\/\/www.samoens.com\/en\/wp-json\/wp\/v2\/media?parent=573979"}],"curies":[{"name":"wp","href":"https:\/\/api.w.org\/{rel}","templated":true}]}}