{"id":530350,"date":"2021-06-01T15:37:26","date_gmt":"2021-06-01T13:37:26","guid":{"rendered":"https:\/\/www.samoens.com\/?page_id=530350"},"modified":"2025-09-05T11:51:29","modified_gmt":"2025-09-05T09:51:29","slug":"fishing-in-the-giffre-valley","status":"publish","type":"page","link":"https:\/\/www.samoens.com\/en\/fishing-in-the-giffre-valley\/","title":{"rendered":"Fishing in the Giffre Valley"},"content":{"rendered":"<div class=\"wpb-content-wrapper\"><p>[vc_row][vc_column][vc_column_text]<strong>Discover the fishing routes<\/strong><\/p>\n<p><span id=\"s2_1\">One of the most beautiful and most extensive mountain fishing courses classified in first category;<\/span> <span id=\"s2_2\">27 km of Giffre from Morillon to Sixt Fer \u00e0 Cheval as well as 23 km of nants;<\/span> <span id=\"s2_3\">the lakes of Gers, Gouilles Rouges, the second Lac aux Dames and the communal lakes of Samo\u00ebns and Morillon.<\/span>[\/vc_column_text][\/vc_column][\/vc_row][vc_row][vc_column width=&#8221;1\/2&#8243;][vc_column_text]<strong><span id=\"s2_1\">Types of fishing<\/span><\/strong><\/p>\n<p><span id=\"s2_2\">Sporty with toc, vairon mani\u00e9, lures, natural fly bait and No Kill at the second Lac aux Dames.<\/span><\/p>\n<p><strong><span id=\"s2_3\">Types of fish<\/span><\/strong><\/p>\n<p><span id=\"s2_4\">* In rivers: Wild Fario trout<\/span><br \/>\n<span id=\"s2_5\">* Lakes: Fario and Rainbow trout, Arctic char, brook salmon<\/span><\/p>\n<p><strong><span id=\"s2_1\">Departmental fishing map for torrents, high lakes and Lake No Kill<\/span><\/strong><\/p>\n<p><span id=\"s2_2\">* Distributor offices: the tourist offices of Samo\u00ebns, Morillon and &#8220;Narcisse&#8221; in Sixt-Fer-\u00e0-Cheval<\/span><br \/>\n<span id=\"s2_3\">* Card Types: Day, Week, Year<\/span>[\/vc_column_text][\/vc_column][vc_column width=&#8221;1\/2&#8243;][vc_single_image image=&#8221;440479&#8243; img_size=&#8221;medium&#8221; el_class=&#8221;lienversliste&#8221;][\/vc_column][\/vc_row][vc_row][vc_column][vc_column_text]<strong>Rules<\/strong><\/p>\n<p><span id=\"s2_1\">1st category: concerns the rich, the Giffre, the lakes of altitude and the second lake to the Ladies of Samo\u00ebns (lake No Kill, fishing respectful with the fly whipped, with the revolving spoon, a single hook without ardillon and without sampling).<\/span>\u00a0<span id=\"s2_2\">Trout size: 25 cm and 3 catches maximum per day.<\/span>\u00a0<span id=\"s2_3\">Three reserves are marked: the first on the Giffre upstream of the bridge of Samo\u00ebns up to the Cl\u00e9vieux, then from the Cl\u00e9vieux up to the bridge of Amours including the B\u00e9zi\u00e8re des Fontaines up to the Chevreret.<\/span>\u00a0<span id=\"s2_4\">The second on the whole of the Jouathon, at Sixt and the third on the lake of the Plan at Sixt.<\/span>[\/vc_column_text][\/vc_column][\/vc_row][vc_row][vc_column width=&#8221;1\/2&#8243;][vc_column_text]<strong><span id=\"s2_1\">The intercommunal fishing permit<\/span><\/strong><\/p>\n<p><span id=\"s2_2\">Valid only for the two communal lakes:<\/span><\/p>\n<ul>\n<li><span id=\"s2_2\">the small lake of Samo\u00ebns (1st lake when you come from the camping site)<\/span><\/li>\n<li><span id=\"s2_2\">the Lac Bleu of Morillon.<\/span><\/li>\n<\/ul>\n<p><span id=\"s2_3\">Distributed by the tourist offices and town halls of the Haut-Giffre valley to the tourist residents and inhabitants of Haut-Giffre (limited catch: 3 per day;<\/span>\u00a0<span id=\"s2_4\">see regulation on the map and displayed at communal lakes). Fishing card : \u20ac20.<\/span><\/p>\n<p><strong><span id=\"s2_5\">Baits &amp; fishing tackle<\/span><\/strong><\/p>\n<p><span id=\"s2_6\">You can find them at Pellissier Sports in Samo\u00ebns and at Super U supermarket in Taninges.<\/span><\/p>\n<p><strong><span id=\"s2_7\">The fishing guards<\/span><\/strong><\/p>\n<p><span id=\"s2_8\">AFB, AAPPMA, F\u00e9d\u00e9ration de la p\u00eache, the guards of the nature reserve, the game guards, the fishing guards of the Faucigny and the gendarmerie ensure the surveillance and the respect of the regulations.<\/span>[\/vc_column_text][\/vc_column][vc_column width=&#8221;1\/2&#8243;][vc_single_image image=&#8221;2813&#8243; img_size=&#8221;medium&#8221; el_class=&#8221;lienversliste&#8221;][\/vc_column][\/vc_row][vc_row][vc_column width=&#8221;1\/2&#8243;][vc_single_image image=&#8221;492939&#8243; img_size=&#8221;medium&#8221; alignment=&#8221;center&#8221; onclick=&#8221;custom_link&#8221; img_link_target=&#8221;_blank&#8221; link=&#8221;https:\/\/www.samoens.com\/wp-content\/uploads\/2021\/02\/Magazine-Peche-et-Mouche.pdf&#8221; el_class=&#8221;lienversliste&#8221;][\/vc_column][vc_column width=&#8221;1\/2&#8243;][vc_empty_space height=&#8221;120px&#8221;][vc_column_text]<\/p>\n<p style=\"text-align: center;\"><strong><span id=\"s2_1\">The opinion of world champion Gr\u00e9goire Juglaret<\/span>\u00a0<\/strong><\/p>\n<p><em><span id=\"s2_2\">&#8220;The Haut-Giffre is a remarkable fishing site with its numerous streams, rivers and lakes.<\/span><\/em><br \/>\n<em><span id=\"s2_3\">It is too bad that this is not yet known enough because there is real potential.\u201d<\/span><\/em><\/p>\n<p>[\/vc_column_text][vc_single_image image=&#8221;479831&#8243; alignment=&#8221;center&#8221;][vc_column_text]<\/p>\n<p style=\"text-align: center;\"><strong><span id=\"s2_1\">Discover the article published in P\u00eache Mouche magazine!<\/span><\/strong><\/p>\n<p><span id=\"s2_2\">Gr\u00e9goire Juglaret presents our beautiful valley through this outdoor activity that is fishing.<\/span><\/p>\n<p>[\/vc_column_text][\/vc_column][\/vc_row]<\/p>\n<\/div>","protected":false},"excerpt":{"rendered":"<p>[vc_row][vc_column][vc_column_text]Discover the fishing routes One of the most beautiful and most extensive mountain fishing courses classified in first category; 27 km of Giffre from Morillon to Sixt Fer \u00e0 Cheval as well as 23 km of nants; the lakes of Gers, Gouilles Rouges, the second Lac aux Dames and the communal lakes of Samo\u00ebns and [&hellip;]<\/p>\n","protected":false},"author":2,"featured_media":2815,"parent":0,"menu_order":108,"comment_status":"closed","ping_status":"closed","template":"","meta":{"_acf_changed":false,"footnotes":""},"class_list":["post-530350","page","type-page","status-publish","hentry"],"acf":[],"yoast_head":"<!-- This site is optimized with the Yoast SEO plugin v27.2 - https:\/\/yoast.com\/product\/yoast-seo-wordpress\/ -->\n<title>Fishing in the Giffre Valley Samo\u00ebns, station de ski et village authentique en Haute-Savoie<\/title>\n<meta name=\"robots\" content=\"index, follow, max-snippet:-1, max-image-preview:large, max-video-preview:-1\" \/>\n<link rel=\"canonical\" href=\"https:\/\/www.samoens.com\/en\/fishing-in-the-giffre-valley\/\" \/>\n<meta property=\"og:locale\" content=\"en_US\" \/>\n<meta property=\"og:type\" content=\"article\" \/>\n<meta property=\"og:title\" content=\"Fishing in the Giffre Valley Samo\u00ebns, station de ski et village authentique en Haute-Savoie\" \/>\n<meta property=\"og:description\" content=\"[vc_row][vc_column][vc_column_text]Discover the fishing routes One of the most beautiful and most extensive mountain fishing courses classified in first category; 27 km of Giffre from Morillon to Sixt Fer \u00e0 Cheval as well as 23 km of nants; the lakes of Gers, Gouilles Rouges, the second Lac aux Dames and the communal lakes of Samo\u00ebns and [&hellip;]\" \/>\n<meta property=\"og:url\" content=\"https:\/\/www.samoens.com\/en\/fishing-in-the-giffre-valley\/\" \/>\n<meta property=\"og:site_name\" content=\"Samo\u00ebns, station de ski et village authentique en Haute-Savoie\" \/>\n<meta property=\"article:modified_time\" content=\"2025-09-05T09:51:29+00:00\" \/>\n<meta property=\"og:image\" content=\"https:\/\/www.samoens.com\/wp-content\/uploads\/2019\/08\/Samoens-284.jpg\" \/>\n\t<meta property=\"og:image:width\" content=\"1440\" \/>\n\t<meta property=\"og:image:height\" content=\"960\" \/>\n\t<meta property=\"og:image:type\" content=\"image\/jpeg\" \/>\n<meta name=\"twitter:card\" content=\"summary_large_image\" \/>\n<meta name=\"twitter:label1\" content=\"Est. reading time\" \/>\n\t<meta name=\"twitter:data1\" content=\"3 minutes\" \/>\n<script type=\"application\/ld+json\" class=\"yoast-schema-graph\">{\"@context\":\"https:\/\/schema.org\",\"@graph\":[{\"@type\":\"WebPage\",\"@id\":\"https:\/\/www.samoens.com\/en\/fishing-in-the-giffre-valley\/\",\"url\":\"https:\/\/www.samoens.com\/en\/fishing-in-the-giffre-valley\/\",\"name\":\"Fishing in the Giffre Valley Samo\u00ebns, station de ski et village authentique en Haute-Savoie\",\"isPartOf\":{\"@id\":\"https:\/\/www.samoens.com\/#website\"},\"primaryImageOfPage\":{\"@id\":\"https:\/\/www.samoens.com\/en\/fishing-in-the-giffre-valley\/#primaryimage\"},\"image\":{\"@id\":\"https:\/\/www.samoens.com\/en\/fishing-in-the-giffre-valley\/#primaryimage\"},\"thumbnailUrl\":\"https:\/\/www.samoens.com\/wp-content\/uploads\/2019\/08\/Samoens-284.jpg\",\"datePublished\":\"2021-06-01T13:37:26+00:00\",\"dateModified\":\"2025-09-05T09:51:29+00:00\",\"breadcrumb\":{\"@id\":\"https:\/\/www.samoens.com\/en\/fishing-in-the-giffre-valley\/#breadcrumb\"},\"inLanguage\":\"en-US\",\"potentialAction\":[{\"@type\":\"ReadAction\",\"target\":[\"https:\/\/www.samoens.com\/en\/fishing-in-the-giffre-valley\/\"]}]},{\"@type\":\"ImageObject\",\"inLanguage\":\"en-US\",\"@id\":\"https:\/\/www.samoens.com\/en\/fishing-in-the-giffre-valley\/#primaryimage\",\"url\":\"https:\/\/www.samoens.com\/wp-content\/uploads\/2019\/08\/Samoens-284.jpg\",\"contentUrl\":\"https:\/\/www.samoens.com\/wp-content\/uploads\/2019\/08\/Samoens-284.jpg\",\"width\":1440,\"height\":960,\"caption\":\"P\u00eache \u00e0 Samo\u00ebns\"},{\"@type\":\"BreadcrumbList\",\"@id\":\"https:\/\/www.samoens.com\/en\/fishing-in-the-giffre-valley\/#breadcrumb\",\"itemListElement\":[{\"@type\":\"ListItem\",\"position\":1,\"name\":\"Accueil\",\"item\":\"https:\/\/www.samoens.com\/en\/\"},{\"@type\":\"ListItem\",\"position\":2,\"name\":\"Fishing in the Giffre Valley\"}]},{\"@type\":\"WebSite\",\"@id\":\"https:\/\/www.samoens.com\/#website\",\"url\":\"https:\/\/www.samoens.com\/\",\"name\":\"Samo\u00ebns, station de ski et village authentique en Haute-Savoie\",\"description\":\"Nich\u00e9e au coeur du domaine skiable du Grand Massif et \u00e0 moins d&#039;1h de Gen\u00e8ve, Samo\u00ebns rendra vos vacances inoubliables en \u00e9t\u00e9 comme en hiver\",\"potentialAction\":[{\"@type\":\"SearchAction\",\"target\":{\"@type\":\"EntryPoint\",\"urlTemplate\":\"https:\/\/www.samoens.com\/?s={search_term_string}\"},\"query-input\":{\"@type\":\"PropertyValueSpecification\",\"valueRequired\":true,\"valueName\":\"search_term_string\"}}],\"inLanguage\":\"en-US\"}]}<\/script>\n<!-- \/ Yoast SEO plugin. -->","yoast_head_json":{"title":"Fishing in the Giffre Valley Samo\u00ebns, station de ski et village authentique en Haute-Savoie","robots":{"index":"index","follow":"follow","max-snippet":"max-snippet:-1","max-image-preview":"max-image-preview:large","max-video-preview":"max-video-preview:-1"},"canonical":"https:\/\/www.samoens.com\/en\/fishing-in-the-giffre-valley\/","og_locale":"en_US","og_type":"article","og_title":"Fishing in the Giffre Valley Samo\u00ebns, station de ski et village authentique en Haute-Savoie","og_description":"[vc_row][vc_column][vc_column_text]Discover the fishing routes One of the most beautiful and most extensive mountain fishing courses classified in first category; 27 km of Giffre from Morillon to Sixt Fer \u00e0 Cheval as well as 23 km of nants; the lakes of Gers, Gouilles Rouges, the second Lac aux Dames and the communal lakes of Samo\u00ebns and [&hellip;]","og_url":"https:\/\/www.samoens.com\/en\/fishing-in-the-giffre-valley\/","og_site_name":"Samo\u00ebns, station de ski et village authentique en Haute-Savoie","article_modified_time":"2025-09-05T09:51:29+00:00","og_image":[{"width":1440,"height":960,"url":"https:\/\/www.samoens.com\/wp-content\/uploads\/2019\/08\/Samoens-284.jpg","type":"image\/jpeg"}],"twitter_card":"summary_large_image","twitter_misc":{"Est. reading time":"3 minutes"},"schema":{"@context":"https:\/\/schema.org","@graph":[{"@type":"WebPage","@id":"https:\/\/www.samoens.com\/en\/fishing-in-the-giffre-valley\/","url":"https:\/\/www.samoens.com\/en\/fishing-in-the-giffre-valley\/","name":"Fishing in the Giffre Valley Samo\u00ebns, station de ski et village authentique en Haute-Savoie","isPartOf":{"@id":"https:\/\/www.samoens.com\/#website"},"primaryImageOfPage":{"@id":"https:\/\/www.samoens.com\/en\/fishing-in-the-giffre-valley\/#primaryimage"},"image":{"@id":"https:\/\/www.samoens.com\/en\/fishing-in-the-giffre-valley\/#primaryimage"},"thumbnailUrl":"https:\/\/www.samoens.com\/wp-content\/uploads\/2019\/08\/Samoens-284.jpg","datePublished":"2021-06-01T13:37:26+00:00","dateModified":"2025-09-05T09:51:29+00:00","breadcrumb":{"@id":"https:\/\/www.samoens.com\/en\/fishing-in-the-giffre-valley\/#breadcrumb"},"inLanguage":"en-US","potentialAction":[{"@type":"ReadAction","target":["https:\/\/www.samoens.com\/en\/fishing-in-the-giffre-valley\/"]}]},{"@type":"ImageObject","inLanguage":"en-US","@id":"https:\/\/www.samoens.com\/en\/fishing-in-the-giffre-valley\/#primaryimage","url":"https:\/\/www.samoens.com\/wp-content\/uploads\/2019\/08\/Samoens-284.jpg","contentUrl":"https:\/\/www.samoens.com\/wp-content\/uploads\/2019\/08\/Samoens-284.jpg","width":1440,"height":960,"caption":"P\u00eache \u00e0 Samo\u00ebns"},{"@type":"BreadcrumbList","@id":"https:\/\/www.samoens.com\/en\/fishing-in-the-giffre-valley\/#breadcrumb","itemListElement":[{"@type":"ListItem","position":1,"name":"Accueil","item":"https:\/\/www.samoens.com\/en\/"},{"@type":"ListItem","position":2,"name":"Fishing in the Giffre Valley"}]},{"@type":"WebSite","@id":"https:\/\/www.samoens.com\/#website","url":"https:\/\/www.samoens.com\/","name":"Samo\u00ebns, station de ski et village authentique en Haute-Savoie","description":"Nich\u00e9e au coeur du domaine skiable du Grand Massif et \u00e0 moins d&#039;1h de Gen\u00e8ve, Samo\u00ebns rendra vos vacances inoubliables en \u00e9t\u00e9 comme en hiver","potentialAction":[{"@type":"SearchAction","target":{"@type":"EntryPoint","urlTemplate":"https:\/\/www.samoens.com\/?s={search_term_string}"},"query-input":{"@type":"PropertyValueSpecification","valueRequired":true,"valueName":"search_term_string"}}],"inLanguage":"en-US"}]}},"_links":{"self":[{"href":"https:\/\/www.samoens.com\/en\/wp-json\/wp\/v2\/pages\/530350","targetHints":{"allow":["GET"]}}],"collection":[{"href":"https:\/\/www.samoens.com\/en\/wp-json\/wp\/v2\/pages"}],"about":[{"href":"https:\/\/www.samoens.com\/en\/wp-json\/wp\/v2\/types\/page"}],"author":[{"embeddable":true,"href":"https:\/\/www.samoens.com\/en\/wp-json\/wp\/v2\/users\/2"}],"replies":[{"embeddable":true,"href":"https:\/\/www.samoens.com\/en\/wp-json\/wp\/v2\/comments?post=530350"}],"version-history":[{"count":4,"href":"https:\/\/www.samoens.com\/en\/wp-json\/wp\/v2\/pages\/530350\/revisions"}],"predecessor-version":[{"id":601049,"href":"https:\/\/www.samoens.com\/en\/wp-json\/wp\/v2\/pages\/530350\/revisions\/601049"}],"wp:featuredmedia":[{"embeddable":true,"href":"https:\/\/www.samoens.com\/en\/wp-json\/wp\/v2\/media\/2815"}],"wp:attachment":[{"href":"https:\/\/www.samoens.com\/en\/wp-json\/wp\/v2\/media?parent=530350"}],"curies":[{"name":"wp","href":"https:\/\/api.w.org\/{rel}","templated":true}]}}