{"id":530142,"date":"2021-05-10T09:54:13","date_gmt":"2021-05-10T07:54:13","guid":{"rendered":"https:\/\/www.samoens.com\/samoens-american-festival\/"},"modified":"2024-07-26T16:45:45","modified_gmt":"2024-07-26T14:45:45","slug":"samoens-american-festival","status":"publish","type":"page","link":"https:\/\/www.samoens.com\/en\/samoens-american-festival\/","title":{"rendered":"Samo\u00ebns American Festival"},"content":{"rendered":"<div class=\"wpb-content-wrapper\"><p>[vc_row el_class=&#8221;stagededanse&#8221;][vc_column][vc_column_text]<\/p>\n<h2>Online booking of dance workshops for the Samo\u00ebns American Festival<\/h2>\n<p>[\/vc_column_text][vc_row_inner][vc_column_inner width=&#8221;1\/2&#8243;][vc_column_text]<\/p>\n<h3>Rates<\/h3>\n<p>Formula 1 course = 8\u20ac.<br \/>\nPackage 2 courses = 15\u20ac.<br \/>\nPackage 3 courses = 21 \u20ac.<br \/>\nFrom 4 to 6 courses : 6\u20ac\/stage<br \/>\nUnlimited registration = 40 \u20ac.[\/vc_column_text][\/vc_column_inner][vc_column_inner width=&#8221;1\/2&#8243;][vc_column_text]<\/p>\n<h3>Details of the levels<\/h3>\n<p>Level I : Novices minimum 1 year of practice<\/p>\n<p>Level II: Novice \/ Intermediate<\/p>\n<p>Level III : Intermediate \/ Advanced[\/vc_column_text][\/vc_column_inner][\/vc_row_inner][vc_column_text]To register, please select the courses you wish to attend. The price is automatically recalculated according to the number of courses added.<\/p>\n<p>The registration is nominative and can only concern one person at a time. In case of multiple registrations, please make as many reservations as there are participants.[\/vc_column_text][vc_column_text][woo-multi-cart cats=&#8221;560&#8243; pagination=&#8221;false&#8221; limit=&#8221;20&#8243;][\/vc_column_text][\/vc_column][\/vc_row]<\/p>\n<\/div>","protected":false},"excerpt":{"rendered":"<p>[vc_row el_class=&#8221;stagededanse&#8221;][vc_column][vc_column_text] Online booking of dance workshops for the Samo\u00ebns American Festival [\/vc_column_text][vc_row_inner][vc_column_inner width=&#8221;1\/2&#8243;][vc_column_text] Rates Formula 1 course = 8\u20ac. Package 2 courses = 15\u20ac. Package 3 courses = 21 \u20ac. From 4 to 6 courses : 6\u20ac\/stage Unlimited registration = 40 \u20ac.[\/vc_column_text][\/vc_column_inner][vc_column_inner width=&#8221;1\/2&#8243;][vc_column_text] Details of the levels Level I : Novices minimum 1 year [&hellip;]<\/p>\n","protected":false},"author":1,"featured_media":0,"parent":0,"menu_order":0,"comment_status":"closed","ping_status":"closed","template":"","meta":{"_acf_changed":false,"footnotes":""},"class_list":["post-530142","page","type-page","status-publish","hentry"],"acf":[],"yoast_head":"<!-- This site is optimized with the Yoast SEO plugin v27.2 - https:\/\/yoast.com\/product\/yoast-seo-wordpress\/ -->\n<title>Samo\u00ebns American Festival Samo\u00ebns, station de ski et village authentique en Haute-Savoie<\/title>\n<meta name=\"robots\" content=\"index, follow, max-snippet:-1, max-image-preview:large, max-video-preview:-1\" \/>\n<link rel=\"canonical\" href=\"https:\/\/www.samoens.com\/en\/samoens-american-festival\/\" \/>\n<meta property=\"og:locale\" content=\"en_US\" \/>\n<meta property=\"og:type\" content=\"article\" \/>\n<meta property=\"og:title\" content=\"Samo\u00ebns American Festival Samo\u00ebns, station de ski et village authentique en Haute-Savoie\" \/>\n<meta property=\"og:description\" content=\"[vc_row el_class=&#8221;stagededanse&#8221;][vc_column][vc_column_text] Online booking of dance workshops for the Samo\u00ebns American Festival [\/vc_column_text][vc_row_inner][vc_column_inner width=&#8221;1\/2&#8243;][vc_column_text] Rates Formula 1 course = 8\u20ac. Package 2 courses = 15\u20ac. Package 3 courses = 21 \u20ac. From 4 to 6 courses : 6\u20ac\/stage Unlimited registration = 40 \u20ac.[\/vc_column_text][\/vc_column_inner][vc_column_inner width=&#8221;1\/2&#8243;][vc_column_text] Details of the levels Level I : Novices minimum 1 year [&hellip;]\" \/>\n<meta property=\"og:url\" content=\"https:\/\/www.samoens.com\/en\/samoens-american-festival\/\" \/>\n<meta property=\"og:site_name\" content=\"Samo\u00ebns, station de ski et village authentique en Haute-Savoie\" \/>\n<meta property=\"article:modified_time\" content=\"2024-07-26T14:45:45+00:00\" \/>\n<meta name=\"twitter:card\" content=\"summary_large_image\" \/>\n<meta name=\"twitter:label1\" content=\"Est. reading time\" \/>\n\t<meta name=\"twitter:data1\" content=\"1 minute\" \/>\n<script type=\"application\/ld+json\" class=\"yoast-schema-graph\">{\"@context\":\"https:\/\/schema.org\",\"@graph\":[{\"@type\":\"WebPage\",\"@id\":\"https:\/\/www.samoens.com\/en\/samoens-american-festival\/\",\"url\":\"https:\/\/www.samoens.com\/en\/samoens-american-festival\/\",\"name\":\"Samo\u00ebns American Festival Samo\u00ebns, station de ski et village authentique en Haute-Savoie\",\"isPartOf\":{\"@id\":\"https:\/\/www.samoens.com\/#website\"},\"datePublished\":\"2021-05-10T07:54:13+00:00\",\"dateModified\":\"2024-07-26T14:45:45+00:00\",\"breadcrumb\":{\"@id\":\"https:\/\/www.samoens.com\/en\/samoens-american-festival\/#breadcrumb\"},\"inLanguage\":\"en-US\",\"potentialAction\":[{\"@type\":\"ReadAction\",\"target\":[\"https:\/\/www.samoens.com\/en\/samoens-american-festival\/\"]}]},{\"@type\":\"BreadcrumbList\",\"@id\":\"https:\/\/www.samoens.com\/en\/samoens-american-festival\/#breadcrumb\",\"itemListElement\":[{\"@type\":\"ListItem\",\"position\":1,\"name\":\"Accueil\",\"item\":\"https:\/\/www.samoens.com\/en\/\"},{\"@type\":\"ListItem\",\"position\":2,\"name\":\"Samo\u00ebns American Festival\"}]},{\"@type\":\"WebSite\",\"@id\":\"https:\/\/www.samoens.com\/#website\",\"url\":\"https:\/\/www.samoens.com\/\",\"name\":\"Samo\u00ebns, station de ski et village authentique en Haute-Savoie\",\"description\":\"Nich\u00e9e au coeur du domaine skiable du Grand Massif et \u00e0 moins d&#039;1h de Gen\u00e8ve, Samo\u00ebns rendra vos vacances inoubliables en \u00e9t\u00e9 comme en hiver\",\"potentialAction\":[{\"@type\":\"SearchAction\",\"target\":{\"@type\":\"EntryPoint\",\"urlTemplate\":\"https:\/\/www.samoens.com\/?s={search_term_string}\"},\"query-input\":{\"@type\":\"PropertyValueSpecification\",\"valueRequired\":true,\"valueName\":\"search_term_string\"}}],\"inLanguage\":\"en-US\"}]}<\/script>\n<!-- \/ Yoast SEO plugin. -->","yoast_head_json":{"title":"Samo\u00ebns American Festival Samo\u00ebns, station de ski et village authentique en Haute-Savoie","robots":{"index":"index","follow":"follow","max-snippet":"max-snippet:-1","max-image-preview":"max-image-preview:large","max-video-preview":"max-video-preview:-1"},"canonical":"https:\/\/www.samoens.com\/en\/samoens-american-festival\/","og_locale":"en_US","og_type":"article","og_title":"Samo\u00ebns American Festival Samo\u00ebns, station de ski et village authentique en Haute-Savoie","og_description":"[vc_row el_class=&#8221;stagededanse&#8221;][vc_column][vc_column_text] Online booking of dance workshops for the Samo\u00ebns American Festival [\/vc_column_text][vc_row_inner][vc_column_inner width=&#8221;1\/2&#8243;][vc_column_text] Rates Formula 1 course = 8\u20ac. Package 2 courses = 15\u20ac. Package 3 courses = 21 \u20ac. From 4 to 6 courses : 6\u20ac\/stage Unlimited registration = 40 \u20ac.[\/vc_column_text][\/vc_column_inner][vc_column_inner width=&#8221;1\/2&#8243;][vc_column_text] Details of the levels Level I : Novices minimum 1 year [&hellip;]","og_url":"https:\/\/www.samoens.com\/en\/samoens-american-festival\/","og_site_name":"Samo\u00ebns, station de ski et village authentique en Haute-Savoie","article_modified_time":"2024-07-26T14:45:45+00:00","twitter_card":"summary_large_image","twitter_misc":{"Est. reading time":"1 minute"},"schema":{"@context":"https:\/\/schema.org","@graph":[{"@type":"WebPage","@id":"https:\/\/www.samoens.com\/en\/samoens-american-festival\/","url":"https:\/\/www.samoens.com\/en\/samoens-american-festival\/","name":"Samo\u00ebns American Festival Samo\u00ebns, station de ski et village authentique en Haute-Savoie","isPartOf":{"@id":"https:\/\/www.samoens.com\/#website"},"datePublished":"2021-05-10T07:54:13+00:00","dateModified":"2024-07-26T14:45:45+00:00","breadcrumb":{"@id":"https:\/\/www.samoens.com\/en\/samoens-american-festival\/#breadcrumb"},"inLanguage":"en-US","potentialAction":[{"@type":"ReadAction","target":["https:\/\/www.samoens.com\/en\/samoens-american-festival\/"]}]},{"@type":"BreadcrumbList","@id":"https:\/\/www.samoens.com\/en\/samoens-american-festival\/#breadcrumb","itemListElement":[{"@type":"ListItem","position":1,"name":"Accueil","item":"https:\/\/www.samoens.com\/en\/"},{"@type":"ListItem","position":2,"name":"Samo\u00ebns American Festival"}]},{"@type":"WebSite","@id":"https:\/\/www.samoens.com\/#website","url":"https:\/\/www.samoens.com\/","name":"Samo\u00ebns, station de ski et village authentique en Haute-Savoie","description":"Nich\u00e9e au coeur du domaine skiable du Grand Massif et \u00e0 moins d&#039;1h de Gen\u00e8ve, Samo\u00ebns rendra vos vacances inoubliables en \u00e9t\u00e9 comme en hiver","potentialAction":[{"@type":"SearchAction","target":{"@type":"EntryPoint","urlTemplate":"https:\/\/www.samoens.com\/?s={search_term_string}"},"query-input":{"@type":"PropertyValueSpecification","valueRequired":true,"valueName":"search_term_string"}}],"inLanguage":"en-US"}]}},"_links":{"self":[{"href":"https:\/\/www.samoens.com\/en\/wp-json\/wp\/v2\/pages\/530142","targetHints":{"allow":["GET"]}}],"collection":[{"href":"https:\/\/www.samoens.com\/en\/wp-json\/wp\/v2\/pages"}],"about":[{"href":"https:\/\/www.samoens.com\/en\/wp-json\/wp\/v2\/types\/page"}],"author":[{"embeddable":true,"href":"https:\/\/www.samoens.com\/en\/wp-json\/wp\/v2\/users\/1"}],"replies":[{"embeddable":true,"href":"https:\/\/www.samoens.com\/en\/wp-json\/wp\/v2\/comments?post=530142"}],"version-history":[{"count":1,"href":"https:\/\/www.samoens.com\/en\/wp-json\/wp\/v2\/pages\/530142\/revisions"}],"predecessor-version":[{"id":590636,"href":"https:\/\/www.samoens.com\/en\/wp-json\/wp\/v2\/pages\/530142\/revisions\/590636"}],"wp:attachment":[{"href":"https:\/\/www.samoens.com\/en\/wp-json\/wp\/v2\/media?parent=530142"}],"curies":[{"name":"wp","href":"https:\/\/api.w.org\/{rel}","templated":true}]}}