{"id":530012,"date":"2021-05-12T12:18:36","date_gmt":"2021-05-12T10:18:36","guid":{"rendered":"https:\/\/www.samoens.com\/?page_id=530012"},"modified":"2023-12-01T15:58:57","modified_gmt":"2023-12-01T14:58:57","slug":"ski-touring","status":"publish","type":"page","link":"https:\/\/www.samoens.com\/en\/ski-touring\/","title":{"rendered":"Ski touring"},"content":{"rendered":"<div class=\"wpb-content-wrapper\"><p>[vc_row][vc_column][vc_column_text]<\/p>\n<h2 class=\"chapeau\"><span id=\"s2_1\">Discover the great snow-covered spaces of Samo\u00ebns and its surroundings.<\/span>\u00a0<span id=\"s2_2\">Whether you\u2019re on your own or on your own, get off the beaten path and explore natural resources in the heart of the snowy mountains.<\/span>\u00a0<span id=\"s2_3\">After the effort \u2026 the reward!<\/span>\u00a0<span id=\"s2_4\">Enjoy the beautiful descents, chart your course and enjoy the moment.<\/span><\/h2>\n<p>[\/vc_column_text][\/vc_column][\/vc_row][vc_row][vc_column][vc_column_text]<\/p>\n<h3>Discover the sectors:<\/h3>\n<p><span id=\"s2_2\">Ski touring is a practice that is done in mountain area.<\/span>\u00a0<span id=\"s2_3\">It is therefore essential to inform you about the conditions and to provide you with a security package (DVA, excavator, probe) before accessing these different sectors.<\/span>\u00a0<span id=\"s2_4\">Evolution at your own risk.<\/span>\u00a0<span id=\"s2_5\">We advise you to be accompanied by a professional.<\/span><\/p>\n<ul>\n<li style=\"list-style-type: none;\">\n<ul>\n<li><span id=\"s2_1\">On the Bostan\/Gol\u00e8se sector, it is possible to climb up to the hut (700 metres of altitude difference) &#8211; The hut is closed this winter.<\/span> <span id=\"s2_2\">For the initiates and the most sporty, possibility to push the climb above the shelters.<\/span><\/li>\n<li>Au Carroz : discover the 3 itineraries <a href=\"https:\/\/www.lescarroz.com\/activites-hiver\/ski-de-randonnee\/\" target=\"_blank\" rel=\"noopener noreferrer\">here.<\/a><\/li>\n<li>In Flaine: discover the itinerary<a href=\"https:\/\/www.grand-massif.com\/wp-content\/uploads\/2022\/02\/Au-fil-de-laup-scaled.jpg\" target=\"_blank\" rel=\"noopener noreferrer\">&#8220;Au fil de l&#8217;Aulp&#8221;<\/a><\/li>\n<li>Other more difficult and risky routes are possible such as the Dent de Verreu, the Pointe de Sans Bet, etc.. we advise you even more strongly to make these itineraries accompanied by a professional.<\/li>\n<\/ul>\n<\/li>\n<li><span style=\"font-weight: 400;\">Equipment rental: find the ski touring rentals in Samo\u00ebns, <\/span><span style=\"font-weight: 400;\"><a href=\"https:\/\/www.samoens.com\/consigne-a-ski\/\" target=\"_blank\" rel=\"noopener noreferrer\">here<\/a><\/span><\/li>\n<li><span style=\"font-weight: 400;\">Experience ski touring, <\/span><a style=\"font-size: 1em;\" href=\"https:\/\/www.samoens.com\/les-activites-a-samoens\/activites-dhiver-samoens\/sorties-accompagnees-ski-de-randonnee\/\" target=\"_blank\" rel=\"noopener noreferrer\">accompanied<\/a><\/li>\n<\/ul>\n<p>Useful numbers: Emergency 112\/ Weather 08 99 71 02 74 (2,99 \u20ac \/ call + price call) \/ <a href=\"https:\/\/chamonix-meteo.com\/\" target=\"_blank\" rel=\"noopener noreferrer\">Snow report for the day.<\/a>.[\/vc_column_text][vc_column_text]<strong><span id=\"s2_1\">Discover original ways to ski touring:<\/span><\/strong><br \/>\n<span id=\"s2_2\"><strong>Splitboard<\/strong> (hiking snowboard) rental at the X<a href=\"https:\/\/www.xtremeglisses-www.samoens.com\/en\/\" target=\"_blank\" rel=\"noopener\">tr\u00eame Glisses<\/a> store and <strong>for paragliders,<\/strong> a skin climb and a flying descent with <a href=\"https:\/\/www.2skifly.com\/en\/\" target=\"_blank\" rel=\"noopener\">2 ski fly<\/a>.<\/span>[\/vc_column_text][\/vc_column][\/vc_row][vc_row][vc_column width=&#8221;1\/2&#8243;][vc_single_image image=&#8221;479374&#8243; img_size=&#8221;400*300&#8243; alignment=&#8221;center&#8221; onclick=&#8221;custom_link&#8221; img_link_target=&#8221;_blank&#8221; title=&#8221;ACCOMPANIED OUTINGS&#8221; link=&#8221;https:\/\/www.samoens.com\/en\/activites-dhiver\/ski-tours\/&#8221; el_class=&#8221;lienversliste&#8221;][\/vc_column][vc_column width=&#8221;1\/2&#8243;][vc_single_image image=&#8221;554142&#8243; img_size=&#8221;400*300&#8243; alignment=&#8221;center&#8221; onclick=&#8221;custom_link&#8221; img_link_target=&#8221;_blank&#8221; title=&#8221;SKI TOURING RENTAL&#8221; link=&#8221;https:\/\/www.samoens.com\/en\/ski-touring-rental\/&#8221; el_class=&#8221;lienversliste&#8221;][\/vc_column][\/vc_row]<\/p>\n<\/div>","protected":false},"excerpt":{"rendered":"<p>[vc_row][vc_column][vc_column_text] Discover the great snow-covered spaces of Samo\u00ebns and its surroundings.\u00a0Whether you\u2019re on your own or on your own, get off the beaten path and explore natural resources in the heart of the snowy mountains.\u00a0After the effort \u2026 the reward!\u00a0Enjoy the beautiful descents, chart your course and enjoy the moment. [\/vc_column_text][\/vc_column][\/vc_row][vc_row][vc_column][vc_column_text] Discover the sectors: Ski [&hellip;]<\/p>\n","protected":false},"author":2,"featured_media":602280,"parent":0,"menu_order":107,"comment_status":"closed","ping_status":"closed","template":"template-entete-bleue.php","meta":{"_acf_changed":false,"footnotes":""},"class_list":["post-530012","page","type-page","status-publish","hentry"],"acf":[],"yoast_head":"<!-- This site is optimized with the Yoast SEO plugin v27.4 - https:\/\/yoast.com\/product\/yoast-seo-wordpress\/ -->\n<title>Ski touring Samo\u00ebns, station de ski et village authentique en Haute-Savoie<\/title>\n<meta name=\"robots\" content=\"index, follow, max-snippet:-1, max-image-preview:large, max-video-preview:-1\" \/>\n<link rel=\"canonical\" href=\"https:\/\/www.samoens.com\/en\/ski-touring\/\" \/>\n<meta property=\"og:locale\" content=\"en_US\" \/>\n<meta property=\"og:type\" content=\"article\" \/>\n<meta property=\"og:title\" content=\"Ski touring Samo\u00ebns, station de ski et village authentique en Haute-Savoie\" \/>\n<meta property=\"og:description\" content=\"[vc_row][vc_column][vc_column_text] Discover the great snow-covered spaces of Samo\u00ebns and its surroundings.\u00a0Whether you\u2019re on your own or on your own, get off the beaten path and explore natural resources in the heart of the snowy mountains.\u00a0After the effort \u2026 the reward!\u00a0Enjoy the beautiful descents, chart your course and enjoy the moment. [\/vc_column_text][\/vc_column][\/vc_row][vc_row][vc_column][vc_column_text] Discover the sectors: Ski [&hellip;]\" \/>\n<meta property=\"og:url\" content=\"https:\/\/www.samoens.com\/ski-de-randonnee\/\" \/>\n<meta property=\"og:site_name\" content=\"Samo\u00ebns, station de ski et village authentique en Haute-Savoie\" \/>\n<meta property=\"article:modified_time\" content=\"2023-12-01T14:58:57+00:00\" \/>\n<meta property=\"og:image\" content=\"https:\/\/www.samoens.com\/wp-content\/uploads\/2021\/01\/Capture-de\u0301cran-2021-01-21-a\u0300-09.34.11.png\" \/>\n\t<meta property=\"og:image:width\" content=\"1018\" \/>\n\t<meta property=\"og:image:height\" content=\"686\" \/>\n\t<meta property=\"og:image:type\" content=\"image\/png\" \/>\n<meta name=\"twitter:card\" content=\"summary_large_image\" \/>\n<meta name=\"twitter:label1\" content=\"Est. reading time\" \/>\n\t<meta name=\"twitter:data1\" content=\"2 minutes\" \/>\n<script type=\"application\/ld+json\" class=\"yoast-schema-graph\">{\"@context\":\"https:\\\/\\\/schema.org\",\"@graph\":[{\"@type\":\"WebPage\",\"@id\":\"https:\\\/\\\/www.samoens.com\\\/ski-de-randonnee\\\/\",\"url\":\"https:\\\/\\\/www.samoens.com\\\/ski-de-randonnee\\\/\",\"name\":\"Ski touring Samo\u00ebns, station de ski et village authentique en Haute-Savoie\",\"isPartOf\":{\"@id\":\"https:\\\/\\\/www.samoens.com\\\/#website\"},\"primaryImageOfPage\":{\"@id\":\"https:\\\/\\\/www.samoens.com\\\/ski-de-randonnee\\\/#primaryimage\"},\"image\":{\"@id\":\"https:\\\/\\\/www.samoens.com\\\/ski-de-randonnee\\\/#primaryimage\"},\"thumbnailUrl\":\"https:\\\/\\\/www.samoens.com\\\/wp-content\\\/uploads\\\/2025\\\/10\\\/ski-de-rando-bostan-hiver-@otsamoens-05-scaled.jpg\",\"datePublished\":\"2021-05-12T10:18:36+00:00\",\"dateModified\":\"2023-12-01T14:58:57+00:00\",\"breadcrumb\":{\"@id\":\"https:\\\/\\\/www.samoens.com\\\/ski-de-randonnee\\\/#breadcrumb\"},\"inLanguage\":\"en-US\",\"potentialAction\":[{\"@type\":\"ReadAction\",\"target\":[\"https:\\\/\\\/www.samoens.com\\\/ski-de-randonnee\\\/\"]}]},{\"@type\":\"ImageObject\",\"inLanguage\":\"en-US\",\"@id\":\"https:\\\/\\\/www.samoens.com\\\/ski-de-randonnee\\\/#primaryimage\",\"url\":\"https:\\\/\\\/www.samoens.com\\\/wp-content\\\/uploads\\\/2025\\\/10\\\/ski-de-rando-bostan-hiver-@otsamoens-05-scaled.jpg\",\"contentUrl\":\"https:\\\/\\\/www.samoens.com\\\/wp-content\\\/uploads\\\/2025\\\/10\\\/ski-de-rando-bostan-hiver-@otsamoens-05-scaled.jpg\",\"width\":2048,\"height\":1365},{\"@type\":\"BreadcrumbList\",\"@id\":\"https:\\\/\\\/www.samoens.com\\\/ski-de-randonnee\\\/#breadcrumb\",\"itemListElement\":[{\"@type\":\"ListItem\",\"position\":1,\"name\":\"Accueil\",\"item\":\"https:\\\/\\\/www.samoens.com\\\/en\\\/\"},{\"@type\":\"ListItem\",\"position\":2,\"name\":\"Ski touring\"}]},{\"@type\":\"WebSite\",\"@id\":\"https:\\\/\\\/www.samoens.com\\\/#website\",\"url\":\"https:\\\/\\\/www.samoens.com\\\/\",\"name\":\"Samo\u00ebns, station de ski et village authentique en Haute-Savoie\",\"description\":\"Nich\u00e9e au coeur du domaine skiable du Grand Massif et \u00e0 moins d&#039;1h de Gen\u00e8ve, Samo\u00ebns rendra vos vacances inoubliables en \u00e9t\u00e9 comme en hiver\",\"potentialAction\":[{\"@type\":\"SearchAction\",\"target\":{\"@type\":\"EntryPoint\",\"urlTemplate\":\"https:\\\/\\\/www.samoens.com\\\/?s={search_term_string}\"},\"query-input\":{\"@type\":\"PropertyValueSpecification\",\"valueRequired\":true,\"valueName\":\"search_term_string\"}}],\"inLanguage\":\"en-US\"}]}<\/script>\n<!-- \/ Yoast SEO plugin. -->","yoast_head_json":{"title":"Ski touring Samo\u00ebns, station de ski et village authentique en Haute-Savoie","robots":{"index":"index","follow":"follow","max-snippet":"max-snippet:-1","max-image-preview":"max-image-preview:large","max-video-preview":"max-video-preview:-1"},"canonical":"https:\/\/www.samoens.com\/en\/ski-touring\/","og_locale":"en_US","og_type":"article","og_title":"Ski touring Samo\u00ebns, station de ski et village authentique en Haute-Savoie","og_description":"[vc_row][vc_column][vc_column_text] Discover the great snow-covered spaces of Samo\u00ebns and its surroundings.\u00a0Whether you\u2019re on your own or on your own, get off the beaten path and explore natural resources in the heart of the snowy mountains.\u00a0After the effort \u2026 the reward!\u00a0Enjoy the beautiful descents, chart your course and enjoy the moment. [\/vc_column_text][\/vc_column][\/vc_row][vc_row][vc_column][vc_column_text] Discover the sectors: Ski [&hellip;]","og_url":"https:\/\/www.samoens.com\/ski-de-randonnee\/","og_site_name":"Samo\u00ebns, station de ski et village authentique en Haute-Savoie","article_modified_time":"2023-12-01T14:58:57+00:00","og_image":[{"width":1018,"height":686,"url":"https:\/\/www.samoens.com\/wp-content\/uploads\/2021\/01\/Capture-de\u0301cran-2021-01-21-a\u0300-09.34.11.png","type":"image\/png"}],"twitter_card":"summary_large_image","twitter_misc":{"Est. reading time":"2 minutes"},"schema":{"@context":"https:\/\/schema.org","@graph":[{"@type":"WebPage","@id":"https:\/\/www.samoens.com\/ski-de-randonnee\/","url":"https:\/\/www.samoens.com\/ski-de-randonnee\/","name":"Ski touring Samo\u00ebns, station de ski et village authentique en Haute-Savoie","isPartOf":{"@id":"https:\/\/www.samoens.com\/#website"},"primaryImageOfPage":{"@id":"https:\/\/www.samoens.com\/ski-de-randonnee\/#primaryimage"},"image":{"@id":"https:\/\/www.samoens.com\/ski-de-randonnee\/#primaryimage"},"thumbnailUrl":"https:\/\/www.samoens.com\/wp-content\/uploads\/2025\/10\/ski-de-rando-bostan-hiver-@otsamoens-05-scaled.jpg","datePublished":"2021-05-12T10:18:36+00:00","dateModified":"2023-12-01T14:58:57+00:00","breadcrumb":{"@id":"https:\/\/www.samoens.com\/ski-de-randonnee\/#breadcrumb"},"inLanguage":"en-US","potentialAction":[{"@type":"ReadAction","target":["https:\/\/www.samoens.com\/ski-de-randonnee\/"]}]},{"@type":"ImageObject","inLanguage":"en-US","@id":"https:\/\/www.samoens.com\/ski-de-randonnee\/#primaryimage","url":"https:\/\/www.samoens.com\/wp-content\/uploads\/2025\/10\/ski-de-rando-bostan-hiver-@otsamoens-05-scaled.jpg","contentUrl":"https:\/\/www.samoens.com\/wp-content\/uploads\/2025\/10\/ski-de-rando-bostan-hiver-@otsamoens-05-scaled.jpg","width":2048,"height":1365},{"@type":"BreadcrumbList","@id":"https:\/\/www.samoens.com\/ski-de-randonnee\/#breadcrumb","itemListElement":[{"@type":"ListItem","position":1,"name":"Accueil","item":"https:\/\/www.samoens.com\/en\/"},{"@type":"ListItem","position":2,"name":"Ski touring"}]},{"@type":"WebSite","@id":"https:\/\/www.samoens.com\/#website","url":"https:\/\/www.samoens.com\/","name":"Samo\u00ebns, station de ski et village authentique en Haute-Savoie","description":"Nich\u00e9e au coeur du domaine skiable du Grand Massif et \u00e0 moins d&#039;1h de Gen\u00e8ve, Samo\u00ebns rendra vos vacances inoubliables en \u00e9t\u00e9 comme en hiver","potentialAction":[{"@type":"SearchAction","target":{"@type":"EntryPoint","urlTemplate":"https:\/\/www.samoens.com\/?s={search_term_string}"},"query-input":{"@type":"PropertyValueSpecification","valueRequired":true,"valueName":"search_term_string"}}],"inLanguage":"en-US"}]}},"_links":{"self":[{"href":"https:\/\/www.samoens.com\/en\/wp-json\/wp\/v2\/pages\/530012","targetHints":{"allow":["GET"]}}],"collection":[{"href":"https:\/\/www.samoens.com\/en\/wp-json\/wp\/v2\/pages"}],"about":[{"href":"https:\/\/www.samoens.com\/en\/wp-json\/wp\/v2\/types\/page"}],"author":[{"embeddable":true,"href":"https:\/\/www.samoens.com\/en\/wp-json\/wp\/v2\/users\/2"}],"replies":[{"embeddable":true,"href":"https:\/\/www.samoens.com\/en\/wp-json\/wp\/v2\/comments?post=530012"}],"version-history":[{"count":1,"href":"https:\/\/www.samoens.com\/en\/wp-json\/wp\/v2\/pages\/530012\/revisions"}],"predecessor-version":[{"id":554658,"href":"https:\/\/www.samoens.com\/en\/wp-json\/wp\/v2\/pages\/530012\/revisions\/554658"}],"wp:featuredmedia":[{"embeddable":true,"href":"https:\/\/www.samoens.com\/en\/wp-json\/wp\/v2\/media\/602280"}],"wp:attachment":[{"href":"https:\/\/www.samoens.com\/en\/wp-json\/wp\/v2\/media?parent=530012"}],"curies":[{"name":"wp","href":"https:\/\/api.w.org\/{rel}","templated":true}]}}