{"id":51338,"date":"2019-09-12T10:52:43","date_gmt":"2019-09-12T08:52:43","guid":{"rendered":"https:\/\/www.samoens.com\/telechargements-2\/"},"modified":"2026-04-11T09:21:54","modified_gmt":"2026-04-11T07:21:54","slug":"downloads","status":"publish","type":"page","link":"https:\/\/www.samoens.com\/en\/downloads\/","title":{"rendered":"Downloads"},"content":{"rendered":"<div class=\"wpb-content-wrapper\"><p>[vc_row][vc_column width=&#8221;1\/3&#8243;][vc_single_image image=&#8221;61676&#8243; img_size=&#8221;full&#8221; alignment=&#8221;center&#8221; onclick=&#8221;custom_link&#8221; img_link_target=&#8221;_blank&#8221; title=&#8221;Our brochures&#8221; link=&#8221;https:\/\/www.samoens.com\/en\/telechargements-2\/brochures\/&#8221; el_class=&#8221;lienversliste&#8221;][vc_single_image image=&#8221;542031&#8243; img_size=&#8221;full&#8221; alignment=&#8221;center&#8221; onclick=&#8221;custom_link&#8221; img_link_target=&#8221;_blank&#8221; css=&#8221;&#8221; title=&#8221;List of babysitters&#8221; link=&#8221;https:\/\/www.samoens.com\/wp-content\/uploads\/2026\/04\/List-of-babysitters-spring-2026.pdf&#8221; el_class=&#8221;lienversliste&#8221;][vc_single_image image=&#8221;593616&#8243; img_size=&#8221;full&#8221; alignment=&#8221;center&#8221; onclick=&#8221;custom_link&#8221; img_link_target=&#8221;_blank&#8221; title=&#8221;Village map&#8221; link=&#8221;https:\/\/www.samoens.com\/en\/telechargements-2\/plans-du-village\/&#8221; el_class=&#8221;lienversliste&#8221;][vc_single_image image=&#8221;530815&#8243; img_size=&#8221;full&#8221; alignment=&#8221;center&#8221; onclick=&#8221;custom_link&#8221; img_link_target=&#8221;_blank&#8221; title=&#8221;Hiking maps&#8221; link=&#8221;https:\/\/www.samoens.com\/en\/hiking-maps-and-guides\/&#8221; el_class=&#8221;lienversliste&#8221;][vc_single_image image=&#8221;2232&#8243; img_size=&#8221;full&#8221; alignment=&#8221;center&#8221; onclick=&#8221;custom_link&#8221; img_link_target=&#8221;_blank&#8221; title=&#8221;Carved stone circuits (in French only)&#8221; link=&#8221;https:\/\/www.samoens.com\/wp-content\/uploads\/2021\/08\/Livret-circuits-de-la-pierre.pdf&#8221; el_class=&#8221;lienversliste&#8221;][vc_single_image image=&#8221;588372&#8243; img_size=&#8221;full&#8221; alignment=&#8221;center&#8221; onclick=&#8221;custom_link&#8221; img_link_target=&#8221;_blank&#8221; title=&#8221;Taxis and transporters&#8221; link=&#8221;https:\/\/www.samoens.com\/en\/bonnes-adresses\/useful-services\/transport-in-samoens\/&#8221; el_class=&#8221;lienversliste&#8221;][\/vc_column][vc_column width=&#8221;1\/3&#8243;][vc_single_image image=&#8221;596980&#8243; img_size=&#8221;full&#8221; alignment=&#8221;center&#8221; onclick=&#8221;custom_link&#8221; img_link_target=&#8221;_blank&#8221; css=&#8221;&#8221; title=&#8221;Bus and shuttle timetables&#8221; link=&#8221;https:\/\/www.samoens.com\/en\/downloads\/bus-schedules-samoens\/&#8221; el_class=&#8221;lienversliste&#8221; el_id=&#8221;https:\/\/www.samoens.com\/wp-content\/uploads\/2023\/01\/Ski-Bus.pdf&#8221;][vc_single_image image=&#8221;50631&#8243; img_size=&#8221;full&#8221; alignment=&#8221;center&#8221; onclick=&#8221;custom_link&#8221; img_link_target=&#8221;_blank&#8221; css=&#8221;&#8221; title=&#8221;Cinema programme&#8221; el_class=&#8221;lienversliste&#8221; link=&#8221;https:\/\/www.samoens.com\/wp-content\/uploads\/2024\/09\/est-FERME.jpg&#8221;][vc_single_image image=&#8221;593622&#8243; img_size=&#8221;full&#8221; alignment=&#8221;center&#8221; onclick=&#8221;custom_link&#8221; img_link_target=&#8221;_blank&#8221; title=&#8221;Interactive map&#8221; el_class=&#8221;lienversliste&#8221; link=&#8221;https:\/\/explore.samoens.com\/en\/agenda&#8221;][vc_single_image image=&#8221;12452&#8243; img_size=&#8221;full&#8221; alignment=&#8221;center&#8221; onclick=&#8221;custom_link&#8221; img_link_target=&#8221;_blank&#8221; title=&#8221;Mountain bike and e-bike routes&#8221; el_class=&#8221;lienversliste&#8221; link=&#8221;https:\/\/www.samoens.com\/en\/?page_id=593672&#8243;][vc_single_image image=&#8221;2314&#8243; img_size=&#8221;full&#8221; alignment=&#8221;center&#8221; onclick=&#8221;custom_link&#8221; img_link_target=&#8221;_blank&#8221; title=&#8221;Mass times&#8221; link=&#8221;https:\/\/www.diocese-annecy.fr\/le-diocese\/les-paroisses\/paroisse-bienheureux-ponce-en-haut-giffre\/messes-1\/messes&#8221; el_class=&#8221;lienversliste&#8221;][vc_single_image image=&#8221;596112&#8243; img_size=&#8221;full&#8221; alignment=&#8221;center&#8221; onclick=&#8221;custom_link&#8221; img_link_target=&#8221;_blank&#8221; title=&#8221;Dog-friendly&#8221; link=&#8221;https:\/\/www.samoens.com\/en\/dog-friendly-holiday\/&#8221; el_class=&#8221;lienversliste&#8221;][\/vc_column][vc_column width=&#8221;1\/3&#8243;][vc_single_image image=&#8221;427934&#8243; img_size=&#8221;full&#8221; alignment=&#8221;center&#8221; onclick=&#8221;custom_link&#8221; img_link_target=&#8221;_blank&#8221; css=&#8221;&#8221; title=&#8221;List of restaurants&#8221; link=&#8221;https:\/\/www.samoens.com\/wp-content\/uploads\/2026\/04\/Liste-restaurants-11-au-17-avril-2026-GB.pdf&#8221; el_class=&#8221;lienversliste&#8221;][vc_single_image image=&#8221;50660&#8243; img_size=&#8221;full&#8221; alignment=&#8221;center&#8221; onclick=&#8221;custom_link&#8221; img_link_target=&#8221;_blank&#8221; title=&#8221;Entertainment &amp; events&#8221; link=&#8221;https:\/\/explore.samoens.com\/en\/agenda&#8221; el_class=&#8221;lienversliste&#8221;][vc_single_image image=&#8221;536557&#8243; img_size=&#8221;full&#8221; alignment=&#8221;center&#8221; onclick=&#8221;custom_link&#8221; img_link_target=&#8221;_blank&#8221; title=&#8221;Tourist map (in French only)&#8221; link=&#8221;https:\/\/samoens.com\/wp-content\/uploads\/2021\/07\/CarteTouristiqueCCMG-BAT-HD-WEB.pdf&#8221; el_class=&#8221;lienversliste&#8221;][vc_single_image image=&#8221;2248&#8243; img_size=&#8221;full&#8221; alignment=&#8221;center&#8221; onclick=&#8221;custom_link&#8221; img_link_target=&#8221;_blank&#8221; css=&#8221;&#8221; title=&#8221;List of markets&#8221; el_class=&#8221;lienversliste&#8221; link=&#8221;https:\/\/www.samoens.com\/wp-content\/uploads\/2026\/03\/Marches-printemps-GB-1.pdf&#8221;][vc_single_image image=&#8221;597691&#8243; img_size=&#8221;full&#8221; alignment=&#8221;center&#8221; onclick=&#8221;custom_link&#8221; img_link_target=&#8221;_blank&#8221; title=&#8221;Explore games&#8221; el_class=&#8221;lienversliste&#8221; link=&#8221;https:\/\/www.samoens.com\/wp-content\/uploads\/2025\/07\/Explore-games-Samoens-EN-July-2025.pdf&#8221;][vc_single_image image=&#8221;588240&#8243; img_size=&#8221;full&#8221; alignment=&#8221;center&#8221; onclick=&#8221;custom_link&#8221; img_link_target=&#8221;_blank&#8221; title=&#8221;Share your opinion&#8221; link=&#8221;https:\/\/www.samoens.com\/en\/quality-tourism-created\/&#8221; el_class=&#8221;lienversliste&#8221;][\/vc_column][\/vc_row]<\/p>\n<\/div>","protected":false},"excerpt":{"rendered":"<p>[vc_row][vc_column width=&#8221;1\/3&#8243;][vc_single_image image=&#8221;61676&#8243; img_size=&#8221;full&#8221; alignment=&#8221;center&#8221; onclick=&#8221;custom_link&#8221; img_link_target=&#8221;_blank&#8221; title=&#8221;Our brochures&#8221; link=&#8221;https:\/\/www.samoens.com\/en\/telechargements-2\/brochures\/&#8221; el_class=&#8221;lienversliste&#8221;][vc_single_image image=&#8221;542031&#8243; img_size=&#8221;full&#8221; alignment=&#8221;center&#8221; onclick=&#8221;custom_link&#8221; img_link_target=&#8221;_blank&#8221; css=&#8221;&#8221; title=&#8221;List of babysitters&#8221; link=&#8221;https:\/\/www.samoens.com\/wp-content\/uploads\/2026\/04\/List-of-babysitters-spring-2026.pdf&#8221; el_class=&#8221;lienversliste&#8221;][vc_single_image image=&#8221;593616&#8243; img_size=&#8221;full&#8221; alignment=&#8221;center&#8221; onclick=&#8221;custom_link&#8221; img_link_target=&#8221;_blank&#8221; title=&#8221;Village map&#8221; link=&#8221;https:\/\/www.samoens.com\/en\/telechargements-2\/plans-du-village\/&#8221; el_class=&#8221;lienversliste&#8221;][vc_single_image image=&#8221;530815&#8243; img_size=&#8221;full&#8221; alignment=&#8221;center&#8221; onclick=&#8221;custom_link&#8221; img_link_target=&#8221;_blank&#8221; title=&#8221;Hiking maps&#8221; link=&#8221;https:\/\/www.samoens.com\/en\/hiking-maps-and-guides\/&#8221; el_class=&#8221;lienversliste&#8221;][vc_single_image image=&#8221;2232&#8243; img_size=&#8221;full&#8221; alignment=&#8221;center&#8221; onclick=&#8221;custom_link&#8221; img_link_target=&#8221;_blank&#8221; title=&#8221;Carved stone circuits (in French only)&#8221; link=&#8221;https:\/\/www.samoens.com\/wp-content\/uploads\/2021\/08\/Livret-circuits-de-la-pierre.pdf&#8221; el_class=&#8221;lienversliste&#8221;][vc_single_image image=&#8221;588372&#8243; img_size=&#8221;full&#8221; [&hellip;]<\/p>\n","protected":false},"author":2,"featured_media":2478,"parent":0,"menu_order":83,"comment_status":"closed","ping_status":"closed","template":"","meta":{"_acf_changed":false,"footnotes":""},"class_list":["post-51338","page","type-page","status-publish","hentry"],"acf":[],"yoast_head":"<!-- This site is optimized with the Yoast SEO plugin v27.2 - https:\/\/yoast.com\/product\/yoast-seo-wordpress\/ -->\n<title>Tourist information to download for your stay in Samo\u00ebns Samo\u00ebns, station de ski et village authentique en Haute-Savoie<\/title>\n<meta name=\"description\" content=\"Find all the documents you need to download for your stay in Samo\u00ebns: brochures, guides, maps, bus timetables, cinema programme, circuits, hiking maps&#8230;\" \/>\n<meta name=\"robots\" content=\"index, follow, max-snippet:-1, max-image-preview:large, max-video-preview:-1\" \/>\n<link rel=\"canonical\" href=\"https:\/\/www.samoens.com\/en\/downloads\/\" \/>\n<meta property=\"og:locale\" content=\"en_US\" \/>\n<meta property=\"og:type\" content=\"article\" \/>\n<meta property=\"og:title\" content=\"Tourist information to download for your stay in Samo\u00ebns Samo\u00ebns, station de ski et village authentique en Haute-Savoie\" \/>\n<meta property=\"og:description\" content=\"[vc_row][vc_column width=&#8221;1\/3&#8243;][vc_single_image image=&#8221;61676&#8243; img_size=&#8221;full&#8221; alignment=&#8221;center&#8221; onclick=&#8221;custom_link&#8221; img_link_target=&#8221;_blank&#8221; title=&#8221;Our brochures&#8221; link=&#8221;https:\/\/www.samoens.com\/en\/telechargements-2\/brochures\/&#8221; el_class=&#8221;lienversliste&#8221;][vc_single_image image=&#8221;542031&#8243; img_size=&#8221;full&#8221; alignment=&#8221;center&#8221; onclick=&#8221;custom_link&#8221; img_link_target=&#8221;_blank&#8221; css=&#8221;&#8221; title=&#8221;List of babysitters&#8221; link=&#8221;https:\/\/www.samoens.com\/wp-content\/uploads\/2026\/04\/List-of-babysitters-spring-2026.pdf&#8221; el_class=&#8221;lienversliste&#8221;][vc_single_image image=&#8221;593616&#8243; img_size=&#8221;full&#8221; alignment=&#8221;center&#8221; onclick=&#8221;custom_link&#8221; img_link_target=&#8221;_blank&#8221; title=&#8221;Village map&#8221; link=&#8221;https:\/\/www.samoens.com\/en\/telechargements-2\/plans-du-village\/&#8221; el_class=&#8221;lienversliste&#8221;][vc_single_image image=&#8221;530815&#8243; img_size=&#8221;full&#8221; alignment=&#8221;center&#8221; onclick=&#8221;custom_link&#8221; img_link_target=&#8221;_blank&#8221; title=&#8221;Hiking maps&#8221; link=&#8221;https:\/\/www.samoens.com\/en\/hiking-maps-and-guides\/&#8221; el_class=&#8221;lienversliste&#8221;][vc_single_image image=&#8221;2232&#8243; img_size=&#8221;full&#8221; alignment=&#8221;center&#8221; onclick=&#8221;custom_link&#8221; img_link_target=&#8221;_blank&#8221; title=&#8221;Carved stone circuits (in French only)&#8221; link=&#8221;https:\/\/www.samoens.com\/wp-content\/uploads\/2021\/08\/Livret-circuits-de-la-pierre.pdf&#8221; el_class=&#8221;lienversliste&#8221;][vc_single_image image=&#8221;588372&#8243; img_size=&#8221;full&#8221; [&hellip;]\" \/>\n<meta property=\"og:url\" content=\"https:\/\/www.samoens.com\/en\/downloads\/\" \/>\n<meta property=\"og:site_name\" content=\"Samo\u00ebns, station de ski et village authentique en Haute-Savoie\" \/>\n<meta property=\"article:modified_time\" content=\"2026-04-11T07:21:54+00:00\" \/>\n<meta property=\"og:image\" content=\"https:\/\/www.samoens.com\/wp-content\/uploads\/2019\/08\/samoens-vue-du-ciel-ete.jpg\" \/>\n\t<meta property=\"og:image:width\" content=\"1200\" \/>\n\t<meta property=\"og:image:height\" content=\"579\" \/>\n\t<meta property=\"og:image:type\" content=\"image\/jpeg\" \/>\n<meta name=\"twitter:card\" content=\"summary_large_image\" \/>\n<meta name=\"twitter:label1\" content=\"Est. reading time\" \/>\n\t<meta name=\"twitter:data1\" content=\"1 minute\" \/>\n<script type=\"application\/ld+json\" class=\"yoast-schema-graph\">{\"@context\":\"https:\/\/schema.org\",\"@graph\":[{\"@type\":\"WebPage\",\"@id\":\"https:\/\/www.samoens.com\/en\/downloads\/\",\"url\":\"https:\/\/www.samoens.com\/en\/downloads\/\",\"name\":\"Tourist information to download for your stay in Samo\u00ebns Samo\u00ebns, station de ski et village authentique en Haute-Savoie\",\"isPartOf\":{\"@id\":\"https:\/\/www.samoens.com\/#website\"},\"primaryImageOfPage\":{\"@id\":\"https:\/\/www.samoens.com\/en\/downloads\/#primaryimage\"},\"image\":{\"@id\":\"https:\/\/www.samoens.com\/en\/downloads\/#primaryimage\"},\"thumbnailUrl\":\"https:\/\/www.samoens.com\/wp-content\/uploads\/2019\/08\/samoens-vue-du-ciel-ete.jpg\",\"datePublished\":\"2019-09-12T08:52:43+00:00\",\"dateModified\":\"2026-04-11T07:21:54+00:00\",\"breadcrumb\":{\"@id\":\"https:\/\/www.samoens.com\/en\/downloads\/#breadcrumb\"},\"inLanguage\":\"en-US\",\"potentialAction\":[{\"@type\":\"ReadAction\",\"target\":[\"https:\/\/www.samoens.com\/en\/downloads\/\"]}]},{\"@type\":\"ImageObject\",\"inLanguage\":\"en-US\",\"@id\":\"https:\/\/www.samoens.com\/en\/downloads\/#primaryimage\",\"url\":\"https:\/\/www.samoens.com\/wp-content\/uploads\/2019\/08\/samoens-vue-du-ciel-ete.jpg\",\"contentUrl\":\"https:\/\/www.samoens.com\/wp-content\/uploads\/2019\/08\/samoens-vue-du-ciel-ete.jpg\",\"width\":1200,\"height\":579,\"caption\":\"Bien vivre \u00e0 Samo\u00ebns\"},{\"@type\":\"BreadcrumbList\",\"@id\":\"https:\/\/www.samoens.com\/en\/downloads\/#breadcrumb\",\"itemListElement\":[{\"@type\":\"ListItem\",\"position\":1,\"name\":\"Accueil\",\"item\":\"https:\/\/www.samoens.com\/en\/\"},{\"@type\":\"ListItem\",\"position\":2,\"name\":\"Downloads\"}]},{\"@type\":\"WebSite\",\"@id\":\"https:\/\/www.samoens.com\/#website\",\"url\":\"https:\/\/www.samoens.com\/\",\"name\":\"Samo\u00ebns, station de ski et village authentique en Haute-Savoie\",\"description\":\"Nich\u00e9e au coeur du domaine skiable du Grand Massif et \u00e0 moins d&#039;1h de Gen\u00e8ve, Samo\u00ebns rendra vos vacances inoubliables en \u00e9t\u00e9 comme en hiver\",\"potentialAction\":[{\"@type\":\"SearchAction\",\"target\":{\"@type\":\"EntryPoint\",\"urlTemplate\":\"https:\/\/www.samoens.com\/?s={search_term_string}\"},\"query-input\":{\"@type\":\"PropertyValueSpecification\",\"valueRequired\":true,\"valueName\":\"search_term_string\"}}],\"inLanguage\":\"en-US\"}]}<\/script>\n<!-- \/ Yoast SEO plugin. -->","yoast_head_json":{"title":"Tourist information to download for your stay in Samo\u00ebns Samo\u00ebns, station de ski et village authentique en Haute-Savoie","description":"Find all the documents you need to download for your stay in Samo\u00ebns: brochures, guides, maps, bus timetables, cinema programme, circuits, hiking maps&#8230;","robots":{"index":"index","follow":"follow","max-snippet":"max-snippet:-1","max-image-preview":"max-image-preview:large","max-video-preview":"max-video-preview:-1"},"canonical":"https:\/\/www.samoens.com\/en\/downloads\/","og_locale":"en_US","og_type":"article","og_title":"Tourist information to download for your stay in Samo\u00ebns Samo\u00ebns, station de ski et village authentique en Haute-Savoie","og_description":"[vc_row][vc_column width=&#8221;1\/3&#8243;][vc_single_image image=&#8221;61676&#8243; img_size=&#8221;full&#8221; alignment=&#8221;center&#8221; onclick=&#8221;custom_link&#8221; img_link_target=&#8221;_blank&#8221; title=&#8221;Our brochures&#8221; link=&#8221;https:\/\/www.samoens.com\/en\/telechargements-2\/brochures\/&#8221; el_class=&#8221;lienversliste&#8221;][vc_single_image image=&#8221;542031&#8243; img_size=&#8221;full&#8221; alignment=&#8221;center&#8221; onclick=&#8221;custom_link&#8221; img_link_target=&#8221;_blank&#8221; css=&#8221;&#8221; title=&#8221;List of babysitters&#8221; link=&#8221;https:\/\/www.samoens.com\/wp-content\/uploads\/2026\/04\/List-of-babysitters-spring-2026.pdf&#8221; el_class=&#8221;lienversliste&#8221;][vc_single_image image=&#8221;593616&#8243; img_size=&#8221;full&#8221; alignment=&#8221;center&#8221; onclick=&#8221;custom_link&#8221; img_link_target=&#8221;_blank&#8221; title=&#8221;Village map&#8221; link=&#8221;https:\/\/www.samoens.com\/en\/telechargements-2\/plans-du-village\/&#8221; el_class=&#8221;lienversliste&#8221;][vc_single_image image=&#8221;530815&#8243; img_size=&#8221;full&#8221; alignment=&#8221;center&#8221; onclick=&#8221;custom_link&#8221; img_link_target=&#8221;_blank&#8221; title=&#8221;Hiking maps&#8221; link=&#8221;https:\/\/www.samoens.com\/en\/hiking-maps-and-guides\/&#8221; el_class=&#8221;lienversliste&#8221;][vc_single_image image=&#8221;2232&#8243; img_size=&#8221;full&#8221; alignment=&#8221;center&#8221; onclick=&#8221;custom_link&#8221; img_link_target=&#8221;_blank&#8221; title=&#8221;Carved stone circuits (in French only)&#8221; link=&#8221;https:\/\/www.samoens.com\/wp-content\/uploads\/2021\/08\/Livret-circuits-de-la-pierre.pdf&#8221; el_class=&#8221;lienversliste&#8221;][vc_single_image image=&#8221;588372&#8243; img_size=&#8221;full&#8221; [&hellip;]","og_url":"https:\/\/www.samoens.com\/en\/downloads\/","og_site_name":"Samo\u00ebns, station de ski et village authentique en Haute-Savoie","article_modified_time":"2026-04-11T07:21:54+00:00","og_image":[{"width":1200,"height":579,"url":"https:\/\/www.samoens.com\/wp-content\/uploads\/2019\/08\/samoens-vue-du-ciel-ete.jpg","type":"image\/jpeg"}],"twitter_card":"summary_large_image","twitter_misc":{"Est. reading time":"1 minute"},"schema":{"@context":"https:\/\/schema.org","@graph":[{"@type":"WebPage","@id":"https:\/\/www.samoens.com\/en\/downloads\/","url":"https:\/\/www.samoens.com\/en\/downloads\/","name":"Tourist information to download for your stay in Samo\u00ebns Samo\u00ebns, station de ski et village authentique en Haute-Savoie","isPartOf":{"@id":"https:\/\/www.samoens.com\/#website"},"primaryImageOfPage":{"@id":"https:\/\/www.samoens.com\/en\/downloads\/#primaryimage"},"image":{"@id":"https:\/\/www.samoens.com\/en\/downloads\/#primaryimage"},"thumbnailUrl":"https:\/\/www.samoens.com\/wp-content\/uploads\/2019\/08\/samoens-vue-du-ciel-ete.jpg","datePublished":"2019-09-12T08:52:43+00:00","dateModified":"2026-04-11T07:21:54+00:00","breadcrumb":{"@id":"https:\/\/www.samoens.com\/en\/downloads\/#breadcrumb"},"inLanguage":"en-US","potentialAction":[{"@type":"ReadAction","target":["https:\/\/www.samoens.com\/en\/downloads\/"]}]},{"@type":"ImageObject","inLanguage":"en-US","@id":"https:\/\/www.samoens.com\/en\/downloads\/#primaryimage","url":"https:\/\/www.samoens.com\/wp-content\/uploads\/2019\/08\/samoens-vue-du-ciel-ete.jpg","contentUrl":"https:\/\/www.samoens.com\/wp-content\/uploads\/2019\/08\/samoens-vue-du-ciel-ete.jpg","width":1200,"height":579,"caption":"Bien vivre \u00e0 Samo\u00ebns"},{"@type":"BreadcrumbList","@id":"https:\/\/www.samoens.com\/en\/downloads\/#breadcrumb","itemListElement":[{"@type":"ListItem","position":1,"name":"Accueil","item":"https:\/\/www.samoens.com\/en\/"},{"@type":"ListItem","position":2,"name":"Downloads"}]},{"@type":"WebSite","@id":"https:\/\/www.samoens.com\/#website","url":"https:\/\/www.samoens.com\/","name":"Samo\u00ebns, station de ski et village authentique en Haute-Savoie","description":"Nich\u00e9e au coeur du domaine skiable du Grand Massif et \u00e0 moins d&#039;1h de Gen\u00e8ve, Samo\u00ebns rendra vos vacances inoubliables en \u00e9t\u00e9 comme en hiver","potentialAction":[{"@type":"SearchAction","target":{"@type":"EntryPoint","urlTemplate":"https:\/\/www.samoens.com\/?s={search_term_string}"},"query-input":{"@type":"PropertyValueSpecification","valueRequired":true,"valueName":"search_term_string"}}],"inLanguage":"en-US"}]}},"_links":{"self":[{"href":"https:\/\/www.samoens.com\/en\/wp-json\/wp\/v2\/pages\/51338","targetHints":{"allow":["GET"]}}],"collection":[{"href":"https:\/\/www.samoens.com\/en\/wp-json\/wp\/v2\/pages"}],"about":[{"href":"https:\/\/www.samoens.com\/en\/wp-json\/wp\/v2\/types\/page"}],"author":[{"embeddable":true,"href":"https:\/\/www.samoens.com\/en\/wp-json\/wp\/v2\/users\/2"}],"replies":[{"embeddable":true,"href":"https:\/\/www.samoens.com\/en\/wp-json\/wp\/v2\/comments?post=51338"}],"version-history":[{"count":21,"href":"https:\/\/www.samoens.com\/en\/wp-json\/wp\/v2\/pages\/51338\/revisions"}],"predecessor-version":[{"id":607557,"href":"https:\/\/www.samoens.com\/en\/wp-json\/wp\/v2\/pages\/51338\/revisions\/607557"}],"wp:featuredmedia":[{"embeddable":true,"href":"https:\/\/www.samoens.com\/en\/wp-json\/wp\/v2\/media\/2478"}],"wp:attachment":[{"href":"https:\/\/www.samoens.com\/en\/wp-json\/wp\/v2\/media?parent=51338"}],"curies":[{"name":"wp","href":"https:\/\/api.w.org\/{rel}","templated":true}]}}