{"id":51328,"date":"2019-09-19T12:17:47","date_gmt":"2019-09-19T10:17:47","guid":{"rendered":"https:\/\/www.samoens.com\/horaires-de-bus-s-a-t\/"},"modified":"2026-03-29T09:18:34","modified_gmt":"2026-03-29T07:18:34","slug":"bus-schedules-samoens","status":"publish","type":"page","link":"https:\/\/www.samoens.com\/en\/downloads\/bus-schedules-samoens\/","title":{"rendered":"Bus and shuttle timetables"},"content":{"rendered":"<div class=\"wpb-content-wrapper\"><p>[vc_row][vc_column][vc_column_text]<\/p>\n<h2>Regional buses Winter (From 20 December 2025 to 19 April 2026)<\/h2>\n<p>[\/vc_column_text][\/vc_column][\/vc_row][vc_row][vc_column width=&#8221;1\/4&#8243;][vc_single_image image=&#8221;535972&#8243; img_size=&#8221;medium&#8221; alignment=&#8221;center&#8221; onclick=&#8221;custom_link&#8221; img_link_target=&#8221;_blank&#8221; title=&#8221;Bus Y94 &#8211; Cluses \/ Samo\u00ebns \/ Sixt-Fer-\u00e0-Cheval&#8221; el_class=&#8221;lienversliste&#8221; link=&#8221;https:\/\/jacquet-autocars.com\/wp-content\/uploads\/2025\/11\/Y94-OK-1.pdf&#8221;][\/vc_column][vc_column width=&#8221;1\/4&#8243;][vc_single_image image=&#8221;535972&#8243; img_size=&#8221;medium&#8221; alignment=&#8221;center&#8221; onclick=&#8221;custom_link&#8221; img_link_target=&#8221;_blank&#8221; link=&#8221;https:\/\/jacquet-autocars.com\/wp-content\/uploads\/2025\/11\/Y02-OK-1.pdf&#8221; el_class=&#8221;lienversliste&#8221; title=&#8221;Bus Y02 &#8211; Annemasse \/ Samo\u00ebns \/ Sixt-Fer-\u00e0-Cheval&#8221;][\/vc_column][vc_column width=&#8221;1\/4&#8243;][vc_single_image image=&#8221;535972&#8243; img_size=&#8221;medium&#8221; alignment=&#8221;center&#8221; onclick=&#8221;custom_link&#8221; img_link_target=&#8221;_blank&#8221; link=&#8221;https:\/\/jacquet-autocars.com\/wp-content\/uploads\/2025\/11\/Y92-V4.pdf&#8221; el_class=&#8221;lienversliste&#8221; title=&#8221;Bus Y92 &#8211; Taninges \/ Les Gets \/ Morzine&#8221;][\/vc_column][vc_column width=&#8221;1\/4&#8243;][vc_single_image image=&#8221;603163&#8243; img_size=&#8221;medium&#8221; alignment=&#8221;center&#8221; onclick=&#8221;custom_link&#8221; img_link_target=&#8221;_blank&#8221; css=&#8221;&#8221; link=&#8221;https:\/\/explore.samoens.com\/en\/shops-and-services?search=bus%20stop%20Y94%20Y02&#8243; el_class=&#8221;lienversliste&#8221; title=&#8221;Locate the nearest Y94\/Y02 stop to your accommodation!&#8221;][\/vc_column][\/vc_row][vc_row][vc_column][vc_separator][\/vc_column][\/vc_row][vc_row][vc_column][vc_column_text]<\/p>\n<h2>Winter shuttles &#8211; Navettes du Giffre<\/h2>\n<p>[\/vc_column_text][\/vc_column][\/vc_row][vc_row][vc_column width=&#8221;1\/3&#8243;][vc_single_image image=&#8221;593568&#8243; img_size=&#8221;full&#8221; alignment=&#8221;center&#8221; onclick=&#8221;custom_link&#8221; img_link_target=&#8221;_blank&#8221; css=&#8221;&#8221; title=&#8221;2025-2026 SKIBUS Winter Shuttle map and timetables&#8221; link=&#8221;https:\/\/www.samoens.com\/wp-content\/uploads\/2026\/03\/Horaire-ski-bus-complet-a-partir-du-29-mars.pdf&#8221; el_class=&#8221;lienversliste&#8221;][\/vc_column][vc_column width=&#8221;1\/3&#8243;][vc_single_image image=&#8221;593592&#8243; img_size=&#8221;full&#8221; alignment=&#8221;center&#8221; onclick=&#8221;custom_link&#8221; img_link_target=&#8221;_blank&#8221; title=&#8221;Track your SKIBUS in real time!&#8221; link=&#8221;https:\/\/livemap.hubup.cloud\/JACQUET&#8221; el_class=&#8221;lienversliste&#8221;][\/vc_column][vc_column width=&#8221;1\/3&#8243;][vc_single_image image=&#8221;603166&#8243; img_size=&#8221;full&#8221; alignment=&#8221;center&#8221; onclick=&#8221;custom_link&#8221; img_link_target=&#8221;_blank&#8221; title=&#8221;Locate the nearest SKIBUS stop to your accommodation!&#8221; link=&#8221;https:\/\/explore.samoens.com\/en\/shops-and-services?search=skibus%20stop&#8221; el_class=&#8221;lienversliste&#8221;][\/vc_column][\/vc_row][vc_row][vc_column][vc_separator][\/vc_column][\/vc_row][vc_row][vc_column][vc_column_text]<\/p>\n<h2>Summer shuttles &#8211; Navettes du Giffre<\/h2>\n<p>[\/vc_column_text][\/vc_column][\/vc_row][vc_row][vc_column width=&#8221;1\/4&#8243;][vc_single_image image=&#8221;596980&#8243; img_size=&#8221;full&#8221; alignment=&#8221;center&#8221; onclick=&#8221;custom_link&#8221; img_link_target=&#8221;_blank&#8221; title=&#8221;2025 RANDO&#8217;BUS Summer Shuttle map and timetables (from 5 July to 31 August 2025)&#8221; link=&#8221;https:\/\/www.samoens.com\/wp-content\/uploads\/2025\/06\/Depliant-Navettes-du-Giffre_ete-2025.pdf&#8221; el_class=&#8221;lienversliste&#8221;][\/vc_column][vc_column width=&#8221;1\/4&#8243;][vc_single_image image=&#8221;596990&#8243; img_size=&#8221;full&#8221; alignment=&#8221;center&#8221; onclick=&#8221;custom_link&#8221; img_link_target=&#8221;_blank&#8221; title=&#8221;Track your RANDO&#8217;BUS in real time!&#8221; link=&#8221;https:\/\/www.agilbus.fr\/jacquet&#8221; el_class=&#8221;lienversliste&#8221;][\/vc_column][vc_column width=&#8221;1\/4&#8243;][vc_single_image image=&#8221;603163&#8243; img_size=&#8221;full&#8221; alignment=&#8221;center&#8221; onclick=&#8221;custom_link&#8221; img_link_target=&#8221;_blank&#8221; title=&#8221;Locate the nearest RANDO&#8217;BUS stop to your accommodation!&#8221; link=&#8221;https:\/\/explore.samoens.com\/en\/shops-and-services?search=rando%27bus%20stop&#8221; el_class=&#8221;lienversliste&#8221;][\/vc_column][vc_column width=&#8221;1\/4&#8243;][vc_single_image image=&#8221;590175&#8243; img_size=&#8221;medium&#8221; alignment=&#8221;center&#8221; onclick=&#8221;custom_link&#8221; img_link_target=&#8221;_blank&#8221; title=&#8221;2025 RANDO&#8217;BUS Summer Guide (ideas for hike+bus itineraries)&#8221; link=&#8221;https:\/\/www.samoens.com\/wp-content\/uploads\/2025\/08\/Guide-Rando-Bus-2025.pdf&#8221; el_class=&#8221;lienversliste&#8221;][\/vc_column][\/vc_row]<\/p>\n<\/div>","protected":false},"excerpt":{"rendered":"<p>[vc_row][vc_column][vc_column_text] Regional buses Winter (From 20 December 2025 to 19 April 2026) [\/vc_column_text][\/vc_column][\/vc_row][vc_row][vc_column width=&#8221;1\/4&#8243;][vc_single_image image=&#8221;535972&#8243; img_size=&#8221;medium&#8221; alignment=&#8221;center&#8221; onclick=&#8221;custom_link&#8221; img_link_target=&#8221;_blank&#8221; title=&#8221;Bus Y94 &#8211; Cluses \/ Samo\u00ebns \/ Sixt-Fer-\u00e0-Cheval&#8221; el_class=&#8221;lienversliste&#8221; link=&#8221;https:\/\/jacquet-autocars.com\/wp-content\/uploads\/2025\/11\/Y94-OK-1.pdf&#8221;][\/vc_column][vc_column width=&#8221;1\/4&#8243;][vc_single_image image=&#8221;535972&#8243; img_size=&#8221;medium&#8221; alignment=&#8221;center&#8221; onclick=&#8221;custom_link&#8221; img_link_target=&#8221;_blank&#8221; link=&#8221;https:\/\/jacquet-autocars.com\/wp-content\/uploads\/2025\/11\/Y02-OK-1.pdf&#8221; el_class=&#8221;lienversliste&#8221; title=&#8221;Bus Y02 &#8211; Annemasse \/ Samo\u00ebns \/ Sixt-Fer-\u00e0-Cheval&#8221;][\/vc_column][vc_column width=&#8221;1\/4&#8243;][vc_single_image image=&#8221;535972&#8243; img_size=&#8221;medium&#8221; alignment=&#8221;center&#8221; onclick=&#8221;custom_link&#8221; img_link_target=&#8221;_blank&#8221; link=&#8221;https:\/\/jacquet-autocars.com\/wp-content\/uploads\/2025\/11\/Y92-V4.pdf&#8221; el_class=&#8221;lienversliste&#8221; title=&#8221;Bus Y92 [&hellip;]<\/p>\n","protected":false},"author":2,"featured_media":535966,"parent":51338,"menu_order":2,"comment_status":"closed","ping_status":"closed","template":"","meta":{"_acf_changed":false,"footnotes":""},"class_list":["post-51328","page","type-page","status-publish","hentry"],"acf":[],"yoast_head":"<!-- This site is optimized with the Yoast SEO plugin v27.2 - https:\/\/yoast.com\/product\/yoast-seo-wordpress\/ -->\n<title>Bus and shuttle timetables Samo\u00ebns, station de ski et village authentique en Haute-Savoie<\/title>\n<meta name=\"robots\" content=\"index, follow, max-snippet:-1, max-image-preview:large, max-video-preview:-1\" \/>\n<link rel=\"canonical\" href=\"https:\/\/www.samoens.com\/en\/downloads\/bus-schedules-samoens\/\" \/>\n<meta property=\"og:locale\" content=\"en_US\" \/>\n<meta property=\"og:type\" content=\"article\" \/>\n<meta property=\"og:title\" content=\"Bus and shuttle timetables Samo\u00ebns, station de ski et village authentique en Haute-Savoie\" \/>\n<meta property=\"og:description\" content=\"[vc_row][vc_column][vc_column_text] Regional buses Winter (From 20 December 2025 to 19 April 2026) [\/vc_column_text][\/vc_column][\/vc_row][vc_row][vc_column width=&#8221;1\/4&#8243;][vc_single_image image=&#8221;535972&#8243; img_size=&#8221;medium&#8221; alignment=&#8221;center&#8221; onclick=&#8221;custom_link&#8221; img_link_target=&#8221;_blank&#8221; title=&#8221;Bus Y94 &#8211; Cluses \/ Samo\u00ebns \/ Sixt-Fer-\u00e0-Cheval&#8221; el_class=&#8221;lienversliste&#8221; link=&#8221;https:\/\/jacquet-autocars.com\/wp-content\/uploads\/2025\/11\/Y94-OK-1.pdf&#8221;][\/vc_column][vc_column width=&#8221;1\/4&#8243;][vc_single_image image=&#8221;535972&#8243; img_size=&#8221;medium&#8221; alignment=&#8221;center&#8221; onclick=&#8221;custom_link&#8221; img_link_target=&#8221;_blank&#8221; link=&#8221;https:\/\/jacquet-autocars.com\/wp-content\/uploads\/2025\/11\/Y02-OK-1.pdf&#8221; el_class=&#8221;lienversliste&#8221; title=&#8221;Bus Y02 &#8211; Annemasse \/ Samo\u00ebns \/ Sixt-Fer-\u00e0-Cheval&#8221;][\/vc_column][vc_column width=&#8221;1\/4&#8243;][vc_single_image image=&#8221;535972&#8243; img_size=&#8221;medium&#8221; alignment=&#8221;center&#8221; onclick=&#8221;custom_link&#8221; img_link_target=&#8221;_blank&#8221; link=&#8221;https:\/\/jacquet-autocars.com\/wp-content\/uploads\/2025\/11\/Y92-V4.pdf&#8221; el_class=&#8221;lienversliste&#8221; title=&#8221;Bus Y92 [&hellip;]\" \/>\n<meta property=\"og:url\" content=\"https:\/\/www.samoens.com\/en\/downloads\/bus-schedules-samoens\/\" \/>\n<meta property=\"og:site_name\" content=\"Samo\u00ebns, station de ski et village authentique en Haute-Savoie\" \/>\n<meta property=\"article:modified_time\" content=\"2026-03-29T07:18:34+00:00\" \/>\n<meta property=\"og:image\" content=\"https:\/\/www.samoens.com\/wp-content\/uploads\/2021\/06\/906-Samoens-0063-scaled.jpg\" \/>\n\t<meta property=\"og:image:width\" content=\"2560\" \/>\n\t<meta property=\"og:image:height\" content=\"1707\" \/>\n\t<meta property=\"og:image:type\" content=\"image\/jpeg\" \/>\n<meta name=\"twitter:card\" content=\"summary_large_image\" \/>\n<meta name=\"twitter:label1\" content=\"Est. reading time\" \/>\n\t<meta name=\"twitter:data1\" content=\"1 minute\" \/>\n<script type=\"application\/ld+json\" class=\"yoast-schema-graph\">{\"@context\":\"https:\/\/schema.org\",\"@graph\":[{\"@type\":\"WebPage\",\"@id\":\"https:\/\/www.samoens.com\/en\/downloads\/bus-schedules-samoens\/\",\"url\":\"https:\/\/www.samoens.com\/en\/downloads\/bus-schedules-samoens\/\",\"name\":\"Bus and shuttle timetables Samo\u00ebns, station de ski et village authentique en Haute-Savoie\",\"isPartOf\":{\"@id\":\"https:\/\/www.samoens.com\/#website\"},\"primaryImageOfPage\":{\"@id\":\"https:\/\/www.samoens.com\/en\/downloads\/bus-schedules-samoens\/#primaryimage\"},\"image\":{\"@id\":\"https:\/\/www.samoens.com\/en\/downloads\/bus-schedules-samoens\/#primaryimage\"},\"thumbnailUrl\":\"https:\/\/www.samoens.com\/wp-content\/uploads\/2021\/06\/906-Samoens-0063-scaled.jpg\",\"datePublished\":\"2019-09-19T10:17:47+00:00\",\"dateModified\":\"2026-03-29T07:18:34+00:00\",\"breadcrumb\":{\"@id\":\"https:\/\/www.samoens.com\/en\/downloads\/bus-schedules-samoens\/#breadcrumb\"},\"inLanguage\":\"en-US\",\"potentialAction\":[{\"@type\":\"ReadAction\",\"target\":[\"https:\/\/www.samoens.com\/en\/downloads\/bus-schedules-samoens\/\"]}]},{\"@type\":\"ImageObject\",\"inLanguage\":\"en-US\",\"@id\":\"https:\/\/www.samoens.com\/en\/downloads\/bus-schedules-samoens\/#primaryimage\",\"url\":\"https:\/\/www.samoens.com\/wp-content\/uploads\/2021\/06\/906-Samoens-0063-scaled.jpg\",\"contentUrl\":\"https:\/\/www.samoens.com\/wp-content\/uploads\/2021\/06\/906-Samoens-0063-scaled.jpg\",\"width\":2560,\"height\":1707,\"caption\":\"Navettes ski bus\"},{\"@type\":\"BreadcrumbList\",\"@id\":\"https:\/\/www.samoens.com\/en\/downloads\/bus-schedules-samoens\/#breadcrumb\",\"itemListElement\":[{\"@type\":\"ListItem\",\"position\":1,\"name\":\"Accueil\",\"item\":\"https:\/\/www.samoens.com\/en\/\"},{\"@type\":\"ListItem\",\"position\":2,\"name\":\"Downloads\",\"item\":\"https:\/\/www.samoens.com\/en\/downloads\/\"},{\"@type\":\"ListItem\",\"position\":3,\"name\":\"Bus and shuttle timetables\"}]},{\"@type\":\"WebSite\",\"@id\":\"https:\/\/www.samoens.com\/#website\",\"url\":\"https:\/\/www.samoens.com\/\",\"name\":\"Samo\u00ebns, station de ski et village authentique en Haute-Savoie\",\"description\":\"Nich\u00e9e au coeur du domaine skiable du Grand Massif et \u00e0 moins d&#039;1h de Gen\u00e8ve, Samo\u00ebns rendra vos vacances inoubliables en \u00e9t\u00e9 comme en hiver\",\"potentialAction\":[{\"@type\":\"SearchAction\",\"target\":{\"@type\":\"EntryPoint\",\"urlTemplate\":\"https:\/\/www.samoens.com\/?s={search_term_string}\"},\"query-input\":{\"@type\":\"PropertyValueSpecification\",\"valueRequired\":true,\"valueName\":\"search_term_string\"}}],\"inLanguage\":\"en-US\"}]}<\/script>\n<!-- \/ Yoast SEO plugin. -->","yoast_head_json":{"title":"Bus and shuttle timetables Samo\u00ebns, station de ski et village authentique en Haute-Savoie","robots":{"index":"index","follow":"follow","max-snippet":"max-snippet:-1","max-image-preview":"max-image-preview:large","max-video-preview":"max-video-preview:-1"},"canonical":"https:\/\/www.samoens.com\/en\/downloads\/bus-schedules-samoens\/","og_locale":"en_US","og_type":"article","og_title":"Bus and shuttle timetables Samo\u00ebns, station de ski et village authentique en Haute-Savoie","og_description":"[vc_row][vc_column][vc_column_text] Regional buses Winter (From 20 December 2025 to 19 April 2026) [\/vc_column_text][\/vc_column][\/vc_row][vc_row][vc_column width=&#8221;1\/4&#8243;][vc_single_image image=&#8221;535972&#8243; img_size=&#8221;medium&#8221; alignment=&#8221;center&#8221; onclick=&#8221;custom_link&#8221; img_link_target=&#8221;_blank&#8221; title=&#8221;Bus Y94 &#8211; Cluses \/ Samo\u00ebns \/ Sixt-Fer-\u00e0-Cheval&#8221; el_class=&#8221;lienversliste&#8221; link=&#8221;https:\/\/jacquet-autocars.com\/wp-content\/uploads\/2025\/11\/Y94-OK-1.pdf&#8221;][\/vc_column][vc_column width=&#8221;1\/4&#8243;][vc_single_image image=&#8221;535972&#8243; img_size=&#8221;medium&#8221; alignment=&#8221;center&#8221; onclick=&#8221;custom_link&#8221; img_link_target=&#8221;_blank&#8221; link=&#8221;https:\/\/jacquet-autocars.com\/wp-content\/uploads\/2025\/11\/Y02-OK-1.pdf&#8221; el_class=&#8221;lienversliste&#8221; title=&#8221;Bus Y02 &#8211; Annemasse \/ Samo\u00ebns \/ Sixt-Fer-\u00e0-Cheval&#8221;][\/vc_column][vc_column width=&#8221;1\/4&#8243;][vc_single_image image=&#8221;535972&#8243; img_size=&#8221;medium&#8221; alignment=&#8221;center&#8221; onclick=&#8221;custom_link&#8221; img_link_target=&#8221;_blank&#8221; link=&#8221;https:\/\/jacquet-autocars.com\/wp-content\/uploads\/2025\/11\/Y92-V4.pdf&#8221; el_class=&#8221;lienversliste&#8221; title=&#8221;Bus Y92 [&hellip;]","og_url":"https:\/\/www.samoens.com\/en\/downloads\/bus-schedules-samoens\/","og_site_name":"Samo\u00ebns, station de ski et village authentique en Haute-Savoie","article_modified_time":"2026-03-29T07:18:34+00:00","og_image":[{"width":2560,"height":1707,"url":"https:\/\/www.samoens.com\/wp-content\/uploads\/2021\/06\/906-Samoens-0063-scaled.jpg","type":"image\/jpeg"}],"twitter_card":"summary_large_image","twitter_misc":{"Est. reading time":"1 minute"},"schema":{"@context":"https:\/\/schema.org","@graph":[{"@type":"WebPage","@id":"https:\/\/www.samoens.com\/en\/downloads\/bus-schedules-samoens\/","url":"https:\/\/www.samoens.com\/en\/downloads\/bus-schedules-samoens\/","name":"Bus and shuttle timetables Samo\u00ebns, station de ski et village authentique en Haute-Savoie","isPartOf":{"@id":"https:\/\/www.samoens.com\/#website"},"primaryImageOfPage":{"@id":"https:\/\/www.samoens.com\/en\/downloads\/bus-schedules-samoens\/#primaryimage"},"image":{"@id":"https:\/\/www.samoens.com\/en\/downloads\/bus-schedules-samoens\/#primaryimage"},"thumbnailUrl":"https:\/\/www.samoens.com\/wp-content\/uploads\/2021\/06\/906-Samoens-0063-scaled.jpg","datePublished":"2019-09-19T10:17:47+00:00","dateModified":"2026-03-29T07:18:34+00:00","breadcrumb":{"@id":"https:\/\/www.samoens.com\/en\/downloads\/bus-schedules-samoens\/#breadcrumb"},"inLanguage":"en-US","potentialAction":[{"@type":"ReadAction","target":["https:\/\/www.samoens.com\/en\/downloads\/bus-schedules-samoens\/"]}]},{"@type":"ImageObject","inLanguage":"en-US","@id":"https:\/\/www.samoens.com\/en\/downloads\/bus-schedules-samoens\/#primaryimage","url":"https:\/\/www.samoens.com\/wp-content\/uploads\/2021\/06\/906-Samoens-0063-scaled.jpg","contentUrl":"https:\/\/www.samoens.com\/wp-content\/uploads\/2021\/06\/906-Samoens-0063-scaled.jpg","width":2560,"height":1707,"caption":"Navettes ski bus"},{"@type":"BreadcrumbList","@id":"https:\/\/www.samoens.com\/en\/downloads\/bus-schedules-samoens\/#breadcrumb","itemListElement":[{"@type":"ListItem","position":1,"name":"Accueil","item":"https:\/\/www.samoens.com\/en\/"},{"@type":"ListItem","position":2,"name":"Downloads","item":"https:\/\/www.samoens.com\/en\/downloads\/"},{"@type":"ListItem","position":3,"name":"Bus and shuttle timetables"}]},{"@type":"WebSite","@id":"https:\/\/www.samoens.com\/#website","url":"https:\/\/www.samoens.com\/","name":"Samo\u00ebns, station de ski et village authentique en Haute-Savoie","description":"Nich\u00e9e au coeur du domaine skiable du Grand Massif et \u00e0 moins d&#039;1h de Gen\u00e8ve, Samo\u00ebns rendra vos vacances inoubliables en \u00e9t\u00e9 comme en hiver","potentialAction":[{"@type":"SearchAction","target":{"@type":"EntryPoint","urlTemplate":"https:\/\/www.samoens.com\/?s={search_term_string}"},"query-input":{"@type":"PropertyValueSpecification","valueRequired":true,"valueName":"search_term_string"}}],"inLanguage":"en-US"}]}},"_links":{"self":[{"href":"https:\/\/www.samoens.com\/en\/wp-json\/wp\/v2\/pages\/51328","targetHints":{"allow":["GET"]}}],"collection":[{"href":"https:\/\/www.samoens.com\/en\/wp-json\/wp\/v2\/pages"}],"about":[{"href":"https:\/\/www.samoens.com\/en\/wp-json\/wp\/v2\/types\/page"}],"author":[{"embeddable":true,"href":"https:\/\/www.samoens.com\/en\/wp-json\/wp\/v2\/users\/2"}],"replies":[{"embeddable":true,"href":"https:\/\/www.samoens.com\/en\/wp-json\/wp\/v2\/comments?post=51328"}],"version-history":[{"count":7,"href":"https:\/\/www.samoens.com\/en\/wp-json\/wp\/v2\/pages\/51328\/revisions"}],"predecessor-version":[{"id":607043,"href":"https:\/\/www.samoens.com\/en\/wp-json\/wp\/v2\/pages\/51328\/revisions\/607043"}],"up":[{"embeddable":true,"href":"https:\/\/www.samoens.com\/en\/wp-json\/wp\/v2\/pages\/51338"}],"wp:featuredmedia":[{"embeddable":true,"href":"https:\/\/www.samoens.com\/en\/wp-json\/wp\/v2\/media\/535966"}],"wp:attachment":[{"href":"https:\/\/www.samoens.com\/en\/wp-json\/wp\/v2\/media?parent=51328"}],"curies":[{"name":"wp","href":"https:\/\/api.w.org\/{rel}","templated":true}]}}