{"id":51305,"date":"2019-09-11T17:14:58","date_gmt":"2019-09-11T15:14:58","guid":{"rendered":"https:\/\/www.samoens.com\/activites-famille\/"},"modified":"2024-07-26T16:25:56","modified_gmt":"2024-07-26T14:25:56","slug":"activites-famille","status":"publish","type":"page","link":"https:\/\/www.samoens.com\/en\/activities-in-samoens\/summer-activities-2\/activites-famille\/","title":{"rendered":"Family Activities"},"content":{"rendered":"<div class=\"wpb-content-wrapper\"><p>[vc_row][vc_column][vc_column_text]<\/p>\n<h2>AN UNFORGETTABLE HOLIDAY WITH A FAMILY REUNION IN SAMO\u00cbNS<\/h2>\n<h2 class=\"chapeau\"><span id=\"s2_1\">Charming mountain village inhabited all year round, Samo\u00ebns is also a family resort that offers visitors many summer activities, to entertain with family during and after the activities of the day.<\/span><br \/>\n<span id=\"s2_2\">Holidays, more than ever, will be synonymous with reunion and fresh air!<\/span>\u00a0<span id=\"s2_3\">The holidays will be an opportunity to spend time with your family, experience unique moments, discover new activities and enjoy the great outdoors.<\/span><br \/>\n<span id=\"s2_4\">And to live an unforgettable holiday, head to Samo\u00ebns, a village in Haute-Savoie full of charm and history.<\/span>\u00a0<span id=\"s2_5\">Overlooked by the circus of Sixt-Fer-Cheval, the Criou or the Col de Joux Plane, it is the ideal destination to blow, change ideas and enjoy the great outdoors.<\/span><\/h2>\n<h2 class=\"chapeau\">A LEISURE BASE IN THE MOUNTAINS AND CULTURAL ACTIVITIES<\/h2>\n<h2 class=\"chapeau\"><span id=\"s2_1\">During the day, during the summer, enjoy the leisure base and the swimming pool of Samo\u00ebns.<\/span>\u00a0<span id=\"s2_2\">A leisure centre full of activities for young and old alike: tennis courts, p\u00e9tanque courts, this magical place, is also home to one of the most important cultural, sports and congress centres in Haute-Savoie: the Bois aux Dames area.<\/span>\u00a0<span id=\"s2_3\">In addition to its facilities, the centre hosts the most important events in the region.<\/span>\u00a0<span id=\"s2_4\">For a relaxing moment with the family, the cinema Le Criou offers two daily screenings with the main films of the moment.<\/span>\u00a0<span id=\"s2_5\">Finally, the municipal media library is a friendly cultural space open all year round to all audiences.<\/span>\u00a0<span id=\"s2_6\">Animations are regularly organized in partnership with the association Criou Livres.<\/span><\/h2>\n<p>[\/vc_column_text][\/vc_column][\/vc_row][vc_row][vc_column width=&#8221;1\/3&#8243;][vc_single_image image=&#8221;50577&#8243; img_size=&#8221;medium&#8221; alignment=&#8221;center&#8221; onclick=&#8221;custom_link&#8221; img_link_target=&#8221;_blank&#8221; title=&#8221;ITINERARIES FOR WALKS&#8221; link=&#8221;https:\/\/www.valleeduhautgiffre.fr\/randonn%C3%A9e\/randos-faciles\/&#8221; el_class=&#8221;lienversliste&#8221;][vc_single_image image=&#8221;50972&#8243; img_size=&#8221;medium&#8221; alignment=&#8221;center&#8221; onclick=&#8221;custom_link&#8221; img_link_target=&#8221;_blank&#8221; title=&#8221;PETANQUE&#8221; link=&#8221;https:\/\/www.samoens.com\/en\/bowling\/&#8221; el_class=&#8221;lienversliste&#8221;][vc_single_image image=&#8221;50616&#8243; img_size=&#8221;medium&#8221; alignment=&#8221;center&#8221; onclick=&#8221;custom_link&#8221; title=&#8221;Media Library&#8221; el_class=&#8221;lienversliste&#8221; link=&#8221;https:\/\/www.samoens.com\/en\/articles_apidae\/francois-desarnod-municipal-media-library\/&#8221;][vc_single_image image=&#8221;50619&#8243; img_size=&#8221;medium&#8221; alignment=&#8221;center&#8221; onclick=&#8221;custom_link&#8221; title=&#8221;Baby equipment rental&#8221; el_class=&#8221;lienversliste&#8221; link=&#8221;https:\/\/www.samoens.com\/articles_apidae\/location-materiel-bebe\/&#8221;][vc_single_image image=&#8221;50622&#8243; img_size=&#8221;medium&#8221; alignment=&#8221;center&#8221; onclick=&#8221;custom_link&#8221; img_link_target=&#8221;_blank&#8221; title=&#8221;Swimming pool&#8221; el_class=&#8221;lienversliste&#8221; link=&#8221;https:\/\/www.samoens.com\/en\/fiches-uniques-en\/swimming-pool-2\/&#8221;][vc_single_image image=&#8221;413303&#8243; img_size=&#8221;medium&#8221; alignment=&#8221;center&#8221; onclick=&#8221;custom_link&#8221; img_link_target=&#8221;_blank&#8221; title=&#8221;golf course on water&#8221; link=&#8221;https:\/\/www.samoens.com\/en\/articles_apidae\/practice-tee-over-water-and-practice-green\/&#8221; el_class=&#8221;lienversliste&#8221;][vc_single_image image=&#8221;413332&#8243; img_size=&#8221;medium&#8221; alignment=&#8221;center&#8221; onclick=&#8221;custom_link&#8221; img_link_target=&#8221;_blank&#8221; title=&#8221;TENNIS&#8221; link=&#8221;https:\/\/www.samoens.com\/en\/summer-activities-2\/activites-famille\/tennis\/&#8221; el_class=&#8221;lienversliste&#8221;][\/vc_column][vc_column width=&#8221;1\/3&#8243;][vc_single_image image=&#8221;413329&#8243; img_size=&#8221;medium&#8221; alignment=&#8221;center&#8221; onclick=&#8221;custom_link&#8221; title=&#8221;Little train&#8221; el_class=&#8221;lienversliste&#8221; link=&#8221;https:\/\/www.samoens.com\/en\/articles_apidae\/septitrain-tourist-train\/&#8221;][vc_single_image image=&#8221;50629&#8243; img_size=&#8221;medium&#8221; alignment=&#8221;center&#8221; onclick=&#8221;custom_link&#8221; title=&#8221;Cin\u00e9ma&#8221; el_class=&#8221;lienversliste&#8221; link=&#8221;https:\/\/www.samoens.com\/en\/articles_apidae\/le-criou-cinema\/&#8221;][vc_single_image image=&#8221;50633&#8243; img_size=&#8221;medium&#8221; alignment=&#8221;center&#8221; onclick=&#8221;custom_link&#8221; title=&#8221;Paintball&#8221; el_class=&#8221;lienversliste&#8221; link=&#8221;https:\/\/www.samoens.com\/en\/articles_apidae\/paintball\/&#8221;][vc_single_image image=&#8221;413306&#8243; img_size=&#8221;medium&#8221; alignment=&#8221;center&#8221; onclick=&#8221;custom_link&#8221; img_link_target=&#8221;_blank&#8221; title=&#8221;DISC GOLF&#8221; link=&#8221;https:\/\/www.samoens.com\/en\/articles_apidae\/disc-golf-2\/&#8221; el_class=&#8221;lienversliste&#8221;][vc_single_image image=&#8221;50957&#8243; img_size=&#8221;medium&#8221; alignment=&#8221;center&#8221; onclick=&#8221;custom_link&#8221; img_link_target=&#8221;_blank&#8221; title=&#8221;LASER GAME&#8221; link=&#8221;https:\/\/www.samoens.com\/en\/fiches-uniques-en\/outdoor-laser-game\/&#8221; el_class=&#8221;lienversliste&#8221;][vc_single_image image=&#8221;413323&#8243; img_size=&#8221;medium&#8221; alignment=&#8221;center&#8221; onclick=&#8221;custom_link&#8221; img_link_target=&#8221;_blank&#8221; title=&#8221;MANEGE&#8221; link=&#8221;https:\/\/www.samoens.com\/en\/fiches-uniques-en\/carousel\/&#8221; el_class=&#8221;lienversliste&#8221;][vc_single_image image=&#8221;413326&#8243; img_size=&#8221;medium&#8221; alignment=&#8221;center&#8221; onclick=&#8221;custom_link&#8221; img_link_target=&#8221;_blank&#8221; title=&#8221;ADVENTURE COURSE&#8221; link=&#8221;https:\/\/www.samoens.com\/en\/articles_apidae\/indiana-parc-adventure-park\/&#8221; el_class=&#8221;lienversliste&#8221;][\/vc_column][vc_column width=&#8221;1\/3&#8243;][vc_single_image image=&#8221;50636&#8243; img_size=&#8221;medium&#8221; alignment=&#8221;center&#8221; onclick=&#8221;custom_link&#8221; title=&#8221;Coin change baby&#8221; el_class=&#8221;lienversliste&#8221;][vc_single_image image=&#8221;50639&#8243; img_size=&#8221;medium&#8221; alignment=&#8221;center&#8221; onclick=&#8221;custom_link&#8221; img_link_target=&#8221;_blank&#8221; title=&#8221;Leisure Centre&#8221; el_class=&#8221;lienversliste&#8221; link=&#8221;https:\/\/www.samoens.com\/en\/articles_apidae\/lac-aux-dames-leisure-centre-in-summer\/&#8221;][vc_single_image image=&#8221;51166&#8243; img_size=&#8221;medium&#8221; alignment=&#8221;center&#8221; onclick=&#8221;custom_link&#8221; img_link_target=&#8221;_blank&#8221; title=&#8221;leisure centre&#8221; link=&#8221;https:\/\/www.samoens.com\/en\/articles_apidae\/childrens-outdoor-activity-centre\/&#8221; el_class=&#8221;lienversliste&#8221;][vc_single_image image=&#8221;413309&#8243; img_size=&#8221;medium&#8221; alignment=&#8221;center&#8221; onclick=&#8221;custom_link&#8221; img_link_target=&#8221;_blank&#8221; title=&#8221;ESCAPE GAME&#8221; link=&#8221;https:\/\/www.samoens.com\/en\/articles_apidae\/trip-game-escape-game-outdoor-2\/&#8221; el_class=&#8221;lienversliste&#8221;][vc_single_image image=&#8221;413320&#8243; img_size=&#8221;medium&#8221; alignment=&#8221;center&#8221; onclick=&#8221;custom_link&#8221; img_link_target=&#8221;_blank&#8221; title=&#8221;PONY RIDE&#8221; el_class=&#8221;lienversliste&#8221; link=&#8221;https:\/\/www.samoens.com\/en\/articles_apidae\/outings-with-pony-and-horse\/&#8221;][vc_single_image image=&#8221;50969&#8243; img_size=&#8221;medium&#8221; alignment=&#8221;center&#8221; onclick=&#8221;custom_link&#8221; img_link_target=&#8221;_blank&#8221; title=&#8221;ROSALIA&#8221; link=&#8221;https:\/\/www.samoens.com\/en\/rosalie\/&#8221; el_class=&#8221;lienversliste&#8221;][vc_single_image image=&#8221;181&#8243; img_size=&#8221;medium&#8221; alignment=&#8221;center&#8221; onclick=&#8221;custom_link&#8221; img_link_target=&#8221;_blank&#8221; title=&#8221;PICNIC AREAS&#8221; link=&#8221;https:\/\/www.samoens.com\/en\/articles_apidae\/ladies-lake-picnic-area\/&#8221; el_class=&#8221;lienversliste&#8221;][\/vc_column][\/vc_row]<\/p>\n<\/div>","protected":false},"excerpt":{"rendered":"<p>[vc_row][vc_column][vc_column_text] AN UNFORGETTABLE HOLIDAY WITH A FAMILY REUNION IN SAMO\u00cbNS Charming mountain village inhabited all year round, Samo\u00ebns is also a family resort that offers visitors many summer activities, to entertain with family during and after the activities of the day. Holidays, more than ever, will be synonymous with reunion and fresh air!\u00a0The holidays will [&hellip;]<\/p>\n","protected":false},"author":2,"featured_media":67829,"parent":415817,"menu_order":4,"comment_status":"open","ping_status":"closed","template":"","meta":{"_acf_changed":false,"footnotes":""},"class_list":["post-51305","page","type-page","status-publish","hentry"],"acf":[],"yoast_head":"<!-- This site is optimized with the Yoast SEO plugin v27.4 - https:\/\/yoast.com\/product\/yoast-seo-wordpress\/ -->\n<title>Family Activities Samo\u00ebns, station de ski et village authentique en Haute-Savoie<\/title>\n<meta name=\"robots\" content=\"index, follow, max-snippet:-1, max-image-preview:large, max-video-preview:-1\" \/>\n<link rel=\"canonical\" href=\"https:\/\/www.samoens.com\/en\/activities-in-samoens\/summer-activities-2\/activites-famille\/\" \/>\n<meta property=\"og:locale\" content=\"en_US\" \/>\n<meta property=\"og:type\" content=\"article\" \/>\n<meta property=\"og:title\" content=\"Family Activities Samo\u00ebns, station de ski et village authentique en Haute-Savoie\" \/>\n<meta property=\"og:description\" content=\"[vc_row][vc_column][vc_column_text] AN UNFORGETTABLE HOLIDAY WITH A FAMILY REUNION IN SAMO\u00cbNS Charming mountain village inhabited all year round, Samo\u00ebns is also a family resort that offers visitors many summer activities, to entertain with family during and after the activities of the day. Holidays, more than ever, will be synonymous with reunion and fresh air!\u00a0The holidays will [&hellip;]\" \/>\n<meta property=\"og:url\" content=\"https:\/\/www.samoens.com\/en\/activities-in-samoens\/summer-activities-2\/activites-famille\/\" \/>\n<meta property=\"og:site_name\" content=\"Samo\u00ebns, station de ski et village authentique en Haute-Savoie\" \/>\n<meta property=\"article:modified_time\" content=\"2024-07-26T14:25:56+00:00\" \/>\n<meta property=\"og:image\" content=\"https:\/\/www.samoens.com\/wp-content\/uploads\/2019\/10\/Lac-aux-dames-@Christian-Martelet.jpg\" \/>\n\t<meta property=\"og:image:width\" content=\"3543\" \/>\n\t<meta property=\"og:image:height\" content=\"891\" \/>\n\t<meta property=\"og:image:type\" content=\"image\/jpeg\" \/>\n<meta name=\"twitter:card\" content=\"summary_large_image\" \/>\n<meta name=\"twitter:label1\" content=\"Est. reading time\" \/>\n\t<meta name=\"twitter:data1\" content=\"2 minutes\" \/>\n<script type=\"application\/ld+json\" class=\"yoast-schema-graph\">{\"@context\":\"https:\\\/\\\/schema.org\",\"@graph\":[{\"@type\":\"WebPage\",\"@id\":\"https:\\\/\\\/www.samoens.com\\\/en\\\/activities-in-samoens\\\/summer-activities-2\\\/activites-famille\\\/\",\"url\":\"https:\\\/\\\/www.samoens.com\\\/en\\\/activities-in-samoens\\\/summer-activities-2\\\/activites-famille\\\/\",\"name\":\"Family Activities Samo\u00ebns, station de ski et village authentique en Haute-Savoie\",\"isPartOf\":{\"@id\":\"https:\\\/\\\/www.samoens.com\\\/#website\"},\"primaryImageOfPage\":{\"@id\":\"https:\\\/\\\/www.samoens.com\\\/en\\\/activities-in-samoens\\\/summer-activities-2\\\/activites-famille\\\/#primaryimage\"},\"image\":{\"@id\":\"https:\\\/\\\/www.samoens.com\\\/en\\\/activities-in-samoens\\\/summer-activities-2\\\/activites-famille\\\/#primaryimage\"},\"thumbnailUrl\":\"https:\\\/\\\/www.samoens.com\\\/wp-content\\\/uploads\\\/2019\\\/10\\\/Lac-aux-dames-@Christian-Martelet.jpg\",\"datePublished\":\"2019-09-11T15:14:58+00:00\",\"dateModified\":\"2024-07-26T14:25:56+00:00\",\"breadcrumb\":{\"@id\":\"https:\\\/\\\/www.samoens.com\\\/en\\\/activities-in-samoens\\\/summer-activities-2\\\/activites-famille\\\/#breadcrumb\"},\"inLanguage\":\"en-US\",\"potentialAction\":[{\"@type\":\"ReadAction\",\"target\":[\"https:\\\/\\\/www.samoens.com\\\/en\\\/activities-in-samoens\\\/summer-activities-2\\\/activites-famille\\\/\"]}]},{\"@type\":\"ImageObject\",\"inLanguage\":\"en-US\",\"@id\":\"https:\\\/\\\/www.samoens.com\\\/en\\\/activities-in-samoens\\\/summer-activities-2\\\/activites-famille\\\/#primaryimage\",\"url\":\"https:\\\/\\\/www.samoens.com\\\/wp-content\\\/uploads\\\/2019\\\/10\\\/Lac-aux-dames-@Christian-Martelet.jpg\",\"contentUrl\":\"https:\\\/\\\/www.samoens.com\\\/wp-content\\\/uploads\\\/2019\\\/10\\\/Lac-aux-dames-@Christian-Martelet.jpg\",\"width\":3543,\"height\":891},{\"@type\":\"BreadcrumbList\",\"@id\":\"https:\\\/\\\/www.samoens.com\\\/en\\\/activities-in-samoens\\\/summer-activities-2\\\/activites-famille\\\/#breadcrumb\",\"itemListElement\":[{\"@type\":\"ListItem\",\"position\":1,\"name\":\"Accueil\",\"item\":\"https:\\\/\\\/www.samoens.com\\\/en\\\/\"},{\"@type\":\"ListItem\",\"position\":2,\"name\":\"Summer activities\",\"item\":\"https:\\\/\\\/www.samoens.com\\\/en\\\/activities-in-samoens\\\/summer-activities-2\\\/\"},{\"@type\":\"ListItem\",\"position\":3,\"name\":\"Activities in Samo\u00ebns\",\"item\":\"https:\\\/\\\/www.samoens.com\\\/en\\\/activities-in-samoens\\\/\"},{\"@type\":\"ListItem\",\"position\":4,\"name\":\"Family Activities\"}]},{\"@type\":\"WebSite\",\"@id\":\"https:\\\/\\\/www.samoens.com\\\/#website\",\"url\":\"https:\\\/\\\/www.samoens.com\\\/\",\"name\":\"Samo\u00ebns, station de ski et village authentique en Haute-Savoie\",\"description\":\"Nich\u00e9e au coeur du domaine skiable du Grand Massif et \u00e0 moins d&#039;1h de Gen\u00e8ve, Samo\u00ebns rendra vos vacances inoubliables en \u00e9t\u00e9 comme en hiver\",\"potentialAction\":[{\"@type\":\"SearchAction\",\"target\":{\"@type\":\"EntryPoint\",\"urlTemplate\":\"https:\\\/\\\/www.samoens.com\\\/?s={search_term_string}\"},\"query-input\":{\"@type\":\"PropertyValueSpecification\",\"valueRequired\":true,\"valueName\":\"search_term_string\"}}],\"inLanguage\":\"en-US\"}]}<\/script>\n<!-- \/ Yoast SEO plugin. -->","yoast_head_json":{"title":"Family Activities Samo\u00ebns, station de ski et village authentique en Haute-Savoie","robots":{"index":"index","follow":"follow","max-snippet":"max-snippet:-1","max-image-preview":"max-image-preview:large","max-video-preview":"max-video-preview:-1"},"canonical":"https:\/\/www.samoens.com\/en\/activities-in-samoens\/summer-activities-2\/activites-famille\/","og_locale":"en_US","og_type":"article","og_title":"Family Activities Samo\u00ebns, station de ski et village authentique en Haute-Savoie","og_description":"[vc_row][vc_column][vc_column_text] AN UNFORGETTABLE HOLIDAY WITH A FAMILY REUNION IN SAMO\u00cbNS Charming mountain village inhabited all year round, Samo\u00ebns is also a family resort that offers visitors many summer activities, to entertain with family during and after the activities of the day. Holidays, more than ever, will be synonymous with reunion and fresh air!\u00a0The holidays will [&hellip;]","og_url":"https:\/\/www.samoens.com\/en\/activities-in-samoens\/summer-activities-2\/activites-famille\/","og_site_name":"Samo\u00ebns, station de ski et village authentique en Haute-Savoie","article_modified_time":"2024-07-26T14:25:56+00:00","og_image":[{"width":3543,"height":891,"url":"https:\/\/www.samoens.com\/wp-content\/uploads\/2019\/10\/Lac-aux-dames-@Christian-Martelet.jpg","type":"image\/jpeg"}],"twitter_card":"summary_large_image","twitter_misc":{"Est. reading time":"2 minutes"},"schema":{"@context":"https:\/\/schema.org","@graph":[{"@type":"WebPage","@id":"https:\/\/www.samoens.com\/en\/activities-in-samoens\/summer-activities-2\/activites-famille\/","url":"https:\/\/www.samoens.com\/en\/activities-in-samoens\/summer-activities-2\/activites-famille\/","name":"Family Activities Samo\u00ebns, station de ski et village authentique en Haute-Savoie","isPartOf":{"@id":"https:\/\/www.samoens.com\/#website"},"primaryImageOfPage":{"@id":"https:\/\/www.samoens.com\/en\/activities-in-samoens\/summer-activities-2\/activites-famille\/#primaryimage"},"image":{"@id":"https:\/\/www.samoens.com\/en\/activities-in-samoens\/summer-activities-2\/activites-famille\/#primaryimage"},"thumbnailUrl":"https:\/\/www.samoens.com\/wp-content\/uploads\/2019\/10\/Lac-aux-dames-@Christian-Martelet.jpg","datePublished":"2019-09-11T15:14:58+00:00","dateModified":"2024-07-26T14:25:56+00:00","breadcrumb":{"@id":"https:\/\/www.samoens.com\/en\/activities-in-samoens\/summer-activities-2\/activites-famille\/#breadcrumb"},"inLanguage":"en-US","potentialAction":[{"@type":"ReadAction","target":["https:\/\/www.samoens.com\/en\/activities-in-samoens\/summer-activities-2\/activites-famille\/"]}]},{"@type":"ImageObject","inLanguage":"en-US","@id":"https:\/\/www.samoens.com\/en\/activities-in-samoens\/summer-activities-2\/activites-famille\/#primaryimage","url":"https:\/\/www.samoens.com\/wp-content\/uploads\/2019\/10\/Lac-aux-dames-@Christian-Martelet.jpg","contentUrl":"https:\/\/www.samoens.com\/wp-content\/uploads\/2019\/10\/Lac-aux-dames-@Christian-Martelet.jpg","width":3543,"height":891},{"@type":"BreadcrumbList","@id":"https:\/\/www.samoens.com\/en\/activities-in-samoens\/summer-activities-2\/activites-famille\/#breadcrumb","itemListElement":[{"@type":"ListItem","position":1,"name":"Accueil","item":"https:\/\/www.samoens.com\/en\/"},{"@type":"ListItem","position":2,"name":"Summer activities","item":"https:\/\/www.samoens.com\/en\/activities-in-samoens\/summer-activities-2\/"},{"@type":"ListItem","position":3,"name":"Activities in Samo\u00ebns","item":"https:\/\/www.samoens.com\/en\/activities-in-samoens\/"},{"@type":"ListItem","position":4,"name":"Family Activities"}]},{"@type":"WebSite","@id":"https:\/\/www.samoens.com\/#website","url":"https:\/\/www.samoens.com\/","name":"Samo\u00ebns, station de ski et village authentique en Haute-Savoie","description":"Nich\u00e9e au coeur du domaine skiable du Grand Massif et \u00e0 moins d&#039;1h de Gen\u00e8ve, Samo\u00ebns rendra vos vacances inoubliables en \u00e9t\u00e9 comme en hiver","potentialAction":[{"@type":"SearchAction","target":{"@type":"EntryPoint","urlTemplate":"https:\/\/www.samoens.com\/?s={search_term_string}"},"query-input":{"@type":"PropertyValueSpecification","valueRequired":true,"valueName":"search_term_string"}}],"inLanguage":"en-US"}]}},"_links":{"self":[{"href":"https:\/\/www.samoens.com\/en\/wp-json\/wp\/v2\/pages\/51305","targetHints":{"allow":["GET"]}}],"collection":[{"href":"https:\/\/www.samoens.com\/en\/wp-json\/wp\/v2\/pages"}],"about":[{"href":"https:\/\/www.samoens.com\/en\/wp-json\/wp\/v2\/types\/page"}],"author":[{"embeddable":true,"href":"https:\/\/www.samoens.com\/en\/wp-json\/wp\/v2\/users\/2"}],"replies":[{"embeddable":true,"href":"https:\/\/www.samoens.com\/en\/wp-json\/wp\/v2\/comments?post=51305"}],"version-history":[{"count":1,"href":"https:\/\/www.samoens.com\/en\/wp-json\/wp\/v2\/pages\/51305\/revisions"}],"predecessor-version":[{"id":590610,"href":"https:\/\/www.samoens.com\/en\/wp-json\/wp\/v2\/pages\/51305\/revisions\/590610"}],"up":[{"embeddable":true,"href":"https:\/\/www.samoens.com\/en\/wp-json\/wp\/v2\/pages\/415817"}],"wp:featuredmedia":[{"embeddable":true,"href":"https:\/\/www.samoens.com\/en\/wp-json\/wp\/v2\/media\/67829"}],"wp:attachment":[{"href":"https:\/\/www.samoens.com\/en\/wp-json\/wp\/v2\/media?parent=51305"}],"curies":[{"name":"wp","href":"https:\/\/api.w.org\/{rel}","templated":true}]}}