{"id":417220,"date":"2020-07-05T15:04:26","date_gmt":"2020-07-05T13:04:26","guid":{"rendered":"https:\/\/www.samoens.com\/?page_id=417220"},"modified":"2024-07-26T16:43:20","modified_gmt":"2024-07-26T14:43:20","slug":"rental","status":"publish","type":"page","link":"https:\/\/www.samoens.com\/en\/bonnes-adresses\/rental\/","title":{"rendered":"RENTAL"},"content":{"rendered":"<div class=\"wpb-content-wrapper\"><p>[vc_row][vc_column][vc_column_text]<\/p>\n<h2>RENTAL IN SAMOENS<\/h2>\n<p>[\/vc_column_text][\/vc_column][\/vc_row][vc_row][vc_column][vc_column_text]<\/p>\n<h2 class=\"chapeau\">Whether you are looking to rent a bike, via ferrata equipment, skis, baby equipment, etc&#8230; Our sports shops are ready to welcome you and serve you best!<\/h2>\n<p>[\/vc_column_text][\/vc_column][\/vc_row]<\/p>\n<\/div>","protected":false},"excerpt":{"rendered":"<p>[vc_row][vc_column][vc_column_text] RENTAL IN SAMOENS [\/vc_column_text][\/vc_column][\/vc_row][vc_row][vc_column][vc_column_text] Whether you are looking to rent a bike, via ferrata equipment, skis, baby equipment, etc&#8230; Our sports shops are ready to welcome you and serve you best! [\/vc_column_text][\/vc_column][\/vc_row]<\/p>\n","protected":false},"author":2,"featured_media":592535,"parent":415748,"menu_order":6,"comment_status":"closed","ping_status":"closed","template":"template-liste-apidae.php","meta":{"_acf_changed":false,"footnotes":""},"class_list":["post-417220","page","type-page","status-publish","hentry"],"acf":[],"yoast_head":"<!-- This site is optimized with the Yoast SEO plugin v27.2 - https:\/\/yoast.com\/product\/yoast-seo-wordpress\/ -->\n<title>RENTAL Samo\u00ebns, station de ski et village authentique en Haute-Savoie<\/title>\n<meta name=\"robots\" content=\"index, follow, max-snippet:-1, max-image-preview:large, max-video-preview:-1\" \/>\n<link rel=\"canonical\" href=\"https:\/\/www.samoens.com\/en\/bonnes-adresses\/rental\/\" \/>\n<meta property=\"og:locale\" content=\"en_US\" \/>\n<meta property=\"og:type\" content=\"article\" \/>\n<meta property=\"og:title\" content=\"RENTAL Samo\u00ebns, station de ski et village authentique en Haute-Savoie\" \/>\n<meta property=\"og:description\" content=\"[vc_row][vc_column][vc_column_text] RENTAL IN SAMOENS [\/vc_column_text][\/vc_column][\/vc_row][vc_row][vc_column][vc_column_text] Whether you are looking to rent a bike, via ferrata equipment, skis, baby equipment, etc&#8230; Our sports shops are ready to welcome you and serve you best! [\/vc_column_text][\/vc_column][\/vc_row]\" \/>\n<meta property=\"og:url\" content=\"https:\/\/www.samoens.com\/en\/bonnes-adresses\/rental\/\" \/>\n<meta property=\"og:site_name\" content=\"Samo\u00ebns, station de ski et village authentique en Haute-Savoie\" \/>\n<meta property=\"article:modified_time\" content=\"2024-07-26T14:43:20+00:00\" \/>\n<meta name=\"twitter:card\" content=\"summary_large_image\" \/>\n<script type=\"application\/ld+json\" class=\"yoast-schema-graph\">{\"@context\":\"https:\/\/schema.org\",\"@graph\":[{\"@type\":\"WebPage\",\"@id\":\"https:\/\/www.samoens.com\/en\/bonnes-adresses\/rental\/\",\"url\":\"https:\/\/www.samoens.com\/en\/bonnes-adresses\/rental\/\",\"name\":\"RENTAL Samo\u00ebns, station de ski et village authentique en Haute-Savoie\",\"isPartOf\":{\"@id\":\"https:\/\/www.samoens.com\/#website\"},\"primaryImageOfPage\":{\"@id\":\"https:\/\/www.samoens.com\/en\/bonnes-adresses\/rental\/#primaryimage\"},\"image\":{\"@id\":\"https:\/\/www.samoens.com\/en\/bonnes-adresses\/rental\/#primaryimage\"},\"thumbnailUrl\":\"https:\/\/www.samoens.com\/wp-content\/uploads\/2024\/12\/La-Cyclaventure-Samoens-velo-autour-des-lacs.jpg\",\"datePublished\":\"2020-07-05T13:04:26+00:00\",\"dateModified\":\"2024-07-26T14:43:20+00:00\",\"breadcrumb\":{\"@id\":\"https:\/\/www.samoens.com\/en\/bonnes-adresses\/rental\/#breadcrumb\"},\"inLanguage\":\"en-US\",\"potentialAction\":[{\"@type\":\"ReadAction\",\"target\":[\"https:\/\/www.samoens.com\/en\/bonnes-adresses\/rental\/\"]}]},{\"@type\":\"ImageObject\",\"inLanguage\":\"en-US\",\"@id\":\"https:\/\/www.samoens.com\/en\/bonnes-adresses\/rental\/#primaryimage\",\"url\":\"https:\/\/www.samoens.com\/wp-content\/uploads\/2024\/12\/La-Cyclaventure-Samoens-velo-autour-des-lacs.jpg\",\"contentUrl\":\"https:\/\/www.samoens.com\/wp-content\/uploads\/2024\/12\/La-Cyclaventure-Samoens-velo-autour-des-lacs.jpg\",\"width\":2000,\"height\":1429},{\"@type\":\"BreadcrumbList\",\"@id\":\"https:\/\/www.samoens.com\/en\/bonnes-adresses\/rental\/#breadcrumb\",\"itemListElement\":[{\"@type\":\"ListItem\",\"position\":1,\"name\":\"Accueil\",\"item\":\"https:\/\/www.samoens.com\/en\/\"},{\"@type\":\"ListItem\",\"position\":2,\"name\":\"Good adresses\",\"item\":\"https:\/\/www.samoens.com\/en\/bonnes-adresses\/\"},{\"@type\":\"ListItem\",\"position\":3,\"name\":\"RENTAL\"}]},{\"@type\":\"WebSite\",\"@id\":\"https:\/\/www.samoens.com\/#website\",\"url\":\"https:\/\/www.samoens.com\/\",\"name\":\"Samo\u00ebns, station de ski et village authentique en Haute-Savoie\",\"description\":\"Nich\u00e9e au coeur du domaine skiable du Grand Massif et \u00e0 moins d&#039;1h de Gen\u00e8ve, Samo\u00ebns rendra vos vacances inoubliables en \u00e9t\u00e9 comme en hiver\",\"potentialAction\":[{\"@type\":\"SearchAction\",\"target\":{\"@type\":\"EntryPoint\",\"urlTemplate\":\"https:\/\/www.samoens.com\/?s={search_term_string}\"},\"query-input\":{\"@type\":\"PropertyValueSpecification\",\"valueRequired\":true,\"valueName\":\"search_term_string\"}}],\"inLanguage\":\"en-US\"}]}<\/script>\n<!-- \/ Yoast SEO plugin. -->","yoast_head_json":{"title":"RENTAL Samo\u00ebns, station de ski et village authentique en Haute-Savoie","robots":{"index":"index","follow":"follow","max-snippet":"max-snippet:-1","max-image-preview":"max-image-preview:large","max-video-preview":"max-video-preview:-1"},"canonical":"https:\/\/www.samoens.com\/en\/bonnes-adresses\/rental\/","og_locale":"en_US","og_type":"article","og_title":"RENTAL Samo\u00ebns, station de ski et village authentique en Haute-Savoie","og_description":"[vc_row][vc_column][vc_column_text] RENTAL IN SAMOENS [\/vc_column_text][\/vc_column][\/vc_row][vc_row][vc_column][vc_column_text] Whether you are looking to rent a bike, via ferrata equipment, skis, baby equipment, etc&#8230; Our sports shops are ready to welcome you and serve you best! [\/vc_column_text][\/vc_column][\/vc_row]","og_url":"https:\/\/www.samoens.com\/en\/bonnes-adresses\/rental\/","og_site_name":"Samo\u00ebns, station de ski et village authentique en Haute-Savoie","article_modified_time":"2024-07-26T14:43:20+00:00","twitter_card":"summary_large_image","schema":{"@context":"https:\/\/schema.org","@graph":[{"@type":"WebPage","@id":"https:\/\/www.samoens.com\/en\/bonnes-adresses\/rental\/","url":"https:\/\/www.samoens.com\/en\/bonnes-adresses\/rental\/","name":"RENTAL Samo\u00ebns, station de ski et village authentique en Haute-Savoie","isPartOf":{"@id":"https:\/\/www.samoens.com\/#website"},"primaryImageOfPage":{"@id":"https:\/\/www.samoens.com\/en\/bonnes-adresses\/rental\/#primaryimage"},"image":{"@id":"https:\/\/www.samoens.com\/en\/bonnes-adresses\/rental\/#primaryimage"},"thumbnailUrl":"https:\/\/www.samoens.com\/wp-content\/uploads\/2024\/12\/La-Cyclaventure-Samoens-velo-autour-des-lacs.jpg","datePublished":"2020-07-05T13:04:26+00:00","dateModified":"2024-07-26T14:43:20+00:00","breadcrumb":{"@id":"https:\/\/www.samoens.com\/en\/bonnes-adresses\/rental\/#breadcrumb"},"inLanguage":"en-US","potentialAction":[{"@type":"ReadAction","target":["https:\/\/www.samoens.com\/en\/bonnes-adresses\/rental\/"]}]},{"@type":"ImageObject","inLanguage":"en-US","@id":"https:\/\/www.samoens.com\/en\/bonnes-adresses\/rental\/#primaryimage","url":"https:\/\/www.samoens.com\/wp-content\/uploads\/2024\/12\/La-Cyclaventure-Samoens-velo-autour-des-lacs.jpg","contentUrl":"https:\/\/www.samoens.com\/wp-content\/uploads\/2024\/12\/La-Cyclaventure-Samoens-velo-autour-des-lacs.jpg","width":2000,"height":1429},{"@type":"BreadcrumbList","@id":"https:\/\/www.samoens.com\/en\/bonnes-adresses\/rental\/#breadcrumb","itemListElement":[{"@type":"ListItem","position":1,"name":"Accueil","item":"https:\/\/www.samoens.com\/en\/"},{"@type":"ListItem","position":2,"name":"Good adresses","item":"https:\/\/www.samoens.com\/en\/bonnes-adresses\/"},{"@type":"ListItem","position":3,"name":"RENTAL"}]},{"@type":"WebSite","@id":"https:\/\/www.samoens.com\/#website","url":"https:\/\/www.samoens.com\/","name":"Samo\u00ebns, station de ski et village authentique en Haute-Savoie","description":"Nich\u00e9e au coeur du domaine skiable du Grand Massif et \u00e0 moins d&#039;1h de Gen\u00e8ve, Samo\u00ebns rendra vos vacances inoubliables en \u00e9t\u00e9 comme en hiver","potentialAction":[{"@type":"SearchAction","target":{"@type":"EntryPoint","urlTemplate":"https:\/\/www.samoens.com\/?s={search_term_string}"},"query-input":{"@type":"PropertyValueSpecification","valueRequired":true,"valueName":"search_term_string"}}],"inLanguage":"en-US"}]}},"_links":{"self":[{"href":"https:\/\/www.samoens.com\/en\/wp-json\/wp\/v2\/pages\/417220","targetHints":{"allow":["GET"]}}],"collection":[{"href":"https:\/\/www.samoens.com\/en\/wp-json\/wp\/v2\/pages"}],"about":[{"href":"https:\/\/www.samoens.com\/en\/wp-json\/wp\/v2\/types\/page"}],"author":[{"embeddable":true,"href":"https:\/\/www.samoens.com\/en\/wp-json\/wp\/v2\/users\/2"}],"replies":[{"embeddable":true,"href":"https:\/\/www.samoens.com\/en\/wp-json\/wp\/v2\/comments?post=417220"}],"version-history":[{"count":1,"href":"https:\/\/www.samoens.com\/en\/wp-json\/wp\/v2\/pages\/417220\/revisions"}],"predecessor-version":[{"id":590633,"href":"https:\/\/www.samoens.com\/en\/wp-json\/wp\/v2\/pages\/417220\/revisions\/590633"}],"up":[{"embeddable":true,"href":"https:\/\/www.samoens.com\/en\/wp-json\/wp\/v2\/pages\/415748"}],"wp:featuredmedia":[{"embeddable":true,"href":"https:\/\/www.samoens.com\/en\/wp-json\/wp\/v2\/media\/592535"}],"wp:attachment":[{"href":"https:\/\/www.samoens.com\/en\/wp-json\/wp\/v2\/media?parent=417220"}],"curies":[{"name":"wp","href":"https:\/\/api.w.org\/{rel}","templated":true}]}}