{"id":416404,"date":"2020-07-03T13:55:47","date_gmt":"2020-07-03T11:55:47","guid":{"rendered":"https:\/\/www.samoens.com\/?page_id=416404"},"modified":"2024-07-26T16:22:05","modified_gmt":"2024-07-26T14:22:05","slug":"samoens-le-village","status":"publish","type":"page","link":"https:\/\/www.samoens.com\/en\/samoens-le-village\/","title":{"rendered":"Samo\u00ebns, the village"},"content":{"rendered":"<div class=\"wpb-content-wrapper\"><p>[vc_row][vc_column][vc_column_text]<\/p>\n<h2>The history of the village of Samo\u00ebns<\/h2>\n<p>[\/vc_column_text][vc_column_text]<\/p>\n<h2 class=\"chapeau\"><span id=\"s2_1\">The historic heart of Samo\u00ebns, with its ancient Halles, church and the Big Linden, is reminiscent of a nearly millennial history and ancestral heritage.<\/span>\u00a0<span id=\"s2_2\">The name \u00abSamo\u00ebns\u00bb goes back to the year 1167. It comes from a medieval expression that describes \u00abthe seven mountains\u00bb surrounding the village: Cuidex, Vigny, Folly, Oddaz, Bostan, Chardonni\u00e8re, Freterolles, La Vullie.<\/span>\u00a0<span id=\"s2_3\">This is why the inhabitants of the village are called septimontains and septimontaines.<\/span><\/h2>\n<p>[\/vc_column_text][\/vc_column][\/vc_row][vc_row][vc_column width=&#8221;1\/3&#8243;][vc_single_image image=&#8221;1435&#8243; img_size=&#8221;medium&#8221; alignment=&#8221;center&#8221; onclick=&#8221;custom_link&#8221; img_link_target=&#8221;_blank&#8221; title=&#8221;200 YEARS OF TOURISM&#8221; link=&#8221;https:\/\/www.samoens.com\/en\/uncategorized\/geschiedenis-samoens-de-stad-van-zeven-bergen\/&#8221; el_class=&#8221;lienversliste&#8221;][vc_single_image image=&#8221;1233&#8243; img_size=&#8221;medium&#8221; alignment=&#8221;center&#8221; onclick=&#8221;custom_link&#8221; img_link_target=&#8221;_blank&#8221; title=&#8221;THE BIG LIME TREE&#8221; link=&#8221;https:\/\/www.samoens.com\/en\/the-big-linden\/&#8221; el_class=&#8221;lienversliste&#8221;][vc_single_image image=&#8221;11827&#8243; img_size=&#8221;medium&#8221; alignment=&#8221;center&#8221; onclick=&#8221;custom_link&#8221; img_link_target=&#8221;_blank&#8221; title=&#8221;THE ECOMUEUM&#8221; link=&#8221;https:\/\/www.samoens.com\/en\/lecomusee\/&#8221; el_class=&#8221;lienversliste&#8221;][\/vc_column][vc_column width=&#8221;1\/3&#8243;][vc_single_image image=&#8221;173&#8243; img_size=&#8221;medium&#8221; alignment=&#8221;center&#8221; onclick=&#8221;custom_link&#8221; img_link_target=&#8221;_blank&#8221; title=&#8221;BOTANICAL GARDEN&#8221; link=&#8221;https:\/\/www.samoens.com\/en\/heritage\/alpine-botanical-garden-jaysinia\/&#8221; el_class=&#8221;lienversliste&#8221;][vc_single_image image=&#8221;1236&#8243; img_size=&#8221;medium&#8221; alignment=&#8221;center&#8221; onclick=&#8221;custom_link&#8221; img_link_target=&#8221;_blank&#8221; title=&#8221;HAMLET&#8221; link=&#8221;https:\/\/www.samoens.com\/en\/the-hameaux\/&#8221; el_class=&#8221;lienversliste&#8221;][\/vc_column][vc_column width=&#8221;1\/3&#8243;][vc_single_image image=&#8221;1238&#8243; img_size=&#8221;medium&#8221; alignment=&#8221;center&#8221; onclick=&#8221;custom_link&#8221; img_link_target=&#8221;_blank&#8221; title=&#8221;THE CHAPELS&#8221; link=&#8221;https:\/\/www.samoens.com\/en\/uncategorized\/the-chapels\/&#8221; el_class=&#8221;lienversliste&#8221;][vc_single_image image=&#8221;3385&#8243; img_size=&#8221;medium&#8221; alignment=&#8221;center&#8221; onclick=&#8221;custom_link&#8221; img_link_target=&#8221;_blank&#8221; title=&#8221;GUIDED TOUR&#8221; link=&#8221;https:\/\/www.samoens.com\/en\/guided-tours-through-the-heritage-of-samoens\/&#8221; el_class=&#8221;lienversliste&#8221;][\/vc_column][\/vc_row][vc_row][vc_column][\/vc_column][\/vc_row]<\/p>\n<\/div>","protected":false},"excerpt":{"rendered":"<p>[vc_row][vc_column][vc_column_text] The history of the village of Samo\u00ebns [\/vc_column_text][vc_column_text] The historic heart of Samo\u00ebns, with its ancient Halles, church and the Big Linden, is reminiscent of a nearly millennial history and ancestral heritage.\u00a0The name \u00abSamo\u00ebns\u00bb goes back to the year 1167. It comes from a medieval expression that describes \u00abthe seven mountains\u00bb surrounding the village: [&hellip;]<\/p>\n","protected":false},"author":2,"featured_media":426840,"parent":0,"menu_order":96,"comment_status":"closed","ping_status":"closed","template":"","meta":{"_acf_changed":false,"footnotes":""},"class_list":["post-416404","page","type-page","status-publish","hentry"],"acf":[],"yoast_head":"<!-- This site is optimized with the Yoast SEO plugin v27.5 - https:\/\/yoast.com\/product\/yoast-seo-wordpress\/ -->\n<title>Samo\u00ebns, the village Samo\u00ebns, station de ski et village authentique en Haute-Savoie<\/title>\n<meta name=\"robots\" content=\"index, follow, max-snippet:-1, max-image-preview:large, max-video-preview:-1\" \/>\n<link rel=\"canonical\" href=\"https:\/\/www.samoens.com\/en\/samoens-le-village\/\" \/>\n<meta property=\"og:locale\" content=\"en_US\" \/>\n<meta property=\"og:type\" content=\"article\" \/>\n<meta property=\"og:title\" content=\"Samo\u00ebns, the village Samo\u00ebns, station de ski et village authentique en Haute-Savoie\" \/>\n<meta property=\"og:description\" content=\"[vc_row][vc_column][vc_column_text] The history of the village of Samo\u00ebns [\/vc_column_text][vc_column_text] The historic heart of Samo\u00ebns, with its ancient Halles, church and the Big Linden, is reminiscent of a nearly millennial history and ancestral heritage.\u00a0The name \u00abSamo\u00ebns\u00bb goes back to the year 1167. It comes from a medieval expression that describes \u00abthe seven mountains\u00bb surrounding the village: [&hellip;]\" \/>\n<meta property=\"og:url\" content=\"https:\/\/www.samoens.com\/en\/samoens-le-village\/\" \/>\n<meta property=\"og:site_name\" content=\"Samo\u00ebns, station de ski et village authentique en Haute-Savoie\" \/>\n<meta property=\"article:modified_time\" content=\"2024-07-26T14:22:05+00:00\" \/>\n<meta property=\"og:image\" content=\"https:\/\/www.samoens.com\/wp-content\/uploads\/2020\/08\/Samoe\u00a6ens-006.jpg\" \/>\n\t<meta property=\"og:image:width\" content=\"2522\" \/>\n\t<meta property=\"og:image:height\" content=\"987\" \/>\n\t<meta property=\"og:image:type\" content=\"image\/jpeg\" \/>\n<meta name=\"twitter:card\" content=\"summary_large_image\" \/>\n<meta name=\"twitter:label1\" content=\"Est. reading time\" \/>\n\t<meta name=\"twitter:data1\" content=\"1 minute\" \/>\n<script type=\"application\/ld+json\" class=\"yoast-schema-graph\">{\"@context\":\"https:\\\/\\\/schema.org\",\"@graph\":[{\"@type\":\"WebPage\",\"@id\":\"https:\\\/\\\/www.samoens.com\\\/en\\\/samoens-le-village\\\/\",\"url\":\"https:\\\/\\\/www.samoens.com\\\/en\\\/samoens-le-village\\\/\",\"name\":\"Samo\u00ebns, the village Samo\u00ebns, station de ski et village authentique en Haute-Savoie\",\"isPartOf\":{\"@id\":\"https:\\\/\\\/www.samoens.com\\\/#website\"},\"primaryImageOfPage\":{\"@id\":\"https:\\\/\\\/www.samoens.com\\\/en\\\/samoens-le-village\\\/#primaryimage\"},\"image\":{\"@id\":\"https:\\\/\\\/www.samoens.com\\\/en\\\/samoens-le-village\\\/#primaryimage\"},\"thumbnailUrl\":\"https:\\\/\\\/www.samoens.com\\\/wp-content\\\/uploads\\\/2020\\\/08\\\/Samoe\u00a6ens-006.jpg\",\"datePublished\":\"2020-07-03T11:55:47+00:00\",\"dateModified\":\"2024-07-26T14:22:05+00:00\",\"breadcrumb\":{\"@id\":\"https:\\\/\\\/www.samoens.com\\\/en\\\/samoens-le-village\\\/#breadcrumb\"},\"inLanguage\":\"en-US\",\"potentialAction\":[{\"@type\":\"ReadAction\",\"target\":[\"https:\\\/\\\/www.samoens.com\\\/en\\\/samoens-le-village\\\/\"]}]},{\"@type\":\"ImageObject\",\"inLanguage\":\"en-US\",\"@id\":\"https:\\\/\\\/www.samoens.com\\\/en\\\/samoens-le-village\\\/#primaryimage\",\"url\":\"https:\\\/\\\/www.samoens.com\\\/wp-content\\\/uploads\\\/2020\\\/08\\\/Samoe\u00a6ens-006.jpg\",\"contentUrl\":\"https:\\\/\\\/www.samoens.com\\\/wp-content\\\/uploads\\\/2020\\\/08\\\/Samoe\u00a6ens-006.jpg\",\"width\":2522,\"height\":987,\"caption\":\"Stitched Panorama\"},{\"@type\":\"BreadcrumbList\",\"@id\":\"https:\\\/\\\/www.samoens.com\\\/en\\\/samoens-le-village\\\/#breadcrumb\",\"itemListElement\":[{\"@type\":\"ListItem\",\"position\":1,\"name\":\"Accueil\",\"item\":\"https:\\\/\\\/www.samoens.com\\\/en\\\/\"},{\"@type\":\"ListItem\",\"position\":2,\"name\":\"Samo\u00ebns, the village\"}]},{\"@type\":\"WebSite\",\"@id\":\"https:\\\/\\\/www.samoens.com\\\/#website\",\"url\":\"https:\\\/\\\/www.samoens.com\\\/\",\"name\":\"Samo\u00ebns, station de ski et village authentique en Haute-Savoie\",\"description\":\"Nich\u00e9e au coeur du domaine skiable du Grand Massif et \u00e0 moins d&#039;1h de Gen\u00e8ve, Samo\u00ebns rendra vos vacances inoubliables en \u00e9t\u00e9 comme en hiver\",\"potentialAction\":[{\"@type\":\"SearchAction\",\"target\":{\"@type\":\"EntryPoint\",\"urlTemplate\":\"https:\\\/\\\/www.samoens.com\\\/?s={search_term_string}\"},\"query-input\":{\"@type\":\"PropertyValueSpecification\",\"valueRequired\":true,\"valueName\":\"search_term_string\"}}],\"inLanguage\":\"en-US\"}]}<\/script>\n<!-- \/ Yoast SEO plugin. -->","yoast_head_json":{"title":"Samo\u00ebns, the village Samo\u00ebns, station de ski et village authentique en Haute-Savoie","robots":{"index":"index","follow":"follow","max-snippet":"max-snippet:-1","max-image-preview":"max-image-preview:large","max-video-preview":"max-video-preview:-1"},"canonical":"https:\/\/www.samoens.com\/en\/samoens-le-village\/","og_locale":"en_US","og_type":"article","og_title":"Samo\u00ebns, the village Samo\u00ebns, station de ski et village authentique en Haute-Savoie","og_description":"[vc_row][vc_column][vc_column_text] The history of the village of Samo\u00ebns [\/vc_column_text][vc_column_text] The historic heart of Samo\u00ebns, with its ancient Halles, church and the Big Linden, is reminiscent of a nearly millennial history and ancestral heritage.\u00a0The name \u00abSamo\u00ebns\u00bb goes back to the year 1167. It comes from a medieval expression that describes \u00abthe seven mountains\u00bb surrounding the village: [&hellip;]","og_url":"https:\/\/www.samoens.com\/en\/samoens-le-village\/","og_site_name":"Samo\u00ebns, station de ski et village authentique en Haute-Savoie","article_modified_time":"2024-07-26T14:22:05+00:00","og_image":[{"width":2522,"height":987,"url":"https:\/\/www.samoens.com\/wp-content\/uploads\/2020\/08\/Samoe\u00a6ens-006.jpg","type":"image\/jpeg"}],"twitter_card":"summary_large_image","twitter_misc":{"Est. reading time":"1 minute"},"schema":{"@context":"https:\/\/schema.org","@graph":[{"@type":"WebPage","@id":"https:\/\/www.samoens.com\/en\/samoens-le-village\/","url":"https:\/\/www.samoens.com\/en\/samoens-le-village\/","name":"Samo\u00ebns, the village Samo\u00ebns, station de ski et village authentique en Haute-Savoie","isPartOf":{"@id":"https:\/\/www.samoens.com\/#website"},"primaryImageOfPage":{"@id":"https:\/\/www.samoens.com\/en\/samoens-le-village\/#primaryimage"},"image":{"@id":"https:\/\/www.samoens.com\/en\/samoens-le-village\/#primaryimage"},"thumbnailUrl":"https:\/\/www.samoens.com\/wp-content\/uploads\/2020\/08\/Samoe\u00a6ens-006.jpg","datePublished":"2020-07-03T11:55:47+00:00","dateModified":"2024-07-26T14:22:05+00:00","breadcrumb":{"@id":"https:\/\/www.samoens.com\/en\/samoens-le-village\/#breadcrumb"},"inLanguage":"en-US","potentialAction":[{"@type":"ReadAction","target":["https:\/\/www.samoens.com\/en\/samoens-le-village\/"]}]},{"@type":"ImageObject","inLanguage":"en-US","@id":"https:\/\/www.samoens.com\/en\/samoens-le-village\/#primaryimage","url":"https:\/\/www.samoens.com\/wp-content\/uploads\/2020\/08\/Samoe\u00a6ens-006.jpg","contentUrl":"https:\/\/www.samoens.com\/wp-content\/uploads\/2020\/08\/Samoe\u00a6ens-006.jpg","width":2522,"height":987,"caption":"Stitched Panorama"},{"@type":"BreadcrumbList","@id":"https:\/\/www.samoens.com\/en\/samoens-le-village\/#breadcrumb","itemListElement":[{"@type":"ListItem","position":1,"name":"Accueil","item":"https:\/\/www.samoens.com\/en\/"},{"@type":"ListItem","position":2,"name":"Samo\u00ebns, the village"}]},{"@type":"WebSite","@id":"https:\/\/www.samoens.com\/#website","url":"https:\/\/www.samoens.com\/","name":"Samo\u00ebns, station de ski et village authentique en Haute-Savoie","description":"Nich\u00e9e au coeur du domaine skiable du Grand Massif et \u00e0 moins d&#039;1h de Gen\u00e8ve, Samo\u00ebns rendra vos vacances inoubliables en \u00e9t\u00e9 comme en hiver","potentialAction":[{"@type":"SearchAction","target":{"@type":"EntryPoint","urlTemplate":"https:\/\/www.samoens.com\/?s={search_term_string}"},"query-input":{"@type":"PropertyValueSpecification","valueRequired":true,"valueName":"search_term_string"}}],"inLanguage":"en-US"}]}},"_links":{"self":[{"href":"https:\/\/www.samoens.com\/en\/wp-json\/wp\/v2\/pages\/416404","targetHints":{"allow":["GET"]}}],"collection":[{"href":"https:\/\/www.samoens.com\/en\/wp-json\/wp\/v2\/pages"}],"about":[{"href":"https:\/\/www.samoens.com\/en\/wp-json\/wp\/v2\/types\/page"}],"author":[{"embeddable":true,"href":"https:\/\/www.samoens.com\/en\/wp-json\/wp\/v2\/users\/2"}],"replies":[{"embeddable":true,"href":"https:\/\/www.samoens.com\/en\/wp-json\/wp\/v2\/comments?post=416404"}],"version-history":[{"count":1,"href":"https:\/\/www.samoens.com\/en\/wp-json\/wp\/v2\/pages\/416404\/revisions"}],"predecessor-version":[{"id":590608,"href":"https:\/\/www.samoens.com\/en\/wp-json\/wp\/v2\/pages\/416404\/revisions\/590608"}],"wp:featuredmedia":[{"embeddable":true,"href":"https:\/\/www.samoens.com\/en\/wp-json\/wp\/v2\/media\/426840"}],"wp:attachment":[{"href":"https:\/\/www.samoens.com\/en\/wp-json\/wp\/v2\/media?parent=416404"}],"curies":[{"name":"wp","href":"https:\/\/api.w.org\/{rel}","templated":true}]}}