{"id":416385,"date":"2020-07-03T10:12:53","date_gmt":"2020-07-03T08:12:53","guid":{"rendered":"https:\/\/www.samoens.com\/?page_id=416385"},"modified":"2024-07-26T16:45:16","modified_gmt":"2024-07-26T14:45:16","slug":"inscription-stage-de-danse","status":"publish","type":"page","link":"https:\/\/www.samoens.com\/en\/inscription-stage-de-danse\/","title":{"rendered":"Inscription stages de danse"},"content":{"rendered":"<div class=\"wpb-content-wrapper\"><p>[vc_row][vc_column][vc_column_text]<\/p>\n<h2>R\u00e9servation en ligne des tages de danse pour le<span class=\"contenu_descriptif\"> Samo\u00ebns American Festival\u00a0<\/span><\/h2>\n<p>[\/vc_column_text][vc_column_text]<\/p>\n<h2>Tarifs<\/h2>\n<p>Formule 1 stage = 8 \u20ac<br \/>\nFormule 2 stages = 15 \u20ac<br \/>\nFormule 3 stages = 21 \u20ac<br \/>\nDe 4 \u00e0 6 stages : 6\u20ac\/stage<br \/>\nInscription illimit\u00e9e = 40 \u20ac<\/p>\n<p>Pour vous inscrire, merci d&#8217;ajouter au panier les stages pour lesquels vous souhaitez participer et de pr\u00e9ciser pour chaque stage votre nom et pr\u00e9nom. Le tarif est automatiquement re-calcul\u00e9 en fonction du nombre de stages s\u00e9lectionn\u00e9s.<\/p>\n<p>L&#8217;inscription est nominative et chaque inscription ne peut concerner qu&#8217;une seule personne. \u00e0 la fois. Si vous \u00eates plusieurs, merci de proc\u00e9der \u00e0 autant de r\u00e9servations que de participants.[\/vc_column_text][\/vc_column][\/vc_row][vc_row][vc_column][vc_column_text][woo-multi-cart cats=&#8221;560&#8243; orderby=&#8221;date&#8221; order=&#8221;asc&#8221;][\/vc_column_text][\/vc_column][\/vc_row]<\/p>\n<\/div>","protected":false},"excerpt":{"rendered":"<p>[vc_row][vc_column][vc_column_text] R\u00e9servation en ligne des tages de danse pour le Samo\u00ebns American Festival\u00a0 [\/vc_column_text][vc_column_text] Tarifs Formule 1 stage = 8 \u20ac Formule 2 stages = 15 \u20ac Formule 3 stages = 21 \u20ac De 4 \u00e0 6 stages : 6\u20ac\/stage Inscription illimit\u00e9e = 40 \u20ac Pour vous inscrire, merci d&#8217;ajouter au panier les stages pour [&hellip;]<\/p>\n","protected":false},"author":1,"featured_media":0,"parent":0,"menu_order":0,"comment_status":"closed","ping_status":"closed","template":"","meta":{"_acf_changed":false,"footnotes":""},"class_list":["post-416385","page","type-page","status-publish","hentry"],"acf":[],"yoast_head":"<!-- This site is optimized with the Yoast SEO plugin v27.4 - https:\/\/yoast.com\/product\/yoast-seo-wordpress\/ -->\n<title>Inscription stages de danse Samo\u00ebns, station de ski et village authentique en Haute-Savoie<\/title>\n<meta name=\"robots\" content=\"index, follow, max-snippet:-1, max-image-preview:large, max-video-preview:-1\" \/>\n<link rel=\"canonical\" href=\"https:\/\/www.samoens.com\/en\/inscription-stage-de-danse\/\" \/>\n<meta property=\"og:locale\" content=\"en_US\" \/>\n<meta property=\"og:type\" content=\"article\" \/>\n<meta property=\"og:title\" content=\"Inscription stages de danse Samo\u00ebns, station de ski et village authentique en Haute-Savoie\" \/>\n<meta property=\"og:description\" content=\"[vc_row][vc_column][vc_column_text] R\u00e9servation en ligne des tages de danse pour le Samo\u00ebns American Festival\u00a0 [\/vc_column_text][vc_column_text] Tarifs Formule 1 stage = 8 \u20ac Formule 2 stages = 15 \u20ac Formule 3 stages = 21 \u20ac De 4 \u00e0 6 stages : 6\u20ac\/stage Inscription illimit\u00e9e = 40 \u20ac Pour vous inscrire, merci d&#8217;ajouter au panier les stages pour [&hellip;]\" \/>\n<meta property=\"og:url\" content=\"https:\/\/www.samoens.com\/en\/inscription-stage-de-danse\/\" \/>\n<meta property=\"og:site_name\" content=\"Samo\u00ebns, station de ski et village authentique en Haute-Savoie\" \/>\n<meta property=\"article:modified_time\" content=\"2024-07-26T14:45:16+00:00\" \/>\n<meta name=\"twitter:card\" content=\"summary_large_image\" \/>\n<meta name=\"twitter:label1\" content=\"Est. reading time\" \/>\n\t<meta name=\"twitter:data1\" content=\"1 minute\" \/>\n<script type=\"application\/ld+json\" class=\"yoast-schema-graph\">{\"@context\":\"https:\\\/\\\/schema.org\",\"@graph\":[{\"@type\":\"WebPage\",\"@id\":\"https:\\\/\\\/www.samoens.com\\\/en\\\/inscription-stage-de-danse\\\/\",\"url\":\"https:\\\/\\\/www.samoens.com\\\/en\\\/inscription-stage-de-danse\\\/\",\"name\":\"Inscription stages de danse Samo\u00ebns, station de ski et village authentique en Haute-Savoie\",\"isPartOf\":{\"@id\":\"https:\\\/\\\/www.samoens.com\\\/#website\"},\"datePublished\":\"2020-07-03T08:12:53+00:00\",\"dateModified\":\"2024-07-26T14:45:16+00:00\",\"breadcrumb\":{\"@id\":\"https:\\\/\\\/www.samoens.com\\\/en\\\/inscription-stage-de-danse\\\/#breadcrumb\"},\"inLanguage\":\"en-US\",\"potentialAction\":[{\"@type\":\"ReadAction\",\"target\":[\"https:\\\/\\\/www.samoens.com\\\/en\\\/inscription-stage-de-danse\\\/\"]}]},{\"@type\":\"BreadcrumbList\",\"@id\":\"https:\\\/\\\/www.samoens.com\\\/en\\\/inscription-stage-de-danse\\\/#breadcrumb\",\"itemListElement\":[{\"@type\":\"ListItem\",\"position\":1,\"name\":\"Accueil\",\"item\":\"https:\\\/\\\/www.samoens.com\\\/en\\\/\"},{\"@type\":\"ListItem\",\"position\":2,\"name\":\"Inscription stages de danse\"}]},{\"@type\":\"WebSite\",\"@id\":\"https:\\\/\\\/www.samoens.com\\\/#website\",\"url\":\"https:\\\/\\\/www.samoens.com\\\/\",\"name\":\"Samo\u00ebns, station de ski et village authentique en Haute-Savoie\",\"description\":\"Nich\u00e9e au coeur du domaine skiable du Grand Massif et \u00e0 moins d&#039;1h de Gen\u00e8ve, Samo\u00ebns rendra vos vacances inoubliables en \u00e9t\u00e9 comme en hiver\",\"potentialAction\":[{\"@type\":\"SearchAction\",\"target\":{\"@type\":\"EntryPoint\",\"urlTemplate\":\"https:\\\/\\\/www.samoens.com\\\/?s={search_term_string}\"},\"query-input\":{\"@type\":\"PropertyValueSpecification\",\"valueRequired\":true,\"valueName\":\"search_term_string\"}}],\"inLanguage\":\"en-US\"}]}<\/script>\n<!-- \/ Yoast SEO plugin. -->","yoast_head_json":{"title":"Inscription stages de danse Samo\u00ebns, station de ski et village authentique en Haute-Savoie","robots":{"index":"index","follow":"follow","max-snippet":"max-snippet:-1","max-image-preview":"max-image-preview:large","max-video-preview":"max-video-preview:-1"},"canonical":"https:\/\/www.samoens.com\/en\/inscription-stage-de-danse\/","og_locale":"en_US","og_type":"article","og_title":"Inscription stages de danse Samo\u00ebns, station de ski et village authentique en Haute-Savoie","og_description":"[vc_row][vc_column][vc_column_text] R\u00e9servation en ligne des tages de danse pour le Samo\u00ebns American Festival\u00a0 [\/vc_column_text][vc_column_text] Tarifs Formule 1 stage = 8 \u20ac Formule 2 stages = 15 \u20ac Formule 3 stages = 21 \u20ac De 4 \u00e0 6 stages : 6\u20ac\/stage Inscription illimit\u00e9e = 40 \u20ac Pour vous inscrire, merci d&#8217;ajouter au panier les stages pour [&hellip;]","og_url":"https:\/\/www.samoens.com\/en\/inscription-stage-de-danse\/","og_site_name":"Samo\u00ebns, station de ski et village authentique en Haute-Savoie","article_modified_time":"2024-07-26T14:45:16+00:00","twitter_card":"summary_large_image","twitter_misc":{"Est. reading time":"1 minute"},"schema":{"@context":"https:\/\/schema.org","@graph":[{"@type":"WebPage","@id":"https:\/\/www.samoens.com\/en\/inscription-stage-de-danse\/","url":"https:\/\/www.samoens.com\/en\/inscription-stage-de-danse\/","name":"Inscription stages de danse Samo\u00ebns, station de ski et village authentique en Haute-Savoie","isPartOf":{"@id":"https:\/\/www.samoens.com\/#website"},"datePublished":"2020-07-03T08:12:53+00:00","dateModified":"2024-07-26T14:45:16+00:00","breadcrumb":{"@id":"https:\/\/www.samoens.com\/en\/inscription-stage-de-danse\/#breadcrumb"},"inLanguage":"en-US","potentialAction":[{"@type":"ReadAction","target":["https:\/\/www.samoens.com\/en\/inscription-stage-de-danse\/"]}]},{"@type":"BreadcrumbList","@id":"https:\/\/www.samoens.com\/en\/inscription-stage-de-danse\/#breadcrumb","itemListElement":[{"@type":"ListItem","position":1,"name":"Accueil","item":"https:\/\/www.samoens.com\/en\/"},{"@type":"ListItem","position":2,"name":"Inscription stages de danse"}]},{"@type":"WebSite","@id":"https:\/\/www.samoens.com\/#website","url":"https:\/\/www.samoens.com\/","name":"Samo\u00ebns, station de ski et village authentique en Haute-Savoie","description":"Nich\u00e9e au coeur du domaine skiable du Grand Massif et \u00e0 moins d&#039;1h de Gen\u00e8ve, Samo\u00ebns rendra vos vacances inoubliables en \u00e9t\u00e9 comme en hiver","potentialAction":[{"@type":"SearchAction","target":{"@type":"EntryPoint","urlTemplate":"https:\/\/www.samoens.com\/?s={search_term_string}"},"query-input":{"@type":"PropertyValueSpecification","valueRequired":true,"valueName":"search_term_string"}}],"inLanguage":"en-US"}]}},"_links":{"self":[{"href":"https:\/\/www.samoens.com\/en\/wp-json\/wp\/v2\/pages\/416385","targetHints":{"allow":["GET"]}}],"collection":[{"href":"https:\/\/www.samoens.com\/en\/wp-json\/wp\/v2\/pages"}],"about":[{"href":"https:\/\/www.samoens.com\/en\/wp-json\/wp\/v2\/types\/page"}],"author":[{"embeddable":true,"href":"https:\/\/www.samoens.com\/en\/wp-json\/wp\/v2\/users\/1"}],"replies":[{"embeddable":true,"href":"https:\/\/www.samoens.com\/en\/wp-json\/wp\/v2\/comments?post=416385"}],"version-history":[{"count":1,"href":"https:\/\/www.samoens.com\/en\/wp-json\/wp\/v2\/pages\/416385\/revisions"}],"predecessor-version":[{"id":590635,"href":"https:\/\/www.samoens.com\/en\/wp-json\/wp\/v2\/pages\/416385\/revisions\/590635"}],"wp:attachment":[{"href":"https:\/\/www.samoens.com\/en\/wp-json\/wp\/v2\/media?parent=416385"}],"curies":[{"name":"wp","href":"https:\/\/api.w.org\/{rel}","templated":true}]}}