{"id":415856,"date":"2025-04-26T09:30:41","date_gmt":"2025-04-26T07:30:41","guid":{"rendered":"https:\/\/www.samoens.com\/?page_id=415856"},"modified":"2026-04-06T16:44:45","modified_gmt":"2026-04-06T14:44:45","slug":"mountain-activities","status":"publish","type":"page","link":"https:\/\/www.samoens.com\/en\/activities-in-samoens\/summer-activities-2\/mountain-activities\/","title":{"rendered":"MOUNTAIN ACTIVITIES"},"content":{"rendered":"<div class=\"wpb-content-wrapper\"><p>[vc_row][vc_column][vc_column_text]There are plenty of activities on offer during your summer holidays in Samo\u00ebns. Take to the skies with our specialist guides and try your hand at rock and mountain sports.<\/p>\n<p>As a family, couple or solo, you&#8217;ll never see the Alps in the same way again after a summer holiday in Samo\u00ebns. Our service providers offer a range of activities that will delight both amateur and experienced mountain lovers.[\/vc_column_text][\/vc_column][\/vc_row][vc_row][vc_column width=&#8221;1\/3&#8243;][vc_single_image image=&#8221;2440&#8243; img_size=&#8221;medium&#8221; alignment=&#8221;center&#8221; onclick=&#8221;custom_link&#8221; img_link_target=&#8221;_blank&#8221; title=&#8221;MOUNTAINEERING&#8221; link=&#8221;https:\/\/www.samoens.com\/en\/activities-in-samoens\/summer-activities-2\/mountain-activities\/alpinisme\/&#8221; el_class=&#8221;lienversliste&#8221;][vc_single_image image=&#8221;2474&#8243; img_size=&#8221;medium&#8221; alignment=&#8221;center&#8221; onclick=&#8221;custom_link&#8221; img_link_target=&#8221;_blank&#8221; title=&#8221;QUAD&#8221; link=&#8221;https:\/\/www.samoens.com\/en\/activities-in-samoens\/summer-activities-2\/mountain-activities\/quad\/&#8221; el_class=&#8221;lienversliste&#8221;][vc_single_image image=&#8221;481407&#8243; img_size=&#8221;medium&#8221; alignment=&#8221;center&#8221; onclick=&#8221;custom_link&#8221; img_link_target=&#8221;_blank&#8221; title=&#8221;CAVING&#8221; link=&#8221;https:\/\/www.samoens.com\/en\/activities-in-samoens\/summer-activities-2\/mountain-activities\/caving\/&#8221; el_class=&#8221;lienversliste&#8221;][\/vc_column][vc_column width=&#8221;1\/3&#8243;][vc_single_image image=&#8221;2224&#8243; img_size=&#8221;medium&#8221; alignment=&#8221;center&#8221; onclick=&#8221;custom_link&#8221; img_link_target=&#8221;_blank&#8221; css=&#8221;&#8221; title=&#8221;CLIMBING&#8221; link=&#8221;https:\/\/explore.samoens.com\/en\/map?search=climbing&#8221; el_class=&#8221;lienversliste&#8221;][vc_single_image image=&#8221;2470&#8243; img_size=&#8221;medium&#8221; alignment=&#8221;center&#8221; onclick=&#8221;custom_link&#8221; img_link_target=&#8221;_blank&#8221; title=&#8221;PARAGLIDING&#8221; link=&#8221;https:\/\/www.samoens.com\/en\/activities-in-samoens\/summer-activities-2\/mountain-activities\/paragliding\/&#8221; el_class=&#8221;lienversliste&#8221;][vc_single_image image=&#8221;507252&#8243; img_size=&#8221;medium&#8221; alignment=&#8221;center&#8221; onclick=&#8221;custom_link&#8221; img_link_target=&#8221;_blank&#8221; title=&#8221;MAN VS. WILD&#8221; link=&#8221;https:\/\/www.samoens.com\/en\/men-vs-wild-mountain-survival-samoens-guides-company\/&#8221; el_class=&#8221;lienversliste&#8221;][\/vc_column][vc_column width=&#8221;1\/3&#8243;][vc_single_image image=&#8221;2448&#8243; img_size=&#8221;medium&#8221; alignment=&#8221;center&#8221; onclick=&#8221;custom_link&#8221; img_link_target=&#8221;_blank&#8221; title=&#8221;HELICOPTER&#8221; link=&#8221;https:\/\/www.samoens.com\/en\/articles_apidae\/maiden-flights-in-a-helicopter\/&#8221; el_class=&#8221;lienversliste&#8221;][vc_single_image image=&#8221;2430&#8243; img_size=&#8221;medium&#8221; alignment=&#8221;center&#8221; onclick=&#8221;custom_link&#8221; img_link_target=&#8221;_blank&#8221; title=&#8221;VIA FERRATA&#8221; el_class=&#8221;lienversliste&#8221; link=&#8221;https:\/\/www.samoens.com\/en\/activities-in-samoens\/summer-activities-2\/mountain-activities\/via-ferrata\/&#8221;][vc_single_image image=&#8221;11795&#8243; img_size=&#8221;medium&#8221; alignment=&#8221;center&#8221; onclick=&#8221;custom_link&#8221; img_link_target=&#8221;_blank&#8221; css=&#8221;&#8221; title=&#8221;RAFTING&#8221; el_class=&#8221;lienversliste&#8221; link=&#8221;https:\/\/www.samoens.com\/en\/activities-in-samoens\/summer-activities-2\/water-activities\/rafting-2\/&#8221;][\/vc_column][\/vc_row]<\/p>\n<\/div>","protected":false},"excerpt":{"rendered":"<p>[vc_row][vc_column][vc_column_text]There are plenty of activities on offer during your summer holidays in Samo\u00ebns. Take to the skies with our specialist guides and try your hand at rock and mountain sports. As a family, couple or solo, you&#8217;ll never see the Alps in the same way again after a summer holiday in Samo\u00ebns. Our service providers [&hellip;]<\/p>\n","protected":false},"author":2,"featured_media":426837,"parent":415817,"menu_order":6,"comment_status":"closed","ping_status":"closed","template":"","meta":{"_acf_changed":false,"footnotes":""},"class_list":["post-415856","page","type-page","status-publish","hentry"],"acf":[],"yoast_head":"<!-- This site is optimized with the Yoast SEO plugin v27.4 - https:\/\/yoast.com\/product\/yoast-seo-wordpress\/ -->\n<title>MOUNTAIN ACTIVITIES Samo\u00ebns, station de ski et village authentique en Haute-Savoie<\/title>\n<meta name=\"robots\" content=\"index, follow, max-snippet:-1, max-image-preview:large, max-video-preview:-1\" \/>\n<link rel=\"canonical\" href=\"https:\/\/www.samoens.com\/en\/activities-in-samoens\/summer-activities-2\/mountain-activities\/\" \/>\n<meta property=\"og:locale\" content=\"en_US\" \/>\n<meta property=\"og:type\" content=\"article\" \/>\n<meta property=\"og:title\" content=\"MOUNTAIN ACTIVITIES Samo\u00ebns, station de ski et village authentique en Haute-Savoie\" \/>\n<meta property=\"og:description\" content=\"[vc_row][vc_column][vc_column_text]There are plenty of activities on offer during your summer holidays in Samo\u00ebns. Take to the skies with our specialist guides and try your hand at rock and mountain sports. As a family, couple or solo, you&#8217;ll never see the Alps in the same way again after a summer holiday in Samo\u00ebns. Our service providers [&hellip;]\" \/>\n<meta property=\"og:url\" content=\"https:\/\/www.samoens.com\/en\/activities-in-samoens\/summer-activities-2\/mountain-activities\/\" \/>\n<meta property=\"og:site_name\" content=\"Samo\u00ebns, station de ski et village authentique en Haute-Savoie\" \/>\n<meta property=\"article:modified_time\" content=\"2026-04-06T14:44:45+00:00\" \/>\n<meta property=\"og:image\" content=\"https:\/\/www.samoens.com\/wp-content\/uploads\/2020\/08\/Samoe\u00a6ens-001.jpg\" \/>\n\t<meta property=\"og:image:width\" content=\"2259\" \/>\n\t<meta property=\"og:image:height\" content=\"964\" \/>\n\t<meta property=\"og:image:type\" content=\"image\/jpeg\" \/>\n<meta name=\"twitter:card\" content=\"summary_large_image\" \/>\n<meta name=\"twitter:label1\" content=\"Est. reading time\" \/>\n\t<meta name=\"twitter:data1\" content=\"2 minutes\" \/>\n<script type=\"application\/ld+json\" class=\"yoast-schema-graph\">{\"@context\":\"https:\\\/\\\/schema.org\",\"@graph\":[{\"@type\":\"WebPage\",\"@id\":\"https:\\\/\\\/www.samoens.com\\\/en\\\/activities-in-samoens\\\/summer-activities-2\\\/mountain-activities\\\/\",\"url\":\"https:\\\/\\\/www.samoens.com\\\/en\\\/activities-in-samoens\\\/summer-activities-2\\\/mountain-activities\\\/\",\"name\":\"MOUNTAIN ACTIVITIES Samo\u00ebns, station de ski et village authentique en Haute-Savoie\",\"isPartOf\":{\"@id\":\"https:\\\/\\\/www.samoens.com\\\/#website\"},\"primaryImageOfPage\":{\"@id\":\"https:\\\/\\\/www.samoens.com\\\/en\\\/activities-in-samoens\\\/summer-activities-2\\\/mountain-activities\\\/#primaryimage\"},\"image\":{\"@id\":\"https:\\\/\\\/www.samoens.com\\\/en\\\/activities-in-samoens\\\/summer-activities-2\\\/mountain-activities\\\/#primaryimage\"},\"thumbnailUrl\":\"https:\\\/\\\/www.samoens.com\\\/wp-content\\\/uploads\\\/2020\\\/08\\\/Samoe\u00a6ens-001.jpg\",\"datePublished\":\"2025-04-26T07:30:41+00:00\",\"dateModified\":\"2026-04-06T14:44:45+00:00\",\"breadcrumb\":{\"@id\":\"https:\\\/\\\/www.samoens.com\\\/en\\\/activities-in-samoens\\\/summer-activities-2\\\/mountain-activities\\\/#breadcrumb\"},\"inLanguage\":\"en-US\",\"potentialAction\":[{\"@type\":\"ReadAction\",\"target\":[\"https:\\\/\\\/www.samoens.com\\\/en\\\/activities-in-samoens\\\/summer-activities-2\\\/mountain-activities\\\/\"]}]},{\"@type\":\"ImageObject\",\"inLanguage\":\"en-US\",\"@id\":\"https:\\\/\\\/www.samoens.com\\\/en\\\/activities-in-samoens\\\/summer-activities-2\\\/mountain-activities\\\/#primaryimage\",\"url\":\"https:\\\/\\\/www.samoens.com\\\/wp-content\\\/uploads\\\/2020\\\/08\\\/Samoe\u00a6ens-001.jpg\",\"contentUrl\":\"https:\\\/\\\/www.samoens.com\\\/wp-content\\\/uploads\\\/2020\\\/08\\\/Samoe\u00a6ens-001.jpg\",\"width\":2259,\"height\":964,\"caption\":\"Point de vue panoramique sur le massif du Mont-Blanc depuis le lac de joux Plane.\"},{\"@type\":\"BreadcrumbList\",\"@id\":\"https:\\\/\\\/www.samoens.com\\\/en\\\/activities-in-samoens\\\/summer-activities-2\\\/mountain-activities\\\/#breadcrumb\",\"itemListElement\":[{\"@type\":\"ListItem\",\"position\":1,\"name\":\"Accueil\",\"item\":\"https:\\\/\\\/www.samoens.com\\\/en\\\/\"},{\"@type\":\"ListItem\",\"position\":2,\"name\":\"Summer activities\",\"item\":\"https:\\\/\\\/www.samoens.com\\\/en\\\/activities-in-samoens\\\/summer-activities-2\\\/\"},{\"@type\":\"ListItem\",\"position\":3,\"name\":\"Activities in Samo\u00ebns\",\"item\":\"https:\\\/\\\/www.samoens.com\\\/en\\\/activities-in-samoens\\\/\"},{\"@type\":\"ListItem\",\"position\":4,\"name\":\"MOUNTAIN ACTIVITIES\"}]},{\"@type\":\"WebSite\",\"@id\":\"https:\\\/\\\/www.samoens.com\\\/#website\",\"url\":\"https:\\\/\\\/www.samoens.com\\\/\",\"name\":\"Samo\u00ebns, station de ski et village authentique en Haute-Savoie\",\"description\":\"Nich\u00e9e au coeur du domaine skiable du Grand Massif et \u00e0 moins d&#039;1h de Gen\u00e8ve, Samo\u00ebns rendra vos vacances inoubliables en \u00e9t\u00e9 comme en hiver\",\"potentialAction\":[{\"@type\":\"SearchAction\",\"target\":{\"@type\":\"EntryPoint\",\"urlTemplate\":\"https:\\\/\\\/www.samoens.com\\\/?s={search_term_string}\"},\"query-input\":{\"@type\":\"PropertyValueSpecification\",\"valueRequired\":true,\"valueName\":\"search_term_string\"}}],\"inLanguage\":\"en-US\"}]}<\/script>\n<!-- \/ Yoast SEO plugin. -->","yoast_head_json":{"title":"MOUNTAIN ACTIVITIES Samo\u00ebns, station de ski et village authentique en Haute-Savoie","robots":{"index":"index","follow":"follow","max-snippet":"max-snippet:-1","max-image-preview":"max-image-preview:large","max-video-preview":"max-video-preview:-1"},"canonical":"https:\/\/www.samoens.com\/en\/activities-in-samoens\/summer-activities-2\/mountain-activities\/","og_locale":"en_US","og_type":"article","og_title":"MOUNTAIN ACTIVITIES Samo\u00ebns, station de ski et village authentique en Haute-Savoie","og_description":"[vc_row][vc_column][vc_column_text]There are plenty of activities on offer during your summer holidays in Samo\u00ebns. Take to the skies with our specialist guides and try your hand at rock and mountain sports. As a family, couple or solo, you&#8217;ll never see the Alps in the same way again after a summer holiday in Samo\u00ebns. Our service providers [&hellip;]","og_url":"https:\/\/www.samoens.com\/en\/activities-in-samoens\/summer-activities-2\/mountain-activities\/","og_site_name":"Samo\u00ebns, station de ski et village authentique en Haute-Savoie","article_modified_time":"2026-04-06T14:44:45+00:00","og_image":[{"width":2259,"height":964,"url":"https:\/\/www.samoens.com\/wp-content\/uploads\/2020\/08\/Samoe\u00a6ens-001.jpg","type":"image\/jpeg"}],"twitter_card":"summary_large_image","twitter_misc":{"Est. reading time":"2 minutes"},"schema":{"@context":"https:\/\/schema.org","@graph":[{"@type":"WebPage","@id":"https:\/\/www.samoens.com\/en\/activities-in-samoens\/summer-activities-2\/mountain-activities\/","url":"https:\/\/www.samoens.com\/en\/activities-in-samoens\/summer-activities-2\/mountain-activities\/","name":"MOUNTAIN ACTIVITIES Samo\u00ebns, station de ski et village authentique en Haute-Savoie","isPartOf":{"@id":"https:\/\/www.samoens.com\/#website"},"primaryImageOfPage":{"@id":"https:\/\/www.samoens.com\/en\/activities-in-samoens\/summer-activities-2\/mountain-activities\/#primaryimage"},"image":{"@id":"https:\/\/www.samoens.com\/en\/activities-in-samoens\/summer-activities-2\/mountain-activities\/#primaryimage"},"thumbnailUrl":"https:\/\/www.samoens.com\/wp-content\/uploads\/2020\/08\/Samoe\u00a6ens-001.jpg","datePublished":"2025-04-26T07:30:41+00:00","dateModified":"2026-04-06T14:44:45+00:00","breadcrumb":{"@id":"https:\/\/www.samoens.com\/en\/activities-in-samoens\/summer-activities-2\/mountain-activities\/#breadcrumb"},"inLanguage":"en-US","potentialAction":[{"@type":"ReadAction","target":["https:\/\/www.samoens.com\/en\/activities-in-samoens\/summer-activities-2\/mountain-activities\/"]}]},{"@type":"ImageObject","inLanguage":"en-US","@id":"https:\/\/www.samoens.com\/en\/activities-in-samoens\/summer-activities-2\/mountain-activities\/#primaryimage","url":"https:\/\/www.samoens.com\/wp-content\/uploads\/2020\/08\/Samoe\u00a6ens-001.jpg","contentUrl":"https:\/\/www.samoens.com\/wp-content\/uploads\/2020\/08\/Samoe\u00a6ens-001.jpg","width":2259,"height":964,"caption":"Point de vue panoramique sur le massif du Mont-Blanc depuis le lac de joux Plane."},{"@type":"BreadcrumbList","@id":"https:\/\/www.samoens.com\/en\/activities-in-samoens\/summer-activities-2\/mountain-activities\/#breadcrumb","itemListElement":[{"@type":"ListItem","position":1,"name":"Accueil","item":"https:\/\/www.samoens.com\/en\/"},{"@type":"ListItem","position":2,"name":"Summer activities","item":"https:\/\/www.samoens.com\/en\/activities-in-samoens\/summer-activities-2\/"},{"@type":"ListItem","position":3,"name":"Activities in Samo\u00ebns","item":"https:\/\/www.samoens.com\/en\/activities-in-samoens\/"},{"@type":"ListItem","position":4,"name":"MOUNTAIN ACTIVITIES"}]},{"@type":"WebSite","@id":"https:\/\/www.samoens.com\/#website","url":"https:\/\/www.samoens.com\/","name":"Samo\u00ebns, station de ski et village authentique en Haute-Savoie","description":"Nich\u00e9e au coeur du domaine skiable du Grand Massif et \u00e0 moins d&#039;1h de Gen\u00e8ve, Samo\u00ebns rendra vos vacances inoubliables en \u00e9t\u00e9 comme en hiver","potentialAction":[{"@type":"SearchAction","target":{"@type":"EntryPoint","urlTemplate":"https:\/\/www.samoens.com\/?s={search_term_string}"},"query-input":{"@type":"PropertyValueSpecification","valueRequired":true,"valueName":"search_term_string"}}],"inLanguage":"en-US"}]}},"_links":{"self":[{"href":"https:\/\/www.samoens.com\/en\/wp-json\/wp\/v2\/pages\/415856","targetHints":{"allow":["GET"]}}],"collection":[{"href":"https:\/\/www.samoens.com\/en\/wp-json\/wp\/v2\/pages"}],"about":[{"href":"https:\/\/www.samoens.com\/en\/wp-json\/wp\/v2\/types\/page"}],"author":[{"embeddable":true,"href":"https:\/\/www.samoens.com\/en\/wp-json\/wp\/v2\/users\/2"}],"replies":[{"embeddable":true,"href":"https:\/\/www.samoens.com\/en\/wp-json\/wp\/v2\/comments?post=415856"}],"version-history":[{"count":5,"href":"https:\/\/www.samoens.com\/en\/wp-json\/wp\/v2\/pages\/415856\/revisions"}],"predecessor-version":[{"id":607436,"href":"https:\/\/www.samoens.com\/en\/wp-json\/wp\/v2\/pages\/415856\/revisions\/607436"}],"up":[{"embeddable":true,"href":"https:\/\/www.samoens.com\/en\/wp-json\/wp\/v2\/pages\/415817"}],"wp:featuredmedia":[{"embeddable":true,"href":"https:\/\/www.samoens.com\/en\/wp-json\/wp\/v2\/media\/426837"}],"wp:attachment":[{"href":"https:\/\/www.samoens.com\/en\/wp-json\/wp\/v2\/media?parent=415856"}],"curies":[{"name":"wp","href":"https:\/\/api.w.org\/{rel}","templated":true}]}}