{"id":415817,"date":"2020-07-02T12:02:35","date_gmt":"2020-07-02T10:02:35","guid":{"rendered":"https:\/\/www.samoens.com\/?page_id=415817"},"modified":"2025-05-23T17:25:45","modified_gmt":"2025-05-23T15:25:45","slug":"summer-activities-2","status":"publish","type":"page","link":"https:\/\/www.samoens.com\/en\/activities-in-samoens\/summer-activities-2\/","title":{"rendered":"Summer activities"},"content":{"rendered":"<div class=\"wpb-content-wrapper\"><p>[vc_row][vc_column][vc_column_text]<span id=\"s2_1\">The family summer activities in Samo\u00ebns give the opportunity to oxygenate in the mountains, to relax or to practice many sports.<\/span>\u00a0<span id=\"s2_2\">Add to this the discovery of the fauna and flora of the Alps, as well as the cultural, historical and gastronomic heritage of Haute-Savoie.<\/span>\u00a0<span id=\"s2_3\">Everyone will find what they need!<\/span><\/p>\n<p><span id=\"s2_4\">In the family, you will undoubtedly find your happiness and will do that of your children or grandchildren.<\/span>\u00a0<span id=\"s2_5\">A holiday in Samo\u00ebns is the assurance of taking care of teenagers or younger children.<\/span>\u00a0<span id=\"s2_6\">There is something for everyone: swimming pool, paintball or leisure.<\/span>\u00a0<span id=\"s2_7\">Babies are not forgotten since on the spot you will find enough to rent equipment and a corner changes baby at the Tourist Office.<\/span><\/p>\n<h3>ASCENT TO MONT-BLANC OR CAVING?<\/h3>\n<p><span id=\"s2_1\">A healthy mind in a body breast on holiday.<\/span>\u00a0<span id=\"s2_2\">To succeed in this combination, the Samo\u00ebns Tourist Office presents you with activity providers for an unforgettable stay.<\/span>\u00a0<span id=\"s2_3\">From mountain training for an ascent to Mont Blanc, to stopover and caving: many mountain activities are offered in summer.<\/span>\u00a0<span id=\"s2_4\">Accessible, they allow you to discover typical features of Samo\u00ebns and its surroundings.<\/span>\u00a0<span id=\"s2_5\">Indeed, Caves and Abysses are part of the hidden landscape of our region.<\/span>\u00a0<span id=\"s2_6\">The deepest in France is the Mirolda abyss, which finally has a depth of 1,733 metres.<\/span><\/p>\n<h3>PRACTICE YOUR FAVOURITE SPORT IN THE MOUNTAINS<\/h3>\n<p><span id=\"s2_1\">Lovers of aquatic activities will not be left behind.<\/span>\u00a0<span id=\"s2_2\">On Samo\u00ebns, you can practice rafting, aquaspeed, canyoning, fishing, and even water skiing!<\/span>\u00a0<span id=\"s2_3\">Back to the mainland with 400 km of trails, 28 Freeride and Single Track-type trails and a legendary pass.<\/span>\u00a0<span id=\"s2_4\">This playground in the heart of the Haut-Giffre will make all mountain bikers happy.<\/span>\u00a0<span id=\"s2_5\">Still on this land of the Alps, the quality of the facilities and the immense natural area around Samo\u00ebns, offer you the opportunity to practice many other sports.<\/span>\u00a0<span id=\"s2_6\">On the summer program: adventure, paragliding, horseback riding or multi-activity weeks.<\/span><\/p>\n<p><span id=\"s2_1\">All you have to do is contact our activity providers.<\/span> <span id=\"s2_2\">They certainly have the activity of your dreams, for an unforgettable stay!<\/span>[\/vc_column_text][\/vc_column][\/vc_row][vc_row][vc_column width=&#8221;1\/3&#8243;][vc_single_image image=&#8221;164&#8243; img_size=&#8221;medium&#8221; alignment=&#8221;center&#8221; onclick=&#8221;custom_link&#8221; img_link_target=&#8221;_blank&#8221; title=&#8221;GUIDED VISITS&#8221; el_class=&#8221;lienversliste&#8221; link=&#8221;https:\/\/www.samoens.com\/en\/guided-tours-through-the-heritage-of-samoens\/&#8221;][vc_single_image image=&#8221;50577&#8243; img_size=&#8221;medium&#8221; alignment=&#8221;center&#8221; onclick=&#8221;custom_link&#8221; img_link_target=&#8221;_blank&#8221; title=&#8221;LEISURE&#8221; link=&#8221;https:\/\/www.samoens.com\/en\/articles_apidae\/lac-aux-dames-leisure-centre-in-summer\/&#8221; el_class=&#8221;lienversliste&#8221;][vc_single_image image=&#8221;181&#8243; img_size=&#8221;medium&#8221; alignment=&#8221;center&#8221; onclick=&#8221;custom_link&#8221; img_link_target=&#8221;_blank&#8221; title=&#8221;FAMILY&#8221; link=&#8221;https:\/\/www.samoens.com\/en\/activites-famille\/&#8221; el_class=&#8221;lienversliste&#8221;][\/vc_column][vc_column width=&#8221;1\/3&#8243;][vc_single_image image=&#8221;195&#8243; img_size=&#8221;medium&#8221; alignment=&#8221;center&#8221; onclick=&#8221;custom_link&#8221; img_link_target=&#8221;_blank&#8221; title=&#8221;ROCK AND MOUNTAIN&#8221; link=&#8221;https:\/\/www.samoens.com\/en\/mountain-activities\/&#8221; el_class=&#8221;lienversliste&#8221;][vc_single_image image=&#8221;50587&#8243; img_size=&#8221;medium&#8221; alignment=&#8221;center&#8221; onclick=&#8221;custom_link&#8221; img_link_target=&#8221;_blank&#8221; title=&#8221;2 WHEELS&#8221; link=&#8221;https:\/\/www.samoens.com\/en\/2-wheels\/&#8221; el_class=&#8221;lienversliste&#8221;][vc_single_image image=&#8221;11781&#8243; img_size=&#8221;medium&#8221; alignment=&#8221;center&#8221; onclick=&#8221;custom_link&#8221; img_link_target=&#8221;_blank&#8221; title=&#8221;WELLNESS&#8221; link=&#8221;https:\/\/www.samoens.com\/en\/activites-bien-etre\/&#8221; el_class=&#8221;lienversliste&#8221;][vc_single_image image=&#8221;596192&#8243; img_size=&#8221;medium&#8221; alignment=&#8221;center&#8221; onclick=&#8221;custom_link&#8221; title=&#8221;Vacations in Samo\u00ebns with your dog&#8221; link=&#8221;https:\/\/www.samoens.com\/en\/come-on-holiday-with-my-dog\/&#8221; el_class=&#8221;lienversliste&#8221;][\/vc_column][vc_column width=&#8221;1\/3&#8243;][vc_single_image image=&#8221;50573&#8243; img_size=&#8221;medium&#8221; alignment=&#8221;center&#8221; onclick=&#8221;custom_link&#8221; img_link_target=&#8221;_blank&#8221; title=&#8221;WATER&#8221; link=&#8221;https:\/\/www.samoens.com\/en\/water-activities\/&#8221; el_class=&#8221;lienversliste&#8221;][vc_single_image image=&#8221;155&#8243; img_size=&#8221;medium&#8221; alignment=&#8221;center&#8221; onclick=&#8221;custom_link&#8221; img_link_target=&#8221;_blank&#8221; title=&#8221;HIKING&#8221; link=&#8221;https:\/\/www.samoens.com\/en\/hiking\/&#8221; el_class=&#8221;lienversliste&#8221;][vc_single_image image=&#8221;413885&#8243; img_size=&#8221;medium&#8221; alignment=&#8221;center&#8221; onclick=&#8221;custom_link&#8221; img_link_target=&#8221;_blank&#8221; title=&#8221;HANDICAPS&#8221; link=&#8221;https:\/\/www.samoens.com\/en\/handicaps-in-the-mountains-in-samoens-summer\/&#8221; el_class=&#8221;lienversliste&#8221;][\/vc_column][\/vc_row]<\/p>\n<\/div>","protected":false},"excerpt":{"rendered":"<p>[vc_row][vc_column][vc_column_text]The family summer activities in Samo\u00ebns give the opportunity to oxygenate in the mountains, to relax or to practice many sports.\u00a0Add to this the discovery of the fauna and flora of the Alps, as well as the cultural, historical and gastronomic heritage of Haute-Savoie.\u00a0Everyone will find what they need! In the family, you will undoubtedly [&hellip;]<\/p>\n","protected":false},"author":2,"featured_media":426837,"parent":595133,"menu_order":1,"comment_status":"open","ping_status":"closed","template":"","meta":{"_acf_changed":false,"footnotes":""},"class_list":["post-415817","page","type-page","status-publish","hentry"],"acf":[],"yoast_head":"<!-- This site is optimized with the Yoast SEO plugin v27.2 - https:\/\/yoast.com\/product\/yoast-seo-wordpress\/ -->\n<title>Summer activities Samo\u00ebns, station de ski et village authentique en Haute-Savoie in Samo\u00ebns<\/title>\n<meta name=\"description\" content=\"Pratiquez vos loisirs et vos activit\u00e9s sportives favorites \u00e0 la montagne : piscine, lac, randonn\u00e9e, VTT, visites guid\u00e9es, d\u00e9tente, adpat\u00e9es...\" \/>\n<meta name=\"robots\" content=\"index, follow, max-snippet:-1, max-image-preview:large, max-video-preview:-1\" \/>\n<link rel=\"canonical\" href=\"https:\/\/www.samoens.com\/en\/activities-in-samoens\/summer-activities-2\/\" \/>\n<meta property=\"og:locale\" content=\"en_US\" \/>\n<meta property=\"og:type\" content=\"article\" \/>\n<meta property=\"og:title\" content=\"Summer activities Samo\u00ebns, station de ski et village authentique en Haute-Savoie in Samo\u00ebns\" \/>\n<meta property=\"og:description\" content=\"Pratiquez vos loisirs et vos activit\u00e9s sportives favorites \u00e0 la montagne : piscine, lac, randonn\u00e9e, VTT, visites guid\u00e9es, d\u00e9tente, adpat\u00e9es...\" \/>\n<meta property=\"og:url\" content=\"https:\/\/www.samoens.com\/en\/activities-in-samoens\/summer-activities-2\/\" \/>\n<meta property=\"og:site_name\" content=\"Samo\u00ebns, station de ski et village authentique en Haute-Savoie\" \/>\n<meta property=\"article:modified_time\" content=\"2025-05-23T15:25:45+00:00\" \/>\n<meta property=\"og:image\" content=\"https:\/\/www.samoens.com\/wp-content\/uploads\/2020\/08\/Samoe\u00a6ens-001.jpg\" \/>\n\t<meta property=\"og:image:width\" content=\"2259\" \/>\n\t<meta property=\"og:image:height\" content=\"964\" \/>\n\t<meta property=\"og:image:type\" content=\"image\/jpeg\" \/>\n<meta name=\"twitter:card\" content=\"summary_large_image\" \/>\n<meta name=\"twitter:label1\" content=\"Est. reading time\" \/>\n\t<meta name=\"twitter:data1\" content=\"3 minutes\" \/>\n<script type=\"application\/ld+json\" class=\"yoast-schema-graph\">{\"@context\":\"https:\/\/schema.org\",\"@graph\":[{\"@type\":\"WebPage\",\"@id\":\"https:\/\/www.samoens.com\/en\/activities-in-samoens\/summer-activities-2\/\",\"url\":\"https:\/\/www.samoens.com\/en\/activities-in-samoens\/summer-activities-2\/\",\"name\":\"Summer activities Samo\u00ebns, station de ski et village authentique en Haute-Savoie in Samo\u00ebns\",\"isPartOf\":{\"@id\":\"https:\/\/www.samoens.com\/#website\"},\"primaryImageOfPage\":{\"@id\":\"https:\/\/www.samoens.com\/en\/activities-in-samoens\/summer-activities-2\/#primaryimage\"},\"image\":{\"@id\":\"https:\/\/www.samoens.com\/en\/activities-in-samoens\/summer-activities-2\/#primaryimage\"},\"thumbnailUrl\":\"https:\/\/www.samoens.com\/wp-content\/uploads\/2020\/08\/Samoe\u00a6ens-001.jpg\",\"datePublished\":\"2020-07-02T10:02:35+00:00\",\"dateModified\":\"2025-05-23T15:25:45+00:00\",\"description\":\"Pratiquez vos loisirs et vos activit\u00e9s sportives favorites \u00e0 la montagne : piscine, lac, randonn\u00e9e, VTT, visites guid\u00e9es, d\u00e9tente, adpat\u00e9es...\",\"breadcrumb\":{\"@id\":\"https:\/\/www.samoens.com\/en\/activities-in-samoens\/summer-activities-2\/#breadcrumb\"},\"inLanguage\":\"en-US\",\"potentialAction\":[{\"@type\":\"ReadAction\",\"target\":[\"https:\/\/www.samoens.com\/en\/activities-in-samoens\/summer-activities-2\/\"]}]},{\"@type\":\"ImageObject\",\"inLanguage\":\"en-US\",\"@id\":\"https:\/\/www.samoens.com\/en\/activities-in-samoens\/summer-activities-2\/#primaryimage\",\"url\":\"https:\/\/www.samoens.com\/wp-content\/uploads\/2020\/08\/Samoe\u00a6ens-001.jpg\",\"contentUrl\":\"https:\/\/www.samoens.com\/wp-content\/uploads\/2020\/08\/Samoe\u00a6ens-001.jpg\",\"width\":2259,\"height\":964,\"caption\":\"Point de vue panoramique sur le massif du Mont-Blanc depuis le lac de joux Plane.\"},{\"@type\":\"BreadcrumbList\",\"@id\":\"https:\/\/www.samoens.com\/en\/activities-in-samoens\/summer-activities-2\/#breadcrumb\",\"itemListElement\":[{\"@type\":\"ListItem\",\"position\":1,\"name\":\"Accueil\",\"item\":\"https:\/\/www.samoens.com\/en\/\"},{\"@type\":\"ListItem\",\"position\":2,\"name\":\"Activities in Samo\u00ebns\",\"item\":\"https:\/\/www.samoens.com\/en\/activities-in-samoens\/\"},{\"@type\":\"ListItem\",\"position\":3,\"name\":\"Summer activities\"}]},{\"@type\":\"WebSite\",\"@id\":\"https:\/\/www.samoens.com\/#website\",\"url\":\"https:\/\/www.samoens.com\/\",\"name\":\"Samo\u00ebns, station de ski et village authentique en Haute-Savoie\",\"description\":\"Nich\u00e9e au coeur du domaine skiable du Grand Massif et \u00e0 moins d&#039;1h de Gen\u00e8ve, Samo\u00ebns rendra vos vacances inoubliables en \u00e9t\u00e9 comme en hiver\",\"potentialAction\":[{\"@type\":\"SearchAction\",\"target\":{\"@type\":\"EntryPoint\",\"urlTemplate\":\"https:\/\/www.samoens.com\/?s={search_term_string}\"},\"query-input\":{\"@type\":\"PropertyValueSpecification\",\"valueRequired\":true,\"valueName\":\"search_term_string\"}}],\"inLanguage\":\"en-US\"}]}<\/script>\n<!-- \/ Yoast SEO plugin. -->","yoast_head_json":{"title":"Summer activities Samo\u00ebns, station de ski et village authentique en Haute-Savoie in Samo\u00ebns","description":"Pratiquez vos loisirs et vos activit\u00e9s sportives favorites \u00e0 la montagne : piscine, lac, randonn\u00e9e, VTT, visites guid\u00e9es, d\u00e9tente, adpat\u00e9es...","robots":{"index":"index","follow":"follow","max-snippet":"max-snippet:-1","max-image-preview":"max-image-preview:large","max-video-preview":"max-video-preview:-1"},"canonical":"https:\/\/www.samoens.com\/en\/activities-in-samoens\/summer-activities-2\/","og_locale":"en_US","og_type":"article","og_title":"Summer activities Samo\u00ebns, station de ski et village authentique en Haute-Savoie in Samo\u00ebns","og_description":"Pratiquez vos loisirs et vos activit\u00e9s sportives favorites \u00e0 la montagne : piscine, lac, randonn\u00e9e, VTT, visites guid\u00e9es, d\u00e9tente, adpat\u00e9es...","og_url":"https:\/\/www.samoens.com\/en\/activities-in-samoens\/summer-activities-2\/","og_site_name":"Samo\u00ebns, station de ski et village authentique en Haute-Savoie","article_modified_time":"2025-05-23T15:25:45+00:00","og_image":[{"width":2259,"height":964,"url":"https:\/\/www.samoens.com\/wp-content\/uploads\/2020\/08\/Samoe\u00a6ens-001.jpg","type":"image\/jpeg"}],"twitter_card":"summary_large_image","twitter_misc":{"Est. reading time":"3 minutes"},"schema":{"@context":"https:\/\/schema.org","@graph":[{"@type":"WebPage","@id":"https:\/\/www.samoens.com\/en\/activities-in-samoens\/summer-activities-2\/","url":"https:\/\/www.samoens.com\/en\/activities-in-samoens\/summer-activities-2\/","name":"Summer activities Samo\u00ebns, station de ski et village authentique en Haute-Savoie in Samo\u00ebns","isPartOf":{"@id":"https:\/\/www.samoens.com\/#website"},"primaryImageOfPage":{"@id":"https:\/\/www.samoens.com\/en\/activities-in-samoens\/summer-activities-2\/#primaryimage"},"image":{"@id":"https:\/\/www.samoens.com\/en\/activities-in-samoens\/summer-activities-2\/#primaryimage"},"thumbnailUrl":"https:\/\/www.samoens.com\/wp-content\/uploads\/2020\/08\/Samoe\u00a6ens-001.jpg","datePublished":"2020-07-02T10:02:35+00:00","dateModified":"2025-05-23T15:25:45+00:00","description":"Pratiquez vos loisirs et vos activit\u00e9s sportives favorites \u00e0 la montagne : piscine, lac, randonn\u00e9e, VTT, visites guid\u00e9es, d\u00e9tente, adpat\u00e9es...","breadcrumb":{"@id":"https:\/\/www.samoens.com\/en\/activities-in-samoens\/summer-activities-2\/#breadcrumb"},"inLanguage":"en-US","potentialAction":[{"@type":"ReadAction","target":["https:\/\/www.samoens.com\/en\/activities-in-samoens\/summer-activities-2\/"]}]},{"@type":"ImageObject","inLanguage":"en-US","@id":"https:\/\/www.samoens.com\/en\/activities-in-samoens\/summer-activities-2\/#primaryimage","url":"https:\/\/www.samoens.com\/wp-content\/uploads\/2020\/08\/Samoe\u00a6ens-001.jpg","contentUrl":"https:\/\/www.samoens.com\/wp-content\/uploads\/2020\/08\/Samoe\u00a6ens-001.jpg","width":2259,"height":964,"caption":"Point de vue panoramique sur le massif du Mont-Blanc depuis le lac de joux Plane."},{"@type":"BreadcrumbList","@id":"https:\/\/www.samoens.com\/en\/activities-in-samoens\/summer-activities-2\/#breadcrumb","itemListElement":[{"@type":"ListItem","position":1,"name":"Accueil","item":"https:\/\/www.samoens.com\/en\/"},{"@type":"ListItem","position":2,"name":"Activities in Samo\u00ebns","item":"https:\/\/www.samoens.com\/en\/activities-in-samoens\/"},{"@type":"ListItem","position":3,"name":"Summer activities"}]},{"@type":"WebSite","@id":"https:\/\/www.samoens.com\/#website","url":"https:\/\/www.samoens.com\/","name":"Samo\u00ebns, station de ski et village authentique en Haute-Savoie","description":"Nich\u00e9e au coeur du domaine skiable du Grand Massif et \u00e0 moins d&#039;1h de Gen\u00e8ve, Samo\u00ebns rendra vos vacances inoubliables en \u00e9t\u00e9 comme en hiver","potentialAction":[{"@type":"SearchAction","target":{"@type":"EntryPoint","urlTemplate":"https:\/\/www.samoens.com\/?s={search_term_string}"},"query-input":{"@type":"PropertyValueSpecification","valueRequired":true,"valueName":"search_term_string"}}],"inLanguage":"en-US"}]}},"_links":{"self":[{"href":"https:\/\/www.samoens.com\/en\/wp-json\/wp\/v2\/pages\/415817","targetHints":{"allow":["GET"]}}],"collection":[{"href":"https:\/\/www.samoens.com\/en\/wp-json\/wp\/v2\/pages"}],"about":[{"href":"https:\/\/www.samoens.com\/en\/wp-json\/wp\/v2\/types\/page"}],"author":[{"embeddable":true,"href":"https:\/\/www.samoens.com\/en\/wp-json\/wp\/v2\/users\/2"}],"replies":[{"embeddable":true,"href":"https:\/\/www.samoens.com\/en\/wp-json\/wp\/v2\/comments?post=415817"}],"version-history":[{"count":1,"href":"https:\/\/www.samoens.com\/en\/wp-json\/wp\/v2\/pages\/415817\/revisions"}],"predecessor-version":[{"id":596468,"href":"https:\/\/www.samoens.com\/en\/wp-json\/wp\/v2\/pages\/415817\/revisions\/596468"}],"up":[{"embeddable":true,"href":"https:\/\/www.samoens.com\/en\/wp-json\/wp\/v2\/pages\/595133"}],"wp:featuredmedia":[{"embeddable":true,"href":"https:\/\/www.samoens.com\/en\/wp-json\/wp\/v2\/media\/426837"}],"wp:attachment":[{"href":"https:\/\/www.samoens.com\/en\/wp-json\/wp\/v2\/media?parent=415817"}],"curies":[{"name":"wp","href":"https:\/\/api.w.org\/{rel}","templated":true}]}}