{"id":40759,"date":"2019-09-10T14:23:42","date_gmt":"2019-09-10T12:23:42","guid":{"rendered":"https:\/\/www.samoens.com\/les-activites-a-samoens\/activites-dhiver\/"},"modified":"2025-09-02T08:15:25","modified_gmt":"2025-09-02T06:15:25","slug":"winter-activities-2","status":"publish","type":"page","link":"https:\/\/www.samoens.com\/en\/activities-in-samoens\/winter-activities-2\/","title":{"rendered":"Winter activities"},"content":{"rendered":"<div class=\"wpb-content-wrapper\"><p>[vc_row][vc_column][vc_column_text]<\/p>\n<div id=\"tw-target-text-container\" class=\"tw-ta-container tw-nfl\">\n<p id=\"tw-target-text\" class=\"tw-data-text tw-text-large tw-ta\" dir=\"ltr\" data-placeholder=\"Traduction\"><span lang=\"en\" tabindex=\"0\">Discover below some of the many activities offered in Samo\u00ebns this season!<\/span><\/p>\n<\/div>\n<p>[\/vc_column_text][\/vc_column][\/vc_row][vc_row][vc_column width=&#8221;1\/3&#8243;][vc_single_image image=&#8221;67506&#8243; img_size=&#8221;medium&#8221; alignment=&#8221;center&#8221; onclick=&#8221;custom_link&#8221; img_link_target=&#8221;_blank&#8221; title=&#8221;Skiing&#8221; link=&#8221;https:\/\/www.samoens.com\/en\/activites-dhiver\/alpine-skiing\/&#8221; el_class=&#8221;lienversliste&#8221;][vc_single_image image=&#8221;51032&#8243; img_size=&#8221;medium&#8221; alignment=&#8221;center&#8221; onclick=&#8221;custom_link&#8221; img_link_target=&#8221;_blank&#8221; title=&#8221;Ski touring&#8221; link=&#8221;https:\/\/www.samoens.com\/en\/ski-touring\/&#8221; el_class=&#8221;lienversliste&#8221;][vc_single_image image=&#8221;195&#8243; img_size=&#8221;medium&#8221; alignment=&#8221;center&#8221; onclick=&#8221;custom_link&#8221; img_link_target=&#8221;_blank&#8221; title=&#8221;Ice waterfalls&#8221; link=&#8221;https:\/\/www.samoens.com\/en\/icefall\/&#8221; el_class=&#8221;lienversliste&#8221;][vc_single_image image=&#8221;51050&#8243; img_size=&#8221;medium&#8221; alignment=&#8221;center&#8221; onclick=&#8221;custom_link&#8221; img_link_target=&#8221;_blank&#8221; title=&#8221;Ice rink&#8221; link=&#8221;https:\/\/www.samoens.com\/en\/ice-rink\/&#8221; el_class=&#8221;lienversliste&#8221;][vc_single_image image=&#8221;51035&#8243; img_size=&#8221;medium&#8221; alignment=&#8221;center&#8221; onclick=&#8221;custom_link&#8221; img_link_target=&#8221;_blank&#8221; title=&#8221;Heliski&#8221; link=&#8221;https:\/\/www.samoens.com\/en\/off-piste-and-heliskiing-in-the-alps\/&#8221; el_class=&#8221;lienversliste&#8221;][vc_single_image image=&#8221;2328&#8243; onclick=&#8221;custom_link&#8221; title=&#8221;Activities for children&#8221; link=&#8221;https:\/\/www.samoens.com\/en\/what-to-do-samoens-in-family-his-winter\/&#8221;][\/vc_column][vc_column width=&#8221;1\/3&#8243;][vc_single_image image=&#8221;25728&#8243; img_size=&#8221;medium&#8221; alignment=&#8221;center&#8221; onclick=&#8221;custom_link&#8221; img_link_target=&#8221;_blank&#8221; title=&#8221;Cross-country skiing&#8221; link=&#8221;https:\/\/www.samoens.com\/en\/cross-country-skiing\/&#8221; el_class=&#8221;lienversliste&#8221;][vc_single_image image=&#8221;1280&#8243; img_size=&#8221;medium&#8221; alignment=&#8221;center&#8221; onclick=&#8221;custom_link&#8221; img_link_target=&#8221;_blank&#8221; title=&#8221;Fat bike&#8221; link=&#8221;https:\/\/www.samoens.com\/en\/fat-bike-winter\/&#8221; el_class=&#8221;lienversliste&#8221;][vc_single_image image=&#8221;51044&#8243; img_size=&#8221;medium&#8221; alignment=&#8221;center&#8221; onclick=&#8221;custom_link&#8221; img_link_target=&#8221;_blank&#8221; title=&#8221;Sledge &#8211; Sledge pony&#8221; link=&#8221;https:\/\/www.samoens.com\/en\/slee\/&#8221; el_class=&#8221;lienversliste&#8221;][vc_single_image image=&#8221;51056&#8243; img_size=&#8221;medium&#8221; alignment=&#8221;center&#8221; onclick=&#8221;custom_link&#8221; img_link_target=&#8221;_blank&#8221; title=&#8221;In case of bad weather&#8221; link=&#8221;https:\/\/www.samoens.com\/en\/in-case-of-bad-weather\/&#8221; el_class=&#8221;lienversliste&#8221;][vc_single_image image=&#8221;429209&#8243; img_size=&#8221;medium&#8221; alignment=&#8221;center&#8221; onclick=&#8221;custom_link&#8221; img_link_target=&#8221;_blank&#8221; title=&#8221;Frozen river&#8221; link=&#8221;https:\/\/www.samoens.com\/en\/rafting-en\/frozen-river-trip-on-the-giffre-river-2\/&#8221; el_class=&#8221;lienversliste&#8221;][vc_single_image image=&#8221;592118&#8243; onclick=&#8221;custom_link&#8221; title=&#8221;Ice swimming&#8221; link=&#8221;https:\/\/www.samoens.com\/en\/immersion-and-swimming-in-icy-water\/&#8221;][\/vc_column][vc_column width=&#8221;1\/3&#8243;][vc_single_image image=&#8221;1279&#8243; img_size=&#8221;medium&#8221; alignment=&#8221;center&#8221; onclick=&#8221;custom_link&#8221; img_link_target=&#8221;_blank&#8221; title=&#8221;Snowshoe activities&#8221; link=&#8221;https:\/\/www.samoens.com\/en\/snowshoe-activities\/&#8221; el_class=&#8221;lienversliste&#8221;][vc_single_image image=&#8221;51041&#8243; img_size=&#8221;medium&#8221; alignment=&#8221;center&#8221; onclick=&#8221;custom_link&#8221; img_link_target=&#8221;_blank&#8221; title=&#8221;Free-ride&#8221; link=&#8221;https:\/\/www.samoens.com\/en\/free-ride\/&#8221; el_class=&#8221;lienversliste&#8221;][vc_single_image image=&#8221;51038&#8243; img_size=&#8221;medium&#8221; alignment=&#8221;center&#8221; onclick=&#8221;custom_link&#8221; img_link_target=&#8221;_blank&#8221; title=&#8221;&#8220;Vall\u00e9e-blanche&#8220; off-piste skiing&#8221; link=&#8221;https:\/\/www.samoens.com\/en\/articles_apidae\/vallee-blanche-2\/&#8221; el_class=&#8221;lienversliste&#8221;][vc_single_image image=&#8221;61897&#8243; img_size=&#8221;medium&#8221; alignment=&#8221;center&#8221; onclick=&#8221;custom_link&#8221; img_link_target=&#8221;_blank&#8221; title=&#8221;Snowmobiles at night&#8221; link=&#8221;https:\/\/www.samoens.com\/en\/articles_apidae\/snowmobile-excursions\/&#8221; el_class=&#8221;lienversliste&#8221;][vc_single_image image=&#8221;592121&#8243; onclick=&#8221;custom_link&#8221; title=&#8221;Trail in the snow&#8221; link=&#8221;https:\/\/www.samoens.com\/en\/white-trail-training-and-initiation-aurelien-accompagnateur-en-montagne\/&#8221;][vc_single_image image=&#8221;596109&#8243; img_size=&#8221;medium&#8221; alignment=&#8221;center&#8221; onclick=&#8221;custom_link&#8221; title=&#8221;Vacations in Samo\u00ebns with your dog&#8221; link=&#8221;https:\/\/www.samoens.com\/en\/come-on-holiday-with-my-dog\/&#8221; el_class=&#8221;lienversliste&#8221;][\/vc_column][\/vc_row]<\/p>\n<\/div>","protected":false},"excerpt":{"rendered":"<p>[vc_row][vc_column][vc_column_text] Discover below some of the many activities offered in Samo\u00ebns this season! [\/vc_column_text][\/vc_column][\/vc_row][vc_row][vc_column width=&#8221;1\/3&#8243;][vc_single_image image=&#8221;67506&#8243; img_size=&#8221;medium&#8221; alignment=&#8221;center&#8221; onclick=&#8221;custom_link&#8221; img_link_target=&#8221;_blank&#8221; title=&#8221;Skiing&#8221; link=&#8221;https:\/\/www.samoens.com\/en\/activites-dhiver\/alpine-skiing\/&#8221; el_class=&#8221;lienversliste&#8221;][vc_single_image image=&#8221;51032&#8243; img_size=&#8221;medium&#8221; alignment=&#8221;center&#8221; onclick=&#8221;custom_link&#8221; img_link_target=&#8221;_blank&#8221; title=&#8221;Ski touring&#8221; link=&#8221;https:\/\/www.samoens.com\/en\/ski-touring\/&#8221; el_class=&#8221;lienversliste&#8221;][vc_single_image image=&#8221;195&#8243; img_size=&#8221;medium&#8221; alignment=&#8221;center&#8221; onclick=&#8221;custom_link&#8221; img_link_target=&#8221;_blank&#8221; title=&#8221;Ice waterfalls&#8221; link=&#8221;https:\/\/www.samoens.com\/en\/icefall\/&#8221; el_class=&#8221;lienversliste&#8221;][vc_single_image image=&#8221;51050&#8243; img_size=&#8221;medium&#8221; alignment=&#8221;center&#8221; onclick=&#8221;custom_link&#8221; img_link_target=&#8221;_blank&#8221; title=&#8221;Ice rink&#8221; link=&#8221;https:\/\/www.samoens.com\/en\/ice-rink\/&#8221; el_class=&#8221;lienversliste&#8221;][vc_single_image image=&#8221;51035&#8243; img_size=&#8221;medium&#8221; alignment=&#8221;center&#8221; onclick=&#8221;custom_link&#8221; img_link_target=&#8221;_blank&#8221; [&hellip;]<\/p>\n","protected":false},"author":1,"featured_media":426834,"parent":595133,"menu_order":0,"comment_status":"closed","ping_status":"closed","template":"template-entete-bleue.php","meta":{"_acf_changed":false,"footnotes":""},"class_list":["post-40759","page","type-page","status-publish","hentry"],"acf":[],"yoast_head":"<!-- This site is optimized with the Yoast SEO plugin v27.4 - https:\/\/yoast.com\/product\/yoast-seo-wordpress\/ -->\n<title>Votre hiver \u00e0 Samo\u00ebns Samo\u00ebns, station de ski et village authentique en Haute-Savoie<\/title>\n<meta name=\"description\" content=\"Explore the best winter activities in Samo\u00ebns! Skiing, snowshoeing, hiking, and more amidst the majestic French Alps. Your winter adventure starts here.\" \/>\n<meta name=\"robots\" content=\"index, follow, max-snippet:-1, max-image-preview:large, max-video-preview:-1\" \/>\n<link rel=\"canonical\" href=\"https:\/\/www.samoens.com\/en\/activities-in-samoens\/winter-activities-2\/\" \/>\n<meta property=\"og:locale\" content=\"en_US\" \/>\n<meta property=\"og:type\" content=\"article\" \/>\n<meta property=\"og:title\" content=\"Votre hiver \u00e0 Samo\u00ebns Samo\u00ebns, station de ski et village authentique en Haute-Savoie\" \/>\n<meta property=\"og:description\" content=\"Explore the best winter activities in Samo\u00ebns! Skiing, snowshoeing, hiking, and more amidst the majestic French Alps. Your winter adventure starts here.\" \/>\n<meta property=\"og:url\" content=\"https:\/\/www.samoens.com\/en\/activities-in-samoens\/winter-activities-2\/\" \/>\n<meta property=\"og:site_name\" content=\"Samo\u00ebns, station de ski et village authentique en Haute-Savoie\" \/>\n<meta property=\"article:modified_time\" content=\"2025-09-02T06:15:25+00:00\" \/>\n<meta property=\"og:image\" content=\"https:\/\/www.samoens.com\/wp-content\/uploads\/2020\/08\/Samoens-196-scaled.jpg\" \/>\n\t<meta property=\"og:image:width\" content=\"2560\" \/>\n\t<meta property=\"og:image:height\" content=\"749\" \/>\n\t<meta property=\"og:image:type\" content=\"image\/jpeg\" \/>\n<meta name=\"twitter:card\" content=\"summary_large_image\" \/>\n<meta name=\"twitter:label1\" content=\"Est. reading time\" \/>\n\t<meta name=\"twitter:data1\" content=\"1 minute\" \/>\n<script type=\"application\/ld+json\" class=\"yoast-schema-graph\">{\"@context\":\"https:\\\/\\\/schema.org\",\"@graph\":[{\"@type\":\"WebPage\",\"@id\":\"https:\\\/\\\/www.samoens.com\\\/en\\\/activities-in-samoens\\\/winter-activities-2\\\/\",\"url\":\"https:\\\/\\\/www.samoens.com\\\/en\\\/activities-in-samoens\\\/winter-activities-2\\\/\",\"name\":\"Votre hiver \u00e0 Samo\u00ebns Samo\u00ebns, station de ski et village authentique en Haute-Savoie\",\"isPartOf\":{\"@id\":\"https:\\\/\\\/www.samoens.com\\\/#website\"},\"primaryImageOfPage\":{\"@id\":\"https:\\\/\\\/www.samoens.com\\\/en\\\/activities-in-samoens\\\/winter-activities-2\\\/#primaryimage\"},\"image\":{\"@id\":\"https:\\\/\\\/www.samoens.com\\\/en\\\/activities-in-samoens\\\/winter-activities-2\\\/#primaryimage\"},\"thumbnailUrl\":\"https:\\\/\\\/www.samoens.com\\\/wp-content\\\/uploads\\\/2020\\\/08\\\/Samoens-196-scaled.jpg\",\"datePublished\":\"2019-09-10T12:23:42+00:00\",\"dateModified\":\"2025-09-02T06:15:25+00:00\",\"description\":\"Explore the best winter activities in Samo\u00ebns! Skiing, snowshoeing, hiking, and more amidst the majestic French Alps. Your winter adventure starts here.\",\"breadcrumb\":{\"@id\":\"https:\\\/\\\/www.samoens.com\\\/en\\\/activities-in-samoens\\\/winter-activities-2\\\/#breadcrumb\"},\"inLanguage\":\"en-US\",\"potentialAction\":[{\"@type\":\"ReadAction\",\"target\":[\"https:\\\/\\\/www.samoens.com\\\/en\\\/activities-in-samoens\\\/winter-activities-2\\\/\"]}]},{\"@type\":\"ImageObject\",\"inLanguage\":\"en-US\",\"@id\":\"https:\\\/\\\/www.samoens.com\\\/en\\\/activities-in-samoens\\\/winter-activities-2\\\/#primaryimage\",\"url\":\"https:\\\/\\\/www.samoens.com\\\/wp-content\\\/uploads\\\/2020\\\/08\\\/Samoens-196-scaled.jpg\",\"contentUrl\":\"https:\\\/\\\/www.samoens.com\\\/wp-content\\\/uploads\\\/2020\\\/08\\\/Samoens-196-scaled.jpg\",\"width\":2560,\"height\":749,\"caption\":\"vue panoramique du hameau La Rosi\u00e8re\"},{\"@type\":\"BreadcrumbList\",\"@id\":\"https:\\\/\\\/www.samoens.com\\\/en\\\/activities-in-samoens\\\/winter-activities-2\\\/#breadcrumb\",\"itemListElement\":[{\"@type\":\"ListItem\",\"position\":1,\"name\":\"Accueil\",\"item\":\"https:\\\/\\\/www.samoens.com\\\/en\\\/\"},{\"@type\":\"ListItem\",\"position\":2,\"name\":\"Activities in Samo\u00ebns\",\"item\":\"https:\\\/\\\/www.samoens.com\\\/en\\\/activities-in-samoens\\\/\"},{\"@type\":\"ListItem\",\"position\":3,\"name\":\"Winter activities\"}]},{\"@type\":\"WebSite\",\"@id\":\"https:\\\/\\\/www.samoens.com\\\/#website\",\"url\":\"https:\\\/\\\/www.samoens.com\\\/\",\"name\":\"Samo\u00ebns, station de ski et village authentique en Haute-Savoie\",\"description\":\"Nich\u00e9e au coeur du domaine skiable du Grand Massif et \u00e0 moins d&#039;1h de Gen\u00e8ve, Samo\u00ebns rendra vos vacances inoubliables en \u00e9t\u00e9 comme en hiver\",\"potentialAction\":[{\"@type\":\"SearchAction\",\"target\":{\"@type\":\"EntryPoint\",\"urlTemplate\":\"https:\\\/\\\/www.samoens.com\\\/?s={search_term_string}\"},\"query-input\":{\"@type\":\"PropertyValueSpecification\",\"valueRequired\":true,\"valueName\":\"search_term_string\"}}],\"inLanguage\":\"en-US\"}]}<\/script>\n<!-- \/ Yoast SEO plugin. -->","yoast_head_json":{"title":"Votre hiver \u00e0 Samo\u00ebns Samo\u00ebns, station de ski et village authentique en Haute-Savoie","description":"Explore the best winter activities in Samo\u00ebns! Skiing, snowshoeing, hiking, and more amidst the majestic French Alps. Your winter adventure starts here.","robots":{"index":"index","follow":"follow","max-snippet":"max-snippet:-1","max-image-preview":"max-image-preview:large","max-video-preview":"max-video-preview:-1"},"canonical":"https:\/\/www.samoens.com\/en\/activities-in-samoens\/winter-activities-2\/","og_locale":"en_US","og_type":"article","og_title":"Votre hiver \u00e0 Samo\u00ebns Samo\u00ebns, station de ski et village authentique en Haute-Savoie","og_description":"Explore the best winter activities in Samo\u00ebns! Skiing, snowshoeing, hiking, and more amidst the majestic French Alps. Your winter adventure starts here.","og_url":"https:\/\/www.samoens.com\/en\/activities-in-samoens\/winter-activities-2\/","og_site_name":"Samo\u00ebns, station de ski et village authentique en Haute-Savoie","article_modified_time":"2025-09-02T06:15:25+00:00","og_image":[{"width":2560,"height":749,"url":"https:\/\/www.samoens.com\/wp-content\/uploads\/2020\/08\/Samoens-196-scaled.jpg","type":"image\/jpeg"}],"twitter_card":"summary_large_image","twitter_misc":{"Est. reading time":"1 minute"},"schema":{"@context":"https:\/\/schema.org","@graph":[{"@type":"WebPage","@id":"https:\/\/www.samoens.com\/en\/activities-in-samoens\/winter-activities-2\/","url":"https:\/\/www.samoens.com\/en\/activities-in-samoens\/winter-activities-2\/","name":"Votre hiver \u00e0 Samo\u00ebns Samo\u00ebns, station de ski et village authentique en Haute-Savoie","isPartOf":{"@id":"https:\/\/www.samoens.com\/#website"},"primaryImageOfPage":{"@id":"https:\/\/www.samoens.com\/en\/activities-in-samoens\/winter-activities-2\/#primaryimage"},"image":{"@id":"https:\/\/www.samoens.com\/en\/activities-in-samoens\/winter-activities-2\/#primaryimage"},"thumbnailUrl":"https:\/\/www.samoens.com\/wp-content\/uploads\/2020\/08\/Samoens-196-scaled.jpg","datePublished":"2019-09-10T12:23:42+00:00","dateModified":"2025-09-02T06:15:25+00:00","description":"Explore the best winter activities in Samo\u00ebns! Skiing, snowshoeing, hiking, and more amidst the majestic French Alps. Your winter adventure starts here.","breadcrumb":{"@id":"https:\/\/www.samoens.com\/en\/activities-in-samoens\/winter-activities-2\/#breadcrumb"},"inLanguage":"en-US","potentialAction":[{"@type":"ReadAction","target":["https:\/\/www.samoens.com\/en\/activities-in-samoens\/winter-activities-2\/"]}]},{"@type":"ImageObject","inLanguage":"en-US","@id":"https:\/\/www.samoens.com\/en\/activities-in-samoens\/winter-activities-2\/#primaryimage","url":"https:\/\/www.samoens.com\/wp-content\/uploads\/2020\/08\/Samoens-196-scaled.jpg","contentUrl":"https:\/\/www.samoens.com\/wp-content\/uploads\/2020\/08\/Samoens-196-scaled.jpg","width":2560,"height":749,"caption":"vue panoramique du hameau La Rosi\u00e8re"},{"@type":"BreadcrumbList","@id":"https:\/\/www.samoens.com\/en\/activities-in-samoens\/winter-activities-2\/#breadcrumb","itemListElement":[{"@type":"ListItem","position":1,"name":"Accueil","item":"https:\/\/www.samoens.com\/en\/"},{"@type":"ListItem","position":2,"name":"Activities in Samo\u00ebns","item":"https:\/\/www.samoens.com\/en\/activities-in-samoens\/"},{"@type":"ListItem","position":3,"name":"Winter activities"}]},{"@type":"WebSite","@id":"https:\/\/www.samoens.com\/#website","url":"https:\/\/www.samoens.com\/","name":"Samo\u00ebns, station de ski et village authentique en Haute-Savoie","description":"Nich\u00e9e au coeur du domaine skiable du Grand Massif et \u00e0 moins d&#039;1h de Gen\u00e8ve, Samo\u00ebns rendra vos vacances inoubliables en \u00e9t\u00e9 comme en hiver","potentialAction":[{"@type":"SearchAction","target":{"@type":"EntryPoint","urlTemplate":"https:\/\/www.samoens.com\/?s={search_term_string}"},"query-input":{"@type":"PropertyValueSpecification","valueRequired":true,"valueName":"search_term_string"}}],"inLanguage":"en-US"}]}},"_links":{"self":[{"href":"https:\/\/www.samoens.com\/en\/wp-json\/wp\/v2\/pages\/40759","targetHints":{"allow":["GET"]}}],"collection":[{"href":"https:\/\/www.samoens.com\/en\/wp-json\/wp\/v2\/pages"}],"about":[{"href":"https:\/\/www.samoens.com\/en\/wp-json\/wp\/v2\/types\/page"}],"author":[{"embeddable":true,"href":"https:\/\/www.samoens.com\/en\/wp-json\/wp\/v2\/users\/1"}],"replies":[{"embeddable":true,"href":"https:\/\/www.samoens.com\/en\/wp-json\/wp\/v2\/comments?post=40759"}],"version-history":[{"count":5,"href":"https:\/\/www.samoens.com\/en\/wp-json\/wp\/v2\/pages\/40759\/revisions"}],"predecessor-version":[{"id":599324,"href":"https:\/\/www.samoens.com\/en\/wp-json\/wp\/v2\/pages\/40759\/revisions\/599324"}],"up":[{"embeddable":true,"href":"https:\/\/www.samoens.com\/en\/wp-json\/wp\/v2\/pages\/595133"}],"wp:featuredmedia":[{"embeddable":true,"href":"https:\/\/www.samoens.com\/en\/wp-json\/wp\/v2\/media\/426834"}],"wp:attachment":[{"href":"https:\/\/www.samoens.com\/en\/wp-json\/wp\/v2\/media?parent=40759"}],"curies":[{"name":"wp","href":"https:\/\/api.w.org\/{rel}","templated":true}]}}