{"id":38422,"date":"2019-09-09T18:08:18","date_gmt":"2019-09-09T16:08:18","guid":{"rendered":"https:\/\/www.samoens.com\/?page_id=38422"},"modified":"2020-02-26T09:20:23","modified_gmt":"2020-02-26T08:20:23","slug":"legal-notice","status":"publish","type":"page","link":"https:\/\/www.samoens.com\/en\/legal-notice\/","title":{"rendered":"Legal Notice"},"content":{"rendered":"<h2>Ownership and editorial responsibility:<\/h2>\n<p><strong>This site is the property of: Tourist Office of Samo\u00ebns<\/strong><\/p>\n<p>66, place de l\u2019Office de Tourisme<br \/>\nB.P. 42<br \/>\n74340 SAMOENS<br \/>\nT\u00e9l. : 04.50.34.40.28<\/p>\n<p>SIRET : 45190638200010<\/p>\n<p><strong>Director of publication: <\/strong>\u00a0M. Nicolas FRANCFORT<br \/>\nemail : nicolas@www.samoens.com<\/p>\n<h2>Website design:<\/h2>\n<p>YATA! a Logitourism brand<br \/>\nWeb and Media Communication Agency<br \/>\n<a href=\"https:\/\/www.yata.fr\" target=\"_blank\" rel=\"noopener noreferrer\">https:\/\/www.yata.fr<\/a><br \/>\n11 place de l\u2019h\u00f4tel de Ville 39000 Lons le Saunier<br \/>\n10 rue Marcel Dassault 59700 Marcq-en-Baroeul<\/p>\n<h2>Host by YATA!:<\/h2>\n<p>The website is hosted by\u00a0 : OVH\u00a0 www.ovh.com<br \/>\n2 rue Kellermann \u2013 59100 ROUBAIX \u2013 France<\/p>\n<h2>Photos credit\u00a0 :<\/h2>\n<p>Office de Tourisme Samo\u00ebns, Christian Marelet, Stefan Laude, Monica Dalmasso, Tristan shu \u2013 GMDS, Istock, 123 rf, shutterstock, Olivier Lestien.<\/p>\n<h2>Intellectual property :<\/h2>\n<p>The texts, photos, videos, data, posters, logos, brands and other elements reproduced on the website are the intellectual property of Office de Tourisme de Samo\u00ebns, including copyright, neighboring rights, trademark law. Any reproduction or use of these texts, photos, videos, data, posters, logos, brands and other elements reproduced in any manner and for any purpose whatsoever, is prohibited.<\/p>\n<h2>Terms and conditions :<\/h2>\n<p><a href=\"\/wp-content\/uploads\/2019\/09\/terms-of-sales.pdf\" target=\"_blank\" rel=\"noopener noreferrer\">Download the general sales conditions<\/a><\/p>\n\t\t<form action=\"https:\/\/www.samoens.com\/wp-admin\/admin-ajax.php\" method=\"post\" id=\"gdrf-form\">\n\t\t\t<input type=\"hidden\" name=\"action\" value=\"gdrf_data_request\" \/>\n\t\t\t<input type=\"hidden\" name=\"gdrf_data_human_key\" id=\"gdrf_data_human_key\" value=\"40008\" \/>\n\t\t\t<input type=\"hidden\" name=\"gdrf_data_nonce\" id=\"gdrf_data_nonce\" value=\"0c4277e1e2\" \/>\n\n\t\t\t\t\t<div class=\"gdrf-field gdrf-field-action\" role=\"radiogroup\" aria-labelledby=\"gdrf-radio-label\">\n\t\t\t\t<p id=\"gdrf-radio-label\">\n\t\t\t\t\tSelect your request:\t\t\t\t<\/p>\n\n\t\t\t\t<input id=\"gdrf-data-type-export\" class=\"gdrf-data-type-input\" type=\"radio\" name=\"gdrf_data_type\" value=\"export_personal_data\" \/>\n\t\t\t\t<label for=\"gdrf-data-type-export\" class=\"gdrf-data-type-label\">\n\t\t\t\t\tExport Personal Data\t\t\t\t<\/label>\n\t\t\t\t<br \/>\n\t\t\t\t<input id=\"gdrf-data-type-remove\" class=\"gdrf-data-type-input\" type=\"radio\" name=\"gdrf_data_type\" value=\"remove_personal_data\" \/>\n\t\t\t\t<label for=\"gdrf-data-type-remove\" class=\"gdrf-data-type-label\">\n\t\t\t\t\tRemove Personal Data\t\t\t\t<\/label>\n\t\t\t<\/div>\n\t\t\n\t\t\t<p class=\"gdrf-field gdrf-field-email\">\n\t\t\t\t<label for=\"gdrf_data_email\">\n\t\t\t\t\tYour email address (required)\t\t\t\t<\/label>\n\t\t\t\t<input type=\"email\" id=\"gdrf_data_email\" name=\"gdrf_data_email\" required \/>\n\t\t\t<\/p>\n\n\t\t\t<p class=\"gdrf-field gdrf-field-human\">\n\t\t\t\t<label for=\"gdrf_data_human\">\n\t\t\t\t\tHuman verification (required):\t\t\t\t\t4\u00a0+\u00a08\u00a0=\u00a0?\t\t\t\t<\/label>\n\t\t\t\t<input type=\"text\" id=\"gdrf_data_human\" name=\"gdrf_data_human\" required \/>\n\t\t\t<\/p>\n\n\t\t\t<p class=\"gdrf-field gdrf-field-submit\">\n\t\t\t\t<input id=\"gdrf-submit-button\" type=\"submit\" class=\"wp-element-button\" value=\"Send Request\" \/>\n\t\t\t<\/p>\n\t\t<\/form>\n\t\t\n","protected":false},"excerpt":{"rendered":"<p>Ownership and editorial responsibility: This site is the property of: Tourist Office of Samo\u00ebns 66, place de l\u2019Office de Tourisme B.P. 42 74340 SAMOENS T\u00e9l. : 04.50.34.40.28 SIRET : 45190638200010 Director of publication: \u00a0M. Nicolas FRANCFORT email : nicolas@www.samoens.com Website design: YATA! a Logitourism brand Web and Media Communication Agency https:\/\/www.yata.fr 11 place de l\u2019h\u00f4tel [&hellip;]<\/p>\n","protected":false},"author":2,"featured_media":0,"parent":0,"menu_order":68,"comment_status":"closed","ping_status":"closed","template":"","meta":{"_acf_changed":false,"footnotes":""},"class_list":["post-38422","page","type-page","status-publish","hentry"],"acf":[],"yoast_head":"<!-- This site is optimized with the Yoast SEO plugin v27.4 - https:\/\/yoast.com\/product\/yoast-seo-wordpress\/ -->\n<title>Legal Notice Samo\u00ebns, station de ski et village authentique en Haute-Savoie<\/title>\n<meta name=\"robots\" content=\"index, follow, max-snippet:-1, max-image-preview:large, max-video-preview:-1\" \/>\n<link rel=\"canonical\" href=\"https:\/\/www.samoens.com\/en\/legal-notice\/\" \/>\n<meta property=\"og:locale\" content=\"en_US\" \/>\n<meta property=\"og:type\" content=\"article\" \/>\n<meta property=\"og:title\" content=\"Legal Notice Samo\u00ebns, station de ski et village authentique en Haute-Savoie\" \/>\n<meta property=\"og:description\" content=\"Ownership and editorial responsibility: This site is the property of: Tourist Office of Samo\u00ebns 66, place de l\u2019Office de Tourisme B.P. 42 74340 SAMOENS T\u00e9l. : 04.50.34.40.28 SIRET : 45190638200010 Director of publication: \u00a0M. Nicolas FRANCFORT email : nicolas@www.samoens.com Website design: YATA! a Logitourism brand Web and Media Communication Agency https:\/\/www.yata.fr 11 place de l\u2019h\u00f4tel [&hellip;]\" \/>\n<meta property=\"og:url\" content=\"https:\/\/www.samoens.com\/en\/legal-notice\/\" \/>\n<meta property=\"og:site_name\" content=\"Samo\u00ebns, station de ski et village authentique en Haute-Savoie\" \/>\n<meta property=\"article:modified_time\" content=\"2020-02-26T08:20:23+00:00\" \/>\n<meta name=\"twitter:card\" content=\"summary_large_image\" \/>\n<meta name=\"twitter:label1\" content=\"Est. reading time\" \/>\n\t<meta name=\"twitter:data1\" content=\"1 minute\" \/>\n<script type=\"application\/ld+json\" class=\"yoast-schema-graph\">{\"@context\":\"https:\\\/\\\/schema.org\",\"@graph\":[{\"@type\":\"WebPage\",\"@id\":\"https:\\\/\\\/www.samoens.com\\\/en\\\/legal-notice\\\/\",\"url\":\"https:\\\/\\\/www.samoens.com\\\/en\\\/legal-notice\\\/\",\"name\":\"Legal Notice Samo\u00ebns, station de ski et village authentique en Haute-Savoie\",\"isPartOf\":{\"@id\":\"https:\\\/\\\/www.samoens.com\\\/#website\"},\"datePublished\":\"2019-09-09T16:08:18+00:00\",\"dateModified\":\"2020-02-26T08:20:23+00:00\",\"breadcrumb\":{\"@id\":\"https:\\\/\\\/www.samoens.com\\\/en\\\/legal-notice\\\/#breadcrumb\"},\"inLanguage\":\"en-US\",\"potentialAction\":[{\"@type\":\"ReadAction\",\"target\":[\"https:\\\/\\\/www.samoens.com\\\/en\\\/legal-notice\\\/\"]}]},{\"@type\":\"BreadcrumbList\",\"@id\":\"https:\\\/\\\/www.samoens.com\\\/en\\\/legal-notice\\\/#breadcrumb\",\"itemListElement\":[{\"@type\":\"ListItem\",\"position\":1,\"name\":\"Accueil\",\"item\":\"https:\\\/\\\/www.samoens.com\\\/en\\\/\"},{\"@type\":\"ListItem\",\"position\":2,\"name\":\"Legal Notice\"}]},{\"@type\":\"WebSite\",\"@id\":\"https:\\\/\\\/www.samoens.com\\\/#website\",\"url\":\"https:\\\/\\\/www.samoens.com\\\/\",\"name\":\"Samo\u00ebns, station de ski et village authentique en Haute-Savoie\",\"description\":\"Nich\u00e9e au coeur du domaine skiable du Grand Massif et \u00e0 moins d&#039;1h de Gen\u00e8ve, Samo\u00ebns rendra vos vacances inoubliables en \u00e9t\u00e9 comme en hiver\",\"potentialAction\":[{\"@type\":\"SearchAction\",\"target\":{\"@type\":\"EntryPoint\",\"urlTemplate\":\"https:\\\/\\\/www.samoens.com\\\/?s={search_term_string}\"},\"query-input\":{\"@type\":\"PropertyValueSpecification\",\"valueRequired\":true,\"valueName\":\"search_term_string\"}}],\"inLanguage\":\"en-US\"}]}<\/script>\n<!-- \/ Yoast SEO plugin. -->","yoast_head_json":{"title":"Legal Notice Samo\u00ebns, station de ski et village authentique en Haute-Savoie","robots":{"index":"index","follow":"follow","max-snippet":"max-snippet:-1","max-image-preview":"max-image-preview:large","max-video-preview":"max-video-preview:-1"},"canonical":"https:\/\/www.samoens.com\/en\/legal-notice\/","og_locale":"en_US","og_type":"article","og_title":"Legal Notice Samo\u00ebns, station de ski et village authentique en Haute-Savoie","og_description":"Ownership and editorial responsibility: This site is the property of: Tourist Office of Samo\u00ebns 66, place de l\u2019Office de Tourisme B.P. 42 74340 SAMOENS T\u00e9l. : 04.50.34.40.28 SIRET : 45190638200010 Director of publication: \u00a0M. Nicolas FRANCFORT email : nicolas@www.samoens.com Website design: YATA! a Logitourism brand Web and Media Communication Agency https:\/\/www.yata.fr 11 place de l\u2019h\u00f4tel [&hellip;]","og_url":"https:\/\/www.samoens.com\/en\/legal-notice\/","og_site_name":"Samo\u00ebns, station de ski et village authentique en Haute-Savoie","article_modified_time":"2020-02-26T08:20:23+00:00","twitter_card":"summary_large_image","twitter_misc":{"Est. reading time":"1 minute"},"schema":{"@context":"https:\/\/schema.org","@graph":[{"@type":"WebPage","@id":"https:\/\/www.samoens.com\/en\/legal-notice\/","url":"https:\/\/www.samoens.com\/en\/legal-notice\/","name":"Legal Notice Samo\u00ebns, station de ski et village authentique en Haute-Savoie","isPartOf":{"@id":"https:\/\/www.samoens.com\/#website"},"datePublished":"2019-09-09T16:08:18+00:00","dateModified":"2020-02-26T08:20:23+00:00","breadcrumb":{"@id":"https:\/\/www.samoens.com\/en\/legal-notice\/#breadcrumb"},"inLanguage":"en-US","potentialAction":[{"@type":"ReadAction","target":["https:\/\/www.samoens.com\/en\/legal-notice\/"]}]},{"@type":"BreadcrumbList","@id":"https:\/\/www.samoens.com\/en\/legal-notice\/#breadcrumb","itemListElement":[{"@type":"ListItem","position":1,"name":"Accueil","item":"https:\/\/www.samoens.com\/en\/"},{"@type":"ListItem","position":2,"name":"Legal Notice"}]},{"@type":"WebSite","@id":"https:\/\/www.samoens.com\/#website","url":"https:\/\/www.samoens.com\/","name":"Samo\u00ebns, station de ski et village authentique en Haute-Savoie","description":"Nich\u00e9e au coeur du domaine skiable du Grand Massif et \u00e0 moins d&#039;1h de Gen\u00e8ve, Samo\u00ebns rendra vos vacances inoubliables en \u00e9t\u00e9 comme en hiver","potentialAction":[{"@type":"SearchAction","target":{"@type":"EntryPoint","urlTemplate":"https:\/\/www.samoens.com\/?s={search_term_string}"},"query-input":{"@type":"PropertyValueSpecification","valueRequired":true,"valueName":"search_term_string"}}],"inLanguage":"en-US"}]}},"_links":{"self":[{"href":"https:\/\/www.samoens.com\/en\/wp-json\/wp\/v2\/pages\/38422","targetHints":{"allow":["GET"]}}],"collection":[{"href":"https:\/\/www.samoens.com\/en\/wp-json\/wp\/v2\/pages"}],"about":[{"href":"https:\/\/www.samoens.com\/en\/wp-json\/wp\/v2\/types\/page"}],"author":[{"embeddable":true,"href":"https:\/\/www.samoens.com\/en\/wp-json\/wp\/v2\/users\/2"}],"replies":[{"embeddable":true,"href":"https:\/\/www.samoens.com\/en\/wp-json\/wp\/v2\/comments?post=38422"}],"version-history":[{"count":0,"href":"https:\/\/www.samoens.com\/en\/wp-json\/wp\/v2\/pages\/38422\/revisions"}],"wp:attachment":[{"href":"https:\/\/www.samoens.com\/en\/wp-json\/wp\/v2\/media?parent=38422"}],"curies":[{"name":"wp","href":"https:\/\/api.w.org\/{rel}","templated":true}]}}