{"id":38418,"date":"2025-04-25T15:07:28","date_gmt":"2025-04-25T13:07:28","guid":{"rendered":"https:\/\/www.samoens.com\/?page_id=38418"},"modified":"2025-04-25T15:07:19","modified_gmt":"2025-04-25T13:07:19","slug":"manege","status":"publish","type":"page","link":"https:\/\/www.samoens.com\/en\/manege\/","title":{"rendered":"Carousel"},"content":{"rendered":"<div class=\"wpb-content-wrapper\"><p>[vc_row][vc_column][vc_column_text]Under a starry sky, a jewel sparkles in the heart of our charming village: the Gros Tilleul carousel. An irresistible invitation for young and old to immerse themselves in a world of laughter, colour and enchanted memories.<\/p>\n<p>Every day, the playful notes of the music swirl through the air, drawing children like butterflies to this symbol of enchantment. With its majestic wooden horses, decorated carriages and shimmering lights, our carousel evokes fairytales and legendary adventures.<\/p>\n<p>But the Gros Tilleul carousel is more than just a place of entertainment. It&#8217;s a veritable shrine of memories. Families gather here, around the Gros Tilleul, to share good times.<\/p>\n<p>So, whether you&#8217;re a long-time resident or a curious visitor, come and lose yourself in the twists and turns of time on our carousel. Let yourself be carried away by the magic, nostalgia and simple joy of a ride. At the Gros Tilleul carousel, every moment is an invitation to awaken the child in you.[\/vc_column_text][vc_column_text]Ouvert : Pendant les vacances scolaires de f\u00e9vrier et estivales (juillet et ao\u00fbt).[\/vc_column_text][\/vc_column][\/vc_row][vc_row][vc_column][vc_single_image image=&#8221;177&#8243; img_size=&#8221;large&#8221; alignment=&#8221;center&#8221;][\/vc_column][\/vc_row]<\/p>\n<\/div>","protected":false},"excerpt":{"rendered":"<p>[vc_row][vc_column][vc_column_text]Under a starry sky, a jewel sparkles in the heart of our charming village: the Gros Tilleul carousel. An irresistible invitation for young and old to immerse themselves in a world of laughter, colour and enchanted memories. Every day, the playful notes of the music swirl through the air, drawing children like butterflies to this [&hellip;]<\/p>\n","protected":false},"author":1,"featured_media":413325,"parent":0,"menu_order":53,"comment_status":"closed","ping_status":"closed","template":"","meta":{"_acf_changed":false,"footnotes":""},"class_list":["post-38418","page","type-page","status-publish","hentry"],"acf":[],"yoast_head":"<!-- This site is optimized with the Yoast SEO plugin v27.5 - https:\/\/yoast.com\/product\/yoast-seo-wordpress\/ -->\n<title>Carrousel du Gros Tilleul: An ode to enchantment in the heart of Samo\u00ebns Samo\u00ebns, station de ski et village authentique en Haute-Savoie<\/title>\n<meta name=\"description\" content=\"Discover the Gros Tilleul carousel in Samo\u00ebns, a symbol of enchantment and conviviality. Majestic wooden horses, decorated carriages and shimmering lights transport you to a world where every moment is an invitation to awaken your inner child.\" \/>\n<meta name=\"robots\" content=\"index, follow, max-snippet:-1, max-image-preview:large, max-video-preview:-1\" \/>\n<link rel=\"canonical\" href=\"https:\/\/www.samoens.com\/en\/manege\/\" \/>\n<meta property=\"og:locale\" content=\"en_US\" \/>\n<meta property=\"og:type\" content=\"article\" \/>\n<meta property=\"og:title\" content=\"Carrousel du Gros Tilleul: An ode to enchantment in the heart of Samo\u00ebns Samo\u00ebns, station de ski et village authentique en Haute-Savoie\" \/>\n<meta property=\"og:description\" content=\"D\u00e9couvrez le carrousel du Gros Tilleul \u00e0 Samo\u00ebns, un lieu de f\u00e9\u00e9rie et de souvenirs o\u00f9 petits et grands se retrouvent pour partager des moments inoubliables. Plongez dans un univers magique et laissez-vous emporter par la nostalgie et le bonheur simple d&#039;un tour de man\u00e8ge.\" \/>\n<meta property=\"og:url\" content=\"https:\/\/www.samoens.com\/en\/manege\/\" \/>\n<meta property=\"og:site_name\" content=\"Samo\u00ebns, station de ski et village authentique en Haute-Savoie\" \/>\n<meta property=\"og:image\" content=\"https:\/\/www.samoens.com\/wp-content\/uploads\/2020\/06\/Samoe\u00a6\u00eans-125.jpg\" \/>\n\t<meta property=\"og:image:width\" content=\"1029\" \/>\n\t<meta property=\"og:image:height\" content=\"684\" \/>\n\t<meta property=\"og:image:type\" content=\"image\/jpeg\" \/>\n<meta name=\"twitter:card\" content=\"summary_large_image\" \/>\n<meta name=\"twitter:label1\" content=\"Est. reading time\" \/>\n\t<meta name=\"twitter:data1\" content=\"1 minute\" \/>\n<script type=\"application\/ld+json\" class=\"yoast-schema-graph\">{\"@context\":\"https:\\\/\\\/schema.org\",\"@graph\":[{\"@type\":\"WebPage\",\"@id\":\"https:\\\/\\\/www.samoens.com\\\/en\\\/manege\\\/\",\"url\":\"https:\\\/\\\/www.samoens.com\\\/en\\\/manege\\\/\",\"name\":\"Carrousel du Gros Tilleul: An ode to enchantment in the heart of Samo\u00ebns Samo\u00ebns, station de ski et village authentique en Haute-Savoie\",\"isPartOf\":{\"@id\":\"https:\\\/\\\/www.samoens.com\\\/#website\"},\"primaryImageOfPage\":{\"@id\":\"https:\\\/\\\/www.samoens.com\\\/en\\\/manege\\\/#primaryimage\"},\"image\":{\"@id\":\"https:\\\/\\\/www.samoens.com\\\/en\\\/manege\\\/#primaryimage\"},\"thumbnailUrl\":\"https:\\\/\\\/www.samoens.com\\\/wp-content\\\/uploads\\\/2020\\\/06\\\/Samoe\u00a6\u00eans-125.jpg\",\"datePublished\":\"2025-04-25T13:07:28+00:00\",\"description\":\"D\u00e9couvrez le carrousel du Gros Tilleul \u00e0 Samo\u00ebns, un lieu de f\u00e9\u00e9rie et de souvenirs o\u00f9 petits et grands se retrouvent pour partager des moments inoubliables. Plongez dans un univers magique et laissez-vous emporter par la nostalgie et le bonheur simple d'un tour de man\u00e8ge.\",\"breadcrumb\":{\"@id\":\"https:\\\/\\\/www.samoens.com\\\/en\\\/manege\\\/#breadcrumb\"},\"inLanguage\":\"en-US\",\"potentialAction\":[{\"@type\":\"ReadAction\",\"target\":[\"https:\\\/\\\/www.samoens.com\\\/en\\\/manege\\\/\"]}]},{\"@type\":\"ImageObject\",\"inLanguage\":\"en-US\",\"@id\":\"https:\\\/\\\/www.samoens.com\\\/en\\\/manege\\\/#primaryimage\",\"url\":\"https:\\\/\\\/www.samoens.com\\\/wp-content\\\/uploads\\\/2020\\\/06\\\/Samoe\u00a6\u00eans-125.jpg\",\"contentUrl\":\"https:\\\/\\\/www.samoens.com\\\/wp-content\\\/uploads\\\/2020\\\/06\\\/Samoe\u00a6\u00eans-125.jpg\",\"width\":1029,\"height\":684},{\"@type\":\"BreadcrumbList\",\"@id\":\"https:\\\/\\\/www.samoens.com\\\/en\\\/manege\\\/#breadcrumb\",\"itemListElement\":[{\"@type\":\"ListItem\",\"position\":1,\"name\":\"Accueil\",\"item\":\"https:\\\/\\\/www.samoens.com\\\/en\\\/\"},{\"@type\":\"ListItem\",\"position\":2,\"name\":\"Carousel\"}]},{\"@type\":\"WebSite\",\"@id\":\"https:\\\/\\\/www.samoens.com\\\/#website\",\"url\":\"https:\\\/\\\/www.samoens.com\\\/\",\"name\":\"Samo\u00ebns, station de ski et village authentique en Haute-Savoie\",\"description\":\"Nich\u00e9e au coeur du domaine skiable du Grand Massif et \u00e0 moins d&#039;1h de Gen\u00e8ve, Samo\u00ebns rendra vos vacances inoubliables en \u00e9t\u00e9 comme en hiver\",\"potentialAction\":[{\"@type\":\"SearchAction\",\"target\":{\"@type\":\"EntryPoint\",\"urlTemplate\":\"https:\\\/\\\/www.samoens.com\\\/?s={search_term_string}\"},\"query-input\":{\"@type\":\"PropertyValueSpecification\",\"valueRequired\":true,\"valueName\":\"search_term_string\"}}],\"inLanguage\":\"en-US\"}]}<\/script>\n<!-- \/ Yoast SEO plugin. -->","yoast_head_json":{"title":"Carrousel du Gros Tilleul: An ode to enchantment in the heart of Samo\u00ebns Samo\u00ebns, station de ski et village authentique en Haute-Savoie","description":"Discover the Gros Tilleul carousel in Samo\u00ebns, a symbol of enchantment and conviviality. Majestic wooden horses, decorated carriages and shimmering lights transport you to a world where every moment is an invitation to awaken your inner child.","robots":{"index":"index","follow":"follow","max-snippet":"max-snippet:-1","max-image-preview":"max-image-preview:large","max-video-preview":"max-video-preview:-1"},"canonical":"https:\/\/www.samoens.com\/en\/manege\/","og_locale":"en_US","og_type":"article","og_title":"Carrousel du Gros Tilleul: An ode to enchantment in the heart of Samo\u00ebns Samo\u00ebns, station de ski et village authentique en Haute-Savoie","og_description":"D\u00e9couvrez le carrousel du Gros Tilleul \u00e0 Samo\u00ebns, un lieu de f\u00e9\u00e9rie et de souvenirs o\u00f9 petits et grands se retrouvent pour partager des moments inoubliables. Plongez dans un univers magique et laissez-vous emporter par la nostalgie et le bonheur simple d'un tour de man\u00e8ge.","og_url":"https:\/\/www.samoens.com\/en\/manege\/","og_site_name":"Samo\u00ebns, station de ski et village authentique en Haute-Savoie","og_image":[{"width":1029,"height":684,"url":"https:\/\/www.samoens.com\/wp-content\/uploads\/2020\/06\/Samoe\u00a6\u00eans-125.jpg","type":"image\/jpeg"}],"twitter_card":"summary_large_image","twitter_misc":{"Est. reading time":"1 minute"},"schema":{"@context":"https:\/\/schema.org","@graph":[{"@type":"WebPage","@id":"https:\/\/www.samoens.com\/en\/manege\/","url":"https:\/\/www.samoens.com\/en\/manege\/","name":"Carrousel du Gros Tilleul: An ode to enchantment in the heart of Samo\u00ebns Samo\u00ebns, station de ski et village authentique en Haute-Savoie","isPartOf":{"@id":"https:\/\/www.samoens.com\/#website"},"primaryImageOfPage":{"@id":"https:\/\/www.samoens.com\/en\/manege\/#primaryimage"},"image":{"@id":"https:\/\/www.samoens.com\/en\/manege\/#primaryimage"},"thumbnailUrl":"https:\/\/www.samoens.com\/wp-content\/uploads\/2020\/06\/Samoe\u00a6\u00eans-125.jpg","datePublished":"2025-04-25T13:07:28+00:00","description":"D\u00e9couvrez le carrousel du Gros Tilleul \u00e0 Samo\u00ebns, un lieu de f\u00e9\u00e9rie et de souvenirs o\u00f9 petits et grands se retrouvent pour partager des moments inoubliables. Plongez dans un univers magique et laissez-vous emporter par la nostalgie et le bonheur simple d'un tour de man\u00e8ge.","breadcrumb":{"@id":"https:\/\/www.samoens.com\/en\/manege\/#breadcrumb"},"inLanguage":"en-US","potentialAction":[{"@type":"ReadAction","target":["https:\/\/www.samoens.com\/en\/manege\/"]}]},{"@type":"ImageObject","inLanguage":"en-US","@id":"https:\/\/www.samoens.com\/en\/manege\/#primaryimage","url":"https:\/\/www.samoens.com\/wp-content\/uploads\/2020\/06\/Samoe\u00a6\u00eans-125.jpg","contentUrl":"https:\/\/www.samoens.com\/wp-content\/uploads\/2020\/06\/Samoe\u00a6\u00eans-125.jpg","width":1029,"height":684},{"@type":"BreadcrumbList","@id":"https:\/\/www.samoens.com\/en\/manege\/#breadcrumb","itemListElement":[{"@type":"ListItem","position":1,"name":"Accueil","item":"https:\/\/www.samoens.com\/en\/"},{"@type":"ListItem","position":2,"name":"Carousel"}]},{"@type":"WebSite","@id":"https:\/\/www.samoens.com\/#website","url":"https:\/\/www.samoens.com\/","name":"Samo\u00ebns, station de ski et village authentique en Haute-Savoie","description":"Nich\u00e9e au coeur du domaine skiable du Grand Massif et \u00e0 moins d&#039;1h de Gen\u00e8ve, Samo\u00ebns rendra vos vacances inoubliables en \u00e9t\u00e9 comme en hiver","potentialAction":[{"@type":"SearchAction","target":{"@type":"EntryPoint","urlTemplate":"https:\/\/www.samoens.com\/?s={search_term_string}"},"query-input":{"@type":"PropertyValueSpecification","valueRequired":true,"valueName":"search_term_string"}}],"inLanguage":"en-US"}]}},"_links":{"self":[{"href":"https:\/\/www.samoens.com\/en\/wp-json\/wp\/v2\/pages\/38418","targetHints":{"allow":["GET"]}}],"collection":[{"href":"https:\/\/www.samoens.com\/en\/wp-json\/wp\/v2\/pages"}],"about":[{"href":"https:\/\/www.samoens.com\/en\/wp-json\/wp\/v2\/types\/page"}],"author":[{"embeddable":true,"href":"https:\/\/www.samoens.com\/en\/wp-json\/wp\/v2\/users\/1"}],"replies":[{"embeddable":true,"href":"https:\/\/www.samoens.com\/en\/wp-json\/wp\/v2\/comments?post=38418"}],"version-history":[{"count":4,"href":"https:\/\/www.samoens.com\/en\/wp-json\/wp\/v2\/pages\/38418\/revisions"}],"predecessor-version":[{"id":595541,"href":"https:\/\/www.samoens.com\/en\/wp-json\/wp\/v2\/pages\/38418\/revisions\/595541"}],"wp:featuredmedia":[{"embeddable":true,"href":"https:\/\/www.samoens.com\/en\/wp-json\/wp\/v2\/media\/413325"}],"wp:attachment":[{"href":"https:\/\/www.samoens.com\/en\/wp-json\/wp\/v2\/media?parent=38418"}],"curies":[{"name":"wp","href":"https:\/\/api.w.org\/{rel}","templated":true}]}}