{"id":38406,"date":"2019-09-09T17:57:00","date_gmt":"2019-09-09T15:57:00","guid":{"rendered":"https:\/\/www.samoens.com\/?page_id=38406"},"modified":"2020-10-29T13:42:45","modified_gmt":"2020-10-29T12:42:45","slug":"routes-road-bike","status":"publish","type":"page","link":"https:\/\/www.samoens.com\/en\/activities-in-samoens\/summer-activities-2\/two-wheels-activities-in-samoens\/road-bike\/routes-road-bike\/","title":{"rendered":"Routes Road bike"},"content":{"rendered":"","protected":false},"excerpt":{"rendered":"","protected":false},"author":2,"featured_media":67622,"parent":3357,"menu_order":2,"comment_status":"closed","ping_status":"closed","template":"template-liste-apidae.php","meta":{"_acf_changed":false,"footnotes":""},"class_list":["post-38406","page","type-page","status-publish","hentry"],"acf":[],"yoast_head":"<!-- This site is optimized with the Yoast SEO plugin v27.2 - https:\/\/yoast.com\/product\/yoast-seo-wordpress\/ -->\n<title>Routes Road bike Samo\u00ebns, station de ski et village authentique en Haute-Savoie in Samo\u00ebns<\/title>\n<meta name=\"description\" content=\"Find the road bike routes to discover during a new sporting activity with friends or family.\" \/>\n<meta name=\"robots\" content=\"index, follow, max-snippet:-1, max-image-preview:large, max-video-preview:-1\" \/>\n<link rel=\"canonical\" href=\"https:\/\/www.samoens.com\/en\/activities-in-samoens\/summer-activities-2\/two-wheels-activities-in-samoens\/road-bike\/routes-road-bike\/\" \/>\n<meta property=\"og:locale\" content=\"en_US\" \/>\n<meta property=\"og:type\" content=\"article\" \/>\n<meta property=\"og:title\" content=\"Routes Road bike Samo\u00ebns, station de ski et village authentique en Haute-Savoie in Samo\u00ebns\" \/>\n<meta property=\"og:description\" content=\"Find the road bike routes to discover during a new sporting activity with friends or family.\" \/>\n<meta property=\"og:url\" content=\"https:\/\/www.samoens.com\/en\/activities-in-samoens\/summer-activities-2\/two-wheels-activities-in-samoens\/road-bike\/routes-road-bike\/\" \/>\n<meta property=\"og:site_name\" content=\"Samo\u00ebns, station de ski et village authentique en Haute-Savoie\" \/>\n<meta property=\"article:modified_time\" content=\"2020-10-29T12:42:45+00:00\" \/>\n<meta name=\"twitter:card\" content=\"summary_large_image\" \/>\n<script type=\"application\/ld+json\" class=\"yoast-schema-graph\">{\"@context\":\"https:\/\/schema.org\",\"@graph\":[{\"@type\":\"WebPage\",\"@id\":\"https:\/\/www.samoens.com\/en\/activities-in-samoens\/summer-activities-2\/two-wheels-activities-in-samoens\/road-bike\/routes-road-bike\/\",\"url\":\"https:\/\/www.samoens.com\/en\/activities-in-samoens\/summer-activities-2\/two-wheels-activities-in-samoens\/road-bike\/routes-road-bike\/\",\"name\":\"Routes Road bike Samo\u00ebns, station de ski et village authentique en Haute-Savoie in Samo\u00ebns\",\"isPartOf\":{\"@id\":\"https:\/\/www.samoens.com\/#website\"},\"primaryImageOfPage\":{\"@id\":\"https:\/\/www.samoens.com\/en\/activities-in-samoens\/summer-activities-2\/two-wheels-activities-in-samoens\/road-bike\/routes-road-bike\/#primaryimage\"},\"image\":{\"@id\":\"https:\/\/www.samoens.com\/en\/activities-in-samoens\/summer-activities-2\/two-wheels-activities-in-samoens\/road-bike\/routes-road-bike\/#primaryimage\"},\"thumbnailUrl\":\"https:\/\/www.samoens.com\/wp-content\/uploads\/2019\/10\/Samo\u00ebns-059.jpg\",\"datePublished\":\"2019-09-09T15:57:00+00:00\",\"dateModified\":\"2020-10-29T12:42:45+00:00\",\"description\":\"Find the road bike routes to discover during a new sporting activity with friends or family.\",\"breadcrumb\":{\"@id\":\"https:\/\/www.samoens.com\/en\/activities-in-samoens\/summer-activities-2\/two-wheels-activities-in-samoens\/road-bike\/routes-road-bike\/#breadcrumb\"},\"inLanguage\":\"en-US\",\"potentialAction\":[{\"@type\":\"ReadAction\",\"target\":[\"https:\/\/www.samoens.com\/en\/activities-in-samoens\/summer-activities-2\/two-wheels-activities-in-samoens\/road-bike\/routes-road-bike\/\"]}]},{\"@type\":\"ImageObject\",\"inLanguage\":\"en-US\",\"@id\":\"https:\/\/www.samoens.com\/en\/activities-in-samoens\/summer-activities-2\/two-wheels-activities-in-samoens\/road-bike\/routes-road-bike\/#primaryimage\",\"url\":\"https:\/\/www.samoens.com\/wp-content\/uploads\/2019\/10\/Samo\u00ebns-059.jpg\",\"contentUrl\":\"https:\/\/www.samoens.com\/wp-content\/uploads\/2019\/10\/Samo\u00ebns-059.jpg\",\"width\":5769,\"height\":3851,\"caption\":\"V\u00e9lo de route Samo\u00ebns\"},{\"@type\":\"BreadcrumbList\",\"@id\":\"https:\/\/www.samoens.com\/en\/activities-in-samoens\/summer-activities-2\/two-wheels-activities-in-samoens\/road-bike\/routes-road-bike\/#breadcrumb\",\"itemListElement\":[{\"@type\":\"ListItem\",\"position\":1,\"name\":\"Accueil\",\"item\":\"https:\/\/www.samoens.com\/en\/\"},{\"@type\":\"ListItem\",\"position\":2,\"name\":\"Road bike\",\"item\":\"https:\/\/www.samoens.com\/en\/activities-in-samoens\/summer-activities-2\/two-wheels-activities-in-samoens\/road-bike\/\"},{\"@type\":\"ListItem\",\"position\":3,\"name\":\"2 wheels\",\"item\":\"https:\/\/www.samoens.com\/en\/activities-in-samoens\/summer-activities-2\/two-wheels-activities-in-samoens\/\"},{\"@type\":\"ListItem\",\"position\":4,\"name\":\"Summer activities\",\"item\":\"https:\/\/www.samoens.com\/en\/activities-in-samoens\/summer-activities-2\/\"},{\"@type\":\"ListItem\",\"position\":5,\"name\":\"Activities in Samo\u00ebns\",\"item\":\"https:\/\/www.samoens.com\/en\/activities-in-samoens\/\"},{\"@type\":\"ListItem\",\"position\":6,\"name\":\"Routes Road bike\"}]},{\"@type\":\"WebSite\",\"@id\":\"https:\/\/www.samoens.com\/#website\",\"url\":\"https:\/\/www.samoens.com\/\",\"name\":\"Samo\u00ebns, station de ski et village authentique en Haute-Savoie\",\"description\":\"Nich\u00e9e au coeur du domaine skiable du Grand Massif et \u00e0 moins d&#039;1h de Gen\u00e8ve, Samo\u00ebns rendra vos vacances inoubliables en \u00e9t\u00e9 comme en hiver\",\"potentialAction\":[{\"@type\":\"SearchAction\",\"target\":{\"@type\":\"EntryPoint\",\"urlTemplate\":\"https:\/\/www.samoens.com\/?s={search_term_string}\"},\"query-input\":{\"@type\":\"PropertyValueSpecification\",\"valueRequired\":true,\"valueName\":\"search_term_string\"}}],\"inLanguage\":\"en-US\"}]}<\/script>\n<!-- \/ Yoast SEO plugin. -->","yoast_head_json":{"title":"Routes Road bike Samo\u00ebns, station de ski et village authentique en Haute-Savoie in Samo\u00ebns","description":"Find the road bike routes to discover during a new sporting activity with friends or family.","robots":{"index":"index","follow":"follow","max-snippet":"max-snippet:-1","max-image-preview":"max-image-preview:large","max-video-preview":"max-video-preview:-1"},"canonical":"https:\/\/www.samoens.com\/en\/activities-in-samoens\/summer-activities-2\/two-wheels-activities-in-samoens\/road-bike\/routes-road-bike\/","og_locale":"en_US","og_type":"article","og_title":"Routes Road bike Samo\u00ebns, station de ski et village authentique en Haute-Savoie in Samo\u00ebns","og_description":"Find the road bike routes to discover during a new sporting activity with friends or family.","og_url":"https:\/\/www.samoens.com\/en\/activities-in-samoens\/summer-activities-2\/two-wheels-activities-in-samoens\/road-bike\/routes-road-bike\/","og_site_name":"Samo\u00ebns, station de ski et village authentique en Haute-Savoie","article_modified_time":"2020-10-29T12:42:45+00:00","twitter_card":"summary_large_image","schema":{"@context":"https:\/\/schema.org","@graph":[{"@type":"WebPage","@id":"https:\/\/www.samoens.com\/en\/activities-in-samoens\/summer-activities-2\/two-wheels-activities-in-samoens\/road-bike\/routes-road-bike\/","url":"https:\/\/www.samoens.com\/en\/activities-in-samoens\/summer-activities-2\/two-wheels-activities-in-samoens\/road-bike\/routes-road-bike\/","name":"Routes Road bike Samo\u00ebns, station de ski et village authentique en Haute-Savoie in Samo\u00ebns","isPartOf":{"@id":"https:\/\/www.samoens.com\/#website"},"primaryImageOfPage":{"@id":"https:\/\/www.samoens.com\/en\/activities-in-samoens\/summer-activities-2\/two-wheels-activities-in-samoens\/road-bike\/routes-road-bike\/#primaryimage"},"image":{"@id":"https:\/\/www.samoens.com\/en\/activities-in-samoens\/summer-activities-2\/two-wheels-activities-in-samoens\/road-bike\/routes-road-bike\/#primaryimage"},"thumbnailUrl":"https:\/\/www.samoens.com\/wp-content\/uploads\/2019\/10\/Samo\u00ebns-059.jpg","datePublished":"2019-09-09T15:57:00+00:00","dateModified":"2020-10-29T12:42:45+00:00","description":"Find the road bike routes to discover during a new sporting activity with friends or family.","breadcrumb":{"@id":"https:\/\/www.samoens.com\/en\/activities-in-samoens\/summer-activities-2\/two-wheels-activities-in-samoens\/road-bike\/routes-road-bike\/#breadcrumb"},"inLanguage":"en-US","potentialAction":[{"@type":"ReadAction","target":["https:\/\/www.samoens.com\/en\/activities-in-samoens\/summer-activities-2\/two-wheels-activities-in-samoens\/road-bike\/routes-road-bike\/"]}]},{"@type":"ImageObject","inLanguage":"en-US","@id":"https:\/\/www.samoens.com\/en\/activities-in-samoens\/summer-activities-2\/two-wheels-activities-in-samoens\/road-bike\/routes-road-bike\/#primaryimage","url":"https:\/\/www.samoens.com\/wp-content\/uploads\/2019\/10\/Samo\u00ebns-059.jpg","contentUrl":"https:\/\/www.samoens.com\/wp-content\/uploads\/2019\/10\/Samo\u00ebns-059.jpg","width":5769,"height":3851,"caption":"V\u00e9lo de route Samo\u00ebns"},{"@type":"BreadcrumbList","@id":"https:\/\/www.samoens.com\/en\/activities-in-samoens\/summer-activities-2\/two-wheels-activities-in-samoens\/road-bike\/routes-road-bike\/#breadcrumb","itemListElement":[{"@type":"ListItem","position":1,"name":"Accueil","item":"https:\/\/www.samoens.com\/en\/"},{"@type":"ListItem","position":2,"name":"Road bike","item":"https:\/\/www.samoens.com\/en\/activities-in-samoens\/summer-activities-2\/two-wheels-activities-in-samoens\/road-bike\/"},{"@type":"ListItem","position":3,"name":"2 wheels","item":"https:\/\/www.samoens.com\/en\/activities-in-samoens\/summer-activities-2\/two-wheels-activities-in-samoens\/"},{"@type":"ListItem","position":4,"name":"Summer activities","item":"https:\/\/www.samoens.com\/en\/activities-in-samoens\/summer-activities-2\/"},{"@type":"ListItem","position":5,"name":"Activities in Samo\u00ebns","item":"https:\/\/www.samoens.com\/en\/activities-in-samoens\/"},{"@type":"ListItem","position":6,"name":"Routes Road bike"}]},{"@type":"WebSite","@id":"https:\/\/www.samoens.com\/#website","url":"https:\/\/www.samoens.com\/","name":"Samo\u00ebns, station de ski et village authentique en Haute-Savoie","description":"Nich\u00e9e au coeur du domaine skiable du Grand Massif et \u00e0 moins d&#039;1h de Gen\u00e8ve, Samo\u00ebns rendra vos vacances inoubliables en \u00e9t\u00e9 comme en hiver","potentialAction":[{"@type":"SearchAction","target":{"@type":"EntryPoint","urlTemplate":"https:\/\/www.samoens.com\/?s={search_term_string}"},"query-input":{"@type":"PropertyValueSpecification","valueRequired":true,"valueName":"search_term_string"}}],"inLanguage":"en-US"}]}},"_links":{"self":[{"href":"https:\/\/www.samoens.com\/en\/wp-json\/wp\/v2\/pages\/38406","targetHints":{"allow":["GET"]}}],"collection":[{"href":"https:\/\/www.samoens.com\/en\/wp-json\/wp\/v2\/pages"}],"about":[{"href":"https:\/\/www.samoens.com\/en\/wp-json\/wp\/v2\/types\/page"}],"author":[{"embeddable":true,"href":"https:\/\/www.samoens.com\/en\/wp-json\/wp\/v2\/users\/2"}],"replies":[{"embeddable":true,"href":"https:\/\/www.samoens.com\/en\/wp-json\/wp\/v2\/comments?post=38406"}],"version-history":[{"count":1,"href":"https:\/\/www.samoens.com\/en\/wp-json\/wp\/v2\/pages\/38406\/revisions"}],"predecessor-version":[{"id":556376,"href":"https:\/\/www.samoens.com\/en\/wp-json\/wp\/v2\/pages\/38406\/revisions\/556376"}],"up":[{"embeddable":true,"href":"https:\/\/www.samoens.com\/en\/wp-json\/wp\/v2\/pages\/3357"}],"wp:featuredmedia":[{"embeddable":true,"href":"https:\/\/www.samoens.com\/en\/wp-json\/wp\/v2\/media\/67622"}],"wp:attachment":[{"href":"https:\/\/www.samoens.com\/en\/wp-json\/wp\/v2\/media?parent=38406"}],"curies":[{"name":"wp","href":"https:\/\/api.w.org\/{rel}","templated":true}]}}