{"id":38395,"date":"2019-09-09T17:52:03","date_gmt":"2019-09-09T15:52:03","guid":{"rendered":"https:\/\/www.samoens.com\/?page_id=38395"},"modified":"2020-10-29T12:08:34","modified_gmt":"2020-10-29T11:08:34","slug":"vae-routes","status":"publish","type":"page","link":"https:\/\/www.samoens.com\/en\/activities-in-samoens\/summer-activities-2\/two-wheels-activities-in-samoens\/vae\/vae-routes\/","title":{"rendered":"VAE Routes"},"content":{"rendered":"","protected":false},"excerpt":{"rendered":"","protected":false},"author":2,"featured_media":0,"parent":3351,"menu_order":2,"comment_status":"closed","ping_status":"closed","template":"template-liste-apidae.php","meta":{"_acf_changed":false,"footnotes":""},"class_list":["post-38395","page","type-page","status-publish","hentry"],"acf":[],"yoast_head":"<!-- This site is optimized with the Yoast SEO plugin v27.4 - https:\/\/yoast.com\/product\/yoast-seo-wordpress\/ -->\n<title>VAE Routes Samo\u00ebns, station de ski et village authentique en Haute-Savoie<\/title>\n<meta name=\"description\" content=\"Find the routes and itineraries for electric-assisted cycling in Samo\u00ebns. Enjoy a ride with your family or friends in an idyllic mountain setting and a new kind of sport\/sensational activity.\" \/>\n<meta name=\"robots\" content=\"index, follow, max-snippet:-1, max-image-preview:large, max-video-preview:-1\" \/>\n<link rel=\"canonical\" href=\"https:\/\/www.samoens.com\/en\/activities-in-samoens\/summer-activities-2\/two-wheels-activities-in-samoens\/vae\/vae-routes\/\" \/>\n<meta property=\"og:locale\" content=\"en_US\" \/>\n<meta property=\"og:type\" content=\"article\" \/>\n<meta property=\"og:title\" content=\"VAE Routes Samo\u00ebns, station de ski et village authentique en Haute-Savoie\" \/>\n<meta property=\"og:description\" content=\"Find the routes and itineraries for electric-assisted cycling in Samo\u00ebns. Enjoy a ride with your family or friends in an idyllic mountain setting and a new kind of sport\/sensational activity.\" \/>\n<meta property=\"og:url\" content=\"https:\/\/www.samoens.com\/en\/activities-in-samoens\/summer-activities-2\/two-wheels-activities-in-samoens\/vae\/vae-routes\/\" \/>\n<meta property=\"og:site_name\" content=\"Samo\u00ebns, station de ski et village authentique en Haute-Savoie\" \/>\n<meta property=\"article:modified_time\" content=\"2020-10-29T11:08:34+00:00\" \/>\n<meta name=\"twitter:card\" content=\"summary_large_image\" \/>\n<script type=\"application\/ld+json\" class=\"yoast-schema-graph\">{\"@context\":\"https:\\\/\\\/schema.org\",\"@graph\":[{\"@type\":\"WebPage\",\"@id\":\"https:\\\/\\\/www.samoens.com\\\/en\\\/activities-in-samoens\\\/summer-activities-2\\\/two-wheels-activities-in-samoens\\\/vae\\\/vae-routes\\\/\",\"url\":\"https:\\\/\\\/www.samoens.com\\\/en\\\/activities-in-samoens\\\/summer-activities-2\\\/two-wheels-activities-in-samoens\\\/vae\\\/vae-routes\\\/\",\"name\":\"VAE Routes Samo\u00ebns, station de ski et village authentique en Haute-Savoie\",\"isPartOf\":{\"@id\":\"https:\\\/\\\/www.samoens.com\\\/#website\"},\"datePublished\":\"2019-09-09T15:52:03+00:00\",\"dateModified\":\"2020-10-29T11:08:34+00:00\",\"description\":\"Find the routes and itineraries for electric-assisted cycling in Samo\u00ebns. Enjoy a ride with your family or friends in an idyllic mountain setting and a new kind of sport\\\/sensational activity.\",\"breadcrumb\":{\"@id\":\"https:\\\/\\\/www.samoens.com\\\/en\\\/activities-in-samoens\\\/summer-activities-2\\\/two-wheels-activities-in-samoens\\\/vae\\\/vae-routes\\\/#breadcrumb\"},\"inLanguage\":\"en-US\",\"potentialAction\":[{\"@type\":\"ReadAction\",\"target\":[\"https:\\\/\\\/www.samoens.com\\\/en\\\/activities-in-samoens\\\/summer-activities-2\\\/two-wheels-activities-in-samoens\\\/vae\\\/vae-routes\\\/\"]}]},{\"@type\":\"BreadcrumbList\",\"@id\":\"https:\\\/\\\/www.samoens.com\\\/en\\\/activities-in-samoens\\\/summer-activities-2\\\/two-wheels-activities-in-samoens\\\/vae\\\/vae-routes\\\/#breadcrumb\",\"itemListElement\":[{\"@type\":\"ListItem\",\"position\":1,\"name\":\"Accueil\",\"item\":\"https:\\\/\\\/www.samoens.com\\\/en\\\/\"},{\"@type\":\"ListItem\",\"position\":2,\"name\":\"Electric Assistance Bike\",\"item\":\"https:\\\/\\\/www.samoens.com\\\/en\\\/activities-in-samoens\\\/summer-activities-2\\\/two-wheels-activities-in-samoens\\\/vae\\\/\"},{\"@type\":\"ListItem\",\"position\":3,\"name\":\"2 wheels\",\"item\":\"https:\\\/\\\/www.samoens.com\\\/en\\\/activities-in-samoens\\\/summer-activities-2\\\/two-wheels-activities-in-samoens\\\/\"},{\"@type\":\"ListItem\",\"position\":4,\"name\":\"Summer activities\",\"item\":\"https:\\\/\\\/www.samoens.com\\\/en\\\/activities-in-samoens\\\/summer-activities-2\\\/\"},{\"@type\":\"ListItem\",\"position\":5,\"name\":\"Activities in Samo\u00ebns\",\"item\":\"https:\\\/\\\/www.samoens.com\\\/en\\\/activities-in-samoens\\\/\"},{\"@type\":\"ListItem\",\"position\":6,\"name\":\"VAE Routes\"}]},{\"@type\":\"WebSite\",\"@id\":\"https:\\\/\\\/www.samoens.com\\\/#website\",\"url\":\"https:\\\/\\\/www.samoens.com\\\/\",\"name\":\"Samo\u00ebns, station de ski et village authentique en Haute-Savoie\",\"description\":\"Nich\u00e9e au coeur du domaine skiable du Grand Massif et \u00e0 moins d&#039;1h de Gen\u00e8ve, Samo\u00ebns rendra vos vacances inoubliables en \u00e9t\u00e9 comme en hiver\",\"potentialAction\":[{\"@type\":\"SearchAction\",\"target\":{\"@type\":\"EntryPoint\",\"urlTemplate\":\"https:\\\/\\\/www.samoens.com\\\/?s={search_term_string}\"},\"query-input\":{\"@type\":\"PropertyValueSpecification\",\"valueRequired\":true,\"valueName\":\"search_term_string\"}}],\"inLanguage\":\"en-US\"}]}<\/script>\n<!-- \/ Yoast SEO plugin. -->","yoast_head_json":{"title":"VAE Routes Samo\u00ebns, station de ski et village authentique en Haute-Savoie","description":"Find the routes and itineraries for electric-assisted cycling in Samo\u00ebns. Enjoy a ride with your family or friends in an idyllic mountain setting and a new kind of sport\/sensational activity.","robots":{"index":"index","follow":"follow","max-snippet":"max-snippet:-1","max-image-preview":"max-image-preview:large","max-video-preview":"max-video-preview:-1"},"canonical":"https:\/\/www.samoens.com\/en\/activities-in-samoens\/summer-activities-2\/two-wheels-activities-in-samoens\/vae\/vae-routes\/","og_locale":"en_US","og_type":"article","og_title":"VAE Routes Samo\u00ebns, station de ski et village authentique en Haute-Savoie","og_description":"Find the routes and itineraries for electric-assisted cycling in Samo\u00ebns. Enjoy a ride with your family or friends in an idyllic mountain setting and a new kind of sport\/sensational activity.","og_url":"https:\/\/www.samoens.com\/en\/activities-in-samoens\/summer-activities-2\/two-wheels-activities-in-samoens\/vae\/vae-routes\/","og_site_name":"Samo\u00ebns, station de ski et village authentique en Haute-Savoie","article_modified_time":"2020-10-29T11:08:34+00:00","twitter_card":"summary_large_image","schema":{"@context":"https:\/\/schema.org","@graph":[{"@type":"WebPage","@id":"https:\/\/www.samoens.com\/en\/activities-in-samoens\/summer-activities-2\/two-wheels-activities-in-samoens\/vae\/vae-routes\/","url":"https:\/\/www.samoens.com\/en\/activities-in-samoens\/summer-activities-2\/two-wheels-activities-in-samoens\/vae\/vae-routes\/","name":"VAE Routes Samo\u00ebns, station de ski et village authentique en Haute-Savoie","isPartOf":{"@id":"https:\/\/www.samoens.com\/#website"},"datePublished":"2019-09-09T15:52:03+00:00","dateModified":"2020-10-29T11:08:34+00:00","description":"Find the routes and itineraries for electric-assisted cycling in Samo\u00ebns. Enjoy a ride with your family or friends in an idyllic mountain setting and a new kind of sport\/sensational activity.","breadcrumb":{"@id":"https:\/\/www.samoens.com\/en\/activities-in-samoens\/summer-activities-2\/two-wheels-activities-in-samoens\/vae\/vae-routes\/#breadcrumb"},"inLanguage":"en-US","potentialAction":[{"@type":"ReadAction","target":["https:\/\/www.samoens.com\/en\/activities-in-samoens\/summer-activities-2\/two-wheels-activities-in-samoens\/vae\/vae-routes\/"]}]},{"@type":"BreadcrumbList","@id":"https:\/\/www.samoens.com\/en\/activities-in-samoens\/summer-activities-2\/two-wheels-activities-in-samoens\/vae\/vae-routes\/#breadcrumb","itemListElement":[{"@type":"ListItem","position":1,"name":"Accueil","item":"https:\/\/www.samoens.com\/en\/"},{"@type":"ListItem","position":2,"name":"Electric Assistance Bike","item":"https:\/\/www.samoens.com\/en\/activities-in-samoens\/summer-activities-2\/two-wheels-activities-in-samoens\/vae\/"},{"@type":"ListItem","position":3,"name":"2 wheels","item":"https:\/\/www.samoens.com\/en\/activities-in-samoens\/summer-activities-2\/two-wheels-activities-in-samoens\/"},{"@type":"ListItem","position":4,"name":"Summer activities","item":"https:\/\/www.samoens.com\/en\/activities-in-samoens\/summer-activities-2\/"},{"@type":"ListItem","position":5,"name":"Activities in Samo\u00ebns","item":"https:\/\/www.samoens.com\/en\/activities-in-samoens\/"},{"@type":"ListItem","position":6,"name":"VAE Routes"}]},{"@type":"WebSite","@id":"https:\/\/www.samoens.com\/#website","url":"https:\/\/www.samoens.com\/","name":"Samo\u00ebns, station de ski et village authentique en Haute-Savoie","description":"Nich\u00e9e au coeur du domaine skiable du Grand Massif et \u00e0 moins d&#039;1h de Gen\u00e8ve, Samo\u00ebns rendra vos vacances inoubliables en \u00e9t\u00e9 comme en hiver","potentialAction":[{"@type":"SearchAction","target":{"@type":"EntryPoint","urlTemplate":"https:\/\/www.samoens.com\/?s={search_term_string}"},"query-input":{"@type":"PropertyValueSpecification","valueRequired":true,"valueName":"search_term_string"}}],"inLanguage":"en-US"}]}},"_links":{"self":[{"href":"https:\/\/www.samoens.com\/en\/wp-json\/wp\/v2\/pages\/38395","targetHints":{"allow":["GET"]}}],"collection":[{"href":"https:\/\/www.samoens.com\/en\/wp-json\/wp\/v2\/pages"}],"about":[{"href":"https:\/\/www.samoens.com\/en\/wp-json\/wp\/v2\/types\/page"}],"author":[{"embeddable":true,"href":"https:\/\/www.samoens.com\/en\/wp-json\/wp\/v2\/users\/2"}],"replies":[{"embeddable":true,"href":"https:\/\/www.samoens.com\/en\/wp-json\/wp\/v2\/comments?post=38395"}],"version-history":[{"count":0,"href":"https:\/\/www.samoens.com\/en\/wp-json\/wp\/v2\/pages\/38395\/revisions"}],"up":[{"embeddable":true,"href":"https:\/\/www.samoens.com\/en\/wp-json\/wp\/v2\/pages\/3351"}],"wp:attachment":[{"href":"https:\/\/www.samoens.com\/en\/wp-json\/wp\/v2\/media?parent=38395"}],"curies":[{"name":"wp","href":"https:\/\/api.w.org\/{rel}","templated":true}]}}