{"id":38391,"date":"2019-09-09T17:51:20","date_gmt":"2019-09-09T15:51:20","guid":{"rendered":"https:\/\/www.samoens.com\/?page_id=38391"},"modified":"2025-05-22T20:33:36","modified_gmt":"2025-05-22T18:33:36","slug":"hiking-routes","status":"publish","type":"page","link":"https:\/\/www.samoens.com\/en\/hiking-routes\/","title":{"rendered":"Hiking Routes"},"content":{"rendered":"<div class=\"wpb-content-wrapper\"><p>[vc_row][vc_column][vc_column_text]<\/p>\n<h2>Samo\u00ebns Hiking routes<\/h2>\n<p>[\/vc_column_text][vc_column_text]In the heart of the Montagnes du Giffre, discover the most beautiful routes on foot or mountain bike starting from Samo\u00ebns thanks to the many itineraries accessible to all.<\/p>\n<p>Choose your activity (hiking, mountain biking, trail or motorbike) and distance by clicking on &#8220;Filter&#8221;.<br \/>\nDownload a GPX track and print a PDF of your route by accessing the route description.<\/p>\n<p>&nbsp;<\/p>\n<p>For even more hiking itineraries, click here. For VTTAE routes in the Montagnes du Giffre, <span style=\"color: #6c9ed8;\"><a style=\"color: #6c9ed8;\" href=\"http:\/\/chrome-extension:\/\/efaidnbmnnnibpcajpcglclefindmkaj\/https:\/\/www.samoens.com\/wp-content\/uploads\/2022\/08\/MDG_VTTAE_2022.pdf\">click here<\/a><\/span>.<\/p>\n<p>NEW: a selection of 14 &#8220;turnkey&#8221; hikes to complement the summer shuttle service. An original way of combining the shuttle service with walking &#8211; or the other way round &#8211; to create some lovely loops in the valley! Discover the &#8220;<span style=\"color: #6c9ed8;\"><a style=\"color: #6c9ed8;\" href=\"http:\/\/chrome-extension:\/\/efaidnbmnnnibpcajpcglclefindmkaj\/https:\/\/www.montagnesdugiffre.fr\/wp-content\/uploads\/2023\/07\/Livret-RANDO-BUS_Montagnes-du-Giffre_ete-2023.pdf\">Rando&#8217; Bus&#8221; guide<\/a> <\/span>and the <span style=\"color: #6c9ed8;\"><a style=\"color: #6c9ed8;\" href=\"https:\/\/www.samoens.com\/en\/downloads\/bus-schedules-samoens\/\">shuttle timetable.<\/a><\/span><\/p>\n<p>On the Grand Massif side, discover the downhill mountain bike trails by <span style=\"color: #6c9ed8;\"><a style=\"color: #6c9ed8;\" href=\"https:\/\/www.samoens.com\/wp-content\/uploads\/2025\/05\/Plan-VTT-Grand-Massif-ete-2025.pdf\">clicking here<\/a>.<\/span><\/p>\n<p><a style=\"font-size: 1.05em;\" href=\"https:\/\/www.samoens.com\/itineraires\/?mb_page=recherche&#038;mb_type=circuit&#038;mb_categorie_locomotion=4&#038;mbScrollTo=module&#038;mb_anchorpage=2&#038;mb_minnumpage=1&#038;mb_maxnumpage=2\"><em>.<\/em><\/a>[\/vc_column_text][vc_column_text][\/vc_column_text][\/vc_column][\/vc_row]<\/p>\n<\/div>","protected":false},"excerpt":{"rendered":"<p>[vc_row][vc_column][vc_column_text] Samo\u00ebns Hiking routes [\/vc_column_text][vc_column_text]In the heart of the Montagnes du Giffre, discover the most beautiful routes on foot or mountain bike starting from Samo\u00ebns thanks to the many itineraries accessible to all. Choose your activity (hiking, mountain biking, trail or motorbike) and distance by clicking on &#8220;Filter&#8221;. Download a GPX track and print a [&hellip;]<\/p>\n","protected":false},"author":1,"featured_media":426840,"parent":0,"menu_order":79,"comment_status":"closed","ping_status":"closed","template":"","meta":{"_acf_changed":false,"footnotes":""},"class_list":["post-38391","page","type-page","status-publish","hentry"],"acf":[],"yoast_head":"<!-- This site is optimized with the Yoast SEO plugin v27.2 - https:\/\/yoast.com\/product\/yoast-seo-wordpress\/ -->\n<title>Hiking Routes Samo\u00ebns, station de ski et village authentique en Haute-Savoie Samo\u00ebns - Accessible to all<\/title>\n<meta name=\"robots\" content=\"index, follow, max-snippet:-1, max-image-preview:large, max-video-preview:-1\" \/>\n<link rel=\"canonical\" href=\"https:\/\/www.samoens.com\/en\/hiking-routes\/\" \/>\n<meta property=\"og:locale\" content=\"en_US\" \/>\n<meta property=\"og:type\" content=\"article\" \/>\n<meta property=\"og:title\" content=\"Hiking Routes Samo\u00ebns, station de ski et village authentique en Haute-Savoie Samo\u00ebns - Accessible to all\" \/>\n<meta property=\"og:description\" content=\"[vc_row][vc_column][vc_column_text] Samo\u00ebns Hiking routes [\/vc_column_text][vc_column_text]In the heart of the Montagnes du Giffre, discover the most beautiful routes on foot or mountain bike starting from Samo\u00ebns thanks to the many itineraries accessible to all. Choose your activity (hiking, mountain biking, trail or motorbike) and distance by clicking on &#8220;Filter&#8221;. Download a GPX track and print a [&hellip;]\" \/>\n<meta property=\"og:url\" content=\"https:\/\/www.samoens.com\/en\/hiking-routes\/\" \/>\n<meta property=\"og:site_name\" content=\"Samo\u00ebns, station de ski et village authentique en Haute-Savoie\" \/>\n<meta property=\"article:modified_time\" content=\"2025-05-22T18:33:36+00:00\" \/>\n<meta property=\"og:image\" content=\"https:\/\/www.samoens.com\/wp-content\/uploads\/2020\/08\/Samoe\u00a6ens-006.jpg\" \/>\n\t<meta property=\"og:image:width\" content=\"2522\" \/>\n\t<meta property=\"og:image:height\" content=\"987\" \/>\n\t<meta property=\"og:image:type\" content=\"image\/jpeg\" \/>\n<meta name=\"twitter:card\" content=\"summary_large_image\" \/>\n<meta name=\"twitter:label1\" content=\"Est. reading time\" \/>\n\t<meta name=\"twitter:data1\" content=\"1 minute\" \/>\n<script type=\"application\/ld+json\" class=\"yoast-schema-graph\">{\"@context\":\"https:\/\/schema.org\",\"@graph\":[{\"@type\":\"WebPage\",\"@id\":\"https:\/\/www.samoens.com\/en\/hiking-routes\/\",\"url\":\"https:\/\/www.samoens.com\/en\/hiking-routes\/\",\"name\":\"Hiking Routes Samo\u00ebns, station de ski et village authentique en Haute-Savoie Samo\u00ebns - Accessible to all\",\"isPartOf\":{\"@id\":\"https:\/\/www.samoens.com\/#website\"},\"primaryImageOfPage\":{\"@id\":\"https:\/\/www.samoens.com\/en\/hiking-routes\/#primaryimage\"},\"image\":{\"@id\":\"https:\/\/www.samoens.com\/en\/hiking-routes\/#primaryimage\"},\"thumbnailUrl\":\"https:\/\/www.samoens.com\/wp-content\/uploads\/2020\/08\/Samoe\u00a6ens-006.jpg\",\"datePublished\":\"2019-09-09T15:51:20+00:00\",\"dateModified\":\"2025-05-22T18:33:36+00:00\",\"breadcrumb\":{\"@id\":\"https:\/\/www.samoens.com\/en\/hiking-routes\/#breadcrumb\"},\"inLanguage\":\"en-US\",\"potentialAction\":[{\"@type\":\"ReadAction\",\"target\":[\"https:\/\/www.samoens.com\/en\/hiking-routes\/\"]}]},{\"@type\":\"ImageObject\",\"inLanguage\":\"en-US\",\"@id\":\"https:\/\/www.samoens.com\/en\/hiking-routes\/#primaryimage\",\"url\":\"https:\/\/www.samoens.com\/wp-content\/uploads\/2020\/08\/Samoe\u00a6ens-006.jpg\",\"contentUrl\":\"https:\/\/www.samoens.com\/wp-content\/uploads\/2020\/08\/Samoe\u00a6ens-006.jpg\",\"width\":2522,\"height\":987,\"caption\":\"Stitched Panorama\"},{\"@type\":\"BreadcrumbList\",\"@id\":\"https:\/\/www.samoens.com\/en\/hiking-routes\/#breadcrumb\",\"itemListElement\":[{\"@type\":\"ListItem\",\"position\":1,\"name\":\"Accueil\",\"item\":\"https:\/\/www.samoens.com\/en\/\"},{\"@type\":\"ListItem\",\"position\":2,\"name\":\"Hiking Routes\"}]},{\"@type\":\"WebSite\",\"@id\":\"https:\/\/www.samoens.com\/#website\",\"url\":\"https:\/\/www.samoens.com\/\",\"name\":\"Samo\u00ebns, station de ski et village authentique en Haute-Savoie\",\"description\":\"Nich\u00e9e au coeur du domaine skiable du Grand Massif et \u00e0 moins d&#039;1h de Gen\u00e8ve, Samo\u00ebns rendra vos vacances inoubliables en \u00e9t\u00e9 comme en hiver\",\"potentialAction\":[{\"@type\":\"SearchAction\",\"target\":{\"@type\":\"EntryPoint\",\"urlTemplate\":\"https:\/\/www.samoens.com\/?s={search_term_string}\"},\"query-input\":{\"@type\":\"PropertyValueSpecification\",\"valueRequired\":true,\"valueName\":\"search_term_string\"}}],\"inLanguage\":\"en-US\"}]}<\/script>\n<!-- \/ Yoast SEO plugin. -->","yoast_head_json":{"title":"Hiking Routes Samo\u00ebns, station de ski et village authentique en Haute-Savoie Samo\u00ebns - Accessible to all","robots":{"index":"index","follow":"follow","max-snippet":"max-snippet:-1","max-image-preview":"max-image-preview:large","max-video-preview":"max-video-preview:-1"},"canonical":"https:\/\/www.samoens.com\/en\/hiking-routes\/","og_locale":"en_US","og_type":"article","og_title":"Hiking Routes Samo\u00ebns, station de ski et village authentique en Haute-Savoie Samo\u00ebns - Accessible to all","og_description":"[vc_row][vc_column][vc_column_text] Samo\u00ebns Hiking routes [\/vc_column_text][vc_column_text]In the heart of the Montagnes du Giffre, discover the most beautiful routes on foot or mountain bike starting from Samo\u00ebns thanks to the many itineraries accessible to all. Choose your activity (hiking, mountain biking, trail or motorbike) and distance by clicking on &#8220;Filter&#8221;. Download a GPX track and print a [&hellip;]","og_url":"https:\/\/www.samoens.com\/en\/hiking-routes\/","og_site_name":"Samo\u00ebns, station de ski et village authentique en Haute-Savoie","article_modified_time":"2025-05-22T18:33:36+00:00","og_image":[{"width":2522,"height":987,"url":"https:\/\/www.samoens.com\/wp-content\/uploads\/2020\/08\/Samoe\u00a6ens-006.jpg","type":"image\/jpeg"}],"twitter_card":"summary_large_image","twitter_misc":{"Est. reading time":"1 minute"},"schema":{"@context":"https:\/\/schema.org","@graph":[{"@type":"WebPage","@id":"https:\/\/www.samoens.com\/en\/hiking-routes\/","url":"https:\/\/www.samoens.com\/en\/hiking-routes\/","name":"Hiking Routes Samo\u00ebns, station de ski et village authentique en Haute-Savoie Samo\u00ebns - Accessible to all","isPartOf":{"@id":"https:\/\/www.samoens.com\/#website"},"primaryImageOfPage":{"@id":"https:\/\/www.samoens.com\/en\/hiking-routes\/#primaryimage"},"image":{"@id":"https:\/\/www.samoens.com\/en\/hiking-routes\/#primaryimage"},"thumbnailUrl":"https:\/\/www.samoens.com\/wp-content\/uploads\/2020\/08\/Samoe\u00a6ens-006.jpg","datePublished":"2019-09-09T15:51:20+00:00","dateModified":"2025-05-22T18:33:36+00:00","breadcrumb":{"@id":"https:\/\/www.samoens.com\/en\/hiking-routes\/#breadcrumb"},"inLanguage":"en-US","potentialAction":[{"@type":"ReadAction","target":["https:\/\/www.samoens.com\/en\/hiking-routes\/"]}]},{"@type":"ImageObject","inLanguage":"en-US","@id":"https:\/\/www.samoens.com\/en\/hiking-routes\/#primaryimage","url":"https:\/\/www.samoens.com\/wp-content\/uploads\/2020\/08\/Samoe\u00a6ens-006.jpg","contentUrl":"https:\/\/www.samoens.com\/wp-content\/uploads\/2020\/08\/Samoe\u00a6ens-006.jpg","width":2522,"height":987,"caption":"Stitched Panorama"},{"@type":"BreadcrumbList","@id":"https:\/\/www.samoens.com\/en\/hiking-routes\/#breadcrumb","itemListElement":[{"@type":"ListItem","position":1,"name":"Accueil","item":"https:\/\/www.samoens.com\/en\/"},{"@type":"ListItem","position":2,"name":"Hiking Routes"}]},{"@type":"WebSite","@id":"https:\/\/www.samoens.com\/#website","url":"https:\/\/www.samoens.com\/","name":"Samo\u00ebns, station de ski et village authentique en Haute-Savoie","description":"Nich\u00e9e au coeur du domaine skiable du Grand Massif et \u00e0 moins d&#039;1h de Gen\u00e8ve, Samo\u00ebns rendra vos vacances inoubliables en \u00e9t\u00e9 comme en hiver","potentialAction":[{"@type":"SearchAction","target":{"@type":"EntryPoint","urlTemplate":"https:\/\/www.samoens.com\/?s={search_term_string}"},"query-input":{"@type":"PropertyValueSpecification","valueRequired":true,"valueName":"search_term_string"}}],"inLanguage":"en-US"}]}},"_links":{"self":[{"href":"https:\/\/www.samoens.com\/en\/wp-json\/wp\/v2\/pages\/38391","targetHints":{"allow":["GET"]}}],"collection":[{"href":"https:\/\/www.samoens.com\/en\/wp-json\/wp\/v2\/pages"}],"about":[{"href":"https:\/\/www.samoens.com\/en\/wp-json\/wp\/v2\/types\/page"}],"author":[{"embeddable":true,"href":"https:\/\/www.samoens.com\/en\/wp-json\/wp\/v2\/users\/1"}],"replies":[{"embeddable":true,"href":"https:\/\/www.samoens.com\/en\/wp-json\/wp\/v2\/comments?post=38391"}],"version-history":[{"count":5,"href":"https:\/\/www.samoens.com\/en\/wp-json\/wp\/v2\/pages\/38391\/revisions"}],"predecessor-version":[{"id":596276,"href":"https:\/\/www.samoens.com\/en\/wp-json\/wp\/v2\/pages\/38391\/revisions\/596276"}],"wp:featuredmedia":[{"embeddable":true,"href":"https:\/\/www.samoens.com\/en\/wp-json\/wp\/v2\/media\/426840"}],"wp:attachment":[{"href":"https:\/\/www.samoens.com\/en\/wp-json\/wp\/v2\/media?parent=38391"}],"curies":[{"name":"wp","href":"https:\/\/api.w.org\/{rel}","templated":true}]}}