{"id":38353,"date":"2019-09-09T17:38:20","date_gmt":"2019-09-09T15:38:20","guid":{"rendered":"https:\/\/www.samoens.com\/?page_id=38353"},"modified":"2025-09-25T16:48:02","modified_gmt":"2025-09-25T14:48:02","slug":"press-area-press-kits","status":"publish","type":"page","link":"https:\/\/www.samoens.com\/en\/press-area\/press-area-press-kits\/","title":{"rendered":"Press area &#8211; Press kits"},"content":{"rendered":"<div class=\"wpb-content-wrapper\"><p>[vc_row][vc_column width=&#8221;1\/2&#8243;]\n\n    <div class=\"brochure\">\n      <a class=\"brochure_link\" target=\"_blank\"><div class=\"brochure_img\"><img loading=\"lazy\" decoding=\"async\" src=\"https:\/\/www.samoens.com\/wp-content\/uploads\/2025\/09\/Press-release-540x768.jpg\" width=\"298\" height=\"421\"><\/div><\/a><p class=\"brochure_title\">Press kit Winter 2025-26<\/p><a class=\"gtm_brochures_download brochure_link ye_boutPlein\" href=\"https:\/\/www.samoens.com\/wp-content\/uploads\/2025\/09\/Press-Release-25_SAMOENS.pdf\" target=\"_blank\">Download the brochure<\/a><\/div>[\/vc_column][\/vc_row]<\/p>\n<\/div>","protected":false},"excerpt":{"rendered":"<p>[vc_row][vc_column width=&#8221;1\/2&#8243;][\/vc_column][\/vc_row]<\/p>\n","protected":false},"author":2,"featured_media":578371,"parent":38344,"menu_order":0,"comment_status":"closed","ping_status":"closed","template":"template_espacepresse.php","meta":{"_acf_changed":false,"footnotes":""},"class_list":["post-38353","page","type-page","status-publish","hentry"],"acf":[],"yoast_head":"<!-- This site is optimized with the Yoast SEO plugin v27.2 - https:\/\/yoast.com\/product\/yoast-seo-wordpress\/ -->\n<title>Press area - Press kits Samo\u00ebns, station de ski et village authentique en Haute-Savoie<\/title>\n<meta name=\"robots\" content=\"index, follow, max-snippet:-1, max-image-preview:large, max-video-preview:-1\" \/>\n<link rel=\"canonical\" href=\"https:\/\/www.samoens.com\/en\/press-area\/press-area-press-kits\/\" \/>\n<meta property=\"og:locale\" content=\"en_US\" \/>\n<meta property=\"og:type\" content=\"article\" \/>\n<meta property=\"og:title\" content=\"Press area - Press kits Samo\u00ebns, station de ski et village authentique en Haute-Savoie\" \/>\n<meta property=\"og:description\" content=\"[vc_row][vc_column width=&#8221;1\/2&#8243;][\/vc_column][\/vc_row]\" \/>\n<meta property=\"og:url\" content=\"https:\/\/www.samoens.com\/en\/press-area\/press-area-press-kits\/\" \/>\n<meta property=\"og:site_name\" content=\"Samo\u00ebns, station de ski et village authentique en Haute-Savoie\" \/>\n<meta property=\"article:modified_time\" content=\"2025-09-25T14:48:02+00:00\" \/>\n<meta property=\"og:image\" content=\"https:\/\/www.samoens.com\/wp-content\/uploads\/2023\/04\/footer_ete-scaled.jpg\" \/>\n\t<meta property=\"og:image:width\" content=\"2048\" \/>\n\t<meta property=\"og:image:height\" content=\"801\" \/>\n\t<meta property=\"og:image:type\" content=\"image\/jpeg\" \/>\n<meta name=\"twitter:card\" content=\"summary_large_image\" \/>\n<meta name=\"twitter:label1\" content=\"Est. reading time\" \/>\n\t<meta name=\"twitter:data1\" content=\"1 minute\" \/>\n<script type=\"application\/ld+json\" class=\"yoast-schema-graph\">{\"@context\":\"https:\/\/schema.org\",\"@graph\":[{\"@type\":\"WebPage\",\"@id\":\"https:\/\/www.samoens.com\/en\/press-area\/press-area-press-kits\/\",\"url\":\"https:\/\/www.samoens.com\/en\/press-area\/press-area-press-kits\/\",\"name\":\"Press area - Press kits Samo\u00ebns, station de ski et village authentique en Haute-Savoie\",\"isPartOf\":{\"@id\":\"https:\/\/www.samoens.com\/#website\"},\"primaryImageOfPage\":{\"@id\":\"https:\/\/www.samoens.com\/en\/press-area\/press-area-press-kits\/#primaryimage\"},\"image\":{\"@id\":\"https:\/\/www.samoens.com\/en\/press-area\/press-area-press-kits\/#primaryimage\"},\"thumbnailUrl\":\"https:\/\/www.samoens.com\/wp-content\/uploads\/2023\/04\/footer_ete-scaled.jpg\",\"datePublished\":\"2019-09-09T15:38:20+00:00\",\"dateModified\":\"2025-09-25T14:48:02+00:00\",\"breadcrumb\":{\"@id\":\"https:\/\/www.samoens.com\/en\/press-area\/press-area-press-kits\/#breadcrumb\"},\"inLanguage\":\"en-US\",\"potentialAction\":[{\"@type\":\"ReadAction\",\"target\":[\"https:\/\/www.samoens.com\/en\/press-area\/press-area-press-kits\/\"]}]},{\"@type\":\"ImageObject\",\"inLanguage\":\"en-US\",\"@id\":\"https:\/\/www.samoens.com\/en\/press-area\/press-area-press-kits\/#primaryimage\",\"url\":\"https:\/\/www.samoens.com\/wp-content\/uploads\/2023\/04\/footer_ete-scaled.jpg\",\"contentUrl\":\"https:\/\/www.samoens.com\/wp-content\/uploads\/2023\/04\/footer_ete-scaled.jpg\",\"width\":2048,\"height\":801,\"caption\":\"Stitched Panorama\"},{\"@type\":\"BreadcrumbList\",\"@id\":\"https:\/\/www.samoens.com\/en\/press-area\/press-area-press-kits\/#breadcrumb\",\"itemListElement\":[{\"@type\":\"ListItem\",\"position\":1,\"name\":\"Accueil\",\"item\":\"https:\/\/www.samoens.com\/en\/\"},{\"@type\":\"ListItem\",\"position\":2,\"name\":\"Press area\",\"item\":\"https:\/\/www.samoens.com\/en\/press-area\/\"},{\"@type\":\"ListItem\",\"position\":3,\"name\":\"Press area &#8211; Press kits\"}]},{\"@type\":\"WebSite\",\"@id\":\"https:\/\/www.samoens.com\/#website\",\"url\":\"https:\/\/www.samoens.com\/\",\"name\":\"Samo\u00ebns, station de ski et village authentique en Haute-Savoie\",\"description\":\"Nich\u00e9e au coeur du domaine skiable du Grand Massif et \u00e0 moins d&#039;1h de Gen\u00e8ve, Samo\u00ebns rendra vos vacances inoubliables en \u00e9t\u00e9 comme en hiver\",\"potentialAction\":[{\"@type\":\"SearchAction\",\"target\":{\"@type\":\"EntryPoint\",\"urlTemplate\":\"https:\/\/www.samoens.com\/?s={search_term_string}\"},\"query-input\":{\"@type\":\"PropertyValueSpecification\",\"valueRequired\":true,\"valueName\":\"search_term_string\"}}],\"inLanguage\":\"en-US\"}]}<\/script>\n<!-- \/ Yoast SEO plugin. -->","yoast_head_json":{"title":"Press area - Press kits Samo\u00ebns, station de ski et village authentique en Haute-Savoie","robots":{"index":"index","follow":"follow","max-snippet":"max-snippet:-1","max-image-preview":"max-image-preview:large","max-video-preview":"max-video-preview:-1"},"canonical":"https:\/\/www.samoens.com\/en\/press-area\/press-area-press-kits\/","og_locale":"en_US","og_type":"article","og_title":"Press area - Press kits Samo\u00ebns, station de ski et village authentique en Haute-Savoie","og_description":"[vc_row][vc_column width=&#8221;1\/2&#8243;][\/vc_column][\/vc_row]","og_url":"https:\/\/www.samoens.com\/en\/press-area\/press-area-press-kits\/","og_site_name":"Samo\u00ebns, station de ski et village authentique en Haute-Savoie","article_modified_time":"2025-09-25T14:48:02+00:00","og_image":[{"width":2048,"height":801,"url":"https:\/\/www.samoens.com\/wp-content\/uploads\/2023\/04\/footer_ete-scaled.jpg","type":"image\/jpeg"}],"twitter_card":"summary_large_image","twitter_misc":{"Est. reading time":"1 minute"},"schema":{"@context":"https:\/\/schema.org","@graph":[{"@type":"WebPage","@id":"https:\/\/www.samoens.com\/en\/press-area\/press-area-press-kits\/","url":"https:\/\/www.samoens.com\/en\/press-area\/press-area-press-kits\/","name":"Press area - Press kits Samo\u00ebns, station de ski et village authentique en Haute-Savoie","isPartOf":{"@id":"https:\/\/www.samoens.com\/#website"},"primaryImageOfPage":{"@id":"https:\/\/www.samoens.com\/en\/press-area\/press-area-press-kits\/#primaryimage"},"image":{"@id":"https:\/\/www.samoens.com\/en\/press-area\/press-area-press-kits\/#primaryimage"},"thumbnailUrl":"https:\/\/www.samoens.com\/wp-content\/uploads\/2023\/04\/footer_ete-scaled.jpg","datePublished":"2019-09-09T15:38:20+00:00","dateModified":"2025-09-25T14:48:02+00:00","breadcrumb":{"@id":"https:\/\/www.samoens.com\/en\/press-area\/press-area-press-kits\/#breadcrumb"},"inLanguage":"en-US","potentialAction":[{"@type":"ReadAction","target":["https:\/\/www.samoens.com\/en\/press-area\/press-area-press-kits\/"]}]},{"@type":"ImageObject","inLanguage":"en-US","@id":"https:\/\/www.samoens.com\/en\/press-area\/press-area-press-kits\/#primaryimage","url":"https:\/\/www.samoens.com\/wp-content\/uploads\/2023\/04\/footer_ete-scaled.jpg","contentUrl":"https:\/\/www.samoens.com\/wp-content\/uploads\/2023\/04\/footer_ete-scaled.jpg","width":2048,"height":801,"caption":"Stitched Panorama"},{"@type":"BreadcrumbList","@id":"https:\/\/www.samoens.com\/en\/press-area\/press-area-press-kits\/#breadcrumb","itemListElement":[{"@type":"ListItem","position":1,"name":"Accueil","item":"https:\/\/www.samoens.com\/en\/"},{"@type":"ListItem","position":2,"name":"Press area","item":"https:\/\/www.samoens.com\/en\/press-area\/"},{"@type":"ListItem","position":3,"name":"Press area &#8211; Press kits"}]},{"@type":"WebSite","@id":"https:\/\/www.samoens.com\/#website","url":"https:\/\/www.samoens.com\/","name":"Samo\u00ebns, station de ski et village authentique en Haute-Savoie","description":"Nich\u00e9e au coeur du domaine skiable du Grand Massif et \u00e0 moins d&#039;1h de Gen\u00e8ve, Samo\u00ebns rendra vos vacances inoubliables en \u00e9t\u00e9 comme en hiver","potentialAction":[{"@type":"SearchAction","target":{"@type":"EntryPoint","urlTemplate":"https:\/\/www.samoens.com\/?s={search_term_string}"},"query-input":{"@type":"PropertyValueSpecification","valueRequired":true,"valueName":"search_term_string"}}],"inLanguage":"en-US"}]}},"_links":{"self":[{"href":"https:\/\/www.samoens.com\/en\/wp-json\/wp\/v2\/pages\/38353","targetHints":{"allow":["GET"]}}],"collection":[{"href":"https:\/\/www.samoens.com\/en\/wp-json\/wp\/v2\/pages"}],"about":[{"href":"https:\/\/www.samoens.com\/en\/wp-json\/wp\/v2\/types\/page"}],"author":[{"embeddable":true,"href":"https:\/\/www.samoens.com\/en\/wp-json\/wp\/v2\/users\/2"}],"replies":[{"embeddable":true,"href":"https:\/\/www.samoens.com\/en\/wp-json\/wp\/v2\/comments?post=38353"}],"version-history":[{"count":1,"href":"https:\/\/www.samoens.com\/en\/wp-json\/wp\/v2\/pages\/38353\/revisions"}],"predecessor-version":[{"id":601512,"href":"https:\/\/www.samoens.com\/en\/wp-json\/wp\/v2\/pages\/38353\/revisions\/601512"}],"up":[{"embeddable":true,"href":"https:\/\/www.samoens.com\/en\/wp-json\/wp\/v2\/pages\/38344"}],"wp:featuredmedia":[{"embeddable":true,"href":"https:\/\/www.samoens.com\/en\/wp-json\/wp\/v2\/media\/578371"}],"wp:attachment":[{"href":"https:\/\/www.samoens.com\/en\/wp-json\/wp\/v2\/media?parent=38353"}],"curies":[{"name":"wp","href":"https:\/\/api.w.org\/{rel}","templated":true}]}}