{"id":38319,"date":"2019-09-09T17:01:07","date_gmt":"2019-09-09T15:01:07","guid":{"rendered":"https:\/\/www.samoens.com\/?page_id=38319"},"modified":"2023-11-15T10:03:48","modified_gmt":"2023-11-15T09:03:48","slug":"alpine-ski-schools","status":"publish","type":"page","link":"https:\/\/www.samoens.com\/en\/activities-in-samoens\/winter-activities-2\/alpine-ski-schools\/","title":{"rendered":"Alpine ski schools"},"content":{"rendered":"<div class=\"wpb-content-wrapper\"><p>[vc_row][vc_column][vc_column_text]Courses for all levels, all ages and in a friendly atmosphere: discover the alpine ski schools in Samo\u00ebns and Grand Massif. These professionals, independent or belonging to structures, will share with you their passion, that of mountain and skiing. Ski or surf, enjoy half-day, day or more classes. Ski lessons are taught individually or you can also practice your favorite activity in a small group. On your skis, ready, slip![\/vc_column_text][\/vc_column][\/vc_row]<\/p>\n<\/div>","protected":false},"excerpt":{"rendered":"<p>[vc_row][vc_column][vc_column_text]Courses for all levels, all ages and in a friendly atmosphere: discover the alpine ski schools in Samo\u00ebns and Grand Massif. These professionals, independent or belonging to structures, will share with you their passion, that of mountain and skiing. Ski or surf, enjoy half-day, day or more classes. Ski lessons are taught individually or you [&hellip;]<\/p>\n","protected":false},"author":2,"featured_media":582270,"parent":40759,"menu_order":6,"comment_status":"closed","ping_status":"closed","template":"template-liste-apidae.php","meta":{"_acf_changed":false,"footnotes":""},"class_list":["post-38319","page","type-page","status-publish","hentry"],"acf":[],"yoast_head":"<!-- This site is optimized with the Yoast SEO plugin v27.4 - https:\/\/yoast.com\/product\/yoast-seo-wordpress\/ -->\n<title>Alpine ski schools Samo\u00ebns, station de ski et village authentique en Haute-Savoie<\/title>\n<meta name=\"description\" content=\"Alpine ski courses in Samo\u00ebns for all levels and ages. Enjoy a friendly atmosphere with independent professionals or those affiliated with organizations. Whether it&#039;s for skiing or surfing, choose from half-day, full-day courses, or more. Get your skis on, ready, slide!\" \/>\n<meta name=\"robots\" content=\"index, follow, max-snippet:-1, max-image-preview:large, max-video-preview:-1\" \/>\n<link rel=\"canonical\" href=\"https:\/\/www.samoens.com\/en\/activities-in-samoens\/winter-activities-2\/alpine-ski-schools\/\" \/>\n<meta property=\"og:locale\" content=\"en_US\" \/>\n<meta property=\"og:type\" content=\"article\" \/>\n<meta property=\"og:title\" content=\"Alpine ski schools Samo\u00ebns, station de ski et village authentique en Haute-Savoie\" \/>\n<meta property=\"og:description\" content=\"Alpine ski courses in Samo\u00ebns for all levels and ages. Enjoy a friendly atmosphere with independent professionals or those affiliated with organizations. Whether it&#039;s for skiing or surfing, choose from half-day, full-day courses, or more. Get your skis on, ready, slide!\" \/>\n<meta property=\"og:url\" content=\"https:\/\/www.samoens.com\/en\/activities-in-samoens\/winter-activities-2\/alpine-ski-schools\/\" \/>\n<meta property=\"og:site_name\" content=\"Samo\u00ebns, station de ski et village authentique en Haute-Savoie\" \/>\n<meta property=\"article:modified_time\" content=\"2023-11-15T09:03:48+00:00\" \/>\n<meta property=\"og:image\" content=\"https:\/\/www.samoens.com\/wp-content\/uploads\/2023\/11\/Samoens-102.jpg\" \/>\n\t<meta property=\"og:image:width\" content=\"1440\" \/>\n\t<meta property=\"og:image:height\" content=\"960\" \/>\n\t<meta property=\"og:image:type\" content=\"image\/jpeg\" \/>\n<meta name=\"twitter:card\" content=\"summary_large_image\" \/>\n<script type=\"application\/ld+json\" class=\"yoast-schema-graph\">{\"@context\":\"https:\\\/\\\/schema.org\",\"@graph\":[{\"@type\":\"WebPage\",\"@id\":\"https:\\\/\\\/www.samoens.com\\\/en\\\/activities-in-samoens\\\/winter-activities-2\\\/alpine-ski-schools\\\/\",\"url\":\"https:\\\/\\\/www.samoens.com\\\/en\\\/activities-in-samoens\\\/winter-activities-2\\\/alpine-ski-schools\\\/\",\"name\":\"Alpine ski schools Samo\u00ebns, station de ski et village authentique en Haute-Savoie\",\"isPartOf\":{\"@id\":\"https:\\\/\\\/www.samoens.com\\\/#website\"},\"primaryImageOfPage\":{\"@id\":\"https:\\\/\\\/www.samoens.com\\\/en\\\/activities-in-samoens\\\/winter-activities-2\\\/alpine-ski-schools\\\/#primaryimage\"},\"image\":{\"@id\":\"https:\\\/\\\/www.samoens.com\\\/en\\\/activities-in-samoens\\\/winter-activities-2\\\/alpine-ski-schools\\\/#primaryimage\"},\"thumbnailUrl\":\"https:\\\/\\\/www.samoens.com\\\/wp-content\\\/uploads\\\/2023\\\/11\\\/Samoens-102.jpg\",\"datePublished\":\"2019-09-09T15:01:07+00:00\",\"dateModified\":\"2023-11-15T09:03:48+00:00\",\"description\":\"Alpine ski courses in Samo\u00ebns for all levels and ages. Enjoy a friendly atmosphere with independent professionals or those affiliated with organizations. Whether it's for skiing or surfing, choose from half-day, full-day courses, or more. Get your skis on, ready, slide!\",\"breadcrumb\":{\"@id\":\"https:\\\/\\\/www.samoens.com\\\/en\\\/activities-in-samoens\\\/winter-activities-2\\\/alpine-ski-schools\\\/#breadcrumb\"},\"inLanguage\":\"en-US\",\"potentialAction\":[{\"@type\":\"ReadAction\",\"target\":[\"https:\\\/\\\/www.samoens.com\\\/en\\\/activities-in-samoens\\\/winter-activities-2\\\/alpine-ski-schools\\\/\"]}]},{\"@type\":\"ImageObject\",\"inLanguage\":\"en-US\",\"@id\":\"https:\\\/\\\/www.samoens.com\\\/en\\\/activities-in-samoens\\\/winter-activities-2\\\/alpine-ski-schools\\\/#primaryimage\",\"url\":\"https:\\\/\\\/www.samoens.com\\\/wp-content\\\/uploads\\\/2023\\\/11\\\/Samoens-102.jpg\",\"contentUrl\":\"https:\\\/\\\/www.samoens.com\\\/wp-content\\\/uploads\\\/2023\\\/11\\\/Samoens-102.jpg\",\"width\":1440,\"height\":960},{\"@type\":\"BreadcrumbList\",\"@id\":\"https:\\\/\\\/www.samoens.com\\\/en\\\/activities-in-samoens\\\/winter-activities-2\\\/alpine-ski-schools\\\/#breadcrumb\",\"itemListElement\":[{\"@type\":\"ListItem\",\"position\":1,\"name\":\"Accueil\",\"item\":\"https:\\\/\\\/www.samoens.com\\\/en\\\/\"},{\"@type\":\"ListItem\",\"position\":2,\"name\":\"Winter activities\",\"item\":\"https:\\\/\\\/www.samoens.com\\\/en\\\/activities-in-samoens\\\/winter-activities-2\\\/\"},{\"@type\":\"ListItem\",\"position\":3,\"name\":\"Activities in Samo\u00ebns\",\"item\":\"https:\\\/\\\/www.samoens.com\\\/en\\\/activities-in-samoens\\\/\"},{\"@type\":\"ListItem\",\"position\":4,\"name\":\"Alpine ski schools\"}]},{\"@type\":\"WebSite\",\"@id\":\"https:\\\/\\\/www.samoens.com\\\/#website\",\"url\":\"https:\\\/\\\/www.samoens.com\\\/\",\"name\":\"Samo\u00ebns, station de ski et village authentique en Haute-Savoie\",\"description\":\"Nich\u00e9e au coeur du domaine skiable du Grand Massif et \u00e0 moins d&#039;1h de Gen\u00e8ve, Samo\u00ebns rendra vos vacances inoubliables en \u00e9t\u00e9 comme en hiver\",\"potentialAction\":[{\"@type\":\"SearchAction\",\"target\":{\"@type\":\"EntryPoint\",\"urlTemplate\":\"https:\\\/\\\/www.samoens.com\\\/?s={search_term_string}\"},\"query-input\":{\"@type\":\"PropertyValueSpecification\",\"valueRequired\":true,\"valueName\":\"search_term_string\"}}],\"inLanguage\":\"en-US\"}]}<\/script>\n<!-- \/ Yoast SEO plugin. -->","yoast_head_json":{"title":"Alpine ski schools Samo\u00ebns, station de ski et village authentique en Haute-Savoie","description":"Alpine ski courses in Samo\u00ebns for all levels and ages. Enjoy a friendly atmosphere with independent professionals or those affiliated with organizations. Whether it's for skiing or surfing, choose from half-day, full-day courses, or more. Get your skis on, ready, slide!","robots":{"index":"index","follow":"follow","max-snippet":"max-snippet:-1","max-image-preview":"max-image-preview:large","max-video-preview":"max-video-preview:-1"},"canonical":"https:\/\/www.samoens.com\/en\/activities-in-samoens\/winter-activities-2\/alpine-ski-schools\/","og_locale":"en_US","og_type":"article","og_title":"Alpine ski schools Samo\u00ebns, station de ski et village authentique en Haute-Savoie","og_description":"Alpine ski courses in Samo\u00ebns for all levels and ages. Enjoy a friendly atmosphere with independent professionals or those affiliated with organizations. Whether it's for skiing or surfing, choose from half-day, full-day courses, or more. Get your skis on, ready, slide!","og_url":"https:\/\/www.samoens.com\/en\/activities-in-samoens\/winter-activities-2\/alpine-ski-schools\/","og_site_name":"Samo\u00ebns, station de ski et village authentique en Haute-Savoie","article_modified_time":"2023-11-15T09:03:48+00:00","og_image":[{"width":1440,"height":960,"url":"https:\/\/www.samoens.com\/wp-content\/uploads\/2023\/11\/Samoens-102.jpg","type":"image\/jpeg"}],"twitter_card":"summary_large_image","schema":{"@context":"https:\/\/schema.org","@graph":[{"@type":"WebPage","@id":"https:\/\/www.samoens.com\/en\/activities-in-samoens\/winter-activities-2\/alpine-ski-schools\/","url":"https:\/\/www.samoens.com\/en\/activities-in-samoens\/winter-activities-2\/alpine-ski-schools\/","name":"Alpine ski schools Samo\u00ebns, station de ski et village authentique en Haute-Savoie","isPartOf":{"@id":"https:\/\/www.samoens.com\/#website"},"primaryImageOfPage":{"@id":"https:\/\/www.samoens.com\/en\/activities-in-samoens\/winter-activities-2\/alpine-ski-schools\/#primaryimage"},"image":{"@id":"https:\/\/www.samoens.com\/en\/activities-in-samoens\/winter-activities-2\/alpine-ski-schools\/#primaryimage"},"thumbnailUrl":"https:\/\/www.samoens.com\/wp-content\/uploads\/2023\/11\/Samoens-102.jpg","datePublished":"2019-09-09T15:01:07+00:00","dateModified":"2023-11-15T09:03:48+00:00","description":"Alpine ski courses in Samo\u00ebns for all levels and ages. Enjoy a friendly atmosphere with independent professionals or those affiliated with organizations. Whether it's for skiing or surfing, choose from half-day, full-day courses, or more. Get your skis on, ready, slide!","breadcrumb":{"@id":"https:\/\/www.samoens.com\/en\/activities-in-samoens\/winter-activities-2\/alpine-ski-schools\/#breadcrumb"},"inLanguage":"en-US","potentialAction":[{"@type":"ReadAction","target":["https:\/\/www.samoens.com\/en\/activities-in-samoens\/winter-activities-2\/alpine-ski-schools\/"]}]},{"@type":"ImageObject","inLanguage":"en-US","@id":"https:\/\/www.samoens.com\/en\/activities-in-samoens\/winter-activities-2\/alpine-ski-schools\/#primaryimage","url":"https:\/\/www.samoens.com\/wp-content\/uploads\/2023\/11\/Samoens-102.jpg","contentUrl":"https:\/\/www.samoens.com\/wp-content\/uploads\/2023\/11\/Samoens-102.jpg","width":1440,"height":960},{"@type":"BreadcrumbList","@id":"https:\/\/www.samoens.com\/en\/activities-in-samoens\/winter-activities-2\/alpine-ski-schools\/#breadcrumb","itemListElement":[{"@type":"ListItem","position":1,"name":"Accueil","item":"https:\/\/www.samoens.com\/en\/"},{"@type":"ListItem","position":2,"name":"Winter activities","item":"https:\/\/www.samoens.com\/en\/activities-in-samoens\/winter-activities-2\/"},{"@type":"ListItem","position":3,"name":"Activities in Samo\u00ebns","item":"https:\/\/www.samoens.com\/en\/activities-in-samoens\/"},{"@type":"ListItem","position":4,"name":"Alpine ski schools"}]},{"@type":"WebSite","@id":"https:\/\/www.samoens.com\/#website","url":"https:\/\/www.samoens.com\/","name":"Samo\u00ebns, station de ski et village authentique en Haute-Savoie","description":"Nich\u00e9e au coeur du domaine skiable du Grand Massif et \u00e0 moins d&#039;1h de Gen\u00e8ve, Samo\u00ebns rendra vos vacances inoubliables en \u00e9t\u00e9 comme en hiver","potentialAction":[{"@type":"SearchAction","target":{"@type":"EntryPoint","urlTemplate":"https:\/\/www.samoens.com\/?s={search_term_string}"},"query-input":{"@type":"PropertyValueSpecification","valueRequired":true,"valueName":"search_term_string"}}],"inLanguage":"en-US"}]}},"_links":{"self":[{"href":"https:\/\/www.samoens.com\/en\/wp-json\/wp\/v2\/pages\/38319","targetHints":{"allow":["GET"]}}],"collection":[{"href":"https:\/\/www.samoens.com\/en\/wp-json\/wp\/v2\/pages"}],"about":[{"href":"https:\/\/www.samoens.com\/en\/wp-json\/wp\/v2\/types\/page"}],"author":[{"embeddable":true,"href":"https:\/\/www.samoens.com\/en\/wp-json\/wp\/v2\/users\/2"}],"replies":[{"embeddable":true,"href":"https:\/\/www.samoens.com\/en\/wp-json\/wp\/v2\/comments?post=38319"}],"version-history":[{"count":0,"href":"https:\/\/www.samoens.com\/en\/wp-json\/wp\/v2\/pages\/38319\/revisions"}],"up":[{"embeddable":true,"href":"https:\/\/www.samoens.com\/en\/wp-json\/wp\/v2\/pages\/40759"}],"wp:featuredmedia":[{"embeddable":true,"href":"https:\/\/www.samoens.com\/en\/wp-json\/wp\/v2\/media\/582270"}],"wp:attachment":[{"href":"https:\/\/www.samoens.com\/en\/wp-json\/wp\/v2\/media?parent=38319"}],"curies":[{"name":"wp","href":"https:\/\/api.w.org\/{rel}","templated":true}]}}