{"id":38314,"date":"2019-09-09T16:58:12","date_gmt":"2019-09-09T14:58:12","guid":{"rendered":"https:\/\/www.samoens.com\/?page_id=38314"},"modified":"2019-09-09T16:58:31","modified_gmt":"2019-09-09T14:58:31","slug":"ecole-de-ski-de-fond","status":"publish","type":"page","link":"https:\/\/www.samoens.com\/en\/activities-in-samoens\/winter-activities-2\/cross-country-skiing\/ecole-de-ski-de-fond\/","title":{"rendered":"Cross-country ski school"},"content":{"rendered":"<p>This winter, your child is motivated to take his first ski lesson or wish you to improve your skiing technique.<\/p>\n<p>Let yourself be guided by these professionals in the snow and down the slopes of the Grand Massif to know all its secrets.<\/p>\n","protected":false},"excerpt":{"rendered":"<p>This winter, your child is motivated to take his first ski lesson or wish you to improve your skiing technique. Let yourself be guided by these professionals in the snow and down the slopes of the Grand Massif to know all its secrets.<\/p>\n","protected":false},"author":2,"featured_media":0,"parent":13209,"menu_order":2,"comment_status":"closed","ping_status":"closed","template":"template-liste-apidae.php","meta":{"_acf_changed":false,"footnotes":""},"class_list":["post-38314","page","type-page","status-publish","hentry"],"acf":[],"yoast_head":"<!-- This site is optimized with the Yoast SEO plugin v27.5 - https:\/\/yoast.com\/product\/yoast-seo-wordpress\/ -->\n<title>Cross-country ski school Samo\u00ebns, station de ski et village authentique en Haute-Savoie<\/title>\n<meta name=\"robots\" content=\"index, follow, max-snippet:-1, max-image-preview:large, max-video-preview:-1\" \/>\n<link rel=\"canonical\" href=\"https:\/\/www.samoens.com\/en\/activities-in-samoens\/winter-activities-2\/cross-country-skiing\/ecole-de-ski-de-fond\/\" \/>\n<meta property=\"og:locale\" content=\"en_US\" \/>\n<meta property=\"og:type\" content=\"article\" \/>\n<meta property=\"og:title\" content=\"Cross-country ski school Samo\u00ebns, station de ski et village authentique en Haute-Savoie\" \/>\n<meta property=\"og:description\" content=\"This winter, your child is motivated to take his first ski lesson or wish you to improve your skiing technique. Let yourself be guided by these professionals in the snow and down the slopes of the Grand Massif to know all its secrets.\" \/>\n<meta property=\"og:url\" content=\"https:\/\/www.samoens.com\/en\/activities-in-samoens\/winter-activities-2\/cross-country-skiing\/ecole-de-ski-de-fond\/\" \/>\n<meta property=\"og:site_name\" content=\"Samo\u00ebns, station de ski et village authentique en Haute-Savoie\" \/>\n<meta property=\"article:modified_time\" content=\"2019-09-09T14:58:31+00:00\" \/>\n<meta name=\"twitter:card\" content=\"summary_large_image\" \/>\n<script type=\"application\/ld+json\" class=\"yoast-schema-graph\">{\"@context\":\"https:\\\/\\\/schema.org\",\"@graph\":[{\"@type\":\"WebPage\",\"@id\":\"https:\\\/\\\/www.samoens.com\\\/en\\\/activities-in-samoens\\\/winter-activities-2\\\/cross-country-skiing\\\/ecole-de-ski-de-fond\\\/\",\"url\":\"https:\\\/\\\/www.samoens.com\\\/en\\\/activities-in-samoens\\\/winter-activities-2\\\/cross-country-skiing\\\/ecole-de-ski-de-fond\\\/\",\"name\":\"Cross-country ski school Samo\u00ebns, station de ski et village authentique en Haute-Savoie\",\"isPartOf\":{\"@id\":\"https:\\\/\\\/www.samoens.com\\\/#website\"},\"datePublished\":\"2019-09-09T14:58:12+00:00\",\"dateModified\":\"2019-09-09T14:58:31+00:00\",\"breadcrumb\":{\"@id\":\"https:\\\/\\\/www.samoens.com\\\/en\\\/activities-in-samoens\\\/winter-activities-2\\\/cross-country-skiing\\\/ecole-de-ski-de-fond\\\/#breadcrumb\"},\"inLanguage\":\"en-US\",\"potentialAction\":[{\"@type\":\"ReadAction\",\"target\":[\"https:\\\/\\\/www.samoens.com\\\/en\\\/activities-in-samoens\\\/winter-activities-2\\\/cross-country-skiing\\\/ecole-de-ski-de-fond\\\/\"]}]},{\"@type\":\"BreadcrumbList\",\"@id\":\"https:\\\/\\\/www.samoens.com\\\/en\\\/activities-in-samoens\\\/winter-activities-2\\\/cross-country-skiing\\\/ecole-de-ski-de-fond\\\/#breadcrumb\",\"itemListElement\":[{\"@type\":\"ListItem\",\"position\":1,\"name\":\"Accueil\",\"item\":\"https:\\\/\\\/www.samoens.com\\\/en\\\/\"},{\"@type\":\"ListItem\",\"position\":2,\"name\":\"Cross-country skiing\",\"item\":\"https:\\\/\\\/www.samoens.com\\\/en\\\/activities-in-samoens\\\/winter-activities-2\\\/cross-country-skiing\\\/\"},{\"@type\":\"ListItem\",\"position\":3,\"name\":\"Winter activities\",\"item\":\"https:\\\/\\\/www.samoens.com\\\/en\\\/activities-in-samoens\\\/winter-activities-2\\\/\"},{\"@type\":\"ListItem\",\"position\":4,\"name\":\"Activities in Samo\u00ebns\",\"item\":\"https:\\\/\\\/www.samoens.com\\\/en\\\/activities-in-samoens\\\/\"},{\"@type\":\"ListItem\",\"position\":5,\"name\":\"Cross-country ski school\"}]},{\"@type\":\"WebSite\",\"@id\":\"https:\\\/\\\/www.samoens.com\\\/#website\",\"url\":\"https:\\\/\\\/www.samoens.com\\\/\",\"name\":\"Samo\u00ebns, station de ski et village authentique en Haute-Savoie\",\"description\":\"Nich\u00e9e au coeur du domaine skiable du Grand Massif et \u00e0 moins d&#039;1h de Gen\u00e8ve, Samo\u00ebns rendra vos vacances inoubliables en \u00e9t\u00e9 comme en hiver\",\"potentialAction\":[{\"@type\":\"SearchAction\",\"target\":{\"@type\":\"EntryPoint\",\"urlTemplate\":\"https:\\\/\\\/www.samoens.com\\\/?s={search_term_string}\"},\"query-input\":{\"@type\":\"PropertyValueSpecification\",\"valueRequired\":true,\"valueName\":\"search_term_string\"}}],\"inLanguage\":\"en-US\"}]}<\/script>\n<!-- \/ Yoast SEO plugin. -->","yoast_head_json":{"title":"Cross-country ski school Samo\u00ebns, station de ski et village authentique en Haute-Savoie","robots":{"index":"index","follow":"follow","max-snippet":"max-snippet:-1","max-image-preview":"max-image-preview:large","max-video-preview":"max-video-preview:-1"},"canonical":"https:\/\/www.samoens.com\/en\/activities-in-samoens\/winter-activities-2\/cross-country-skiing\/ecole-de-ski-de-fond\/","og_locale":"en_US","og_type":"article","og_title":"Cross-country ski school Samo\u00ebns, station de ski et village authentique en Haute-Savoie","og_description":"This winter, your child is motivated to take his first ski lesson or wish you to improve your skiing technique. Let yourself be guided by these professionals in the snow and down the slopes of the Grand Massif to know all its secrets.","og_url":"https:\/\/www.samoens.com\/en\/activities-in-samoens\/winter-activities-2\/cross-country-skiing\/ecole-de-ski-de-fond\/","og_site_name":"Samo\u00ebns, station de ski et village authentique en Haute-Savoie","article_modified_time":"2019-09-09T14:58:31+00:00","twitter_card":"summary_large_image","schema":{"@context":"https:\/\/schema.org","@graph":[{"@type":"WebPage","@id":"https:\/\/www.samoens.com\/en\/activities-in-samoens\/winter-activities-2\/cross-country-skiing\/ecole-de-ski-de-fond\/","url":"https:\/\/www.samoens.com\/en\/activities-in-samoens\/winter-activities-2\/cross-country-skiing\/ecole-de-ski-de-fond\/","name":"Cross-country ski school Samo\u00ebns, station de ski et village authentique en Haute-Savoie","isPartOf":{"@id":"https:\/\/www.samoens.com\/#website"},"datePublished":"2019-09-09T14:58:12+00:00","dateModified":"2019-09-09T14:58:31+00:00","breadcrumb":{"@id":"https:\/\/www.samoens.com\/en\/activities-in-samoens\/winter-activities-2\/cross-country-skiing\/ecole-de-ski-de-fond\/#breadcrumb"},"inLanguage":"en-US","potentialAction":[{"@type":"ReadAction","target":["https:\/\/www.samoens.com\/en\/activities-in-samoens\/winter-activities-2\/cross-country-skiing\/ecole-de-ski-de-fond\/"]}]},{"@type":"BreadcrumbList","@id":"https:\/\/www.samoens.com\/en\/activities-in-samoens\/winter-activities-2\/cross-country-skiing\/ecole-de-ski-de-fond\/#breadcrumb","itemListElement":[{"@type":"ListItem","position":1,"name":"Accueil","item":"https:\/\/www.samoens.com\/en\/"},{"@type":"ListItem","position":2,"name":"Cross-country skiing","item":"https:\/\/www.samoens.com\/en\/activities-in-samoens\/winter-activities-2\/cross-country-skiing\/"},{"@type":"ListItem","position":3,"name":"Winter activities","item":"https:\/\/www.samoens.com\/en\/activities-in-samoens\/winter-activities-2\/"},{"@type":"ListItem","position":4,"name":"Activities in Samo\u00ebns","item":"https:\/\/www.samoens.com\/en\/activities-in-samoens\/"},{"@type":"ListItem","position":5,"name":"Cross-country ski school"}]},{"@type":"WebSite","@id":"https:\/\/www.samoens.com\/#website","url":"https:\/\/www.samoens.com\/","name":"Samo\u00ebns, station de ski et village authentique en Haute-Savoie","description":"Nich\u00e9e au coeur du domaine skiable du Grand Massif et \u00e0 moins d&#039;1h de Gen\u00e8ve, Samo\u00ebns rendra vos vacances inoubliables en \u00e9t\u00e9 comme en hiver","potentialAction":[{"@type":"SearchAction","target":{"@type":"EntryPoint","urlTemplate":"https:\/\/www.samoens.com\/?s={search_term_string}"},"query-input":{"@type":"PropertyValueSpecification","valueRequired":true,"valueName":"search_term_string"}}],"inLanguage":"en-US"}]}},"_links":{"self":[{"href":"https:\/\/www.samoens.com\/en\/wp-json\/wp\/v2\/pages\/38314","targetHints":{"allow":["GET"]}}],"collection":[{"href":"https:\/\/www.samoens.com\/en\/wp-json\/wp\/v2\/pages"}],"about":[{"href":"https:\/\/www.samoens.com\/en\/wp-json\/wp\/v2\/types\/page"}],"author":[{"embeddable":true,"href":"https:\/\/www.samoens.com\/en\/wp-json\/wp\/v2\/users\/2"}],"replies":[{"embeddable":true,"href":"https:\/\/www.samoens.com\/en\/wp-json\/wp\/v2\/comments?post=38314"}],"version-history":[{"count":0,"href":"https:\/\/www.samoens.com\/en\/wp-json\/wp\/v2\/pages\/38314\/revisions"}],"up":[{"embeddable":true,"href":"https:\/\/www.samoens.com\/en\/wp-json\/wp\/v2\/pages\/13209"}],"wp:attachment":[{"href":"https:\/\/www.samoens.com\/en\/wp-json\/wp\/v2\/media?parent=38314"}],"curies":[{"name":"wp","href":"https:\/\/api.w.org\/{rel}","templated":true}]}}