{"id":3644,"date":"2019-08-27T08:55:17","date_gmt":"2019-08-27T06:55:17","guid":{"rendered":"https:\/\/www.samoens.com\/?page_id=3644"},"modified":"2025-05-15T17:02:38","modified_gmt":"2025-05-15T15:02:38","slug":"blog","status":"publish","type":"page","link":"https:\/\/www.samoens.com\/en\/blog\/","title":{"rendered":"Samo\u00ebns: discover the village resort in the heart of the Alps"},"content":{"rendered":"<h2 style=\"text-align: center;\">Samo\u00ebns blog<\/h2>\n<p>&nbsp;<\/p>\n<h2 class=\"chapeau\">In the heart of the Haute-Savoie Alps, discover the village of Samo\u00ebns and its resorts as you&#8217;ve never seen them before! Here you&#8217;ll find a wealth of mountain news, sports, fun and cultural breaks for families, friends, couples and solo travellers. From heritage discovery to activities, events and entertainment, don&#8217;t miss out on our advice, our experiences and our favourites. From the Col de Joux Plane through the Giffre valley to the Cirque du Fer-\u00e0-Cheval, come and enjoy Samo\u00ebns all year round!<\/h2>\n","protected":false},"excerpt":{"rendered":"<p>Samo\u00ebns blog &nbsp; In the heart of the Haute-Savoie Alps, discover the village of Samo\u00ebns and its resorts as you&#8217;ve never seen them before! Here you&#8217;ll find a wealth of mountain news, sports, fun and cultural breaks for families, friends, couples and solo travellers. From heritage discovery to activities, events and entertainment, don&#8217;t miss out [&hellip;]<\/p>\n","protected":false},"author":2,"featured_media":13260,"parent":0,"menu_order":45,"comment_status":"closed","ping_status":"closed","template":"blog-accueil.php","meta":{"_acf_changed":false,"footnotes":""},"class_list":["post-3644","page","type-page","status-publish","hentry"],"acf":[],"yoast_head":"<!-- This site is optimized with the Yoast SEO plugin v27.4 - https:\/\/yoast.com\/product\/yoast-seo-wordpress\/ -->\n<title>Samo\u00ebns: discover the village resort in the heart of the Alps Samo\u00ebns, station de ski et village authentique en Haute-Savoie<\/title>\n<meta name=\"description\" content=\"Explore Samo\u00ebns, an authentic village resort in the Alps: heritage, nature, summer and winter activities, events and tips to discover.\" \/>\n<meta name=\"robots\" content=\"index, follow, max-snippet:-1, max-image-preview:large, max-video-preview:-1\" \/>\n<link rel=\"canonical\" href=\"https:\/\/www.samoens.com\/en\/blog\/\" \/>\n<meta property=\"og:locale\" content=\"en_US\" \/>\n<meta property=\"og:type\" content=\"article\" \/>\n<meta property=\"og:title\" content=\"Samo\u00ebns: discover the village resort in the heart of the Alps Samo\u00ebns, station de ski et village authentique en Haute-Savoie\" \/>\n<meta property=\"og:description\" content=\"Explore Samo\u00ebns, an authentic village resort in the Alps: heritage, nature, summer and winter activities, events and tips to discover.\" \/>\n<meta property=\"og:url\" content=\"https:\/\/www.samoens.com\/en\/blog\/\" \/>\n<meta property=\"og:site_name\" content=\"Samo\u00ebns, station de ski et village authentique en Haute-Savoie\" \/>\n<meta property=\"article:modified_time\" content=\"2025-05-15T15:02:38+00:00\" \/>\n<meta property=\"og:image\" content=\"https:\/\/www.samoens.com\/wp-content\/uploads\/2019\/09\/7669-TristanShu.jpg\" \/>\n\t<meta property=\"og:image:width\" content=\"2000\" \/>\n\t<meta property=\"og:image:height\" content=\"700\" \/>\n\t<meta property=\"og:image:type\" content=\"image\/jpeg\" \/>\n<meta name=\"twitter:card\" content=\"summary_large_image\" \/>\n<script type=\"application\/ld+json\" class=\"yoast-schema-graph\">{\"@context\":\"https:\\\/\\\/schema.org\",\"@graph\":[{\"@type\":\"WebPage\",\"@id\":\"https:\\\/\\\/www.samoens.com\\\/en\\\/blog\\\/\",\"url\":\"https:\\\/\\\/www.samoens.com\\\/en\\\/blog\\\/\",\"name\":\"Samo\u00ebns: discover the village resort in the heart of the Alps Samo\u00ebns, station de ski et village authentique en Haute-Savoie\",\"isPartOf\":{\"@id\":\"https:\\\/\\\/www.samoens.com\\\/#website\"},\"primaryImageOfPage\":{\"@id\":\"https:\\\/\\\/www.samoens.com\\\/en\\\/blog\\\/#primaryimage\"},\"image\":{\"@id\":\"https:\\\/\\\/www.samoens.com\\\/en\\\/blog\\\/#primaryimage\"},\"thumbnailUrl\":\"https:\\\/\\\/www.samoens.com\\\/wp-content\\\/uploads\\\/2019\\\/09\\\/7669-TristanShu.jpg\",\"datePublished\":\"2019-08-27T06:55:17+00:00\",\"dateModified\":\"2025-05-15T15:02:38+00:00\",\"description\":\"Explore Samo\u00ebns, an authentic village resort in the Alps: heritage, nature, summer and winter activities, events and tips to discover.\",\"breadcrumb\":{\"@id\":\"https:\\\/\\\/www.samoens.com\\\/en\\\/blog\\\/#breadcrumb\"},\"inLanguage\":\"en-US\",\"potentialAction\":[{\"@type\":\"ReadAction\",\"target\":[\"https:\\\/\\\/www.samoens.com\\\/en\\\/blog\\\/\"]}]},{\"@type\":\"ImageObject\",\"inLanguage\":\"en-US\",\"@id\":\"https:\\\/\\\/www.samoens.com\\\/en\\\/blog\\\/#primaryimage\",\"url\":\"https:\\\/\\\/www.samoens.com\\\/wp-content\\\/uploads\\\/2019\\\/09\\\/7669-TristanShu.jpg\",\"contentUrl\":\"https:\\\/\\\/www.samoens.com\\\/wp-content\\\/uploads\\\/2019\\\/09\\\/7669-TristanShu.jpg\",\"width\":2000,\"height\":700,\"caption\":\"Samo\u00ebns Blog\"},{\"@type\":\"BreadcrumbList\",\"@id\":\"https:\\\/\\\/www.samoens.com\\\/en\\\/blog\\\/#breadcrumb\",\"itemListElement\":[{\"@type\":\"ListItem\",\"position\":1,\"name\":\"Accueil\",\"item\":\"https:\\\/\\\/www.samoens.com\\\/en\\\/\"},{\"@type\":\"ListItem\",\"position\":2,\"name\":\"Samo\u00ebns: discover the village resort in the heart of the Alps\"}]},{\"@type\":\"WebSite\",\"@id\":\"https:\\\/\\\/www.samoens.com\\\/#website\",\"url\":\"https:\\\/\\\/www.samoens.com\\\/\",\"name\":\"Samo\u00ebns, station de ski et village authentique en Haute-Savoie\",\"description\":\"Nich\u00e9e au coeur du domaine skiable du Grand Massif et \u00e0 moins d&#039;1h de Gen\u00e8ve, Samo\u00ebns rendra vos vacances inoubliables en \u00e9t\u00e9 comme en hiver\",\"potentialAction\":[{\"@type\":\"SearchAction\",\"target\":{\"@type\":\"EntryPoint\",\"urlTemplate\":\"https:\\\/\\\/www.samoens.com\\\/?s={search_term_string}\"},\"query-input\":{\"@type\":\"PropertyValueSpecification\",\"valueRequired\":true,\"valueName\":\"search_term_string\"}}],\"inLanguage\":\"en-US\"}]}<\/script>\n<!-- \/ Yoast SEO plugin. -->","yoast_head_json":{"title":"Samo\u00ebns: discover the village resort in the heart of the Alps Samo\u00ebns, station de ski et village authentique en Haute-Savoie","description":"Explore Samo\u00ebns, an authentic village resort in the Alps: heritage, nature, summer and winter activities, events and tips to discover.","robots":{"index":"index","follow":"follow","max-snippet":"max-snippet:-1","max-image-preview":"max-image-preview:large","max-video-preview":"max-video-preview:-1"},"canonical":"https:\/\/www.samoens.com\/en\/blog\/","og_locale":"en_US","og_type":"article","og_title":"Samo\u00ebns: discover the village resort in the heart of the Alps Samo\u00ebns, station de ski et village authentique en Haute-Savoie","og_description":"Explore Samo\u00ebns, an authentic village resort in the Alps: heritage, nature, summer and winter activities, events and tips to discover.","og_url":"https:\/\/www.samoens.com\/en\/blog\/","og_site_name":"Samo\u00ebns, station de ski et village authentique en Haute-Savoie","article_modified_time":"2025-05-15T15:02:38+00:00","og_image":[{"width":2000,"height":700,"url":"https:\/\/www.samoens.com\/wp-content\/uploads\/2019\/09\/7669-TristanShu.jpg","type":"image\/jpeg"}],"twitter_card":"summary_large_image","schema":{"@context":"https:\/\/schema.org","@graph":[{"@type":"WebPage","@id":"https:\/\/www.samoens.com\/en\/blog\/","url":"https:\/\/www.samoens.com\/en\/blog\/","name":"Samo\u00ebns: discover the village resort in the heart of the Alps Samo\u00ebns, station de ski et village authentique en Haute-Savoie","isPartOf":{"@id":"https:\/\/www.samoens.com\/#website"},"primaryImageOfPage":{"@id":"https:\/\/www.samoens.com\/en\/blog\/#primaryimage"},"image":{"@id":"https:\/\/www.samoens.com\/en\/blog\/#primaryimage"},"thumbnailUrl":"https:\/\/www.samoens.com\/wp-content\/uploads\/2019\/09\/7669-TristanShu.jpg","datePublished":"2019-08-27T06:55:17+00:00","dateModified":"2025-05-15T15:02:38+00:00","description":"Explore Samo\u00ebns, an authentic village resort in the Alps: heritage, nature, summer and winter activities, events and tips to discover.","breadcrumb":{"@id":"https:\/\/www.samoens.com\/en\/blog\/#breadcrumb"},"inLanguage":"en-US","potentialAction":[{"@type":"ReadAction","target":["https:\/\/www.samoens.com\/en\/blog\/"]}]},{"@type":"ImageObject","inLanguage":"en-US","@id":"https:\/\/www.samoens.com\/en\/blog\/#primaryimage","url":"https:\/\/www.samoens.com\/wp-content\/uploads\/2019\/09\/7669-TristanShu.jpg","contentUrl":"https:\/\/www.samoens.com\/wp-content\/uploads\/2019\/09\/7669-TristanShu.jpg","width":2000,"height":700,"caption":"Samo\u00ebns Blog"},{"@type":"BreadcrumbList","@id":"https:\/\/www.samoens.com\/en\/blog\/#breadcrumb","itemListElement":[{"@type":"ListItem","position":1,"name":"Accueil","item":"https:\/\/www.samoens.com\/en\/"},{"@type":"ListItem","position":2,"name":"Samo\u00ebns: discover the village resort in the heart of the Alps"}]},{"@type":"WebSite","@id":"https:\/\/www.samoens.com\/#website","url":"https:\/\/www.samoens.com\/","name":"Samo\u00ebns, station de ski et village authentique en Haute-Savoie","description":"Nich\u00e9e au coeur du domaine skiable du Grand Massif et \u00e0 moins d&#039;1h de Gen\u00e8ve, Samo\u00ebns rendra vos vacances inoubliables en \u00e9t\u00e9 comme en hiver","potentialAction":[{"@type":"SearchAction","target":{"@type":"EntryPoint","urlTemplate":"https:\/\/www.samoens.com\/?s={search_term_string}"},"query-input":{"@type":"PropertyValueSpecification","valueRequired":true,"valueName":"search_term_string"}}],"inLanguage":"en-US"}]}},"_links":{"self":[{"href":"https:\/\/www.samoens.com\/en\/wp-json\/wp\/v2\/pages\/3644","targetHints":{"allow":["GET"]}}],"collection":[{"href":"https:\/\/www.samoens.com\/en\/wp-json\/wp\/v2\/pages"}],"about":[{"href":"https:\/\/www.samoens.com\/en\/wp-json\/wp\/v2\/types\/page"}],"author":[{"embeddable":true,"href":"https:\/\/www.samoens.com\/en\/wp-json\/wp\/v2\/users\/2"}],"replies":[{"embeddable":true,"href":"https:\/\/www.samoens.com\/en\/wp-json\/wp\/v2\/comments?post=3644"}],"version-history":[{"count":1,"href":"https:\/\/www.samoens.com\/en\/wp-json\/wp\/v2\/pages\/3644\/revisions"}],"predecessor-version":[{"id":595931,"href":"https:\/\/www.samoens.com\/en\/wp-json\/wp\/v2\/pages\/3644\/revisions\/595931"}],"wp:featuredmedia":[{"embeddable":true,"href":"https:\/\/www.samoens.com\/en\/wp-json\/wp\/v2\/media\/13260"}],"wp:attachment":[{"href":"https:\/\/www.samoens.com\/en\/wp-json\/wp\/v2\/media?parent=3644"}],"curies":[{"name":"wp","href":"https:\/\/api.w.org\/{rel}","templated":true}]}}