{"id":3213,"date":"2019-08-21T11:50:27","date_gmt":"2019-08-21T09:50:27","guid":{"rendered":"https:\/\/www.samoens.com\/?page_id=3213"},"modified":"2019-08-21T11:53:09","modified_gmt":"2019-08-21T09:53:09","slug":"guided-walks","status":"publish","type":"page","link":"https:\/\/www.samoens.com\/en\/activities-in-samoens\/summer-activities-2\/hiking\/guided-walks\/","title":{"rendered":"Guided walks"},"content":{"rendered":"<div class=\"wpb-content-wrapper\"><p>[vc_row][vc_column][vc_column_text]<\/p>\n<h2>With an escort or a guide: safety and knowledge of the terrain<\/h2>\n<p>In Samo\u00ebns, the guides or professional guides (state graduates) are at your disposal summer and winter to make you discover the valley and its peculiarities. These professionals have knowledge of the mountain environment and its various themes, they can for example embellish the hike of anecdotes related to the region. They also bring their experience in terms of safety and warn: &#8220;We have every year individuals who tell us that we have approached the disaster for having ventured on hikes without knowing the terrain. With a guide, you do not get lost! &#8220;We go there in a more serene way, we know the key passages and we specify the right equipment&#8221;. He will also be able to target your request and will be able to offer you a personalized hike according to your expectations and your physical possibilities.[\/vc_column_text][\/vc_column][\/vc_row]<\/p>\n<\/div>","protected":false},"excerpt":{"rendered":"<p>[vc_row][vc_column][vc_column_text] With an escort or a guide: safety and knowledge of the terrain In Samo\u00ebns, the guides or professional guides (state graduates) are at your disposal summer and winter to make you discover the valley and its peculiarities. These professionals have knowledge of the mountain environment and its various themes, they can for example embellish [&hellip;]<\/p>\n","protected":false},"author":2,"featured_media":0,"parent":3203,"menu_order":2,"comment_status":"closed","ping_status":"closed","template":"template-liste-apidae.php","meta":{"_acf_changed":false,"footnotes":""},"class_list":["post-3213","page","type-page","status-publish","hentry"],"acf":[],"yoast_head":"<!-- This site is optimized with the Yoast SEO plugin v27.2 - https:\/\/yoast.com\/product\/yoast-seo-wordpress\/ -->\n<title>Guided walks Samo\u00ebns, station de ski et village authentique en Haute-Savoie<\/title>\n<meta name=\"robots\" content=\"index, follow, max-snippet:-1, max-image-preview:large, max-video-preview:-1\" \/>\n<link rel=\"canonical\" href=\"https:\/\/www.samoens.com\/en\/activities-in-samoens\/summer-activities-2\/hiking\/guided-walks\/\" \/>\n<meta property=\"og:locale\" content=\"en_US\" \/>\n<meta property=\"og:type\" content=\"article\" \/>\n<meta property=\"og:title\" content=\"Guided walks Samo\u00ebns, station de ski et village authentique en Haute-Savoie\" \/>\n<meta property=\"og:description\" content=\"[vc_row][vc_column][vc_column_text] With an escort or a guide: safety and knowledge of the terrain In Samo\u00ebns, the guides or professional guides (state graduates) are at your disposal summer and winter to make you discover the valley and its peculiarities. These professionals have knowledge of the mountain environment and its various themes, they can for example embellish [&hellip;]\" \/>\n<meta property=\"og:url\" content=\"https:\/\/www.samoens.com\/en\/activities-in-samoens\/summer-activities-2\/hiking\/guided-walks\/\" \/>\n<meta property=\"og:site_name\" content=\"Samo\u00ebns, station de ski et village authentique en Haute-Savoie\" \/>\n<meta property=\"article:modified_time\" content=\"2019-08-21T09:53:09+00:00\" \/>\n<meta name=\"twitter:card\" content=\"summary_large_image\" \/>\n<meta name=\"twitter:label1\" content=\"Est. reading time\" \/>\n\t<meta name=\"twitter:data1\" content=\"1 minute\" \/>\n<script type=\"application\/ld+json\" class=\"yoast-schema-graph\">{\"@context\":\"https:\/\/schema.org\",\"@graph\":[{\"@type\":\"WebPage\",\"@id\":\"https:\/\/www.samoens.com\/en\/activities-in-samoens\/summer-activities-2\/hiking\/guided-walks\/\",\"url\":\"https:\/\/www.samoens.com\/en\/activities-in-samoens\/summer-activities-2\/hiking\/guided-walks\/\",\"name\":\"Guided walks Samo\u00ebns, station de ski et village authentique en Haute-Savoie\",\"isPartOf\":{\"@id\":\"https:\/\/www.samoens.com\/#website\"},\"datePublished\":\"2019-08-21T09:50:27+00:00\",\"dateModified\":\"2019-08-21T09:53:09+00:00\",\"breadcrumb\":{\"@id\":\"https:\/\/www.samoens.com\/en\/activities-in-samoens\/summer-activities-2\/hiking\/guided-walks\/#breadcrumb\"},\"inLanguage\":\"en-US\",\"potentialAction\":[{\"@type\":\"ReadAction\",\"target\":[\"https:\/\/www.samoens.com\/en\/activities-in-samoens\/summer-activities-2\/hiking\/guided-walks\/\"]}]},{\"@type\":\"BreadcrumbList\",\"@id\":\"https:\/\/www.samoens.com\/en\/activities-in-samoens\/summer-activities-2\/hiking\/guided-walks\/#breadcrumb\",\"itemListElement\":[{\"@type\":\"ListItem\",\"position\":1,\"name\":\"Accueil\",\"item\":\"https:\/\/www.samoens.com\/en\/\"},{\"@type\":\"ListItem\",\"position\":2,\"name\":\"Hiking\",\"item\":\"https:\/\/www.samoens.com\/en\/activities-in-samoens\/summer-activities-2\/hiking\/\"},{\"@type\":\"ListItem\",\"position\":3,\"name\":\"Summer activities\",\"item\":\"https:\/\/www.samoens.com\/en\/activities-in-samoens\/summer-activities-2\/\"},{\"@type\":\"ListItem\",\"position\":4,\"name\":\"Activities in Samo\u00ebns\",\"item\":\"https:\/\/www.samoens.com\/en\/activities-in-samoens\/\"},{\"@type\":\"ListItem\",\"position\":5,\"name\":\"Guided walks\"}]},{\"@type\":\"WebSite\",\"@id\":\"https:\/\/www.samoens.com\/#website\",\"url\":\"https:\/\/www.samoens.com\/\",\"name\":\"Samo\u00ebns, station de ski et village authentique en Haute-Savoie\",\"description\":\"Nich\u00e9e au coeur du domaine skiable du Grand Massif et \u00e0 moins d&#039;1h de Gen\u00e8ve, Samo\u00ebns rendra vos vacances inoubliables en \u00e9t\u00e9 comme en hiver\",\"potentialAction\":[{\"@type\":\"SearchAction\",\"target\":{\"@type\":\"EntryPoint\",\"urlTemplate\":\"https:\/\/www.samoens.com\/?s={search_term_string}\"},\"query-input\":{\"@type\":\"PropertyValueSpecification\",\"valueRequired\":true,\"valueName\":\"search_term_string\"}}],\"inLanguage\":\"en-US\"}]}<\/script>\n<!-- \/ Yoast SEO plugin. -->","yoast_head_json":{"title":"Guided walks Samo\u00ebns, station de ski et village authentique en Haute-Savoie","robots":{"index":"index","follow":"follow","max-snippet":"max-snippet:-1","max-image-preview":"max-image-preview:large","max-video-preview":"max-video-preview:-1"},"canonical":"https:\/\/www.samoens.com\/en\/activities-in-samoens\/summer-activities-2\/hiking\/guided-walks\/","og_locale":"en_US","og_type":"article","og_title":"Guided walks Samo\u00ebns, station de ski et village authentique en Haute-Savoie","og_description":"[vc_row][vc_column][vc_column_text] With an escort or a guide: safety and knowledge of the terrain In Samo\u00ebns, the guides or professional guides (state graduates) are at your disposal summer and winter to make you discover the valley and its peculiarities. These professionals have knowledge of the mountain environment and its various themes, they can for example embellish [&hellip;]","og_url":"https:\/\/www.samoens.com\/en\/activities-in-samoens\/summer-activities-2\/hiking\/guided-walks\/","og_site_name":"Samo\u00ebns, station de ski et village authentique en Haute-Savoie","article_modified_time":"2019-08-21T09:53:09+00:00","twitter_card":"summary_large_image","twitter_misc":{"Est. reading time":"1 minute"},"schema":{"@context":"https:\/\/schema.org","@graph":[{"@type":"WebPage","@id":"https:\/\/www.samoens.com\/en\/activities-in-samoens\/summer-activities-2\/hiking\/guided-walks\/","url":"https:\/\/www.samoens.com\/en\/activities-in-samoens\/summer-activities-2\/hiking\/guided-walks\/","name":"Guided walks Samo\u00ebns, station de ski et village authentique en Haute-Savoie","isPartOf":{"@id":"https:\/\/www.samoens.com\/#website"},"datePublished":"2019-08-21T09:50:27+00:00","dateModified":"2019-08-21T09:53:09+00:00","breadcrumb":{"@id":"https:\/\/www.samoens.com\/en\/activities-in-samoens\/summer-activities-2\/hiking\/guided-walks\/#breadcrumb"},"inLanguage":"en-US","potentialAction":[{"@type":"ReadAction","target":["https:\/\/www.samoens.com\/en\/activities-in-samoens\/summer-activities-2\/hiking\/guided-walks\/"]}]},{"@type":"BreadcrumbList","@id":"https:\/\/www.samoens.com\/en\/activities-in-samoens\/summer-activities-2\/hiking\/guided-walks\/#breadcrumb","itemListElement":[{"@type":"ListItem","position":1,"name":"Accueil","item":"https:\/\/www.samoens.com\/en\/"},{"@type":"ListItem","position":2,"name":"Hiking","item":"https:\/\/www.samoens.com\/en\/activities-in-samoens\/summer-activities-2\/hiking\/"},{"@type":"ListItem","position":3,"name":"Summer activities","item":"https:\/\/www.samoens.com\/en\/activities-in-samoens\/summer-activities-2\/"},{"@type":"ListItem","position":4,"name":"Activities in Samo\u00ebns","item":"https:\/\/www.samoens.com\/en\/activities-in-samoens\/"},{"@type":"ListItem","position":5,"name":"Guided walks"}]},{"@type":"WebSite","@id":"https:\/\/www.samoens.com\/#website","url":"https:\/\/www.samoens.com\/","name":"Samo\u00ebns, station de ski et village authentique en Haute-Savoie","description":"Nich\u00e9e au coeur du domaine skiable du Grand Massif et \u00e0 moins d&#039;1h de Gen\u00e8ve, Samo\u00ebns rendra vos vacances inoubliables en \u00e9t\u00e9 comme en hiver","potentialAction":[{"@type":"SearchAction","target":{"@type":"EntryPoint","urlTemplate":"https:\/\/www.samoens.com\/?s={search_term_string}"},"query-input":{"@type":"PropertyValueSpecification","valueRequired":true,"valueName":"search_term_string"}}],"inLanguage":"en-US"}]}},"_links":{"self":[{"href":"https:\/\/www.samoens.com\/en\/wp-json\/wp\/v2\/pages\/3213","targetHints":{"allow":["GET"]}}],"collection":[{"href":"https:\/\/www.samoens.com\/en\/wp-json\/wp\/v2\/pages"}],"about":[{"href":"https:\/\/www.samoens.com\/en\/wp-json\/wp\/v2\/types\/page"}],"author":[{"embeddable":true,"href":"https:\/\/www.samoens.com\/en\/wp-json\/wp\/v2\/users\/2"}],"replies":[{"embeddable":true,"href":"https:\/\/www.samoens.com\/en\/wp-json\/wp\/v2\/comments?post=3213"}],"version-history":[{"count":0,"href":"https:\/\/www.samoens.com\/en\/wp-json\/wp\/v2\/pages\/3213\/revisions"}],"up":[{"embeddable":true,"href":"https:\/\/www.samoens.com\/en\/wp-json\/wp\/v2\/pages\/3203"}],"wp:attachment":[{"href":"https:\/\/www.samoens.com\/en\/wp-json\/wp\/v2\/media?parent=3213"}],"curies":[{"name":"wp","href":"https:\/\/api.w.org\/{rel}","templated":true}]}}