{"id":3195,"date":"2019-08-13T14:57:42","date_gmt":"2019-08-13T12:57:42","guid":{"rendered":"https:\/\/www.samoens.com\/?page_id=3195"},"modified":"2025-12-29T16:11:45","modified_gmt":"2025-12-29T15:11:45","slug":"qualite-tourisme","status":"publish","type":"page","link":"https:\/\/www.samoens.com\/en\/qualite-tourisme\/","title":{"rendered":"Qualit\u00e9 Tourisme\u2122"},"content":{"rendered":"<div class=\"wpb-content-wrapper\"><p>[vc_row][vc_column][vc_column_text]<\/p>\n<h2 class=\"titrbleu1\"><strong>Qualit\u00e9 Tourisme\u2122<\/strong><\/h2>\n<p>The French government has created the <strong><span style=\"color: #193a5f;\">Qualit\u00e9 Tourisme\u2122<\/span><\/strong> brand to ensure that you are always well looked after and to improve the quality of tourist services in France.<\/p>\n<p>&nbsp;<\/p>\n<p><a href=\"https:\/\/www.samoens.com\/wp-content\/uploads\/2024\/04\/qualite-tourisme-francia.jpg\"><img loading=\"lazy\" decoding=\"async\" class=\"alignnone wp-image-588238\" src=\"https:\/\/www.samoens.com\/wp-content\/uploads\/2024\/04\/qualite-tourisme-francia-768x336.jpg\" alt=\"\" width=\"279\" height=\"122\" srcset=\"https:\/\/www.samoens.com\/wp-content\/uploads\/2024\/04\/qualite-tourisme-francia-768x336.jpg 768w, https:\/\/www.samoens.com\/wp-content\/uploads\/2024\/04\/qualite-tourisme-francia-300x131.jpg 300w, https:\/\/www.samoens.com\/wp-content\/uploads\/2024\/04\/qualite-tourisme-francia.jpg 1120w\" sizes=\"auto, (max-width: 279px) 100vw, 279px\" \/><\/a><\/p>\n<p>&nbsp;<\/p>\n<p><span style=\"color: #193a5f;\"><strong>Qualit\u00e9 Tourisme\u2122<\/strong><\/span> is the only state mark awarded to tourism professionals for the quality of their welcome and services.<\/p>\n<p>&nbsp;<\/p>\n<p><span style=\"color: #193a5f;\"><strong>Qualit\u00e9 Tourisme\u2122<\/strong><\/span> accompanies you <strong>throughout your stay<\/strong>: accommodation, restaurants, places to visit, leisure and sporting activities, tourist offices, seasonal rental agencies&#8230; you can choose with confidence establishments that offer you <strong>a warm welcome and quality services<\/strong>.<\/p>\n<p>&nbsp;<\/p>\n<p>Whether they are well-known or unusual destinations, large groups with an international reputation or small independent establishments, they all join forces with <span style=\"color: #193a5f;\"><strong>Qualit\u00e9 Tourisme\u2122<\/strong><\/span> to offer you a <strong>welcome of excellence<\/strong>: almost 5,500 establishments have been awarded the <span style=\"color: #193a5f;\"><strong>Qualit\u00e9 Tourisme\u2122<\/strong><\/span> label.<\/p>\n<p>&nbsp;<\/p>\n<p><strong>The State and tourism professionals are committed to helping you:<\/strong><\/p>\n<ul class=\"rteindent1\">\n<li>A warm welcome<\/li>\n<li>Attentive staff<\/li>\n<li>Fluency in foreign languages<\/li>\n<li>Personalised services<\/li>\n<li>Clear, precise information<\/li>\n<li>Cleanliness and comfort<\/li>\n<li>Discovering a destination<\/li>\n<li>Your opinion taken into account<\/li>\n<\/ul>\n<p>Find out more <strong><span style=\"color: #6c9ed8;\"><a style=\"color: #6c9ed8;\" href=\"https:\/\/www.economie.gouv.fr\/particuliers\/marque-qualite-tourisme\" target=\"_blank\" rel=\"noopener\">here<\/a><\/span><\/strong>.<\/p>\n<p>&nbsp;<\/p>\n<p><span style=\"color: #eb4747;\"><strong>Our internal commitments:<\/strong><\/span> supporting you is one of our top priorities! More information <span style=\"color: #6c9ed8;\"><strong><a style=\"color: #6c9ed8;\" href=\"https:\/\/www.samoens.com\/wp-content\/uploads\/2024\/03\/FI-Nos-engagements-en-internes.pdf\" target=\"_blank\" rel=\"noopener\">here<\/a><\/strong><\/span>.<\/p>\n<p>&nbsp;<\/p>\n<p><span style=\"color: #286b1f;\"><strong>Environment:<\/strong><\/span> Samo\u00ebns, a resort that&#8217;s also committed to the <span style=\"color: #193a5f;\"><strong>environment<\/strong><\/span>. More information <span style=\"color: #6c9ed8;\"><strong><a style=\"color: #6c9ed8;\" href=\"https:\/\/www.samoens.com\/en\/environnement\/\" target=\"_blank\" rel=\"noopener\">here<\/a><\/strong><\/span>.[\/vc_column_text][\/vc_column][\/vc_row][vc_row][vc_column][vc_column_text css=&#8221;&#8221;]<\/p>\n<h2>Leave a review on the Tourist Office<\/h2>\n<p>On <span style=\"color: #193a5f;\"><strong>Google<\/strong><\/span> by clicking <span style=\"color: #6c9ed8;\"><strong><a style=\"color: #6c9ed8;\" href=\"https:\/\/search.google.com\/local\/writereview?placeid=ChIJa0hzzSOqjkcRYlT26ViHMM0&amp;source=g.page.m.ia._&amp;laa=nmx-review-solicitation-ia2\" target=\"_blank\" rel=\"noopener\">here<\/a><\/strong><\/span>.<\/p>\n<p>&nbsp;<\/p>\n<p>On <span style=\"color: #193a5f;\"><strong>Tripadvisor<\/strong><\/span> by clicking <span style=\"color: #6c9ed8;\"><strong><a style=\"color: #6c9ed8;\" href=\"https:\/\/www.tripadvisor.fr\/UserReviewEdit-g196712-d25150927-Office_de_Tourisme_de_Samoens-Samoens_Grand_Massif_Haute_Savoie_Auvergne_Rhone_Alpes.html\" target=\"_blank\" rel=\"noopener\">here<\/a><\/strong><\/span>.<\/p>\n<p>&nbsp;<\/p>\n<p>&nbsp;<\/p>\n<h2>Take our satisfaction survey<\/h2>\n<p>If you would like to take part in our <span style=\"color: #193a5f;\"><strong><em>Summer Season<\/em> satisfaction survey<\/strong>\u00a0<\/span>to help us develop our destination and services, click <span style=\"color: #6c9ed8;\"><strong><a style=\"color: #6c9ed8;\" href=\"https:\/\/docs.google.com\/forms\/d\/e\/1FAIpQLSdw6y_toV0Xl2P52HuzmG3Wi1mfqsZVZoJFbHIX3yic-g-Z8g\/viewform\" target=\"_blank\" rel=\"noopener\">here<\/a><\/strong><\/span>.<\/p>\n<p>&nbsp;<\/p>\n<p>If you would like to take part in our <span style=\"color: #193a5f;\"><strong><em>Winter Season<\/em> satisfaction survey<\/strong><\/span>, click <span style=\"color: #6c9ed8;\"><strong><a style=\"color: #6c9ed8;\" href=\"https:\/\/f.info.samoens.com\/f\/lp\/2025-2026-hiver-ot-samoens-enquete-satisfaction-cote-client\/3opodd95\" target=\"_blank\" rel=\"noopener\">here<\/a><\/strong><\/span>.[\/vc_column_text][\/vc_column][\/vc_row]<\/p>\n<\/div>","protected":false},"excerpt":{"rendered":"<p>[vc_row][vc_column][vc_column_text] Qualit\u00e9 Tourisme\u2122 The French government has created the Qualit\u00e9 Tourisme\u2122 brand to ensure that you are always well looked after and to improve the quality of tourist services in France. &nbsp; &nbsp; Qualit\u00e9 Tourisme\u2122 is the only state mark awarded to tourism professionals for the quality of their welcome and services. &nbsp; Qualit\u00e9 Tourisme\u2122 [&hellip;]<\/p>\n","protected":false},"author":2,"featured_media":0,"parent":0,"menu_order":38,"comment_status":"closed","ping_status":"closed","template":"","meta":{"_acf_changed":false,"footnotes":""},"class_list":["post-3195","page","type-page","status-publish","hentry"],"acf":[],"yoast_head":"<!-- This site is optimized with the Yoast SEO plugin v27.4 - https:\/\/yoast.com\/product\/yoast-seo-wordpress\/ -->\n<title>Qualit\u00e9 Tourisme\u2122 Samo\u00ebns, station de ski et village authentique en Haute-Savoie<\/title>\n<meta name=\"robots\" content=\"index, follow, max-snippet:-1, max-image-preview:large, max-video-preview:-1\" \/>\n<link rel=\"canonical\" href=\"https:\/\/www.samoens.com\/en\/qualite-tourisme\/\" \/>\n<meta property=\"og:locale\" content=\"en_US\" \/>\n<meta property=\"og:type\" content=\"article\" \/>\n<meta property=\"og:title\" content=\"Qualit\u00e9 Tourisme\u2122 Samo\u00ebns, station de ski et village authentique en Haute-Savoie\" \/>\n<meta property=\"og:description\" content=\"[vc_row][vc_column][vc_column_text] Qualit\u00e9 Tourisme\u2122 The French government has created the Qualit\u00e9 Tourisme\u2122 brand to ensure that you are always well looked after and to improve the quality of tourist services in France. &nbsp; &nbsp; Qualit\u00e9 Tourisme\u2122 is the only state mark awarded to tourism professionals for the quality of their welcome and services. &nbsp; Qualit\u00e9 Tourisme\u2122 [&hellip;]\" \/>\n<meta property=\"og:url\" content=\"https:\/\/www.samoens.com\/en\/qualite-tourisme\/\" \/>\n<meta property=\"og:site_name\" content=\"Samo\u00ebns, station de ski et village authentique en Haute-Savoie\" \/>\n<meta property=\"article:modified_time\" content=\"2025-12-29T15:11:45+00:00\" \/>\n<meta property=\"og:image\" content=\"https:\/\/www.samoens.com\/wp-content\/uploads\/2024\/04\/qualite-tourisme-francia.jpg\" \/>\n\t<meta property=\"og:image:width\" content=\"1120\" \/>\n\t<meta property=\"og:image:height\" content=\"490\" \/>\n\t<meta property=\"og:image:type\" content=\"image\/jpeg\" \/>\n<meta name=\"twitter:card\" content=\"summary_large_image\" \/>\n<meta name=\"twitter:label1\" content=\"Est. reading time\" \/>\n\t<meta name=\"twitter:data1\" content=\"2 minutes\" \/>\n<script type=\"application\/ld+json\" class=\"yoast-schema-graph\">{\"@context\":\"https:\\\/\\\/schema.org\",\"@graph\":[{\"@type\":\"WebPage\",\"@id\":\"https:\\\/\\\/www.samoens.com\\\/en\\\/qualite-tourisme\\\/\",\"url\":\"https:\\\/\\\/www.samoens.com\\\/en\\\/qualite-tourisme\\\/\",\"name\":\"Qualit\u00e9 Tourisme\u2122 Samo\u00ebns, station de ski et village authentique en Haute-Savoie\",\"isPartOf\":{\"@id\":\"https:\\\/\\\/www.samoens.com\\\/#website\"},\"primaryImageOfPage\":{\"@id\":\"https:\\\/\\\/www.samoens.com\\\/en\\\/qualite-tourisme\\\/#primaryimage\"},\"image\":{\"@id\":\"https:\\\/\\\/www.samoens.com\\\/en\\\/qualite-tourisme\\\/#primaryimage\"},\"thumbnailUrl\":\"https:\\\/\\\/www.samoens.com\\\/wp-content\\\/uploads\\\/2024\\\/04\\\/qualite-tourisme-francia-768x336.jpg\",\"datePublished\":\"2019-08-13T12:57:42+00:00\",\"dateModified\":\"2025-12-29T15:11:45+00:00\",\"breadcrumb\":{\"@id\":\"https:\\\/\\\/www.samoens.com\\\/en\\\/qualite-tourisme\\\/#breadcrumb\"},\"inLanguage\":\"en-US\",\"potentialAction\":[{\"@type\":\"ReadAction\",\"target\":[\"https:\\\/\\\/www.samoens.com\\\/en\\\/qualite-tourisme\\\/\"]}]},{\"@type\":\"ImageObject\",\"inLanguage\":\"en-US\",\"@id\":\"https:\\\/\\\/www.samoens.com\\\/en\\\/qualite-tourisme\\\/#primaryimage\",\"url\":\"https:\\\/\\\/www.samoens.com\\\/wp-content\\\/uploads\\\/2024\\\/04\\\/qualite-tourisme-francia-768x336.jpg\",\"contentUrl\":\"https:\\\/\\\/www.samoens.com\\\/wp-content\\\/uploads\\\/2024\\\/04\\\/qualite-tourisme-francia-768x336.jpg\"},{\"@type\":\"BreadcrumbList\",\"@id\":\"https:\\\/\\\/www.samoens.com\\\/en\\\/qualite-tourisme\\\/#breadcrumb\",\"itemListElement\":[{\"@type\":\"ListItem\",\"position\":1,\"name\":\"Accueil\",\"item\":\"https:\\\/\\\/www.samoens.com\\\/en\\\/\"},{\"@type\":\"ListItem\",\"position\":2,\"name\":\"Qualit\u00e9 Tourisme\u2122\"}]},{\"@type\":\"WebSite\",\"@id\":\"https:\\\/\\\/www.samoens.com\\\/#website\",\"url\":\"https:\\\/\\\/www.samoens.com\\\/\",\"name\":\"Samo\u00ebns, station de ski et village authentique en Haute-Savoie\",\"description\":\"Nich\u00e9e au coeur du domaine skiable du Grand Massif et \u00e0 moins d&#039;1h de Gen\u00e8ve, Samo\u00ebns rendra vos vacances inoubliables en \u00e9t\u00e9 comme en hiver\",\"potentialAction\":[{\"@type\":\"SearchAction\",\"target\":{\"@type\":\"EntryPoint\",\"urlTemplate\":\"https:\\\/\\\/www.samoens.com\\\/?s={search_term_string}\"},\"query-input\":{\"@type\":\"PropertyValueSpecification\",\"valueRequired\":true,\"valueName\":\"search_term_string\"}}],\"inLanguage\":\"en-US\"}]}<\/script>\n<!-- \/ Yoast SEO plugin. -->","yoast_head_json":{"title":"Qualit\u00e9 Tourisme\u2122 Samo\u00ebns, station de ski et village authentique en Haute-Savoie","robots":{"index":"index","follow":"follow","max-snippet":"max-snippet:-1","max-image-preview":"max-image-preview:large","max-video-preview":"max-video-preview:-1"},"canonical":"https:\/\/www.samoens.com\/en\/qualite-tourisme\/","og_locale":"en_US","og_type":"article","og_title":"Qualit\u00e9 Tourisme\u2122 Samo\u00ebns, station de ski et village authentique en Haute-Savoie","og_description":"[vc_row][vc_column][vc_column_text] Qualit\u00e9 Tourisme\u2122 The French government has created the Qualit\u00e9 Tourisme\u2122 brand to ensure that you are always well looked after and to improve the quality of tourist services in France. &nbsp; &nbsp; Qualit\u00e9 Tourisme\u2122 is the only state mark awarded to tourism professionals for the quality of their welcome and services. &nbsp; Qualit\u00e9 Tourisme\u2122 [&hellip;]","og_url":"https:\/\/www.samoens.com\/en\/qualite-tourisme\/","og_site_name":"Samo\u00ebns, station de ski et village authentique en Haute-Savoie","article_modified_time":"2025-12-29T15:11:45+00:00","og_image":[{"width":1120,"height":490,"url":"https:\/\/www.samoens.com\/wp-content\/uploads\/2024\/04\/qualite-tourisme-francia.jpg","type":"image\/jpeg"}],"twitter_card":"summary_large_image","twitter_misc":{"Est. reading time":"2 minutes"},"schema":{"@context":"https:\/\/schema.org","@graph":[{"@type":"WebPage","@id":"https:\/\/www.samoens.com\/en\/qualite-tourisme\/","url":"https:\/\/www.samoens.com\/en\/qualite-tourisme\/","name":"Qualit\u00e9 Tourisme\u2122 Samo\u00ebns, station de ski et village authentique en Haute-Savoie","isPartOf":{"@id":"https:\/\/www.samoens.com\/#website"},"primaryImageOfPage":{"@id":"https:\/\/www.samoens.com\/en\/qualite-tourisme\/#primaryimage"},"image":{"@id":"https:\/\/www.samoens.com\/en\/qualite-tourisme\/#primaryimage"},"thumbnailUrl":"https:\/\/www.samoens.com\/wp-content\/uploads\/2024\/04\/qualite-tourisme-francia-768x336.jpg","datePublished":"2019-08-13T12:57:42+00:00","dateModified":"2025-12-29T15:11:45+00:00","breadcrumb":{"@id":"https:\/\/www.samoens.com\/en\/qualite-tourisme\/#breadcrumb"},"inLanguage":"en-US","potentialAction":[{"@type":"ReadAction","target":["https:\/\/www.samoens.com\/en\/qualite-tourisme\/"]}]},{"@type":"ImageObject","inLanguage":"en-US","@id":"https:\/\/www.samoens.com\/en\/qualite-tourisme\/#primaryimage","url":"https:\/\/www.samoens.com\/wp-content\/uploads\/2024\/04\/qualite-tourisme-francia-768x336.jpg","contentUrl":"https:\/\/www.samoens.com\/wp-content\/uploads\/2024\/04\/qualite-tourisme-francia-768x336.jpg"},{"@type":"BreadcrumbList","@id":"https:\/\/www.samoens.com\/en\/qualite-tourisme\/#breadcrumb","itemListElement":[{"@type":"ListItem","position":1,"name":"Accueil","item":"https:\/\/www.samoens.com\/en\/"},{"@type":"ListItem","position":2,"name":"Qualit\u00e9 Tourisme\u2122"}]},{"@type":"WebSite","@id":"https:\/\/www.samoens.com\/#website","url":"https:\/\/www.samoens.com\/","name":"Samo\u00ebns, station de ski et village authentique en Haute-Savoie","description":"Nich\u00e9e au coeur du domaine skiable du Grand Massif et \u00e0 moins d&#039;1h de Gen\u00e8ve, Samo\u00ebns rendra vos vacances inoubliables en \u00e9t\u00e9 comme en hiver","potentialAction":[{"@type":"SearchAction","target":{"@type":"EntryPoint","urlTemplate":"https:\/\/www.samoens.com\/?s={search_term_string}"},"query-input":{"@type":"PropertyValueSpecification","valueRequired":true,"valueName":"search_term_string"}}],"inLanguage":"en-US"}]}},"_links":{"self":[{"href":"https:\/\/www.samoens.com\/en\/wp-json\/wp\/v2\/pages\/3195","targetHints":{"allow":["GET"]}}],"collection":[{"href":"https:\/\/www.samoens.com\/en\/wp-json\/wp\/v2\/pages"}],"about":[{"href":"https:\/\/www.samoens.com\/en\/wp-json\/wp\/v2\/types\/page"}],"author":[{"embeddable":true,"href":"https:\/\/www.samoens.com\/en\/wp-json\/wp\/v2\/users\/2"}],"replies":[{"embeddable":true,"href":"https:\/\/www.samoens.com\/en\/wp-json\/wp\/v2\/comments?post=3195"}],"version-history":[{"count":5,"href":"https:\/\/www.samoens.com\/en\/wp-json\/wp\/v2\/pages\/3195\/revisions"}],"predecessor-version":[{"id":605170,"href":"https:\/\/www.samoens.com\/en\/wp-json\/wp\/v2\/pages\/3195\/revisions\/605170"}],"wp:attachment":[{"href":"https:\/\/www.samoens.com\/en\/wp-json\/wp\/v2\/media?parent=3195"}],"curies":[{"name":"wp","href":"https:\/\/api.w.org\/{rel}","templated":true}]}}