{"id":3123,"date":"2019-08-20T16:00:42","date_gmt":"2019-08-20T14:00:42","guid":{"rendered":"https:\/\/www.samoens.com\/?page_id=3123"},"modified":"2020-10-29T15:41:37","modified_gmt":"2020-10-29T14:41:37","slug":"mtb-rental-enduro","status":"publish","type":"page","link":"https:\/\/www.samoens.com\/en\/activities-in-samoens\/summer-activities-2\/two-wheels-activities-in-samoens\/atv-in-samoens\/mtb-rental-enduro\/","title":{"rendered":"MTB rental &#8211; enduro"},"content":{"rendered":"<div class=\"wpb-content-wrapper\"><p>[vc_row][vc_column][vc_column_text]Discover our selection of enduro mountain bike rental services. Choose from many models and rent these two wheels. Once in the saddle you can browse the many tracks and circuits dedicated between Samoens and Morillon, the descent of the Grand Massif or the circuit of the Plain of Vallon. These are a few hundred kilometers of both peaceful and sporty routes, for lovers of downhill or enduro. Your stay in the mountains will be punctuated by the discovery of alpine nature and the thrills associated with the practice of enduro.[\/vc_column_text][\/vc_column][\/vc_row]<\/p>\n<\/div>","protected":false},"excerpt":{"rendered":"<p>[vc_row][vc_column][vc_column_text]Discover our selection of enduro mountain bike rental services. Choose from many models and rent these two wheels. Once in the saddle you can browse the many tracks and circuits dedicated between Samoens and Morillon, the descent of the Grand Massif or the circuit of the Plain of Vallon. These are a few hundred kilometers [&hellip;]<\/p>\n","protected":false},"author":2,"featured_media":0,"parent":3381,"menu_order":1,"comment_status":"closed","ping_status":"closed","template":"template-liste-apidae.php","meta":{"_acf_changed":false,"footnotes":""},"class_list":["post-3123","page","type-page","status-publish","hentry"],"acf":[],"yoast_head":"<!-- This site is optimized with the Yoast SEO plugin v27.2 - https:\/\/yoast.com\/product\/yoast-seo-wordpress\/ -->\n<title>MTB rental - enduro Samo\u00ebns, station de ski et village authentique en Haute-Savoie in Samo\u00ebns<\/title>\n<meta name=\"description\" content=\"Discover our selection of enduro mountain bike rental services. Choose from many models and rent these two wheels. Once in the saddle you can browse the many tracks and circuits dedicated between Samoens and Morillon, the descent of the Grand Massif or the circuit of the Plain of Vallon.\" \/>\n<meta name=\"robots\" content=\"index, follow, max-snippet:-1, max-image-preview:large, max-video-preview:-1\" \/>\n<link rel=\"canonical\" href=\"https:\/\/www.samoens.com\/en\/activities-in-samoens\/summer-activities-2\/two-wheels-activities-in-samoens\/atv-in-samoens\/mtb-rental-enduro\/\" \/>\n<meta property=\"og:locale\" content=\"en_US\" \/>\n<meta property=\"og:type\" content=\"article\" \/>\n<meta property=\"og:title\" content=\"MTB rental - enduro Samo\u00ebns, station de ski et village authentique en Haute-Savoie in Samo\u00ebns\" \/>\n<meta property=\"og:description\" content=\"Discover our selection of enduro mountain bike rental services. Choose from many models and rent these two wheels. Once in the saddle you can browse the many tracks and circuits dedicated between Samoens and Morillon, the descent of the Grand Massif or the circuit of the Plain of Vallon.\" \/>\n<meta property=\"og:url\" content=\"https:\/\/www.samoens.com\/en\/activities-in-samoens\/summer-activities-2\/two-wheels-activities-in-samoens\/atv-in-samoens\/mtb-rental-enduro\/\" \/>\n<meta property=\"og:site_name\" content=\"Samo\u00ebns, station de ski et village authentique en Haute-Savoie\" \/>\n<meta property=\"article:modified_time\" content=\"2020-10-29T14:41:37+00:00\" \/>\n<meta name=\"twitter:card\" content=\"summary_large_image\" \/>\n<meta name=\"twitter:label1\" content=\"Est. reading time\" \/>\n\t<meta name=\"twitter:data1\" content=\"1 minute\" \/>\n<script type=\"application\/ld+json\" class=\"yoast-schema-graph\">{\"@context\":\"https:\/\/schema.org\",\"@graph\":[{\"@type\":\"WebPage\",\"@id\":\"https:\/\/www.samoens.com\/en\/activities-in-samoens\/summer-activities-2\/two-wheels-activities-in-samoens\/atv-in-samoens\/mtb-rental-enduro\/\",\"url\":\"https:\/\/www.samoens.com\/en\/activities-in-samoens\/summer-activities-2\/two-wheels-activities-in-samoens\/atv-in-samoens\/mtb-rental-enduro\/\",\"name\":\"MTB rental - enduro Samo\u00ebns, station de ski et village authentique en Haute-Savoie in Samo\u00ebns\",\"isPartOf\":{\"@id\":\"https:\/\/www.samoens.com\/#website\"},\"datePublished\":\"2019-08-20T14:00:42+00:00\",\"dateModified\":\"2020-10-29T14:41:37+00:00\",\"description\":\"Discover our selection of enduro mountain bike rental services. Choose from many models and rent these two wheels. Once in the saddle you can browse the many tracks and circuits dedicated between Samoens and Morillon, the descent of the Grand Massif or the circuit of the Plain of Vallon.\",\"breadcrumb\":{\"@id\":\"https:\/\/www.samoens.com\/en\/activities-in-samoens\/summer-activities-2\/two-wheels-activities-in-samoens\/atv-in-samoens\/mtb-rental-enduro\/#breadcrumb\"},\"inLanguage\":\"en-US\",\"potentialAction\":[{\"@type\":\"ReadAction\",\"target\":[\"https:\/\/www.samoens.com\/en\/activities-in-samoens\/summer-activities-2\/two-wheels-activities-in-samoens\/atv-in-samoens\/mtb-rental-enduro\/\"]}]},{\"@type\":\"BreadcrumbList\",\"@id\":\"https:\/\/www.samoens.com\/en\/activities-in-samoens\/summer-activities-2\/two-wheels-activities-in-samoens\/atv-in-samoens\/mtb-rental-enduro\/#breadcrumb\",\"itemListElement\":[{\"@type\":\"ListItem\",\"position\":1,\"name\":\"Accueil\",\"item\":\"https:\/\/www.samoens.com\/en\/\"},{\"@type\":\"ListItem\",\"position\":2,\"name\":\"VTT\",\"item\":\"https:\/\/www.samoens.com\/en\/activities-in-samoens\/summer-activities-2\/two-wheels-activities-in-samoens\/atv-in-samoens\/\"},{\"@type\":\"ListItem\",\"position\":3,\"name\":\"2 wheels\",\"item\":\"https:\/\/www.samoens.com\/en\/activities-in-samoens\/summer-activities-2\/two-wheels-activities-in-samoens\/\"},{\"@type\":\"ListItem\",\"position\":4,\"name\":\"Summer activities\",\"item\":\"https:\/\/www.samoens.com\/en\/activities-in-samoens\/summer-activities-2\/\"},{\"@type\":\"ListItem\",\"position\":5,\"name\":\"Activities in Samo\u00ebns\",\"item\":\"https:\/\/www.samoens.com\/en\/activities-in-samoens\/\"},{\"@type\":\"ListItem\",\"position\":6,\"name\":\"MTB rental &#8211; enduro\"}]},{\"@type\":\"WebSite\",\"@id\":\"https:\/\/www.samoens.com\/#website\",\"url\":\"https:\/\/www.samoens.com\/\",\"name\":\"Samo\u00ebns, station de ski et village authentique en Haute-Savoie\",\"description\":\"Nich\u00e9e au coeur du domaine skiable du Grand Massif et \u00e0 moins d&#039;1h de Gen\u00e8ve, Samo\u00ebns rendra vos vacances inoubliables en \u00e9t\u00e9 comme en hiver\",\"potentialAction\":[{\"@type\":\"SearchAction\",\"target\":{\"@type\":\"EntryPoint\",\"urlTemplate\":\"https:\/\/www.samoens.com\/?s={search_term_string}\"},\"query-input\":{\"@type\":\"PropertyValueSpecification\",\"valueRequired\":true,\"valueName\":\"search_term_string\"}}],\"inLanguage\":\"en-US\"}]}<\/script>\n<!-- \/ Yoast SEO plugin. -->","yoast_head_json":{"title":"MTB rental - enduro Samo\u00ebns, station de ski et village authentique en Haute-Savoie in Samo\u00ebns","description":"Discover our selection of enduro mountain bike rental services. Choose from many models and rent these two wheels. Once in the saddle you can browse the many tracks and circuits dedicated between Samoens and Morillon, the descent of the Grand Massif or the circuit of the Plain of Vallon.","robots":{"index":"index","follow":"follow","max-snippet":"max-snippet:-1","max-image-preview":"max-image-preview:large","max-video-preview":"max-video-preview:-1"},"canonical":"https:\/\/www.samoens.com\/en\/activities-in-samoens\/summer-activities-2\/two-wheels-activities-in-samoens\/atv-in-samoens\/mtb-rental-enduro\/","og_locale":"en_US","og_type":"article","og_title":"MTB rental - enduro Samo\u00ebns, station de ski et village authentique en Haute-Savoie in Samo\u00ebns","og_description":"Discover our selection of enduro mountain bike rental services. Choose from many models and rent these two wheels. Once in the saddle you can browse the many tracks and circuits dedicated between Samoens and Morillon, the descent of the Grand Massif or the circuit of the Plain of Vallon.","og_url":"https:\/\/www.samoens.com\/en\/activities-in-samoens\/summer-activities-2\/two-wheels-activities-in-samoens\/atv-in-samoens\/mtb-rental-enduro\/","og_site_name":"Samo\u00ebns, station de ski et village authentique en Haute-Savoie","article_modified_time":"2020-10-29T14:41:37+00:00","twitter_card":"summary_large_image","twitter_misc":{"Est. reading time":"1 minute"},"schema":{"@context":"https:\/\/schema.org","@graph":[{"@type":"WebPage","@id":"https:\/\/www.samoens.com\/en\/activities-in-samoens\/summer-activities-2\/two-wheels-activities-in-samoens\/atv-in-samoens\/mtb-rental-enduro\/","url":"https:\/\/www.samoens.com\/en\/activities-in-samoens\/summer-activities-2\/two-wheels-activities-in-samoens\/atv-in-samoens\/mtb-rental-enduro\/","name":"MTB rental - enduro Samo\u00ebns, station de ski et village authentique en Haute-Savoie in Samo\u00ebns","isPartOf":{"@id":"https:\/\/www.samoens.com\/#website"},"datePublished":"2019-08-20T14:00:42+00:00","dateModified":"2020-10-29T14:41:37+00:00","description":"Discover our selection of enduro mountain bike rental services. Choose from many models and rent these two wheels. Once in the saddle you can browse the many tracks and circuits dedicated between Samoens and Morillon, the descent of the Grand Massif or the circuit of the Plain of Vallon.","breadcrumb":{"@id":"https:\/\/www.samoens.com\/en\/activities-in-samoens\/summer-activities-2\/two-wheels-activities-in-samoens\/atv-in-samoens\/mtb-rental-enduro\/#breadcrumb"},"inLanguage":"en-US","potentialAction":[{"@type":"ReadAction","target":["https:\/\/www.samoens.com\/en\/activities-in-samoens\/summer-activities-2\/two-wheels-activities-in-samoens\/atv-in-samoens\/mtb-rental-enduro\/"]}]},{"@type":"BreadcrumbList","@id":"https:\/\/www.samoens.com\/en\/activities-in-samoens\/summer-activities-2\/two-wheels-activities-in-samoens\/atv-in-samoens\/mtb-rental-enduro\/#breadcrumb","itemListElement":[{"@type":"ListItem","position":1,"name":"Accueil","item":"https:\/\/www.samoens.com\/en\/"},{"@type":"ListItem","position":2,"name":"VTT","item":"https:\/\/www.samoens.com\/en\/activities-in-samoens\/summer-activities-2\/two-wheels-activities-in-samoens\/atv-in-samoens\/"},{"@type":"ListItem","position":3,"name":"2 wheels","item":"https:\/\/www.samoens.com\/en\/activities-in-samoens\/summer-activities-2\/two-wheels-activities-in-samoens\/"},{"@type":"ListItem","position":4,"name":"Summer activities","item":"https:\/\/www.samoens.com\/en\/activities-in-samoens\/summer-activities-2\/"},{"@type":"ListItem","position":5,"name":"Activities in Samo\u00ebns","item":"https:\/\/www.samoens.com\/en\/activities-in-samoens\/"},{"@type":"ListItem","position":6,"name":"MTB rental &#8211; enduro"}]},{"@type":"WebSite","@id":"https:\/\/www.samoens.com\/#website","url":"https:\/\/www.samoens.com\/","name":"Samo\u00ebns, station de ski et village authentique en Haute-Savoie","description":"Nich\u00e9e au coeur du domaine skiable du Grand Massif et \u00e0 moins d&#039;1h de Gen\u00e8ve, Samo\u00ebns rendra vos vacances inoubliables en \u00e9t\u00e9 comme en hiver","potentialAction":[{"@type":"SearchAction","target":{"@type":"EntryPoint","urlTemplate":"https:\/\/www.samoens.com\/?s={search_term_string}"},"query-input":{"@type":"PropertyValueSpecification","valueRequired":true,"valueName":"search_term_string"}}],"inLanguage":"en-US"}]}},"_links":{"self":[{"href":"https:\/\/www.samoens.com\/en\/wp-json\/wp\/v2\/pages\/3123","targetHints":{"allow":["GET"]}}],"collection":[{"href":"https:\/\/www.samoens.com\/en\/wp-json\/wp\/v2\/pages"}],"about":[{"href":"https:\/\/www.samoens.com\/en\/wp-json\/wp\/v2\/types\/page"}],"author":[{"embeddable":true,"href":"https:\/\/www.samoens.com\/en\/wp-json\/wp\/v2\/users\/2"}],"replies":[{"embeddable":true,"href":"https:\/\/www.samoens.com\/en\/wp-json\/wp\/v2\/comments?post=3123"}],"version-history":[{"count":0,"href":"https:\/\/www.samoens.com\/en\/wp-json\/wp\/v2\/pages\/3123\/revisions"}],"up":[{"embeddable":true,"href":"https:\/\/www.samoens.com\/en\/wp-json\/wp\/v2\/pages\/3381"}],"wp:attachment":[{"href":"https:\/\/www.samoens.com\/en\/wp-json\/wp\/v2\/media?parent=3123"}],"curies":[{"name":"wp","href":"https:\/\/api.w.org\/{rel}","templated":true}]}}