{"id":3086,"date":"2019-08-20T15:33:23","date_gmt":"2019-08-20T13:33:23","guid":{"rendered":"https:\/\/www.samoens.com\/?page_id=3086"},"modified":"2024-05-17T15:42:42","modified_gmt":"2024-05-17T13:42:42","slug":"useful-services","status":"publish","type":"page","link":"https:\/\/www.samoens.com\/en\/bonnes-adresses\/useful-services\/","title":{"rendered":"Useful services"},"content":{"rendered":"<div class=\"wpb-content-wrapper\"><p>[vc_row][vc_column][vc_column_text]Simplify your stay in Samo\u00ebns! Discover all the useful and practical services you can find here both during summer and winter time and get the utile addresses. Doctors, daycqre centers, paramedical professionals, health local shops, village maps and brochures. You will find practical information for any tirp around and to Samo\u00ebns, concerning handicaps too.<\/p>\n<p>Everything is done so that you can experience an unforgettable stay in this alpine jewel![\/vc_column_text][\/vc_column][\/vc_row][vc_row][vc_column width=&#8221;1\/3&#8243;][vc_single_image image=&#8221;142396&#8243; img_size=&#8221;medium&#8221; alignment=&#8221;center&#8221; onclick=&#8221;custom_link&#8221; title=&#8221;Doctors and health services in Samo\u00ebns&#8221; link=&#8221;\/en\/doctors-and-health-services-in-samoens\/&#8221; el_class=&#8221;lienversliste&#8221;][vc_single_image image=&#8221;38217&#8243; img_size=&#8221;medium&#8221; alignment=&#8221;center&#8221; onclick=&#8221;custom_link&#8221; img_link_target=&#8221;_blank&#8221; title=&#8221;Giffre radio&#8221; link=&#8221;https:\/\/www.samoens.com\/en\/commerces-en\/radio-giffre-5\/&#8221; el_class=&#8221;lienversliste&#8221;][\/vc_column][vc_column width=&#8221;1\/3&#8243;][vc_single_image image=&#8221;142393&#8243; img_size=&#8221;medium&#8221; alignment=&#8221;center&#8221; onclick=&#8221;custom_link&#8221; title=&#8221;Services&#8221; link=&#8221;\/en\/services\/&#8221; el_class=&#8221;lienversliste&#8221;][vc_single_image image=&#8221;154&#8243; img_size=&#8221;medium&#8221; alignment=&#8221;center&#8221; onclick=&#8221;custom_link&#8221; img_link_target=&#8221;_blank&#8221; title=&#8221;Transportation services&#8221; link=&#8221;https:\/\/www.samoens.com\/en\/bonnes-adresses\/useful-services\/transport-on-samoens\/&#8221; el_class=&#8221;lienversliste&#8221;][\/vc_column][vc_column width=&#8221;1\/3&#8243;][vc_single_image image=&#8221;142390&#8243; img_size=&#8221;medium&#8221; alignment=&#8221;center&#8221; onclick=&#8221;custom_link&#8221; title=&#8221;Banks and insurance&#8221; link=&#8221;\/en\/banks-and-insurance\/&#8221; el_class=&#8221;lienversliste&#8221;][\/vc_column][\/vc_row]<\/p>\n<\/div>","protected":false},"excerpt":{"rendered":"<p>[vc_row][vc_column][vc_column_text]Simplify your stay in Samo\u00ebns! Discover all the useful and practical services you can find here both during summer and winter time and get the utile addresses. Doctors, daycqre centers, paramedical professionals, health local shops, village maps and brochures. You will find practical information for any tirp around and to Samo\u00ebns, concerning handicaps too. Everything [&hellip;]<\/p>\n","protected":false},"author":2,"featured_media":2478,"parent":415748,"menu_order":4,"comment_status":"closed","ping_status":"closed","template":"","meta":{"_acf_changed":false,"footnotes":""},"class_list":["post-3086","page","type-page","status-publish","hentry"],"acf":[],"yoast_head":"<!-- This site is optimized with the Yoast SEO plugin v27.4 - https:\/\/yoast.com\/product\/yoast-seo-wordpress\/ -->\n<title>Useful services Samo\u00ebns, station de ski et village authentique en Haute-Savoie<\/title>\n<meta name=\"description\" content=\"Only members of the Tourist Office appear on this page.\" \/>\n<meta name=\"robots\" content=\"index, follow, max-snippet:-1, max-image-preview:large, max-video-preview:-1\" \/>\n<link rel=\"canonical\" href=\"https:\/\/www.samoens.com\/en\/bonnes-adresses\/useful-services\/\" \/>\n<meta property=\"og:locale\" content=\"en_US\" \/>\n<meta property=\"og:type\" content=\"article\" \/>\n<meta property=\"og:title\" content=\"Useful services Samo\u00ebns, station de ski et village authentique en Haute-Savoie\" \/>\n<meta property=\"og:description\" content=\"[vc_row][vc_column][vc_column_text]Simplify your stay in Samo\u00ebns! Discover all the useful and practical services you can find here both during summer and winter time and get the utile addresses. Doctors, daycqre centers, paramedical professionals, health local shops, village maps and brochures. You will find practical information for any tirp around and to Samo\u00ebns, concerning handicaps too. Everything [&hellip;]\" \/>\n<meta property=\"og:url\" content=\"https:\/\/www.samoens.com\/en\/bonnes-adresses\/useful-services\/\" \/>\n<meta property=\"og:site_name\" content=\"Samo\u00ebns, station de ski et village authentique en Haute-Savoie\" \/>\n<meta property=\"article:modified_time\" content=\"2024-05-17T13:42:42+00:00\" \/>\n<meta property=\"og:image\" content=\"https:\/\/www.samoens.com\/wp-content\/uploads\/2019\/08\/samoens-vue-du-ciel-ete.jpg\" \/>\n\t<meta property=\"og:image:width\" content=\"1200\" \/>\n\t<meta property=\"og:image:height\" content=\"579\" \/>\n\t<meta property=\"og:image:type\" content=\"image\/jpeg\" \/>\n<meta name=\"twitter:card\" content=\"summary_large_image\" \/>\n<meta name=\"twitter:label1\" content=\"Est. reading time\" \/>\n\t<meta name=\"twitter:data1\" content=\"1 minute\" \/>\n<script type=\"application\/ld+json\" class=\"yoast-schema-graph\">{\"@context\":\"https:\\\/\\\/schema.org\",\"@graph\":[{\"@type\":\"WebPage\",\"@id\":\"https:\\\/\\\/www.samoens.com\\\/en\\\/bonnes-adresses\\\/useful-services\\\/\",\"url\":\"https:\\\/\\\/www.samoens.com\\\/en\\\/bonnes-adresses\\\/useful-services\\\/\",\"name\":\"Useful services Samo\u00ebns, station de ski et village authentique en Haute-Savoie\",\"isPartOf\":{\"@id\":\"https:\\\/\\\/www.samoens.com\\\/#website\"},\"primaryImageOfPage\":{\"@id\":\"https:\\\/\\\/www.samoens.com\\\/en\\\/bonnes-adresses\\\/useful-services\\\/#primaryimage\"},\"image\":{\"@id\":\"https:\\\/\\\/www.samoens.com\\\/en\\\/bonnes-adresses\\\/useful-services\\\/#primaryimage\"},\"thumbnailUrl\":\"https:\\\/\\\/www.samoens.com\\\/wp-content\\\/uploads\\\/2019\\\/08\\\/samoens-vue-du-ciel-ete.jpg\",\"datePublished\":\"2019-08-20T13:33:23+00:00\",\"dateModified\":\"2024-05-17T13:42:42+00:00\",\"breadcrumb\":{\"@id\":\"https:\\\/\\\/www.samoens.com\\\/en\\\/bonnes-adresses\\\/useful-services\\\/#breadcrumb\"},\"inLanguage\":\"en-US\",\"potentialAction\":[{\"@type\":\"ReadAction\",\"target\":[\"https:\\\/\\\/www.samoens.com\\\/en\\\/bonnes-adresses\\\/useful-services\\\/\"]}]},{\"@type\":\"ImageObject\",\"inLanguage\":\"en-US\",\"@id\":\"https:\\\/\\\/www.samoens.com\\\/en\\\/bonnes-adresses\\\/useful-services\\\/#primaryimage\",\"url\":\"https:\\\/\\\/www.samoens.com\\\/wp-content\\\/uploads\\\/2019\\\/08\\\/samoens-vue-du-ciel-ete.jpg\",\"contentUrl\":\"https:\\\/\\\/www.samoens.com\\\/wp-content\\\/uploads\\\/2019\\\/08\\\/samoens-vue-du-ciel-ete.jpg\",\"width\":1200,\"height\":579,\"caption\":\"Bien vivre \u00e0 Samo\u00ebns\"},{\"@type\":\"BreadcrumbList\",\"@id\":\"https:\\\/\\\/www.samoens.com\\\/en\\\/bonnes-adresses\\\/useful-services\\\/#breadcrumb\",\"itemListElement\":[{\"@type\":\"ListItem\",\"position\":1,\"name\":\"Accueil\",\"item\":\"https:\\\/\\\/www.samoens.com\\\/en\\\/\"},{\"@type\":\"ListItem\",\"position\":2,\"name\":\"Good adresses\",\"item\":\"https:\\\/\\\/www.samoens.com\\\/en\\\/bonnes-adresses\\\/\"},{\"@type\":\"ListItem\",\"position\":3,\"name\":\"Useful services\"}]},{\"@type\":\"WebSite\",\"@id\":\"https:\\\/\\\/www.samoens.com\\\/#website\",\"url\":\"https:\\\/\\\/www.samoens.com\\\/\",\"name\":\"Samo\u00ebns, station de ski et village authentique en Haute-Savoie\",\"description\":\"Nich\u00e9e au coeur du domaine skiable du Grand Massif et \u00e0 moins d&#039;1h de Gen\u00e8ve, Samo\u00ebns rendra vos vacances inoubliables en \u00e9t\u00e9 comme en hiver\",\"potentialAction\":[{\"@type\":\"SearchAction\",\"target\":{\"@type\":\"EntryPoint\",\"urlTemplate\":\"https:\\\/\\\/www.samoens.com\\\/?s={search_term_string}\"},\"query-input\":{\"@type\":\"PropertyValueSpecification\",\"valueRequired\":true,\"valueName\":\"search_term_string\"}}],\"inLanguage\":\"en-US\"}]}<\/script>\n<!-- \/ Yoast SEO plugin. -->","yoast_head_json":{"title":"Useful services Samo\u00ebns, station de ski et village authentique en Haute-Savoie","description":"Only members of the Tourist Office appear on this page.","robots":{"index":"index","follow":"follow","max-snippet":"max-snippet:-1","max-image-preview":"max-image-preview:large","max-video-preview":"max-video-preview:-1"},"canonical":"https:\/\/www.samoens.com\/en\/bonnes-adresses\/useful-services\/","og_locale":"en_US","og_type":"article","og_title":"Useful services Samo\u00ebns, station de ski et village authentique en Haute-Savoie","og_description":"[vc_row][vc_column][vc_column_text]Simplify your stay in Samo\u00ebns! Discover all the useful and practical services you can find here both during summer and winter time and get the utile addresses. Doctors, daycqre centers, paramedical professionals, health local shops, village maps and brochures. You will find practical information for any tirp around and to Samo\u00ebns, concerning handicaps too. Everything [&hellip;]","og_url":"https:\/\/www.samoens.com\/en\/bonnes-adresses\/useful-services\/","og_site_name":"Samo\u00ebns, station de ski et village authentique en Haute-Savoie","article_modified_time":"2024-05-17T13:42:42+00:00","og_image":[{"width":1200,"height":579,"url":"https:\/\/www.samoens.com\/wp-content\/uploads\/2019\/08\/samoens-vue-du-ciel-ete.jpg","type":"image\/jpeg"}],"twitter_card":"summary_large_image","twitter_misc":{"Est. reading time":"1 minute"},"schema":{"@context":"https:\/\/schema.org","@graph":[{"@type":"WebPage","@id":"https:\/\/www.samoens.com\/en\/bonnes-adresses\/useful-services\/","url":"https:\/\/www.samoens.com\/en\/bonnes-adresses\/useful-services\/","name":"Useful services Samo\u00ebns, station de ski et village authentique en Haute-Savoie","isPartOf":{"@id":"https:\/\/www.samoens.com\/#website"},"primaryImageOfPage":{"@id":"https:\/\/www.samoens.com\/en\/bonnes-adresses\/useful-services\/#primaryimage"},"image":{"@id":"https:\/\/www.samoens.com\/en\/bonnes-adresses\/useful-services\/#primaryimage"},"thumbnailUrl":"https:\/\/www.samoens.com\/wp-content\/uploads\/2019\/08\/samoens-vue-du-ciel-ete.jpg","datePublished":"2019-08-20T13:33:23+00:00","dateModified":"2024-05-17T13:42:42+00:00","breadcrumb":{"@id":"https:\/\/www.samoens.com\/en\/bonnes-adresses\/useful-services\/#breadcrumb"},"inLanguage":"en-US","potentialAction":[{"@type":"ReadAction","target":["https:\/\/www.samoens.com\/en\/bonnes-adresses\/useful-services\/"]}]},{"@type":"ImageObject","inLanguage":"en-US","@id":"https:\/\/www.samoens.com\/en\/bonnes-adresses\/useful-services\/#primaryimage","url":"https:\/\/www.samoens.com\/wp-content\/uploads\/2019\/08\/samoens-vue-du-ciel-ete.jpg","contentUrl":"https:\/\/www.samoens.com\/wp-content\/uploads\/2019\/08\/samoens-vue-du-ciel-ete.jpg","width":1200,"height":579,"caption":"Bien vivre \u00e0 Samo\u00ebns"},{"@type":"BreadcrumbList","@id":"https:\/\/www.samoens.com\/en\/bonnes-adresses\/useful-services\/#breadcrumb","itemListElement":[{"@type":"ListItem","position":1,"name":"Accueil","item":"https:\/\/www.samoens.com\/en\/"},{"@type":"ListItem","position":2,"name":"Good adresses","item":"https:\/\/www.samoens.com\/en\/bonnes-adresses\/"},{"@type":"ListItem","position":3,"name":"Useful services"}]},{"@type":"WebSite","@id":"https:\/\/www.samoens.com\/#website","url":"https:\/\/www.samoens.com\/","name":"Samo\u00ebns, station de ski et village authentique en Haute-Savoie","description":"Nich\u00e9e au coeur du domaine skiable du Grand Massif et \u00e0 moins d&#039;1h de Gen\u00e8ve, Samo\u00ebns rendra vos vacances inoubliables en \u00e9t\u00e9 comme en hiver","potentialAction":[{"@type":"SearchAction","target":{"@type":"EntryPoint","urlTemplate":"https:\/\/www.samoens.com\/?s={search_term_string}"},"query-input":{"@type":"PropertyValueSpecification","valueRequired":true,"valueName":"search_term_string"}}],"inLanguage":"en-US"}]}},"_links":{"self":[{"href":"https:\/\/www.samoens.com\/en\/wp-json\/wp\/v2\/pages\/3086","targetHints":{"allow":["GET"]}}],"collection":[{"href":"https:\/\/www.samoens.com\/en\/wp-json\/wp\/v2\/pages"}],"about":[{"href":"https:\/\/www.samoens.com\/en\/wp-json\/wp\/v2\/types\/page"}],"author":[{"embeddable":true,"href":"https:\/\/www.samoens.com\/en\/wp-json\/wp\/v2\/users\/2"}],"replies":[{"embeddable":true,"href":"https:\/\/www.samoens.com\/en\/wp-json\/wp\/v2\/comments?post=3086"}],"version-history":[{"count":1,"href":"https:\/\/www.samoens.com\/en\/wp-json\/wp\/v2\/pages\/3086\/revisions"}],"predecessor-version":[{"id":589233,"href":"https:\/\/www.samoens.com\/en\/wp-json\/wp\/v2\/pages\/3086\/revisions\/589233"}],"up":[{"embeddable":true,"href":"https:\/\/www.samoens.com\/en\/wp-json\/wp\/v2\/pages\/415748"}],"wp:featuredmedia":[{"embeddable":true,"href":"https:\/\/www.samoens.com\/en\/wp-json\/wp\/v2\/media\/2478"}],"wp:attachment":[{"href":"https:\/\/www.samoens.com\/en\/wp-json\/wp\/v2\/media?parent=3086"}],"curies":[{"name":"wp","href":"https:\/\/api.w.org\/{rel}","templated":true}]}}