{"id":3035,"date":"2019-08-20T12:02:27","date_gmt":"2019-08-20T10:02:27","guid":{"rendered":"https:\/\/www.samoens.com\/?page_id=3035"},"modified":"2019-08-20T12:02:27","modified_gmt":"2019-08-20T10:02:27","slug":"winter-activities","status":"publish","type":"page","link":"https:\/\/www.samoens.com\/en\/winter-activities\/","title":{"rendered":"Winter activities"},"content":{"rendered":"<div class=\"wpb-content-wrapper\"><p>[vc_row][vc_column][vc_column_text]Discover the many winter activities that are offered in Samo\u00ebns in the Alps. We have selected a whole range of options for the whole family &#8230; The ski area of \u200b\u200bthe Alps offers you so many options for visits and discoveries. Also enjoy many outdoor activities: winter sports, mountain climbing or relaxing after a day of skiing in one of the resort&#8217;s spas![\/vc_column_text][\/vc_column][\/vc_row]<\/p>\n<\/div>","protected":false},"excerpt":{"rendered":"<p>[vc_row][vc_column][vc_column_text]Discover the many winter activities that are offered in Samo\u00ebns in the Alps. We have selected a whole range of options for the whole family &#8230; The ski area of \u200b\u200bthe Alps offers you so many options for visits and discoveries. Also enjoy many outdoor activities: winter sports, mountain climbing or relaxing after a day [&hellip;]<\/p>\n","protected":false},"author":2,"featured_media":0,"parent":0,"menu_order":0,"comment_status":"closed","ping_status":"closed","template":"","meta":{"_acf_changed":false,"footnotes":""},"class_list":["post-3035","page","type-page","status-publish","hentry"],"acf":[],"yoast_head":"<!-- This site is optimized with the Yoast SEO plugin v27.2 - https:\/\/yoast.com\/product\/yoast-seo-wordpress\/ -->\n<title>Winter activities Samo\u00ebns, station de ski et village authentique en Haute-Savoie<\/title>\n<meta name=\"robots\" content=\"index, follow, max-snippet:-1, max-image-preview:large, max-video-preview:-1\" \/>\n<link rel=\"canonical\" href=\"https:\/\/www.samoens.com\/en\/winter-activities\/\" \/>\n<meta property=\"og:locale\" content=\"en_US\" \/>\n<meta property=\"og:type\" content=\"article\" \/>\n<meta property=\"og:title\" content=\"Winter activities Samo\u00ebns, station de ski et village authentique en Haute-Savoie\" \/>\n<meta property=\"og:description\" content=\"[vc_row][vc_column][vc_column_text]Discover the many winter activities that are offered in Samo\u00ebns in the Alps. We have selected a whole range of options for the whole family &#8230; The ski area of \u200b\u200bthe Alps offers you so many options for visits and discoveries. Also enjoy many outdoor activities: winter sports, mountain climbing or relaxing after a day [&hellip;]\" \/>\n<meta property=\"og:url\" content=\"https:\/\/www.samoens.com\/en\/winter-activities\/\" \/>\n<meta property=\"og:site_name\" content=\"Samo\u00ebns, station de ski et village authentique en Haute-Savoie\" \/>\n<meta name=\"twitter:card\" content=\"summary_large_image\" \/>\n<script type=\"application\/ld+json\" class=\"yoast-schema-graph\">{\"@context\":\"https:\/\/schema.org\",\"@graph\":[{\"@type\":\"WebPage\",\"@id\":\"https:\/\/www.samoens.com\/en\/winter-activities\/\",\"url\":\"https:\/\/www.samoens.com\/en\/winter-activities\/\",\"name\":\"Winter activities Samo\u00ebns, station de ski et village authentique en Haute-Savoie\",\"isPartOf\":{\"@id\":\"https:\/\/www.samoens.com\/#website\"},\"datePublished\":\"2019-08-20T10:02:27+00:00\",\"breadcrumb\":{\"@id\":\"https:\/\/www.samoens.com\/en\/winter-activities\/#breadcrumb\"},\"inLanguage\":\"en-US\",\"potentialAction\":[{\"@type\":\"ReadAction\",\"target\":[\"https:\/\/www.samoens.com\/en\/winter-activities\/\"]}]},{\"@type\":\"BreadcrumbList\",\"@id\":\"https:\/\/www.samoens.com\/en\/winter-activities\/#breadcrumb\",\"itemListElement\":[{\"@type\":\"ListItem\",\"position\":1,\"name\":\"Accueil\",\"item\":\"https:\/\/www.samoens.com\/en\/\"},{\"@type\":\"ListItem\",\"position\":2,\"name\":\"Winter activities\"}]},{\"@type\":\"WebSite\",\"@id\":\"https:\/\/www.samoens.com\/#website\",\"url\":\"https:\/\/www.samoens.com\/\",\"name\":\"Samo\u00ebns, station de ski et village authentique en Haute-Savoie\",\"description\":\"Nich\u00e9e au coeur du domaine skiable du Grand Massif et \u00e0 moins d&#039;1h de Gen\u00e8ve, Samo\u00ebns rendra vos vacances inoubliables en \u00e9t\u00e9 comme en hiver\",\"potentialAction\":[{\"@type\":\"SearchAction\",\"target\":{\"@type\":\"EntryPoint\",\"urlTemplate\":\"https:\/\/www.samoens.com\/?s={search_term_string}\"},\"query-input\":{\"@type\":\"PropertyValueSpecification\",\"valueRequired\":true,\"valueName\":\"search_term_string\"}}],\"inLanguage\":\"en-US\"}]}<\/script>\n<!-- \/ Yoast SEO plugin. -->","yoast_head_json":{"title":"Winter activities Samo\u00ebns, station de ski et village authentique en Haute-Savoie","robots":{"index":"index","follow":"follow","max-snippet":"max-snippet:-1","max-image-preview":"max-image-preview:large","max-video-preview":"max-video-preview:-1"},"canonical":"https:\/\/www.samoens.com\/en\/winter-activities\/","og_locale":"en_US","og_type":"article","og_title":"Winter activities Samo\u00ebns, station de ski et village authentique en Haute-Savoie","og_description":"[vc_row][vc_column][vc_column_text]Discover the many winter activities that are offered in Samo\u00ebns in the Alps. We have selected a whole range of options for the whole family &#8230; The ski area of \u200b\u200bthe Alps offers you so many options for visits and discoveries. Also enjoy many outdoor activities: winter sports, mountain climbing or relaxing after a day [&hellip;]","og_url":"https:\/\/www.samoens.com\/en\/winter-activities\/","og_site_name":"Samo\u00ebns, station de ski et village authentique en Haute-Savoie","twitter_card":"summary_large_image","schema":{"@context":"https:\/\/schema.org","@graph":[{"@type":"WebPage","@id":"https:\/\/www.samoens.com\/en\/winter-activities\/","url":"https:\/\/www.samoens.com\/en\/winter-activities\/","name":"Winter activities Samo\u00ebns, station de ski et village authentique en Haute-Savoie","isPartOf":{"@id":"https:\/\/www.samoens.com\/#website"},"datePublished":"2019-08-20T10:02:27+00:00","breadcrumb":{"@id":"https:\/\/www.samoens.com\/en\/winter-activities\/#breadcrumb"},"inLanguage":"en-US","potentialAction":[{"@type":"ReadAction","target":["https:\/\/www.samoens.com\/en\/winter-activities\/"]}]},{"@type":"BreadcrumbList","@id":"https:\/\/www.samoens.com\/en\/winter-activities\/#breadcrumb","itemListElement":[{"@type":"ListItem","position":1,"name":"Accueil","item":"https:\/\/www.samoens.com\/en\/"},{"@type":"ListItem","position":2,"name":"Winter activities"}]},{"@type":"WebSite","@id":"https:\/\/www.samoens.com\/#website","url":"https:\/\/www.samoens.com\/","name":"Samo\u00ebns, station de ski et village authentique en Haute-Savoie","description":"Nich\u00e9e au coeur du domaine skiable du Grand Massif et \u00e0 moins d&#039;1h de Gen\u00e8ve, Samo\u00ebns rendra vos vacances inoubliables en \u00e9t\u00e9 comme en hiver","potentialAction":[{"@type":"SearchAction","target":{"@type":"EntryPoint","urlTemplate":"https:\/\/www.samoens.com\/?s={search_term_string}"},"query-input":{"@type":"PropertyValueSpecification","valueRequired":true,"valueName":"search_term_string"}}],"inLanguage":"en-US"}]}},"_links":{"self":[{"href":"https:\/\/www.samoens.com\/en\/wp-json\/wp\/v2\/pages\/3035","targetHints":{"allow":["GET"]}}],"collection":[{"href":"https:\/\/www.samoens.com\/en\/wp-json\/wp\/v2\/pages"}],"about":[{"href":"https:\/\/www.samoens.com\/en\/wp-json\/wp\/v2\/types\/page"}],"author":[{"embeddable":true,"href":"https:\/\/www.samoens.com\/en\/wp-json\/wp\/v2\/users\/2"}],"replies":[{"embeddable":true,"href":"https:\/\/www.samoens.com\/en\/wp-json\/wp\/v2\/comments?post=3035"}],"version-history":[{"count":0,"href":"https:\/\/www.samoens.com\/en\/wp-json\/wp\/v2\/pages\/3035\/revisions"}],"wp:attachment":[{"href":"https:\/\/www.samoens.com\/en\/wp-json\/wp\/v2\/media?parent=3035"}],"curies":[{"name":"wp","href":"https:\/\/api.w.org\/{rel}","templated":true}]}}