{"id":3027,"date":"2019-08-20T11:58:50","date_gmt":"2019-08-20T09:58:50","guid":{"rendered":"https:\/\/www.samoens.com\/?page_id=3027"},"modified":"2019-09-02T14:36:26","modified_gmt":"2019-09-02T12:36:26","slug":"the-market","status":"publish","type":"page","link":"https:\/\/www.samoens.com\/en\/the-market\/","title":{"rendered":"The market"},"content":{"rendered":"<div class=\"wpb-content-wrapper\"><p>[vc_row][vc_column][vc_column_text]The weekly market Wednesday morning is a must for lovers of fresh produce and local contact. This market, one of the largest and oldest in the Haute-Savoie, takes place all year round, from 8 a.m. to 1 p.m. In the summer you can even get there with the Samo\u00ebns train. You will find stalls with fresh fruits and vegetables, butchers, pork butchers, cheese makers, fish farmers, bakers. This is an opportunity for you to stock up on all kinds of local products. There are also textiles, fabrics to make, bed linen, shoes and many other souvenirs.[\/vc_column_text][\/vc_column][\/vc_row]<\/p>\n<\/div>","protected":false},"excerpt":{"rendered":"<p>[vc_row][vc_column][vc_column_text]The weekly market Wednesday morning is a must for lovers of fresh produce and local contact. This market, one of the largest and oldest in the Haute-Savoie, takes place all year round, from 8 a.m. to 1 p.m. In the summer you can even get there with the Samo\u00ebns train. You will find stalls with [&hellip;]<\/p>\n","protected":false},"author":2,"featured_media":2248,"parent":0,"menu_order":40,"comment_status":"closed","ping_status":"closed","template":"","meta":{"_acf_changed":false,"footnotes":""},"class_list":["post-3027","page","type-page","status-publish","hentry"],"acf":[],"yoast_head":"<!-- This site is optimized with the Yoast SEO plugin v27.4 - https:\/\/yoast.com\/product\/yoast-seo-wordpress\/ -->\n<title>The market Samo\u00ebns, station de ski et village authentique en Haute-Savoie<\/title>\n<meta name=\"robots\" content=\"index, follow, max-snippet:-1, max-image-preview:large, max-video-preview:-1\" \/>\n<link rel=\"canonical\" href=\"https:\/\/www.samoens.com\/en\/the-market\/\" \/>\n<meta property=\"og:locale\" content=\"en_US\" \/>\n<meta property=\"og:type\" content=\"article\" \/>\n<meta property=\"og:title\" content=\"The market Samo\u00ebns, station de ski et village authentique en Haute-Savoie\" \/>\n<meta property=\"og:description\" content=\"[vc_row][vc_column][vc_column_text]The weekly market Wednesday morning is a must for lovers of fresh produce and local contact. This market, one of the largest and oldest in the Haute-Savoie, takes place all year round, from 8 a.m. to 1 p.m. In the summer you can even get there with the Samo\u00ebns train. You will find stalls with [&hellip;]\" \/>\n<meta property=\"og:url\" content=\"https:\/\/www.samoens.com\/en\/the-market\/\" \/>\n<meta property=\"og:site_name\" content=\"Samo\u00ebns, station de ski et village authentique en Haute-Savoie\" \/>\n<meta property=\"article:modified_time\" content=\"2019-09-02T12:36:26+00:00\" \/>\n<meta name=\"twitter:card\" content=\"summary_large_image\" \/>\n<meta name=\"twitter:label1\" content=\"Est. reading time\" \/>\n\t<meta name=\"twitter:data1\" content=\"1 minute\" \/>\n<script type=\"application\/ld+json\" class=\"yoast-schema-graph\">{\"@context\":\"https:\\\/\\\/schema.org\",\"@graph\":[{\"@type\":\"WebPage\",\"@id\":\"https:\\\/\\\/www.samoens.com\\\/en\\\/the-market\\\/\",\"url\":\"https:\\\/\\\/www.samoens.com\\\/en\\\/the-market\\\/\",\"name\":\"The market Samo\u00ebns, station de ski et village authentique en Haute-Savoie\",\"isPartOf\":{\"@id\":\"https:\\\/\\\/www.samoens.com\\\/#website\"},\"primaryImageOfPage\":{\"@id\":\"https:\\\/\\\/www.samoens.com\\\/en\\\/the-market\\\/#primaryimage\"},\"image\":{\"@id\":\"https:\\\/\\\/www.samoens.com\\\/en\\\/the-market\\\/#primaryimage\"},\"thumbnailUrl\":\"https:\\\/\\\/www.samoens.com\\\/wp-content\\\/uploads\\\/2019\\\/08\\\/026-Marche\u0301-e\u0301te\u0301.jpg\",\"datePublished\":\"2019-08-20T09:58:50+00:00\",\"dateModified\":\"2019-09-02T12:36:26+00:00\",\"breadcrumb\":{\"@id\":\"https:\\\/\\\/www.samoens.com\\\/en\\\/the-market\\\/#breadcrumb\"},\"inLanguage\":\"en-US\",\"potentialAction\":[{\"@type\":\"ReadAction\",\"target\":[\"https:\\\/\\\/www.samoens.com\\\/en\\\/the-market\\\/\"]}]},{\"@type\":\"ImageObject\",\"inLanguage\":\"en-US\",\"@id\":\"https:\\\/\\\/www.samoens.com\\\/en\\\/the-market\\\/#primaryimage\",\"url\":\"https:\\\/\\\/www.samoens.com\\\/wp-content\\\/uploads\\\/2019\\\/08\\\/026-Marche\u0301-e\u0301te\u0301.jpg\",\"contentUrl\":\"https:\\\/\\\/www.samoens.com\\\/wp-content\\\/uploads\\\/2019\\\/08\\\/026-Marche\u0301-e\u0301te\u0301.jpg\",\"width\":2125,\"height\":1410},{\"@type\":\"BreadcrumbList\",\"@id\":\"https:\\\/\\\/www.samoens.com\\\/en\\\/the-market\\\/#breadcrumb\",\"itemListElement\":[{\"@type\":\"ListItem\",\"position\":1,\"name\":\"Accueil\",\"item\":\"https:\\\/\\\/www.samoens.com\\\/en\\\/\"},{\"@type\":\"ListItem\",\"position\":2,\"name\":\"The market\"}]},{\"@type\":\"WebSite\",\"@id\":\"https:\\\/\\\/www.samoens.com\\\/#website\",\"url\":\"https:\\\/\\\/www.samoens.com\\\/\",\"name\":\"Samo\u00ebns, station de ski et village authentique en Haute-Savoie\",\"description\":\"Nich\u00e9e au coeur du domaine skiable du Grand Massif et \u00e0 moins d&#039;1h de Gen\u00e8ve, Samo\u00ebns rendra vos vacances inoubliables en \u00e9t\u00e9 comme en hiver\",\"potentialAction\":[{\"@type\":\"SearchAction\",\"target\":{\"@type\":\"EntryPoint\",\"urlTemplate\":\"https:\\\/\\\/www.samoens.com\\\/?s={search_term_string}\"},\"query-input\":{\"@type\":\"PropertyValueSpecification\",\"valueRequired\":true,\"valueName\":\"search_term_string\"}}],\"inLanguage\":\"en-US\"}]}<\/script>\n<!-- \/ Yoast SEO plugin. -->","yoast_head_json":{"title":"The market Samo\u00ebns, station de ski et village authentique en Haute-Savoie","robots":{"index":"index","follow":"follow","max-snippet":"max-snippet:-1","max-image-preview":"max-image-preview:large","max-video-preview":"max-video-preview:-1"},"canonical":"https:\/\/www.samoens.com\/en\/the-market\/","og_locale":"en_US","og_type":"article","og_title":"The market Samo\u00ebns, station de ski et village authentique en Haute-Savoie","og_description":"[vc_row][vc_column][vc_column_text]The weekly market Wednesday morning is a must for lovers of fresh produce and local contact. This market, one of the largest and oldest in the Haute-Savoie, takes place all year round, from 8 a.m. to 1 p.m. In the summer you can even get there with the Samo\u00ebns train. You will find stalls with [&hellip;]","og_url":"https:\/\/www.samoens.com\/en\/the-market\/","og_site_name":"Samo\u00ebns, station de ski et village authentique en Haute-Savoie","article_modified_time":"2019-09-02T12:36:26+00:00","twitter_card":"summary_large_image","twitter_misc":{"Est. reading time":"1 minute"},"schema":{"@context":"https:\/\/schema.org","@graph":[{"@type":"WebPage","@id":"https:\/\/www.samoens.com\/en\/the-market\/","url":"https:\/\/www.samoens.com\/en\/the-market\/","name":"The market Samo\u00ebns, station de ski et village authentique en Haute-Savoie","isPartOf":{"@id":"https:\/\/www.samoens.com\/#website"},"primaryImageOfPage":{"@id":"https:\/\/www.samoens.com\/en\/the-market\/#primaryimage"},"image":{"@id":"https:\/\/www.samoens.com\/en\/the-market\/#primaryimage"},"thumbnailUrl":"https:\/\/www.samoens.com\/wp-content\/uploads\/2019\/08\/026-Marche\u0301-e\u0301te\u0301.jpg","datePublished":"2019-08-20T09:58:50+00:00","dateModified":"2019-09-02T12:36:26+00:00","breadcrumb":{"@id":"https:\/\/www.samoens.com\/en\/the-market\/#breadcrumb"},"inLanguage":"en-US","potentialAction":[{"@type":"ReadAction","target":["https:\/\/www.samoens.com\/en\/the-market\/"]}]},{"@type":"ImageObject","inLanguage":"en-US","@id":"https:\/\/www.samoens.com\/en\/the-market\/#primaryimage","url":"https:\/\/www.samoens.com\/wp-content\/uploads\/2019\/08\/026-Marche\u0301-e\u0301te\u0301.jpg","contentUrl":"https:\/\/www.samoens.com\/wp-content\/uploads\/2019\/08\/026-Marche\u0301-e\u0301te\u0301.jpg","width":2125,"height":1410},{"@type":"BreadcrumbList","@id":"https:\/\/www.samoens.com\/en\/the-market\/#breadcrumb","itemListElement":[{"@type":"ListItem","position":1,"name":"Accueil","item":"https:\/\/www.samoens.com\/en\/"},{"@type":"ListItem","position":2,"name":"The market"}]},{"@type":"WebSite","@id":"https:\/\/www.samoens.com\/#website","url":"https:\/\/www.samoens.com\/","name":"Samo\u00ebns, station de ski et village authentique en Haute-Savoie","description":"Nich\u00e9e au coeur du domaine skiable du Grand Massif et \u00e0 moins d&#039;1h de Gen\u00e8ve, Samo\u00ebns rendra vos vacances inoubliables en \u00e9t\u00e9 comme en hiver","potentialAction":[{"@type":"SearchAction","target":{"@type":"EntryPoint","urlTemplate":"https:\/\/www.samoens.com\/?s={search_term_string}"},"query-input":{"@type":"PropertyValueSpecification","valueRequired":true,"valueName":"search_term_string"}}],"inLanguage":"en-US"}]}},"_links":{"self":[{"href":"https:\/\/www.samoens.com\/en\/wp-json\/wp\/v2\/pages\/3027","targetHints":{"allow":["GET"]}}],"collection":[{"href":"https:\/\/www.samoens.com\/en\/wp-json\/wp\/v2\/pages"}],"about":[{"href":"https:\/\/www.samoens.com\/en\/wp-json\/wp\/v2\/types\/page"}],"author":[{"embeddable":true,"href":"https:\/\/www.samoens.com\/en\/wp-json\/wp\/v2\/users\/2"}],"replies":[{"embeddable":true,"href":"https:\/\/www.samoens.com\/en\/wp-json\/wp\/v2\/comments?post=3027"}],"version-history":[{"count":0,"href":"https:\/\/www.samoens.com\/en\/wp-json\/wp\/v2\/pages\/3027\/revisions"}],"wp:featuredmedia":[{"embeddable":true,"href":"https:\/\/www.samoens.com\/en\/wp-json\/wp\/v2\/media\/2248"}],"wp:attachment":[{"href":"https:\/\/www.samoens.com\/en\/wp-json\/wp\/v2\/media?parent=3027"}],"curies":[{"name":"wp","href":"https:\/\/api.w.org\/{rel}","templated":true}]}}