{"id":3017,"date":"2019-08-20T11:37:00","date_gmt":"2019-08-20T09:37:00","guid":{"rendered":"https:\/\/www.samoens.com\/?page_id=3017"},"modified":"2019-08-20T11:37:00","modified_gmt":"2019-08-20T09:37:00","slug":"lake-joux-plane","status":"publish","type":"page","link":"https:\/\/www.samoens.com\/en\/lake-joux-plane\/","title":{"rendered":"Lake Joux Plane"},"content":{"rendered":"<div class=\"wpb-content-wrapper\"><p>[vc_row][vc_column][vc_column_text]Lake Joux Plane, accessible by car, is the ideal place to enjoy nature with the family. Located between Samo\u00ebns and Morzine and open from 26 June to 31 December (depending on the snow conditions), you can relax in a gentle mountain setting. The nature reserve is equipped with a picnic area and a parking space. Also do full of activities: fishing (buy map on site), walks and walks amid meadows: marked routes. Cross-country skiing and snowshoeing are possible in winter. You will bring unforgettable memories regardless of the season![\/vc_column_text][\/vc_column][\/vc_row]<\/p>\n<\/div>","protected":false},"excerpt":{"rendered":"<p>[vc_row][vc_column][vc_column_text]Lake Joux Plane, accessible by car, is the ideal place to enjoy nature with the family. Located between Samo\u00ebns and Morzine and open from 26 June to 31 December (depending on the snow conditions), you can relax in a gentle mountain setting. The nature reserve is equipped with a picnic area and a parking space. [&hellip;]<\/p>\n","protected":false},"author":2,"featured_media":580665,"parent":0,"menu_order":42,"comment_status":"closed","ping_status":"closed","template":"","meta":{"_acf_changed":false,"footnotes":""},"class_list":["post-3017","page","type-page","status-publish","hentry"],"acf":[],"yoast_head":"<!-- This site is optimized with the Yoast SEO plugin v27.2 - https:\/\/yoast.com\/product\/yoast-seo-wordpress\/ -->\n<title>Lake Joux Plane Samo\u00ebns, station de ski et village authentique en Haute-Savoie<\/title>\n<meta name=\"robots\" content=\"index, follow, max-snippet:-1, max-image-preview:large, max-video-preview:-1\" \/>\n<link rel=\"canonical\" href=\"https:\/\/www.samoens.com\/en\/lake-joux-plane\/\" \/>\n<meta property=\"og:locale\" content=\"en_US\" \/>\n<meta property=\"og:type\" content=\"article\" \/>\n<meta property=\"og:title\" content=\"Lake Joux Plane Samo\u00ebns, station de ski et village authentique en Haute-Savoie\" \/>\n<meta property=\"og:description\" content=\"[vc_row][vc_column][vc_column_text]Lake Joux Plane, accessible by car, is the ideal place to enjoy nature with the family. Located between Samo\u00ebns and Morzine and open from 26 June to 31 December (depending on the snow conditions), you can relax in a gentle mountain setting. The nature reserve is equipped with a picnic area and a parking space. [&hellip;]\" \/>\n<meta property=\"og:url\" content=\"https:\/\/www.samoens.com\/en\/lake-joux-plane\/\" \/>\n<meta property=\"og:site_name\" content=\"Samo\u00ebns, station de ski et village authentique en Haute-Savoie\" \/>\n<meta name=\"twitter:card\" content=\"summary_large_image\" \/>\n<meta name=\"twitter:label1\" content=\"Est. reading time\" \/>\n\t<meta name=\"twitter:data1\" content=\"1 minute\" \/>\n<script type=\"application\/ld+json\" class=\"yoast-schema-graph\">{\"@context\":\"https:\/\/schema.org\",\"@graph\":[{\"@type\":\"WebPage\",\"@id\":\"https:\/\/www.samoens.com\/en\/lake-joux-plane\/\",\"url\":\"https:\/\/www.samoens.com\/en\/lake-joux-plane\/\",\"name\":\"Lake Joux Plane Samo\u00ebns, station de ski et village authentique en Haute-Savoie\",\"isPartOf\":{\"@id\":\"https:\/\/www.samoens.com\/#website\"},\"primaryImageOfPage\":{\"@id\":\"https:\/\/www.samoens.com\/en\/lake-joux-plane\/#primaryimage\"},\"image\":{\"@id\":\"https:\/\/www.samoens.com\/en\/lake-joux-plane\/#primaryimage\"},\"thumbnailUrl\":\"https:\/\/www.samoens.com\/wp-content\/uploads\/2023\/08\/Lac-Joux-Plane-Samoens.jpg\",\"datePublished\":\"2019-08-20T09:37:00+00:00\",\"breadcrumb\":{\"@id\":\"https:\/\/www.samoens.com\/en\/lake-joux-plane\/#breadcrumb\"},\"inLanguage\":\"en-US\",\"potentialAction\":[{\"@type\":\"ReadAction\",\"target\":[\"https:\/\/www.samoens.com\/en\/lake-joux-plane\/\"]}]},{\"@type\":\"ImageObject\",\"inLanguage\":\"en-US\",\"@id\":\"https:\/\/www.samoens.com\/en\/lake-joux-plane\/#primaryimage\",\"url\":\"https:\/\/www.samoens.com\/wp-content\/uploads\/2023\/08\/Lac-Joux-Plane-Samoens.jpg\",\"contentUrl\":\"https:\/\/www.samoens.com\/wp-content\/uploads\/2023\/08\/Lac-Joux-Plane-Samoens.jpg\",\"width\":2048,\"height\":1534,\"caption\":\"default\"},{\"@type\":\"BreadcrumbList\",\"@id\":\"https:\/\/www.samoens.com\/en\/lake-joux-plane\/#breadcrumb\",\"itemListElement\":[{\"@type\":\"ListItem\",\"position\":1,\"name\":\"Accueil\",\"item\":\"https:\/\/www.samoens.com\/en\/\"},{\"@type\":\"ListItem\",\"position\":2,\"name\":\"Lake Joux Plane\"}]},{\"@type\":\"WebSite\",\"@id\":\"https:\/\/www.samoens.com\/#website\",\"url\":\"https:\/\/www.samoens.com\/\",\"name\":\"Samo\u00ebns, station de ski et village authentique en Haute-Savoie\",\"description\":\"Nich\u00e9e au coeur du domaine skiable du Grand Massif et \u00e0 moins d&#039;1h de Gen\u00e8ve, Samo\u00ebns rendra vos vacances inoubliables en \u00e9t\u00e9 comme en hiver\",\"potentialAction\":[{\"@type\":\"SearchAction\",\"target\":{\"@type\":\"EntryPoint\",\"urlTemplate\":\"https:\/\/www.samoens.com\/?s={search_term_string}\"},\"query-input\":{\"@type\":\"PropertyValueSpecification\",\"valueRequired\":true,\"valueName\":\"search_term_string\"}}],\"inLanguage\":\"en-US\"}]}<\/script>\n<!-- \/ Yoast SEO plugin. -->","yoast_head_json":{"title":"Lake Joux Plane Samo\u00ebns, station de ski et village authentique en Haute-Savoie","robots":{"index":"index","follow":"follow","max-snippet":"max-snippet:-1","max-image-preview":"max-image-preview:large","max-video-preview":"max-video-preview:-1"},"canonical":"https:\/\/www.samoens.com\/en\/lake-joux-plane\/","og_locale":"en_US","og_type":"article","og_title":"Lake Joux Plane Samo\u00ebns, station de ski et village authentique en Haute-Savoie","og_description":"[vc_row][vc_column][vc_column_text]Lake Joux Plane, accessible by car, is the ideal place to enjoy nature with the family. Located between Samo\u00ebns and Morzine and open from 26 June to 31 December (depending on the snow conditions), you can relax in a gentle mountain setting. The nature reserve is equipped with a picnic area and a parking space. [&hellip;]","og_url":"https:\/\/www.samoens.com\/en\/lake-joux-plane\/","og_site_name":"Samo\u00ebns, station de ski et village authentique en Haute-Savoie","twitter_card":"summary_large_image","twitter_misc":{"Est. reading time":"1 minute"},"schema":{"@context":"https:\/\/schema.org","@graph":[{"@type":"WebPage","@id":"https:\/\/www.samoens.com\/en\/lake-joux-plane\/","url":"https:\/\/www.samoens.com\/en\/lake-joux-plane\/","name":"Lake Joux Plane Samo\u00ebns, station de ski et village authentique en Haute-Savoie","isPartOf":{"@id":"https:\/\/www.samoens.com\/#website"},"primaryImageOfPage":{"@id":"https:\/\/www.samoens.com\/en\/lake-joux-plane\/#primaryimage"},"image":{"@id":"https:\/\/www.samoens.com\/en\/lake-joux-plane\/#primaryimage"},"thumbnailUrl":"https:\/\/www.samoens.com\/wp-content\/uploads\/2023\/08\/Lac-Joux-Plane-Samoens.jpg","datePublished":"2019-08-20T09:37:00+00:00","breadcrumb":{"@id":"https:\/\/www.samoens.com\/en\/lake-joux-plane\/#breadcrumb"},"inLanguage":"en-US","potentialAction":[{"@type":"ReadAction","target":["https:\/\/www.samoens.com\/en\/lake-joux-plane\/"]}]},{"@type":"ImageObject","inLanguage":"en-US","@id":"https:\/\/www.samoens.com\/en\/lake-joux-plane\/#primaryimage","url":"https:\/\/www.samoens.com\/wp-content\/uploads\/2023\/08\/Lac-Joux-Plane-Samoens.jpg","contentUrl":"https:\/\/www.samoens.com\/wp-content\/uploads\/2023\/08\/Lac-Joux-Plane-Samoens.jpg","width":2048,"height":1534,"caption":"default"},{"@type":"BreadcrumbList","@id":"https:\/\/www.samoens.com\/en\/lake-joux-plane\/#breadcrumb","itemListElement":[{"@type":"ListItem","position":1,"name":"Accueil","item":"https:\/\/www.samoens.com\/en\/"},{"@type":"ListItem","position":2,"name":"Lake Joux Plane"}]},{"@type":"WebSite","@id":"https:\/\/www.samoens.com\/#website","url":"https:\/\/www.samoens.com\/","name":"Samo\u00ebns, station de ski et village authentique en Haute-Savoie","description":"Nich\u00e9e au coeur du domaine skiable du Grand Massif et \u00e0 moins d&#039;1h de Gen\u00e8ve, Samo\u00ebns rendra vos vacances inoubliables en \u00e9t\u00e9 comme en hiver","potentialAction":[{"@type":"SearchAction","target":{"@type":"EntryPoint","urlTemplate":"https:\/\/www.samoens.com\/?s={search_term_string}"},"query-input":{"@type":"PropertyValueSpecification","valueRequired":true,"valueName":"search_term_string"}}],"inLanguage":"en-US"}]}},"_links":{"self":[{"href":"https:\/\/www.samoens.com\/en\/wp-json\/wp\/v2\/pages\/3017","targetHints":{"allow":["GET"]}}],"collection":[{"href":"https:\/\/www.samoens.com\/en\/wp-json\/wp\/v2\/pages"}],"about":[{"href":"https:\/\/www.samoens.com\/en\/wp-json\/wp\/v2\/types\/page"}],"author":[{"embeddable":true,"href":"https:\/\/www.samoens.com\/en\/wp-json\/wp\/v2\/users\/2"}],"replies":[{"embeddable":true,"href":"https:\/\/www.samoens.com\/en\/wp-json\/wp\/v2\/comments?post=3017"}],"version-history":[{"count":0,"href":"https:\/\/www.samoens.com\/en\/wp-json\/wp\/v2\/pages\/3017\/revisions"}],"wp:featuredmedia":[{"embeddable":true,"href":"https:\/\/www.samoens.com\/en\/wp-json\/wp\/v2\/media\/580665"}],"wp:attachment":[{"href":"https:\/\/www.samoens.com\/en\/wp-json\/wp\/v2\/media?parent=3017"}],"curies":[{"name":"wp","href":"https:\/\/api.w.org\/{rel}","templated":true}]}}