{"id":3012,"date":"2019-08-20T11:28:37","date_gmt":"2019-08-20T09:28:37","guid":{"rendered":"https:\/\/www.samoens.com\/?page_id=3012"},"modified":"2019-08-20T11:28:37","modified_gmt":"2019-08-20T09:28:37","slug":"lac-de-gers","status":"publish","type":"page","link":"https:\/\/www.samoens.com\/en\/lac-de-gers\/","title":{"rendered":"Lac de Gers"},"content":{"rendered":"<div class=\"wpb-content-wrapper\"><p>[vc_row][vc_column][vc_column_text]Discover one of the most important locations in the Alps, a combination of landscapes and wildlife (permanent presence of chamois and marmots) in the Giffre valley. Lac de Gers is on the other side of Rocher des Fiz, on the grounds of the Grand Massif, between Samo\u00ebns and Flaine. This nature reserve, located at 1540 meters above sea level in the heights of Samoens, is a pleasant destination for a family outing. An ode to beauty and daydreaming, so for nature lovers![\/vc_column_text][\/vc_column][\/vc_row]<\/p>\n<\/div>","protected":false},"excerpt":{"rendered":"<p>[vc_row][vc_column][vc_column_text]Discover one of the most important locations in the Alps, a combination of landscapes and wildlife (permanent presence of chamois and marmots) in the Giffre valley. Lac de Gers is on the other side of Rocher des Fiz, on the grounds of the Grand Massif, between Samo\u00ebns and Flaine. This nature reserve, located at 1540 [&hellip;]<\/p>\n","protected":false},"author":2,"featured_media":580670,"parent":0,"menu_order":43,"comment_status":"closed","ping_status":"closed","template":"","meta":{"_acf_changed":false,"footnotes":""},"class_list":["post-3012","page","type-page","status-publish","hentry"],"acf":[],"yoast_head":"<!-- This site is optimized with the Yoast SEO plugin v27.2 - https:\/\/yoast.com\/product\/yoast-seo-wordpress\/ -->\n<title>Lac de Gers Samo\u00ebns, station de ski et village authentique en Haute-Savoie<\/title>\n<meta name=\"robots\" content=\"index, follow, max-snippet:-1, max-image-preview:large, max-video-preview:-1\" \/>\n<link rel=\"canonical\" href=\"https:\/\/www.samoens.com\/en\/lac-de-gers\/\" \/>\n<meta property=\"og:locale\" content=\"en_US\" \/>\n<meta property=\"og:type\" content=\"article\" \/>\n<meta property=\"og:title\" content=\"Lac de Gers Samo\u00ebns, station de ski et village authentique en Haute-Savoie\" \/>\n<meta property=\"og:description\" content=\"[vc_row][vc_column][vc_column_text]Discover one of the most important locations in the Alps, a combination of landscapes and wildlife (permanent presence of chamois and marmots) in the Giffre valley. Lac de Gers is on the other side of Rocher des Fiz, on the grounds of the Grand Massif, between Samo\u00ebns and Flaine. This nature reserve, located at 1540 [&hellip;]\" \/>\n<meta property=\"og:url\" content=\"https:\/\/www.samoens.com\/en\/lac-de-gers\/\" \/>\n<meta property=\"og:site_name\" content=\"Samo\u00ebns, station de ski et village authentique en Haute-Savoie\" \/>\n<meta name=\"twitter:card\" content=\"summary_large_image\" \/>\n<script type=\"application\/ld+json\" class=\"yoast-schema-graph\">{\"@context\":\"https:\/\/schema.org\",\"@graph\":[{\"@type\":\"WebPage\",\"@id\":\"https:\/\/www.samoens.com\/en\/lac-de-gers\/\",\"url\":\"https:\/\/www.samoens.com\/en\/lac-de-gers\/\",\"name\":\"Lac de Gers Samo\u00ebns, station de ski et village authentique en Haute-Savoie\",\"isPartOf\":{\"@id\":\"https:\/\/www.samoens.com\/#website\"},\"primaryImageOfPage\":{\"@id\":\"https:\/\/www.samoens.com\/en\/lac-de-gers\/#primaryimage\"},\"image\":{\"@id\":\"https:\/\/www.samoens.com\/en\/lac-de-gers\/#primaryimage\"},\"thumbnailUrl\":\"https:\/\/www.samoens.com\/wp-content\/uploads\/2023\/08\/lac-de-gers-en-ete.jpg\",\"datePublished\":\"2019-08-20T09:28:37+00:00\",\"breadcrumb\":{\"@id\":\"https:\/\/www.samoens.com\/en\/lac-de-gers\/#breadcrumb\"},\"inLanguage\":\"en-US\",\"potentialAction\":[{\"@type\":\"ReadAction\",\"target\":[\"https:\/\/www.samoens.com\/en\/lac-de-gers\/\"]}]},{\"@type\":\"ImageObject\",\"inLanguage\":\"en-US\",\"@id\":\"https:\/\/www.samoens.com\/en\/lac-de-gers\/#primaryimage\",\"url\":\"https:\/\/www.samoens.com\/wp-content\/uploads\/2023\/08\/lac-de-gers-en-ete.jpg\",\"contentUrl\":\"https:\/\/www.samoens.com\/wp-content\/uploads\/2023\/08\/lac-de-gers-en-ete.jpg\",\"width\":2048,\"height\":1365},{\"@type\":\"BreadcrumbList\",\"@id\":\"https:\/\/www.samoens.com\/en\/lac-de-gers\/#breadcrumb\",\"itemListElement\":[{\"@type\":\"ListItem\",\"position\":1,\"name\":\"Accueil\",\"item\":\"https:\/\/www.samoens.com\/en\/\"},{\"@type\":\"ListItem\",\"position\":2,\"name\":\"Lac de Gers\"}]},{\"@type\":\"WebSite\",\"@id\":\"https:\/\/www.samoens.com\/#website\",\"url\":\"https:\/\/www.samoens.com\/\",\"name\":\"Samo\u00ebns, station de ski et village authentique en Haute-Savoie\",\"description\":\"Nich\u00e9e au coeur du domaine skiable du Grand Massif et \u00e0 moins d&#039;1h de Gen\u00e8ve, Samo\u00ebns rendra vos vacances inoubliables en \u00e9t\u00e9 comme en hiver\",\"potentialAction\":[{\"@type\":\"SearchAction\",\"target\":{\"@type\":\"EntryPoint\",\"urlTemplate\":\"https:\/\/www.samoens.com\/?s={search_term_string}\"},\"query-input\":{\"@type\":\"PropertyValueSpecification\",\"valueRequired\":true,\"valueName\":\"search_term_string\"}}],\"inLanguage\":\"en-US\"}]}<\/script>\n<!-- \/ Yoast SEO plugin. -->","yoast_head_json":{"title":"Lac de Gers Samo\u00ebns, station de ski et village authentique en Haute-Savoie","robots":{"index":"index","follow":"follow","max-snippet":"max-snippet:-1","max-image-preview":"max-image-preview:large","max-video-preview":"max-video-preview:-1"},"canonical":"https:\/\/www.samoens.com\/en\/lac-de-gers\/","og_locale":"en_US","og_type":"article","og_title":"Lac de Gers Samo\u00ebns, station de ski et village authentique en Haute-Savoie","og_description":"[vc_row][vc_column][vc_column_text]Discover one of the most important locations in the Alps, a combination of landscapes and wildlife (permanent presence of chamois and marmots) in the Giffre valley. Lac de Gers is on the other side of Rocher des Fiz, on the grounds of the Grand Massif, between Samo\u00ebns and Flaine. This nature reserve, located at 1540 [&hellip;]","og_url":"https:\/\/www.samoens.com\/en\/lac-de-gers\/","og_site_name":"Samo\u00ebns, station de ski et village authentique en Haute-Savoie","twitter_card":"summary_large_image","schema":{"@context":"https:\/\/schema.org","@graph":[{"@type":"WebPage","@id":"https:\/\/www.samoens.com\/en\/lac-de-gers\/","url":"https:\/\/www.samoens.com\/en\/lac-de-gers\/","name":"Lac de Gers Samo\u00ebns, station de ski et village authentique en Haute-Savoie","isPartOf":{"@id":"https:\/\/www.samoens.com\/#website"},"primaryImageOfPage":{"@id":"https:\/\/www.samoens.com\/en\/lac-de-gers\/#primaryimage"},"image":{"@id":"https:\/\/www.samoens.com\/en\/lac-de-gers\/#primaryimage"},"thumbnailUrl":"https:\/\/www.samoens.com\/wp-content\/uploads\/2023\/08\/lac-de-gers-en-ete.jpg","datePublished":"2019-08-20T09:28:37+00:00","breadcrumb":{"@id":"https:\/\/www.samoens.com\/en\/lac-de-gers\/#breadcrumb"},"inLanguage":"en-US","potentialAction":[{"@type":"ReadAction","target":["https:\/\/www.samoens.com\/en\/lac-de-gers\/"]}]},{"@type":"ImageObject","inLanguage":"en-US","@id":"https:\/\/www.samoens.com\/en\/lac-de-gers\/#primaryimage","url":"https:\/\/www.samoens.com\/wp-content\/uploads\/2023\/08\/lac-de-gers-en-ete.jpg","contentUrl":"https:\/\/www.samoens.com\/wp-content\/uploads\/2023\/08\/lac-de-gers-en-ete.jpg","width":2048,"height":1365},{"@type":"BreadcrumbList","@id":"https:\/\/www.samoens.com\/en\/lac-de-gers\/#breadcrumb","itemListElement":[{"@type":"ListItem","position":1,"name":"Accueil","item":"https:\/\/www.samoens.com\/en\/"},{"@type":"ListItem","position":2,"name":"Lac de Gers"}]},{"@type":"WebSite","@id":"https:\/\/www.samoens.com\/#website","url":"https:\/\/www.samoens.com\/","name":"Samo\u00ebns, station de ski et village authentique en Haute-Savoie","description":"Nich\u00e9e au coeur du domaine skiable du Grand Massif et \u00e0 moins d&#039;1h de Gen\u00e8ve, Samo\u00ebns rendra vos vacances inoubliables en \u00e9t\u00e9 comme en hiver","potentialAction":[{"@type":"SearchAction","target":{"@type":"EntryPoint","urlTemplate":"https:\/\/www.samoens.com\/?s={search_term_string}"},"query-input":{"@type":"PropertyValueSpecification","valueRequired":true,"valueName":"search_term_string"}}],"inLanguage":"en-US"}]}},"_links":{"self":[{"href":"https:\/\/www.samoens.com\/en\/wp-json\/wp\/v2\/pages\/3012","targetHints":{"allow":["GET"]}}],"collection":[{"href":"https:\/\/www.samoens.com\/en\/wp-json\/wp\/v2\/pages"}],"about":[{"href":"https:\/\/www.samoens.com\/en\/wp-json\/wp\/v2\/types\/page"}],"author":[{"embeddable":true,"href":"https:\/\/www.samoens.com\/en\/wp-json\/wp\/v2\/users\/2"}],"replies":[{"embeddable":true,"href":"https:\/\/www.samoens.com\/en\/wp-json\/wp\/v2\/comments?post=3012"}],"version-history":[{"count":0,"href":"https:\/\/www.samoens.com\/en\/wp-json\/wp\/v2\/pages\/3012\/revisions"}],"wp:featuredmedia":[{"embeddable":true,"href":"https:\/\/www.samoens.com\/en\/wp-json\/wp\/v2\/media\/580670"}],"wp:attachment":[{"href":"https:\/\/www.samoens.com\/en\/wp-json\/wp\/v2\/media?parent=3012"}],"curies":[{"name":"wp","href":"https:\/\/api.w.org\/{rel}","templated":true}]}}