{"id":2801,"date":"2019-08-19T14:24:46","date_gmt":"2019-08-19T12:24:46","guid":{"rendered":"https:\/\/www.samoens.com\/?page_id=2801"},"modified":"2020-06-11T11:17:44","modified_gmt":"2020-06-11T09:17:44","slug":"drive-the-donkeys","status":"publish","type":"page","link":"https:\/\/www.samoens.com\/en\/drive-the-donkeys\/","title":{"rendered":"Drive the donkeys"},"content":{"rendered":"<div class=\"wpb-content-wrapper\"><p>[vc_row][vc_column][vc_column_text]<\/p>\n<h2><strong>Family with a donkey in the mountains<\/strong><\/h2>\n<p>Donkey rides with the family, in the mountains, in the Haute-Savoie, Samoens, are the opportunity for a fun discovery of the mountain for the whole family. The tops of our mountains will have to look good.<\/p>\n<p>They are gentle, intelligent (contrary to what is often thought), feed on herbs and love children. Walking with donkeys is ideal for a family with children who want to discover the wonders of the mountains. Routes are organized in the summer in Samoens in Haut-Giffre. They offer the opportunity for the children, but also their parents, to discover the fauna and flora of the meadows between two caresses to the guides.<\/p>\n<p>Caresses well deserved, because the donkeys carry the bags without complaining. The Haut-Giffre travel agency allows you to enjoy these lovely animals on a mini-tour through Haut Giffre. It takes place in three days in the countryside, between 1200 and 1800 meters. This family tour also includes accommodation in a gite and a sheltered shelter. In the evening you can enjoy a warm and hearty meal. A breakfast will be taken before the departure of the refuge.<\/p>\n<p>Other options are offered to you to take advantage of the donkey walks, because shorter steps and according to your wishes can be organized in Haut-Giffre or in other sectors. And as the saying goes: &#8220;You can&#8217;t turn a donkey into a racehorse&#8221;. So you have enough time to enjoy the beautiful panoramas of the Alps!<\/p>\n<p>Contact : Bureau des guides &#8211; T\u00e9l. : +33 (0)4.50.34.43.12 <a href=\"mailto:info@guidesmontagnes.com\">info@guidesmontagnes.com<\/a>[\/vc_column_text][\/vc_column][\/vc_row]<\/p>\n<\/div>","protected":false},"excerpt":{"rendered":"<p>[vc_row][vc_column][vc_column_text] Family with a donkey in the mountains Donkey rides with the family, in the mountains, in the Haute-Savoie, Samoens, are the opportunity for a fun discovery of the mountain for the whole family. The tops of our mountains will have to look good. They are gentle, intelligent (contrary to what is often thought), feed [&hellip;]<\/p>\n","protected":false},"author":2,"featured_media":0,"parent":0,"menu_order":10,"comment_status":"closed","ping_status":"closed","template":"","meta":{"_acf_changed":false,"footnotes":""},"class_list":["post-2801","page","type-page","status-publish","hentry"],"acf":[],"yoast_head":"<!-- This site is optimized with the Yoast SEO plugin v27.2 - https:\/\/yoast.com\/product\/yoast-seo-wordpress\/ -->\n<title>Drive the donkeys Samo\u00ebns, station de ski et village authentique en Haute-Savoie<\/title>\n<meta name=\"robots\" content=\"index, follow, max-snippet:-1, max-image-preview:large, max-video-preview:-1\" \/>\n<link rel=\"canonical\" href=\"https:\/\/www.samoens.com\/en\/drive-the-donkeys\/\" \/>\n<meta property=\"og:locale\" content=\"en_US\" \/>\n<meta property=\"og:type\" content=\"article\" \/>\n<meta property=\"og:title\" content=\"Drive the donkeys Samo\u00ebns, station de ski et village authentique en Haute-Savoie\" \/>\n<meta property=\"og:description\" content=\"[vc_row][vc_column][vc_column_text] Family with a donkey in the mountains Donkey rides with the family, in the mountains, in the Haute-Savoie, Samoens, are the opportunity for a fun discovery of the mountain for the whole family. The tops of our mountains will have to look good. They are gentle, intelligent (contrary to what is often thought), feed [&hellip;]\" \/>\n<meta property=\"og:url\" content=\"https:\/\/www.samoens.com\/en\/drive-the-donkeys\/\" \/>\n<meta property=\"og:site_name\" content=\"Samo\u00ebns, station de ski et village authentique en Haute-Savoie\" \/>\n<meta property=\"article:modified_time\" content=\"2020-06-11T09:17:44+00:00\" \/>\n<meta name=\"twitter:card\" content=\"summary_large_image\" \/>\n<meta name=\"twitter:label1\" content=\"Est. reading time\" \/>\n\t<meta name=\"twitter:data1\" content=\"1 minute\" \/>\n<script type=\"application\/ld+json\" class=\"yoast-schema-graph\">{\"@context\":\"https:\/\/schema.org\",\"@graph\":[{\"@type\":\"WebPage\",\"@id\":\"https:\/\/www.samoens.com\/en\/drive-the-donkeys\/\",\"url\":\"https:\/\/www.samoens.com\/en\/drive-the-donkeys\/\",\"name\":\"Drive the donkeys Samo\u00ebns, station de ski et village authentique en Haute-Savoie\",\"isPartOf\":{\"@id\":\"https:\/\/www.samoens.com\/#website\"},\"datePublished\":\"2019-08-19T12:24:46+00:00\",\"dateModified\":\"2020-06-11T09:17:44+00:00\",\"breadcrumb\":{\"@id\":\"https:\/\/www.samoens.com\/en\/drive-the-donkeys\/#breadcrumb\"},\"inLanguage\":\"en-US\",\"potentialAction\":[{\"@type\":\"ReadAction\",\"target\":[\"https:\/\/www.samoens.com\/en\/drive-the-donkeys\/\"]}]},{\"@type\":\"BreadcrumbList\",\"@id\":\"https:\/\/www.samoens.com\/en\/drive-the-donkeys\/#breadcrumb\",\"itemListElement\":[{\"@type\":\"ListItem\",\"position\":1,\"name\":\"Accueil\",\"item\":\"https:\/\/www.samoens.com\/en\/\"},{\"@type\":\"ListItem\",\"position\":2,\"name\":\"Drive the donkeys\"}]},{\"@type\":\"WebSite\",\"@id\":\"https:\/\/www.samoens.com\/#website\",\"url\":\"https:\/\/www.samoens.com\/\",\"name\":\"Samo\u00ebns, station de ski et village authentique en Haute-Savoie\",\"description\":\"Nich\u00e9e au coeur du domaine skiable du Grand Massif et \u00e0 moins d&#039;1h de Gen\u00e8ve, Samo\u00ebns rendra vos vacances inoubliables en \u00e9t\u00e9 comme en hiver\",\"potentialAction\":[{\"@type\":\"SearchAction\",\"target\":{\"@type\":\"EntryPoint\",\"urlTemplate\":\"https:\/\/www.samoens.com\/?s={search_term_string}\"},\"query-input\":{\"@type\":\"PropertyValueSpecification\",\"valueRequired\":true,\"valueName\":\"search_term_string\"}}],\"inLanguage\":\"en-US\"}]}<\/script>\n<!-- \/ Yoast SEO plugin. -->","yoast_head_json":{"title":"Drive the donkeys Samo\u00ebns, station de ski et village authentique en Haute-Savoie","robots":{"index":"index","follow":"follow","max-snippet":"max-snippet:-1","max-image-preview":"max-image-preview:large","max-video-preview":"max-video-preview:-1"},"canonical":"https:\/\/www.samoens.com\/en\/drive-the-donkeys\/","og_locale":"en_US","og_type":"article","og_title":"Drive the donkeys Samo\u00ebns, station de ski et village authentique en Haute-Savoie","og_description":"[vc_row][vc_column][vc_column_text] Family with a donkey in the mountains Donkey rides with the family, in the mountains, in the Haute-Savoie, Samoens, are the opportunity for a fun discovery of the mountain for the whole family. The tops of our mountains will have to look good. They are gentle, intelligent (contrary to what is often thought), feed [&hellip;]","og_url":"https:\/\/www.samoens.com\/en\/drive-the-donkeys\/","og_site_name":"Samo\u00ebns, station de ski et village authentique en Haute-Savoie","article_modified_time":"2020-06-11T09:17:44+00:00","twitter_card":"summary_large_image","twitter_misc":{"Est. reading time":"1 minute"},"schema":{"@context":"https:\/\/schema.org","@graph":[{"@type":"WebPage","@id":"https:\/\/www.samoens.com\/en\/drive-the-donkeys\/","url":"https:\/\/www.samoens.com\/en\/drive-the-donkeys\/","name":"Drive the donkeys Samo\u00ebns, station de ski et village authentique en Haute-Savoie","isPartOf":{"@id":"https:\/\/www.samoens.com\/#website"},"datePublished":"2019-08-19T12:24:46+00:00","dateModified":"2020-06-11T09:17:44+00:00","breadcrumb":{"@id":"https:\/\/www.samoens.com\/en\/drive-the-donkeys\/#breadcrumb"},"inLanguage":"en-US","potentialAction":[{"@type":"ReadAction","target":["https:\/\/www.samoens.com\/en\/drive-the-donkeys\/"]}]},{"@type":"BreadcrumbList","@id":"https:\/\/www.samoens.com\/en\/drive-the-donkeys\/#breadcrumb","itemListElement":[{"@type":"ListItem","position":1,"name":"Accueil","item":"https:\/\/www.samoens.com\/en\/"},{"@type":"ListItem","position":2,"name":"Drive the donkeys"}]},{"@type":"WebSite","@id":"https:\/\/www.samoens.com\/#website","url":"https:\/\/www.samoens.com\/","name":"Samo\u00ebns, station de ski et village authentique en Haute-Savoie","description":"Nich\u00e9e au coeur du domaine skiable du Grand Massif et \u00e0 moins d&#039;1h de Gen\u00e8ve, Samo\u00ebns rendra vos vacances inoubliables en \u00e9t\u00e9 comme en hiver","potentialAction":[{"@type":"SearchAction","target":{"@type":"EntryPoint","urlTemplate":"https:\/\/www.samoens.com\/?s={search_term_string}"},"query-input":{"@type":"PropertyValueSpecification","valueRequired":true,"valueName":"search_term_string"}}],"inLanguage":"en-US"}]}},"_links":{"self":[{"href":"https:\/\/www.samoens.com\/en\/wp-json\/wp\/v2\/pages\/2801","targetHints":{"allow":["GET"]}}],"collection":[{"href":"https:\/\/www.samoens.com\/en\/wp-json\/wp\/v2\/pages"}],"about":[{"href":"https:\/\/www.samoens.com\/en\/wp-json\/wp\/v2\/types\/page"}],"author":[{"embeddable":true,"href":"https:\/\/www.samoens.com\/en\/wp-json\/wp\/v2\/users\/2"}],"replies":[{"embeddable":true,"href":"https:\/\/www.samoens.com\/en\/wp-json\/wp\/v2\/comments?post=2801"}],"version-history":[{"count":0,"href":"https:\/\/www.samoens.com\/en\/wp-json\/wp\/v2\/pages\/2801\/revisions"}],"wp:attachment":[{"href":"https:\/\/www.samoens.com\/en\/wp-json\/wp\/v2\/media?parent=2801"}],"curies":[{"name":"wp","href":"https:\/\/api.w.org\/{rel}","templated":true}]}}