{"id":20277,"date":"2019-09-03T10:11:31","date_gmt":"2019-09-03T08:11:31","guid":{"rendered":"https:\/\/www.samoens.com\/venir-nous-voir\/"},"modified":"2025-11-14T21:01:16","modified_gmt":"2025-11-14T20:01:16","slug":"come-and-see-us","status":"publish","type":"page","link":"https:\/\/www.samoens.com\/en\/come-and-see-us\/","title":{"rendered":"Come and see us"},"content":{"rendered":"<div class=\"wpb-content-wrapper\"><p>[vc_row el_class=&#8221;formnl&#8221;][vc_column][vc_column_text]<\/p>\n<h2>Getting here easily<\/h2>\n<p><strong>Want to come discover our snowy mountains? Want to spend a summer holiday in the heart of Haute-Savoie?<\/strong><\/p>\n<p>The resort village of Samoens is characterized by its accessibility. Indeed, the village is only an hour from Geneva airport and 20 minutes from the A40 motorway. Annemasse and Cluses (20 km) SNCF train stations are respectively at 57 and 20 km from Samo\u00ebns in the Grand Massif. Find all the useful information to know how to come and how to move on the station. How to get to Samoens, Haute-Savoie, the Alps, by road, plane or train? Discover all the useful information below.[\/vc_column_text][vc_column_text]<strong>BY CAR<\/strong><br \/>\nHighway A40 Geneva \/ Chamonix.<br \/>\nExit Cluses-Scionzier (No. 18), Samoens 20 minutes.<br \/>\nRoad information Haute-Savoie: Tel. +33 (0)4 50 66 10 74<br \/>\nMore information about your itinerary: <a href=\"http:\/\/www.viamichelin.fr\">www.viamichelin.fr<\/a>[\/vc_column_text][vc_column_text]<strong>BY TRAIN<\/strong><br \/>\nArrival SNCF railway station at: Cluses (20 km), line Saint-Gervais \/ Le Fayet.<br \/>\nGeneva (50 km) or Bellegarde (70 km)<br \/>\nDirect TGV lines from major cities (weekends).<br \/>\nSNCF Information Tel. +33 (0)8 36 35 35 35 or on <a href=\"http:\/\/www.sncf.com\">www.sncf.com<\/a><br \/>\nThen bus connections with <a href=\"https:\/\/jacquet-autocars.com\/lignes-regulieres\/\">Jacquet company<\/a> or taxi or car rental.[\/vc_column_text][vc_column_text]<strong>BY BUS<\/strong><br \/>\nConnection to Samo\u00ebns from the SNCF train stations of Cluses (bus line Y94) and Annemasse (bus line Y02).<\/p>\n<p>As the bus and train stations are located side by side in both towns, they offer a quick and convenient train\u2013bus connection. Upon arrival in Samo\u00ebns, alight at one of the seven stops: <em>Grand Massif Express<\/em> (gondola lift car park), <em>Gare Routi\u00e8re<\/em> (behind the Tourist Office), <em>Les Vallons d\u2019en Bas<\/em>, <em>Le Quart<\/em>, <em>Fontaine de Vallon<\/em>, <em>Les Vallons d\u2019en Haut<\/em>, <em>Le Sougey<\/em>.<\/p>\n<p><span style=\"color: #eb4747;\"><strong>Bus timetables, fares, and booking information:<\/strong><\/span> <a href=\"https:\/\/jacquet-autocars.com\/en\/regular-bus-lines\/\" target=\"_blank\" rel=\"noopener\"><span style=\"color: #6c9ed8;\"><em><strong>Jacquet Bus Company<\/strong><\/em><\/span><\/a>[\/vc_column_text][vc_column_text]<strong>BY PLANE<\/strong><br \/>\nGeneva International Airport (GVA) is located 50 km from Samo\u00ebns.<br \/>\nThen\u00a0taxi or car rental.<\/p>\n<p>From Geneva, the L\u00e9man express take you from Geneva to Cluses (SNCF station at 20km from Samo\u00ebns), discover <a href=\"https:\/\/www.lemanexpress.com\/en\/\">the timetables<\/a> and the <a href=\"https:\/\/www.ceva.ch\/wp-content\/uploads\/2019\/06\/plan-du-reseau-leman_express_dec-2019.jpg\">network map<\/a>.<br \/>\n<span id=\"s2_1\">Geneva International Airport transfer with the L\u00e9man Express train &#8211; Catch up with Samo\u00ebns from Geneva:<\/span><\/p>\n<ol>\n<li><span id=\"s2_2\">Take the train between Gen\u00e8ve A\u00e9roport and Gen\u00e8ve Gare Cornavin. (Departure every 10 minutes and 12 minutes)<\/span><\/li>\n<li><span id=\"s2_3\">Take line 3 of the L\u00e9man Express direction Saint-Gervais-les-Bains-Le Fayet.<\/span>\u00a0<span id=\"s2_4\">Get off at Cluses.<\/span><\/li>\n<li><a href=\"https:\/\/jacquet-autocars.com\/lignes-regulieres\/\">Take the line Y94, of the company Jacquet, from Cluses direction Samo\u00ebns.<\/a><\/li>\n<\/ol>\n<p>[\/vc_column_text][vc_column_text]<strong>BY TAXI OR WITH A TRANSFER COMPANY<\/strong><\/p>\n<ul>\n<li style=\"font-weight: 400;\">Alps-Direct &#8211; <span style=\"color: #6c9ed8;\"><em><strong><a style=\"color: #6c9ed8;\" href=\"https:\/\/www.alps-direct.com\/fr\/\" target=\"_blank\" rel=\"noopener\">alps-direct.com<\/a><\/strong><\/em><\/span> &#8211; <a href=\"mailto:info@alps-direct.com\">info@alps-direct.com<\/a> \/ +33 (0)4 50 90 30 08 \/ +33 (0)6 12 98 12 50<\/li>\n<li style=\"font-weight: 400;\">Alps Transfert &#8211;\u00a0<span style=\"color: #6c9ed8;\"><em><strong><a style=\"color: #6c9ed8;\" href=\"http:\/\/www.alpstransfert.com\" target=\"_blank\" rel=\"noopener\">alpstransfert.com<\/a>\u00a0<\/strong><\/em><\/span>&#8211; <a href=\"mailto:alpstransfert@gmail.com\">alpstransfert@gmail.com<\/a> \/ +33 (0)6 11 30 30 15<\/li>\n<li style=\"font-weight: 400;\">Go Massif &#8211; <span style=\"color: #6c9ed8;\"><em><strong><a style=\"color: #6c9ed8;\" href=\"http:\/\/gomassif.fr\" target=\"_blank\" rel=\"noopener\">gomassif.fr<\/a><\/strong><\/em><\/span>\u00a0&#8211; <a href=\"mailto:info@gomassif.com\">info@gomassif.com<\/a> \/ +33 (0)4 50 89 35 68<\/li>\n<li style=\"font-weight: 400;\">Trans&#8217;Alp Mobility &#8211;<em> <a href=\"transalpmobility.com\" target=\"_blank\" rel=\"noopener\"><span style=\"color: #6c9ed8;\"><strong>transalpmobility.com<\/strong><\/span><\/a><\/em>\u00a0&#8211; <a href=\"mailto:transalpmobility@gmail.com\">transalpmobility@gmail.com<\/a> \/ +33 (0)6 82 33 70 44<\/li>\n<\/ul>\n<p>[\/vc_column_text][vc_column_text]<strong>BY CARPOOL<\/strong><\/p>\n<p><a href=\"https:\/\/www.blablacar.co.uk\/\" target=\"_blank\" rel=\"noopener\"><em><span style=\"color: #6c9ed8;\"><strong>www.blablacar.co.uk<\/strong><\/span><\/em><\/a>[\/vc_column_text][vc_raw_html]JTNDbGluayUyMCUyMGhyZWYlM0QlMjJodHRwcyUzQSUyRiUyRnVucGtnLmNvbSUyRmxlYWZsZXQlNDAxLjMuNCUyRmRpc3QlMkZsZWFmbGV0LmNzcyUzRnZlciUzRDUuMC4zJTIyJTIwcmVsJTNEJTIyc3R5bGVzaGVldCUyMiUzRSUwQSUzQ2RpdiUyMGlkJTNEJTIyYmxvY21hcCUyMiUyMHN0eWxlJTNEJTIyd2lkdGglM0ExMDAlMjUlM0IlMjBoZWlnaHQlM0E1MDBweCUzQnotaW5kZXglM0EyJTNCJTIyJTNFJTNDJTJGZGl2JTNFJTBBJTNDc2NyaXB0JTIwc3JjJTNEJTIyaHR0cHMlM0ElMkYlMkZ1bnBrZy5jb20lMkZsZWFmbGV0JTQwMS4zLjQlMkZkaXN0JTJGbGVhZmxldC5qcyUzRnZlciUzRDUuMC4zJTIyJTNFJTNDJTJGc2NyaXB0JTNFJTBBJTNDc2NyaXB0JTIwdHlwZSUzRCUyMnRleHQlMkZqYXZhc2NyaXB0JTIyJTNFJTBBJTA5dmFyJTIwbXlsYXRsbmclMjAlM0QlMjAlNUI0Ni4wODM0MzElMkM2LjcyNzI3MCU1RCUzQiUwQSUwOXZhciUyMG15bWFwJTIwJTNEJTIwTC5tYXAlMjglMjdibG9jbWFwJTI3JTI5LnNldFZpZXclMjhteWxhdGxuZyUyQyUyMDklMjklM0IlMEElMDlMLnRpbGVMYXllciUyOCUyN2h0dHBzJTNBJTJGJTJGJTdCcyU3RC50aWxlLm9wZW5zdHJlZXRtYXAub3JnJTJGJTdCeiU3RCUyRiU3QnglN0QlMkYlN0J5JTdELnBuZyUyNyUyQyUyMCU3QiUwQSUwOSUwOW1heFpvb20lM0ElMjAxOSUyQyUwQSUwOSUwOWF0dHJpYnV0aW9uJTNBJTIwJTI3JTI2Y29weSUzQiUyMCUzQ2ElMjBocmVmJTNEJTIyaHR0cCUzQSUyRiUyRnd3dy5vcGVuc3RyZWV0bWFwLm9yZyUyRmNvcHlyaWdodCUyMiUzRU9wZW5TdHJlZXRNYXAlM0MlMkZhJTNFJTI3JTBBJTA5JTdEJTI5LmFkZFRvJTI4bXltYXAlMjklM0IlMEElMDl2YXIlMjBtYXJrZXIlMjAlM0QlMjBMLm1hcmtlciUyOG15bGF0bG5nJTI5LmFkZFRvJTI4bXltYXAlMjklM0IlMEElM0MlMkZzY3JpcHQlM0U=[\/vc_raw_html][\/vc_column][\/vc_row]<\/p>\n<\/div>","protected":false},"excerpt":{"rendered":"<p>[vc_row el_class=&#8221;formnl&#8221;][vc_column][vc_column_text] Getting here easily Want to come discover our snowy mountains? Want to spend a summer holiday in the heart of Haute-Savoie? The resort village of Samoens is characterized by its accessibility. Indeed, the village is only an hour from Geneva airport and 20 minutes from the A40 motorway. Annemasse and Cluses (20 km) [&hellip;]<\/p>\n","protected":false},"author":1,"featured_media":0,"parent":0,"menu_order":70,"comment_status":"closed","ping_status":"closed","template":"","meta":{"_acf_changed":false,"footnotes":""},"class_list":["post-20277","page","type-page","status-publish","hentry"],"acf":[],"yoast_head":"<!-- This site is optimized with the Yoast SEO plugin v27.4 - https:\/\/yoast.com\/product\/yoast-seo-wordpress\/ -->\n<title>Come and see us Samo\u00ebns, station de ski et village authentique en Haute-Savoie<\/title>\n<meta name=\"robots\" content=\"index, follow, max-snippet:-1, max-image-preview:large, max-video-preview:-1\" \/>\n<link rel=\"canonical\" href=\"https:\/\/www.samoens.com\/en\/come-and-see-us\/\" \/>\n<meta property=\"og:locale\" content=\"en_US\" \/>\n<meta property=\"og:type\" content=\"article\" \/>\n<meta property=\"og:title\" content=\"Come and see us Samo\u00ebns, station de ski et village authentique en Haute-Savoie\" \/>\n<meta property=\"og:description\" content=\"[vc_row el_class=&#8221;formnl&#8221;][vc_column][vc_column_text] Getting here easily Want to come discover our snowy mountains? Want to spend a summer holiday in the heart of Haute-Savoie? The resort village of Samoens is characterized by its accessibility. Indeed, the village is only an hour from Geneva airport and 20 minutes from the A40 motorway. Annemasse and Cluses (20 km) [&hellip;]\" \/>\n<meta property=\"og:url\" content=\"https:\/\/www.samoens.com\/en\/come-and-see-us\/\" \/>\n<meta property=\"og:site_name\" content=\"Samo\u00ebns, station de ski et village authentique en Haute-Savoie\" \/>\n<meta property=\"article:modified_time\" content=\"2025-11-14T20:01:16+00:00\" \/>\n<meta name=\"twitter:card\" content=\"summary_large_image\" \/>\n<meta name=\"twitter:label1\" content=\"Est. reading time\" \/>\n\t<meta name=\"twitter:data1\" content=\"2 minutes\" \/>\n<script type=\"application\/ld+json\" class=\"yoast-schema-graph\">{\"@context\":\"https:\\\/\\\/schema.org\",\"@graph\":[{\"@type\":\"WebPage\",\"@id\":\"https:\\\/\\\/www.samoens.com\\\/en\\\/come-and-see-us\\\/\",\"url\":\"https:\\\/\\\/www.samoens.com\\\/en\\\/come-and-see-us\\\/\",\"name\":\"Come and see us Samo\u00ebns, station de ski et village authentique en Haute-Savoie\",\"isPartOf\":{\"@id\":\"https:\\\/\\\/www.samoens.com\\\/#website\"},\"datePublished\":\"2019-09-03T08:11:31+00:00\",\"dateModified\":\"2025-11-14T20:01:16+00:00\",\"breadcrumb\":{\"@id\":\"https:\\\/\\\/www.samoens.com\\\/en\\\/come-and-see-us\\\/#breadcrumb\"},\"inLanguage\":\"en-US\",\"potentialAction\":[{\"@type\":\"ReadAction\",\"target\":[\"https:\\\/\\\/www.samoens.com\\\/en\\\/come-and-see-us\\\/\"]}]},{\"@type\":\"BreadcrumbList\",\"@id\":\"https:\\\/\\\/www.samoens.com\\\/en\\\/come-and-see-us\\\/#breadcrumb\",\"itemListElement\":[{\"@type\":\"ListItem\",\"position\":1,\"name\":\"Accueil\",\"item\":\"https:\\\/\\\/www.samoens.com\\\/en\\\/\"},{\"@type\":\"ListItem\",\"position\":2,\"name\":\"Come and see us\"}]},{\"@type\":\"WebSite\",\"@id\":\"https:\\\/\\\/www.samoens.com\\\/#website\",\"url\":\"https:\\\/\\\/www.samoens.com\\\/\",\"name\":\"Samo\u00ebns, station de ski et village authentique en Haute-Savoie\",\"description\":\"Nich\u00e9e au coeur du domaine skiable du Grand Massif et \u00e0 moins d&#039;1h de Gen\u00e8ve, Samo\u00ebns rendra vos vacances inoubliables en \u00e9t\u00e9 comme en hiver\",\"potentialAction\":[{\"@type\":\"SearchAction\",\"target\":{\"@type\":\"EntryPoint\",\"urlTemplate\":\"https:\\\/\\\/www.samoens.com\\\/?s={search_term_string}\"},\"query-input\":{\"@type\":\"PropertyValueSpecification\",\"valueRequired\":true,\"valueName\":\"search_term_string\"}}],\"inLanguage\":\"en-US\"}]}<\/script>\n<!-- \/ Yoast SEO plugin. -->","yoast_head_json":{"title":"Come and see us Samo\u00ebns, station de ski et village authentique en Haute-Savoie","robots":{"index":"index","follow":"follow","max-snippet":"max-snippet:-1","max-image-preview":"max-image-preview:large","max-video-preview":"max-video-preview:-1"},"canonical":"https:\/\/www.samoens.com\/en\/come-and-see-us\/","og_locale":"en_US","og_type":"article","og_title":"Come and see us Samo\u00ebns, station de ski et village authentique en Haute-Savoie","og_description":"[vc_row el_class=&#8221;formnl&#8221;][vc_column][vc_column_text] Getting here easily Want to come discover our snowy mountains? Want to spend a summer holiday in the heart of Haute-Savoie? The resort village of Samoens is characterized by its accessibility. Indeed, the village is only an hour from Geneva airport and 20 minutes from the A40 motorway. Annemasse and Cluses (20 km) [&hellip;]","og_url":"https:\/\/www.samoens.com\/en\/come-and-see-us\/","og_site_name":"Samo\u00ebns, station de ski et village authentique en Haute-Savoie","article_modified_time":"2025-11-14T20:01:16+00:00","twitter_card":"summary_large_image","twitter_misc":{"Est. reading time":"2 minutes"},"schema":{"@context":"https:\/\/schema.org","@graph":[{"@type":"WebPage","@id":"https:\/\/www.samoens.com\/en\/come-and-see-us\/","url":"https:\/\/www.samoens.com\/en\/come-and-see-us\/","name":"Come and see us Samo\u00ebns, station de ski et village authentique en Haute-Savoie","isPartOf":{"@id":"https:\/\/www.samoens.com\/#website"},"datePublished":"2019-09-03T08:11:31+00:00","dateModified":"2025-11-14T20:01:16+00:00","breadcrumb":{"@id":"https:\/\/www.samoens.com\/en\/come-and-see-us\/#breadcrumb"},"inLanguage":"en-US","potentialAction":[{"@type":"ReadAction","target":["https:\/\/www.samoens.com\/en\/come-and-see-us\/"]}]},{"@type":"BreadcrumbList","@id":"https:\/\/www.samoens.com\/en\/come-and-see-us\/#breadcrumb","itemListElement":[{"@type":"ListItem","position":1,"name":"Accueil","item":"https:\/\/www.samoens.com\/en\/"},{"@type":"ListItem","position":2,"name":"Come and see us"}]},{"@type":"WebSite","@id":"https:\/\/www.samoens.com\/#website","url":"https:\/\/www.samoens.com\/","name":"Samo\u00ebns, station de ski et village authentique en Haute-Savoie","description":"Nich\u00e9e au coeur du domaine skiable du Grand Massif et \u00e0 moins d&#039;1h de Gen\u00e8ve, Samo\u00ebns rendra vos vacances inoubliables en \u00e9t\u00e9 comme en hiver","potentialAction":[{"@type":"SearchAction","target":{"@type":"EntryPoint","urlTemplate":"https:\/\/www.samoens.com\/?s={search_term_string}"},"query-input":{"@type":"PropertyValueSpecification","valueRequired":true,"valueName":"search_term_string"}}],"inLanguage":"en-US"}]}},"_links":{"self":[{"href":"https:\/\/www.samoens.com\/en\/wp-json\/wp\/v2\/pages\/20277","targetHints":{"allow":["GET"]}}],"collection":[{"href":"https:\/\/www.samoens.com\/en\/wp-json\/wp\/v2\/pages"}],"about":[{"href":"https:\/\/www.samoens.com\/en\/wp-json\/wp\/v2\/types\/page"}],"author":[{"embeddable":true,"href":"https:\/\/www.samoens.com\/en\/wp-json\/wp\/v2\/users\/1"}],"replies":[{"embeddable":true,"href":"https:\/\/www.samoens.com\/en\/wp-json\/wp\/v2\/comments?post=20277"}],"version-history":[{"count":5,"href":"https:\/\/www.samoens.com\/en\/wp-json\/wp\/v2\/pages\/20277\/revisions"}],"predecessor-version":[{"id":603575,"href":"https:\/\/www.samoens.com\/en\/wp-json\/wp\/v2\/pages\/20277\/revisions\/603575"}],"wp:attachment":[{"href":"https:\/\/www.samoens.com\/en\/wp-json\/wp\/v2\/media?parent=20277"}],"curies":[{"name":"wp","href":"https:\/\/api.w.org\/{rel}","templated":true}]}}