{"id":13209,"date":"2019-08-30T17:32:33","date_gmt":"2019-08-30T15:32:33","guid":{"rendered":"https:\/\/www.samoens.com\/?page_id=13209"},"modified":"2025-03-11T17:35:10","modified_gmt":"2025-03-11T16:35:10","slug":"cross-country-skiing","status":"publish","type":"page","link":"https:\/\/www.samoens.com\/en\/activities-in-samoens\/winter-activities-2\/cross-country-skiing\/","title":{"rendered":"Cross-country skiing"},"content":{"rendered":"<div class=\"wpb-content-wrapper\"><p>[vc_row][vc_column][vc_column_text]Taste the joys of cross-country skiing in the Samo\u00ebns ski resort. Book your stay in the French Alps and benefit from the training and advice of experienced guides in the snow-capped mountains.<br \/>\nTwo areas are available to you in Samo\u00ebns in Haute-Savoie. A northern domain in the heart of the Giffre valley from Samoens to Morillon and Sixt-Fer-\u00e0-Cheval. An estate located at 1700 meters above sea level in the heart of an exceptional site: the Joux Plane pass. The latter, by its altitude, offers snow all winter. As a bonus, you enjoy an incredible panorama with a view of Mont Blanc. Practice not only cross-country skiing, but all your activities with a nordic park or a packed toboggan run.[\/vc_column_text][vc_btn title=&#8221;Condition of cross-country ski trails&#8221; color=&#8221;juicy-pink&#8221; link=&#8221;url:https%3A%2F%2Fwww.haute-savoie-nordic.com%2Fdomaines%2Fhaut-giffre%2F%23|title:Condition%20of%20cross-country%20ski%20trails|target:_blank&#8221;][\/vc_column][\/vc_row][vc_row][vc_column width=&#8221;1\/2&#8243;][vc_single_image image=&#8221;25728&#8243; img_size=&#8221;medium&#8221; alignment=&#8221;center&#8221; onclick=&#8221;custom_link&#8221; title=&#8221;Fields of cross-country skiing&#8221; link=&#8221;\/en\/fields-of-cross-country-skiing\/&#8221; el_class=&#8221;lienversliste&#8221;][vc_single_image image=&#8221;25720&#8243; img_size=&#8221;medium&#8221; alignment=&#8221;center&#8221; onclick=&#8221;custom_link&#8221; title=&#8221;Location of cross-country skiing&#8221; link=&#8221;\/en\/location-of-cross-country-skiing\/&#8221; el_class=&#8221;lienversliste&#8221;][\/vc_column][vc_column width=&#8221;1\/2&#8243;][vc_single_image image=&#8221;25725&#8243; img_size=&#8221;medium&#8221; alignment=&#8221;center&#8221; onclick=&#8221;custom_link&#8221; title=&#8221;Cross-country ski buses&#8221; link=&#8221;https:\/\/www.samoens.com\/wp-content\/uploads\/2024\/12\/Navettes-skibus-giffre.pdf&#8221; el_class=&#8221;lienversliste&#8221;][vc_single_image image=&#8221;25713&#8243; img_size=&#8221;medium&#8221; alignment=&#8221;center&#8221; onclick=&#8221;custom_link&#8221; title=&#8221;Cross-country ski school&#8221; link=&#8221;\/en\/ecole-de-ski-de-fond\/&#8221; el_class=&#8221;lienversliste&#8221;][\/vc_column][\/vc_row]<\/p>\n<\/div>","protected":false},"excerpt":{"rendered":"<p>[vc_row][vc_column][vc_column_text]Taste the joys of cross-country skiing in the Samo\u00ebns ski resort. Book your stay in the French Alps and benefit from the training and advice of experienced guides in the snow-capped mountains. Two areas are available to you in Samo\u00ebns in Haute-Savoie. A northern domain in the heart of the Giffre valley from Samoens to [&hellip;]<\/p>\n","protected":false},"author":2,"featured_media":529537,"parent":40759,"menu_order":12,"comment_status":"closed","ping_status":"closed","template":"","meta":{"_acf_changed":false,"footnotes":""},"class_list":["post-13209","page","type-page","status-publish","hentry"],"acf":[],"yoast_head":"<!-- This site is optimized with the Yoast SEO plugin v27.5 - https:\/\/yoast.com\/product\/yoast-seo-wordpress\/ -->\n<title>Cross-country skiing Samo\u00ebns, station de ski et village authentique en Haute-Savoie<\/title>\n<meta name=\"robots\" content=\"index, follow, max-snippet:-1, max-image-preview:large, max-video-preview:-1\" \/>\n<link rel=\"canonical\" href=\"https:\/\/www.samoens.com\/en\/activities-in-samoens\/winter-activities-2\/cross-country-skiing\/\" \/>\n<meta property=\"og:locale\" content=\"en_US\" \/>\n<meta property=\"og:type\" content=\"article\" \/>\n<meta property=\"og:title\" content=\"Cross-country skiing Samo\u00ebns, station de ski et village authentique en Haute-Savoie\" \/>\n<meta property=\"og:description\" content=\"[vc_row][vc_column][vc_column_text]Taste the joys of cross-country skiing in the Samo\u00ebns ski resort. Book your stay in the French Alps and benefit from the training and advice of experienced guides in the snow-capped mountains. Two areas are available to you in Samo\u00ebns in Haute-Savoie. A northern domain in the heart of the Giffre valley from Samoens to [&hellip;]\" \/>\n<meta property=\"og:url\" content=\"https:\/\/www.samoens.com\/en\/activities-in-samoens\/winter-activities-2\/cross-country-skiing\/\" \/>\n<meta property=\"og:site_name\" content=\"Samo\u00ebns, station de ski et village authentique en Haute-Savoie\" \/>\n<meta property=\"article:modified_time\" content=\"2025-03-11T16:35:10+00:00\" \/>\n<meta property=\"og:image\" content=\"https:\/\/www.samoens.com\/wp-content\/uploads\/2021\/04\/Samoens-191-scaled.jpg\" \/>\n\t<meta property=\"og:image:width\" content=\"2560\" \/>\n\t<meta property=\"og:image:height\" content=\"945\" \/>\n\t<meta property=\"og:image:type\" content=\"image\/jpeg\" \/>\n<meta name=\"twitter:card\" content=\"summary_large_image\" \/>\n<meta name=\"twitter:label1\" content=\"Est. reading time\" \/>\n\t<meta name=\"twitter:data1\" content=\"1 minute\" \/>\n<script type=\"application\/ld+json\" class=\"yoast-schema-graph\">{\"@context\":\"https:\\\/\\\/schema.org\",\"@graph\":[{\"@type\":\"WebPage\",\"@id\":\"https:\\\/\\\/www.samoens.com\\\/en\\\/activities-in-samoens\\\/winter-activities-2\\\/cross-country-skiing\\\/\",\"url\":\"https:\\\/\\\/www.samoens.com\\\/en\\\/activities-in-samoens\\\/winter-activities-2\\\/cross-country-skiing\\\/\",\"name\":\"Cross-country skiing Samo\u00ebns, station de ski et village authentique en Haute-Savoie\",\"isPartOf\":{\"@id\":\"https:\\\/\\\/www.samoens.com\\\/#website\"},\"primaryImageOfPage\":{\"@id\":\"https:\\\/\\\/www.samoens.com\\\/en\\\/activities-in-samoens\\\/winter-activities-2\\\/cross-country-skiing\\\/#primaryimage\"},\"image\":{\"@id\":\"https:\\\/\\\/www.samoens.com\\\/en\\\/activities-in-samoens\\\/winter-activities-2\\\/cross-country-skiing\\\/#primaryimage\"},\"thumbnailUrl\":\"https:\\\/\\\/www.samoens.com\\\/wp-content\\\/uploads\\\/2021\\\/04\\\/Samoens-191-scaled.jpg\",\"datePublished\":\"2019-08-30T15:32:33+00:00\",\"dateModified\":\"2025-03-11T16:35:10+00:00\",\"breadcrumb\":{\"@id\":\"https:\\\/\\\/www.samoens.com\\\/en\\\/activities-in-samoens\\\/winter-activities-2\\\/cross-country-skiing\\\/#breadcrumb\"},\"inLanguage\":\"en-US\",\"potentialAction\":[{\"@type\":\"ReadAction\",\"target\":[\"https:\\\/\\\/www.samoens.com\\\/en\\\/activities-in-samoens\\\/winter-activities-2\\\/cross-country-skiing\\\/\"]}]},{\"@type\":\"ImageObject\",\"inLanguage\":\"en-US\",\"@id\":\"https:\\\/\\\/www.samoens.com\\\/en\\\/activities-in-samoens\\\/winter-activities-2\\\/cross-country-skiing\\\/#primaryimage\",\"url\":\"https:\\\/\\\/www.samoens.com\\\/wp-content\\\/uploads\\\/2021\\\/04\\\/Samoens-191-scaled.jpg\",\"contentUrl\":\"https:\\\/\\\/www.samoens.com\\\/wp-content\\\/uploads\\\/2021\\\/04\\\/Samoens-191-scaled.jpg\",\"width\":2560,\"height\":945,\"caption\":\"au dessus du hameau les Chosalets avec la Pointe du Tuet et le Criou en arri\u00e8re plan\"},{\"@type\":\"BreadcrumbList\",\"@id\":\"https:\\\/\\\/www.samoens.com\\\/en\\\/activities-in-samoens\\\/winter-activities-2\\\/cross-country-skiing\\\/#breadcrumb\",\"itemListElement\":[{\"@type\":\"ListItem\",\"position\":1,\"name\":\"Accueil\",\"item\":\"https:\\\/\\\/www.samoens.com\\\/en\\\/\"},{\"@type\":\"ListItem\",\"position\":2,\"name\":\"Winter activities\",\"item\":\"https:\\\/\\\/www.samoens.com\\\/en\\\/activities-in-samoens\\\/winter-activities-2\\\/\"},{\"@type\":\"ListItem\",\"position\":3,\"name\":\"Activities in Samo\u00ebns\",\"item\":\"https:\\\/\\\/www.samoens.com\\\/en\\\/activities-in-samoens\\\/\"},{\"@type\":\"ListItem\",\"position\":4,\"name\":\"Cross-country skiing\"}]},{\"@type\":\"WebSite\",\"@id\":\"https:\\\/\\\/www.samoens.com\\\/#website\",\"url\":\"https:\\\/\\\/www.samoens.com\\\/\",\"name\":\"Samo\u00ebns, station de ski et village authentique en Haute-Savoie\",\"description\":\"Nich\u00e9e au coeur du domaine skiable du Grand Massif et \u00e0 moins d&#039;1h de Gen\u00e8ve, Samo\u00ebns rendra vos vacances inoubliables en \u00e9t\u00e9 comme en hiver\",\"potentialAction\":[{\"@type\":\"SearchAction\",\"target\":{\"@type\":\"EntryPoint\",\"urlTemplate\":\"https:\\\/\\\/www.samoens.com\\\/?s={search_term_string}\"},\"query-input\":{\"@type\":\"PropertyValueSpecification\",\"valueRequired\":true,\"valueName\":\"search_term_string\"}}],\"inLanguage\":\"en-US\"}]}<\/script>\n<!-- \/ Yoast SEO plugin. -->","yoast_head_json":{"title":"Cross-country skiing Samo\u00ebns, station de ski et village authentique en Haute-Savoie","robots":{"index":"index","follow":"follow","max-snippet":"max-snippet:-1","max-image-preview":"max-image-preview:large","max-video-preview":"max-video-preview:-1"},"canonical":"https:\/\/www.samoens.com\/en\/activities-in-samoens\/winter-activities-2\/cross-country-skiing\/","og_locale":"en_US","og_type":"article","og_title":"Cross-country skiing Samo\u00ebns, station de ski et village authentique en Haute-Savoie","og_description":"[vc_row][vc_column][vc_column_text]Taste the joys of cross-country skiing in the Samo\u00ebns ski resort. Book your stay in the French Alps and benefit from the training and advice of experienced guides in the snow-capped mountains. Two areas are available to you in Samo\u00ebns in Haute-Savoie. A northern domain in the heart of the Giffre valley from Samoens to [&hellip;]","og_url":"https:\/\/www.samoens.com\/en\/activities-in-samoens\/winter-activities-2\/cross-country-skiing\/","og_site_name":"Samo\u00ebns, station de ski et village authentique en Haute-Savoie","article_modified_time":"2025-03-11T16:35:10+00:00","og_image":[{"width":2560,"height":945,"url":"https:\/\/www.samoens.com\/wp-content\/uploads\/2021\/04\/Samoens-191-scaled.jpg","type":"image\/jpeg"}],"twitter_card":"summary_large_image","twitter_misc":{"Est. reading time":"1 minute"},"schema":{"@context":"https:\/\/schema.org","@graph":[{"@type":"WebPage","@id":"https:\/\/www.samoens.com\/en\/activities-in-samoens\/winter-activities-2\/cross-country-skiing\/","url":"https:\/\/www.samoens.com\/en\/activities-in-samoens\/winter-activities-2\/cross-country-skiing\/","name":"Cross-country skiing Samo\u00ebns, station de ski et village authentique en Haute-Savoie","isPartOf":{"@id":"https:\/\/www.samoens.com\/#website"},"primaryImageOfPage":{"@id":"https:\/\/www.samoens.com\/en\/activities-in-samoens\/winter-activities-2\/cross-country-skiing\/#primaryimage"},"image":{"@id":"https:\/\/www.samoens.com\/en\/activities-in-samoens\/winter-activities-2\/cross-country-skiing\/#primaryimage"},"thumbnailUrl":"https:\/\/www.samoens.com\/wp-content\/uploads\/2021\/04\/Samoens-191-scaled.jpg","datePublished":"2019-08-30T15:32:33+00:00","dateModified":"2025-03-11T16:35:10+00:00","breadcrumb":{"@id":"https:\/\/www.samoens.com\/en\/activities-in-samoens\/winter-activities-2\/cross-country-skiing\/#breadcrumb"},"inLanguage":"en-US","potentialAction":[{"@type":"ReadAction","target":["https:\/\/www.samoens.com\/en\/activities-in-samoens\/winter-activities-2\/cross-country-skiing\/"]}]},{"@type":"ImageObject","inLanguage":"en-US","@id":"https:\/\/www.samoens.com\/en\/activities-in-samoens\/winter-activities-2\/cross-country-skiing\/#primaryimage","url":"https:\/\/www.samoens.com\/wp-content\/uploads\/2021\/04\/Samoens-191-scaled.jpg","contentUrl":"https:\/\/www.samoens.com\/wp-content\/uploads\/2021\/04\/Samoens-191-scaled.jpg","width":2560,"height":945,"caption":"au dessus du hameau les Chosalets avec la Pointe du Tuet et le Criou en arri\u00e8re plan"},{"@type":"BreadcrumbList","@id":"https:\/\/www.samoens.com\/en\/activities-in-samoens\/winter-activities-2\/cross-country-skiing\/#breadcrumb","itemListElement":[{"@type":"ListItem","position":1,"name":"Accueil","item":"https:\/\/www.samoens.com\/en\/"},{"@type":"ListItem","position":2,"name":"Winter activities","item":"https:\/\/www.samoens.com\/en\/activities-in-samoens\/winter-activities-2\/"},{"@type":"ListItem","position":3,"name":"Activities in Samo\u00ebns","item":"https:\/\/www.samoens.com\/en\/activities-in-samoens\/"},{"@type":"ListItem","position":4,"name":"Cross-country skiing"}]},{"@type":"WebSite","@id":"https:\/\/www.samoens.com\/#website","url":"https:\/\/www.samoens.com\/","name":"Samo\u00ebns, station de ski et village authentique en Haute-Savoie","description":"Nich\u00e9e au coeur du domaine skiable du Grand Massif et \u00e0 moins d&#039;1h de Gen\u00e8ve, Samo\u00ebns rendra vos vacances inoubliables en \u00e9t\u00e9 comme en hiver","potentialAction":[{"@type":"SearchAction","target":{"@type":"EntryPoint","urlTemplate":"https:\/\/www.samoens.com\/?s={search_term_string}"},"query-input":{"@type":"PropertyValueSpecification","valueRequired":true,"valueName":"search_term_string"}}],"inLanguage":"en-US"}]}},"_links":{"self":[{"href":"https:\/\/www.samoens.com\/en\/wp-json\/wp\/v2\/pages\/13209","targetHints":{"allow":["GET"]}}],"collection":[{"href":"https:\/\/www.samoens.com\/en\/wp-json\/wp\/v2\/pages"}],"about":[{"href":"https:\/\/www.samoens.com\/en\/wp-json\/wp\/v2\/types\/page"}],"author":[{"embeddable":true,"href":"https:\/\/www.samoens.com\/en\/wp-json\/wp\/v2\/users\/2"}],"replies":[{"embeddable":true,"href":"https:\/\/www.samoens.com\/en\/wp-json\/wp\/v2\/comments?post=13209"}],"version-history":[{"count":2,"href":"https:\/\/www.samoens.com\/en\/wp-json\/wp\/v2\/pages\/13209\/revisions"}],"predecessor-version":[{"id":594870,"href":"https:\/\/www.samoens.com\/en\/wp-json\/wp\/v2\/pages\/13209\/revisions\/594870"}],"up":[{"embeddable":true,"href":"https:\/\/www.samoens.com\/en\/wp-json\/wp\/v2\/pages\/40759"}],"wp:featuredmedia":[{"embeddable":true,"href":"https:\/\/www.samoens.com\/en\/wp-json\/wp\/v2\/media\/529537"}],"wp:attachment":[{"href":"https:\/\/www.samoens.com\/en\/wp-json\/wp\/v2\/media?parent=13209"}],"curies":[{"name":"wp","href":"https:\/\/api.w.org\/{rel}","templated":true}]}}