{"id":13205,"date":"2019-08-30T17:29:54","date_gmt":"2019-08-30T15:29:54","guid":{"rendered":"https:\/\/www.samoens.com\/?page_id=13205"},"modified":"2023-09-22T16:47:54","modified_gmt":"2023-09-22T14:47:54","slug":"alpine-skiing","status":"publish","type":"page","link":"https:\/\/www.samoens.com\/en\/activities-in-samoens\/winter-activities-2\/alpine-skiing\/","title":{"rendered":"Alpine skiing"},"content":{"rendered":"<div class=\"wpb-content-wrapper\"><p>[vc_row][vc_column][vc_column_text]The village resort of Samo\u00ebns enjoys a prime location and an exceptional panorama, in the heart of the French Alps. Attached to the Grand Massif area, the station is connected to four other stations: Flaine, Les Carroz, Morillon and Sixt-Fer-\u00e0-Cheval.<\/p>\n<p>You will be able to take advantage of the domain of the Grand Massif, 265 km of glide, the Massif or the beginner domain.[\/vc_column_text][\/vc_column][\/vc_row][vc_row][vc_column width=&#8221;1\/2&#8243;][vc_single_image image=&#8221;221&#8243; img_size=&#8221;medium&#8221; alignment=&#8221;center&#8221; onclick=&#8221;custom_link&#8221; title=&#8221;Alpine Ski Area&#8221; link=&#8221;\/en\/an-alpine-ski-area-dedicated-to-beginners\/&#8221; el_class=&#8221;lienversliste&#8221;][vc_single_image image=&#8221;220&#8243; img_size=&#8221;medium&#8221; alignment=&#8221;center&#8221; onclick=&#8221;custom_link&#8221; title=&#8221;Alpine ski rental&#8221; link=&#8221;\/en\/alpine-ski-rental\/&#8221; el_class=&#8221;lienversliste&#8221;][vc_single_image image=&#8221;67518&#8243; img_size=&#8221;medium&#8221; alignment=&#8221;center&#8221; onclick=&#8221;custom_link&#8221; title=&#8221;Fun zones&#8221; link=&#8221;https:\/\/www.grand-massif.com\/en\/your-destination\/ski-area\/fun-zone-marvel-cascades\/&#8221; el_class=&#8221;lienversliste&#8221;][\/vc_column][vc_column width=&#8221;1\/2&#8243;][vc_single_image image=&#8221;574835&#8243; img_size=&#8221;medium&#8221; alignment=&#8221;center&#8221; onclick=&#8221;custom_link&#8221; title=&#8221;Alpine ski shuttles&#8221; link=&#8221;https:\/\/www.samoens.com\/wp-content\/uploads\/2023\/03\/Pdf-fiches-complete.pdf&#8221; el_class=&#8221;lienversliste&#8221;][vc_single_image image=&#8221;209&#8243; img_size=&#8221;medium&#8221; alignment=&#8221;center&#8221; onclick=&#8221;custom_link&#8221; title=&#8221;Alpine ski schools&#8221; link=&#8221;\/en\/alpine-ski-schools\/&#8221; el_class=&#8221;lienversliste&#8221;][vc_single_image image=&#8221;67506&#8243; img_size=&#8221;medium&#8221; alignment=&#8221;center&#8221; onclick=&#8221;custom_link&#8221; title=&#8221;Top ski spots&#8221; link=&#8221;https:\/\/www.grand-massif.com\/en\/your-destination\/ski-area\/top-ski-spots-marvel-cascades-gers\/&#8221; el_class=&#8221;lienversliste&#8221;][\/vc_column][\/vc_row]<\/p>\n<\/div>","protected":false},"excerpt":{"rendered":"<p>[vc_row][vc_column][vc_column_text]The village resort of Samo\u00ebns enjoys a prime location and an exceptional panorama, in the heart of the French Alps. Attached to the Grand Massif area, the station is connected to four other stations: Flaine, Les Carroz, Morillon and Sixt-Fer-\u00e0-Cheval. You will be able to take advantage of the domain of the Grand Massif, 265 [&hellip;]<\/p>\n","protected":false},"author":2,"featured_media":427703,"parent":40759,"menu_order":8,"comment_status":"closed","ping_status":"closed","template":"","meta":{"_acf_changed":false,"footnotes":""},"class_list":["post-13205","page","type-page","status-publish","hentry"],"acf":[],"yoast_head":"<!-- This site is optimized with the Yoast SEO plugin v27.4 - https:\/\/yoast.com\/product\/yoast-seo-wordpress\/ -->\n<title>Winter Adventures in Samo\u00ebns - Diverse Activities in Haute-Savoie Ski Resort<\/title>\n<meta name=\"description\" content=\"Discover a plethora of winter activities offered in Samo\u00ebns this season. From traditional skiing and ski touring to unique experiences like ice waterfalls, heliskiing, and night snowmobiling, Samo\u00ebns promises an unforgettable winter adventure for everyone.\" \/>\n<meta name=\"robots\" content=\"index, follow, max-snippet:-1, max-image-preview:large, max-video-preview:-1\" \/>\n<link rel=\"canonical\" href=\"https:\/\/www.samoens.com\/en\/activities-in-samoens\/winter-activities-2\/alpine-skiing\/\" \/>\n<meta property=\"og:locale\" content=\"en_US\" \/>\n<meta property=\"og:type\" content=\"article\" \/>\n<meta property=\"og:title\" content=\"Winter Adventures in Samo\u00ebns - Diverse Activities in Haute-Savoie Ski Resort\" \/>\n<meta property=\"og:description\" content=\"Explore a wide range of winter activities in Samo\u00ebns, from skiing and cross-country skiing to ice rink fun and fat biking. Dive into the winter wonderland of Samo\u00ebns for an unparalleled experience.\" \/>\n<meta property=\"og:url\" content=\"https:\/\/www.samoens.com\/en\/activities-in-samoens\/winter-activities-2\/alpine-skiing\/\" \/>\n<meta property=\"og:site_name\" content=\"Samo\u00ebns, station de ski et village authentique en Haute-Savoie\" \/>\n<meta property=\"article:modified_time\" content=\"2023-09-22T14:47:54+00:00\" \/>\n<meta property=\"og:image\" content=\"https:\/\/www.samoens.com\/wp-content\/uploads\/2020\/09\/Samoens-001-scaled.jpg\" \/>\n\t<meta property=\"og:image:width\" content=\"2560\" \/>\n\t<meta property=\"og:image:height\" content=\"1045\" \/>\n\t<meta property=\"og:image:type\" content=\"image\/jpeg\" \/>\n<meta name=\"twitter:card\" content=\"summary_large_image\" \/>\n<meta name=\"twitter:label1\" content=\"Est. reading time\" \/>\n\t<meta name=\"twitter:data1\" content=\"1 minute\" \/>\n<script type=\"application\/ld+json\" class=\"yoast-schema-graph\">{\"@context\":\"https:\\\/\\\/schema.org\",\"@graph\":[{\"@type\":\"WebPage\",\"@id\":\"https:\\\/\\\/www.samoens.com\\\/en\\\/activities-in-samoens\\\/winter-activities-2\\\/alpine-skiing\\\/\",\"url\":\"https:\\\/\\\/www.samoens.com\\\/en\\\/activities-in-samoens\\\/winter-activities-2\\\/alpine-skiing\\\/\",\"name\":\"Winter Adventures in Samo\u00ebns - Diverse Activities in Haute-Savoie Ski Resort\",\"isPartOf\":{\"@id\":\"https:\\\/\\\/www.samoens.com\\\/#website\"},\"primaryImageOfPage\":{\"@id\":\"https:\\\/\\\/www.samoens.com\\\/en\\\/activities-in-samoens\\\/winter-activities-2\\\/alpine-skiing\\\/#primaryimage\"},\"image\":{\"@id\":\"https:\\\/\\\/www.samoens.com\\\/en\\\/activities-in-samoens\\\/winter-activities-2\\\/alpine-skiing\\\/#primaryimage\"},\"thumbnailUrl\":\"https:\\\/\\\/www.samoens.com\\\/wp-content\\\/uploads\\\/2020\\\/09\\\/Samoens-001-scaled.jpg\",\"datePublished\":\"2019-08-30T15:29:54+00:00\",\"dateModified\":\"2023-09-22T14:47:54+00:00\",\"description\":\"Explore a wide range of winter activities in Samo\u00ebns, from skiing and cross-country skiing to ice rink fun and fat biking. Dive into the winter wonderland of Samo\u00ebns for an unparalleled experience.\",\"breadcrumb\":{\"@id\":\"https:\\\/\\\/www.samoens.com\\\/en\\\/activities-in-samoens\\\/winter-activities-2\\\/alpine-skiing\\\/#breadcrumb\"},\"inLanguage\":\"en-US\",\"potentialAction\":[{\"@type\":\"ReadAction\",\"target\":[\"https:\\\/\\\/www.samoens.com\\\/en\\\/activities-in-samoens\\\/winter-activities-2\\\/alpine-skiing\\\/\"]}]},{\"@type\":\"ImageObject\",\"inLanguage\":\"en-US\",\"@id\":\"https:\\\/\\\/www.samoens.com\\\/en\\\/activities-in-samoens\\\/winter-activities-2\\\/alpine-skiing\\\/#primaryimage\",\"url\":\"https:\\\/\\\/www.samoens.com\\\/wp-content\\\/uploads\\\/2020\\\/09\\\/Samoens-001-scaled.jpg\",\"contentUrl\":\"https:\\\/\\\/www.samoens.com\\\/wp-content\\\/uploads\\\/2020\\\/09\\\/Samoens-001-scaled.jpg\",\"width\":2560,\"height\":1045},{\"@type\":\"BreadcrumbList\",\"@id\":\"https:\\\/\\\/www.samoens.com\\\/en\\\/activities-in-samoens\\\/winter-activities-2\\\/alpine-skiing\\\/#breadcrumb\",\"itemListElement\":[{\"@type\":\"ListItem\",\"position\":1,\"name\":\"Accueil\",\"item\":\"https:\\\/\\\/www.samoens.com\\\/en\\\/\"},{\"@type\":\"ListItem\",\"position\":2,\"name\":\"Winter activities\",\"item\":\"https:\\\/\\\/www.samoens.com\\\/en\\\/activities-in-samoens\\\/winter-activities-2\\\/\"},{\"@type\":\"ListItem\",\"position\":3,\"name\":\"Activities in Samo\u00ebns\",\"item\":\"https:\\\/\\\/www.samoens.com\\\/en\\\/activities-in-samoens\\\/\"},{\"@type\":\"ListItem\",\"position\":4,\"name\":\"Alpine skiing\"}]},{\"@type\":\"WebSite\",\"@id\":\"https:\\\/\\\/www.samoens.com\\\/#website\",\"url\":\"https:\\\/\\\/www.samoens.com\\\/\",\"name\":\"Samo\u00ebns, station de ski et village authentique en Haute-Savoie\",\"description\":\"Nich\u00e9e au coeur du domaine skiable du Grand Massif et \u00e0 moins d&#039;1h de Gen\u00e8ve, Samo\u00ebns rendra vos vacances inoubliables en \u00e9t\u00e9 comme en hiver\",\"potentialAction\":[{\"@type\":\"SearchAction\",\"target\":{\"@type\":\"EntryPoint\",\"urlTemplate\":\"https:\\\/\\\/www.samoens.com\\\/?s={search_term_string}\"},\"query-input\":{\"@type\":\"PropertyValueSpecification\",\"valueRequired\":true,\"valueName\":\"search_term_string\"}}],\"inLanguage\":\"en-US\"}]}<\/script>\n<!-- \/ Yoast SEO plugin. -->","yoast_head_json":{"title":"Winter Adventures in Samo\u00ebns - Diverse Activities in Haute-Savoie Ski Resort","description":"Discover a plethora of winter activities offered in Samo\u00ebns this season. From traditional skiing and ski touring to unique experiences like ice waterfalls, heliskiing, and night snowmobiling, Samo\u00ebns promises an unforgettable winter adventure for everyone.","robots":{"index":"index","follow":"follow","max-snippet":"max-snippet:-1","max-image-preview":"max-image-preview:large","max-video-preview":"max-video-preview:-1"},"canonical":"https:\/\/www.samoens.com\/en\/activities-in-samoens\/winter-activities-2\/alpine-skiing\/","og_locale":"en_US","og_type":"article","og_title":"Winter Adventures in Samo\u00ebns - Diverse Activities in Haute-Savoie Ski Resort","og_description":"Explore a wide range of winter activities in Samo\u00ebns, from skiing and cross-country skiing to ice rink fun and fat biking. Dive into the winter wonderland of Samo\u00ebns for an unparalleled experience.","og_url":"https:\/\/www.samoens.com\/en\/activities-in-samoens\/winter-activities-2\/alpine-skiing\/","og_site_name":"Samo\u00ebns, station de ski et village authentique en Haute-Savoie","article_modified_time":"2023-09-22T14:47:54+00:00","og_image":[{"width":2560,"height":1045,"url":"https:\/\/www.samoens.com\/wp-content\/uploads\/2020\/09\/Samoens-001-scaled.jpg","type":"image\/jpeg"}],"twitter_card":"summary_large_image","twitter_misc":{"Est. reading time":"1 minute"},"schema":{"@context":"https:\/\/schema.org","@graph":[{"@type":"WebPage","@id":"https:\/\/www.samoens.com\/en\/activities-in-samoens\/winter-activities-2\/alpine-skiing\/","url":"https:\/\/www.samoens.com\/en\/activities-in-samoens\/winter-activities-2\/alpine-skiing\/","name":"Winter Adventures in Samo\u00ebns - Diverse Activities in Haute-Savoie Ski Resort","isPartOf":{"@id":"https:\/\/www.samoens.com\/#website"},"primaryImageOfPage":{"@id":"https:\/\/www.samoens.com\/en\/activities-in-samoens\/winter-activities-2\/alpine-skiing\/#primaryimage"},"image":{"@id":"https:\/\/www.samoens.com\/en\/activities-in-samoens\/winter-activities-2\/alpine-skiing\/#primaryimage"},"thumbnailUrl":"https:\/\/www.samoens.com\/wp-content\/uploads\/2020\/09\/Samoens-001-scaled.jpg","datePublished":"2019-08-30T15:29:54+00:00","dateModified":"2023-09-22T14:47:54+00:00","description":"Explore a wide range of winter activities in Samo\u00ebns, from skiing and cross-country skiing to ice rink fun and fat biking. Dive into the winter wonderland of Samo\u00ebns for an unparalleled experience.","breadcrumb":{"@id":"https:\/\/www.samoens.com\/en\/activities-in-samoens\/winter-activities-2\/alpine-skiing\/#breadcrumb"},"inLanguage":"en-US","potentialAction":[{"@type":"ReadAction","target":["https:\/\/www.samoens.com\/en\/activities-in-samoens\/winter-activities-2\/alpine-skiing\/"]}]},{"@type":"ImageObject","inLanguage":"en-US","@id":"https:\/\/www.samoens.com\/en\/activities-in-samoens\/winter-activities-2\/alpine-skiing\/#primaryimage","url":"https:\/\/www.samoens.com\/wp-content\/uploads\/2020\/09\/Samoens-001-scaled.jpg","contentUrl":"https:\/\/www.samoens.com\/wp-content\/uploads\/2020\/09\/Samoens-001-scaled.jpg","width":2560,"height":1045},{"@type":"BreadcrumbList","@id":"https:\/\/www.samoens.com\/en\/activities-in-samoens\/winter-activities-2\/alpine-skiing\/#breadcrumb","itemListElement":[{"@type":"ListItem","position":1,"name":"Accueil","item":"https:\/\/www.samoens.com\/en\/"},{"@type":"ListItem","position":2,"name":"Winter activities","item":"https:\/\/www.samoens.com\/en\/activities-in-samoens\/winter-activities-2\/"},{"@type":"ListItem","position":3,"name":"Activities in Samo\u00ebns","item":"https:\/\/www.samoens.com\/en\/activities-in-samoens\/"},{"@type":"ListItem","position":4,"name":"Alpine skiing"}]},{"@type":"WebSite","@id":"https:\/\/www.samoens.com\/#website","url":"https:\/\/www.samoens.com\/","name":"Samo\u00ebns, station de ski et village authentique en Haute-Savoie","description":"Nich\u00e9e au coeur du domaine skiable du Grand Massif et \u00e0 moins d&#039;1h de Gen\u00e8ve, Samo\u00ebns rendra vos vacances inoubliables en \u00e9t\u00e9 comme en hiver","potentialAction":[{"@type":"SearchAction","target":{"@type":"EntryPoint","urlTemplate":"https:\/\/www.samoens.com\/?s={search_term_string}"},"query-input":{"@type":"PropertyValueSpecification","valueRequired":true,"valueName":"search_term_string"}}],"inLanguage":"en-US"}]}},"_links":{"self":[{"href":"https:\/\/www.samoens.com\/en\/wp-json\/wp\/v2\/pages\/13205","targetHints":{"allow":["GET"]}}],"collection":[{"href":"https:\/\/www.samoens.com\/en\/wp-json\/wp\/v2\/pages"}],"about":[{"href":"https:\/\/www.samoens.com\/en\/wp-json\/wp\/v2\/types\/page"}],"author":[{"embeddable":true,"href":"https:\/\/www.samoens.com\/en\/wp-json\/wp\/v2\/users\/2"}],"replies":[{"embeddable":true,"href":"https:\/\/www.samoens.com\/en\/wp-json\/wp\/v2\/comments?post=13205"}],"version-history":[{"count":2,"href":"https:\/\/www.samoens.com\/en\/wp-json\/wp\/v2\/pages\/13205\/revisions"}],"predecessor-version":[{"id":575335,"href":"https:\/\/www.samoens.com\/en\/wp-json\/wp\/v2\/pages\/13205\/revisions\/575335"}],"up":[{"embeddable":true,"href":"https:\/\/www.samoens.com\/en\/wp-json\/wp\/v2\/pages\/40759"}],"wp:featuredmedia":[{"embeddable":true,"href":"https:\/\/www.samoens.com\/en\/wp-json\/wp\/v2\/media\/427703"}],"wp:attachment":[{"href":"https:\/\/www.samoens.com\/en\/wp-json\/wp\/v2\/media?parent=13205"}],"curies":[{"name":"wp","href":"https:\/\/api.w.org\/{rel}","templated":true}]}}