{"id":11762,"date":"2019-08-29T10:41:34","date_gmt":"2019-08-29T08:41:34","guid":{"rendered":"https:\/\/www.samoens.com\/handicap\/"},"modified":"2026-03-07T17:03:02","modified_gmt":"2026-03-07T16:03:02","slug":"handicap","status":"publish","type":"page","link":"https:\/\/www.samoens.com\/en\/handicap\/","title":{"rendered":"Handi-tourism"},"content":{"rendered":"<div class=\"wpb-content-wrapper\"><p>[vc_row][vc_column width=&#8221;1\/2&#8243;][vc_single_image image=&#8221;605469&#8243; img_size=&#8221;medium&#8221; css=&#8221;&#8221;][\/vc_column][vc_column width=&#8221;1\/2&#8243;][vc_single_image image=&#8221;605771&#8243; img_size=&#8221;medium&#8221; css=&#8221;&#8221;][\/vc_column][\/vc_row][vc_row][vc_column][vc_column_text css=&#8221;&#8221;]<\/p>\n<h2>handi-tourism in Samo\u00ebns<\/h2>\n<p>[\/vc_column_text][vc_column_text css=&#8221;&#8221;]<\/p>\n<h2 class=\"chapeau\">Find all the practical information you need about accessibility and the adapted activities available to you.<\/h2>\n<p>&nbsp;<\/p>\n<h2 class=\"chapeau\">To find out about accessibility at the tourist office building, please visit our page on <a href=\"https:\/\/acceslibre.beta.gouv.fr\/app\/74-samoens\/a\/office-du-tourisme\/erp\/office-de-tourisme-de-samoens\/\"><span style=\"color: #eb4747;\"><strong>Acceslibre.<\/strong><\/span><\/a><\/h2>\n<p>[\/vc_column_text][vc_column_text css=&#8221;&#8221;]Samo\u00ebns is committed to accessible tourism in the mountains. The resort village offers a wide range of adapted facilities that enable people with disabilities to access numerous sporting and cultural activities, as well as the various facilities in the village.<\/p>\n<p>&nbsp;<\/p>\n<p>The municipality of Samo\u00ebns, the Tourist Office and the <a href=\"https:\/\/www.samoens.com\/en\/samoens-handi-glisse-parasports-in-the-mountains\/\" target=\"_blank\" rel=\"noopener\"><span style=\"color: #6c9ed8;\"><strong><em>Samo\u00ebns Handi-Glisse<\/em> association<\/strong><\/span><\/a> have joined forces to form a steering committee and have identified offers that allow visitors to enjoy the village while combining pleasure and ease of access. The association&#8217;s aim is to provide disabled sports equipment and make it available free of charge to people with disabilities.<\/p>\n<p>The Tourist Office has visited accommodation providers (hotels, chalets, campsites, etc.) as well as restaurants and shops in order to create a section that provides information on the level of accessibility in these establishments for people with reduced mobility.[\/vc_column_text][vc_separator][\/vc_column][vc_column][vc_column_text css=&#8221;&#8221;]<\/p>\n<h2>To organise a handi-friendly holiday from start to finish<\/h2>\n<h4><strong><span style=\"color: #eb4747;\">Download the brochure <a style=\"color: #eb4747;\" href=\"https:\/\/www.samoens.com\/wp-content\/uploads\/2025\/10\/handi_GB_OK.pdf\">\u201cSamo\u00ebns for everyone\u201d.<\/a><\/span><\/strong><\/h4>\n<h4><strong>Download the brochure <a href=\"https:\/\/www.samoens.com\/wp-content\/uploads\/2024\/03\/Guide-FALC-facile-a-lire-et-a-comprendre.pdf\">\u201cFALC Guide &#8211; Easy to read and understand\u201d<\/a> (only in french).<\/strong><\/h4>\n<p>[\/vc_column_text][\/vc_column][\/vc_row][vc_row][vc_column width=&#8221;1\/3&#8243;][vc_single_image image=&#8221;597131&#8243; img_size=&#8221;medium&#8221; alignment=&#8221;center&#8221; onclick=&#8221;custom_link&#8221; img_link_target=&#8221;_blank&#8221; css=&#8221;&#8221; title=&#8221;Adapted winter activities&#8221; link=&#8221;https:\/\/www.samoens.com\/en\/activities-in-samoens\/winter-activities-2\/handicraft-activities-in-the-haute-savoie-in-samoens-in-winter\/&#8221; el_class=&#8221;lienversliste&#8221;][\/vc_column][vc_column width=&#8221;1\/3&#8243;][vc_single_image image=&#8221;413887&#8243; img_size=&#8221;medium&#8221; alignment=&#8221;center&#8221; onclick=&#8221;custom_link&#8221; img_link_target=&#8221;_blank&#8221; css=&#8221;&#8221; title=&#8221;Adapted summer activities&#8221; link=&#8221;https:\/\/www.samoens.com\/en\/activities-in-samoens\/summer-activities-2\/handicaps-in-the-mountains-in-samoens-summer\/&#8221; el_class=&#8221;lienversliste&#8221;][\/vc_column][vc_column width=&#8221;1\/3&#8243;][vc_single_image image=&#8221;593568&#8243; img_size=&#8221;medium&#8221; alignment=&#8221;center&#8221; onclick=&#8221;custom_link&#8221; img_link_target=&#8221;_blank&#8221; css=&#8221;&#8221; title=&#8221;Adapted transport&#8221; el_class=&#8221;lienversliste&#8221; link=&#8221;https:\/\/www.samoens.com\/en\/adapted-transport\/&#8221;][\/vc_column][\/vc_row][vc_row][vc_column width=&#8221;1\/3&#8243;][vc_single_image image=&#8221;2400&#8243; img_size=&#8221;medium&#8221; alignment=&#8221;center&#8221; onclick=&#8221;custom_link&#8221; img_link_target=&#8221;_blank&#8221; css=&#8221;&#8221; title=&#8221;Adapted accommodation&#8221; link=&#8221;https:\/\/www.samoens.com\/en\/accommodation-label-tourism-and-handicap\/&#8221; el_class=&#8221;lienversliste&#8221;][\/vc_column][vc_column width=&#8221;1\/3&#8243;][vc_single_image image=&#8221;598151&#8243; img_size=&#8221;medium&#8221; alignment=&#8221;center&#8221; onclick=&#8221;custom_link&#8221; img_link_target=&#8221;_blank&#8221; css=&#8221;&#8221; title=&#8221;Restaurants with disabled access&#8221; link=&#8221;https:\/\/www.samoens.com\/en\/handicap\/restaurants-pmr\/&#8221; el_class=&#8221;lienversliste&#8221;][\/vc_column][vc_column width=&#8221;1\/3&#8243;][vc_single_image image=&#8221;593622&#8243; img_size=&#8221;medium&#8221; alignment=&#8221;center&#8221; onclick=&#8221;custom_link&#8221; img_link_target=&#8221;_blank&#8221; css=&#8221;&#8221; title=&#8221;Interactive map with \u2018Disabled access\u2019 filter&#8221; link=&#8221;https:\/\/explore.samoens.com\/en\/map&#8221; el_class=&#8221;lienversliste&#8221;][\/vc_column][\/vc_row][vc_row][vc_column][vc_separator css=&#8221;&#8221;][\/vc_column][\/vc_row][vc_row][vc_column]<div class=\"ye_videodiv \"><iframe style=\"width: 100%; height: 100%; right:0;margin:auto;\" src=\"https:\/\/www.youtube.com\/embed\/0NqGEayCgaU\" title=\"YouTube video player\" frameborder=\"0\" allow=\"accelerometer; autoplay; clipboard-write; encrypted-media; gyroscope; picture-in-picture\" allowfullscreen><\/iframe><\/div>[\/vc_column][\/vc_row][vc_row][vc_column][vc_separator css=&#8221;&#8221;][\/vc_column][\/vc_row][vc_row][vc_column width=&#8221;1\/2&#8243;][vc_column_text css=&#8221;&#8221;]<\/p>\n<h1 style=\"text-align: center;\">Motor disability<\/h1>\n<ul>\n<li>Two reserved parking spaces in front of the tourist office building and one reserved parking space behind the tourist office building.<\/li>\n<li>Adapted counter.<\/li>\n<li>First door is heavy (90cm wide), but there is a bell at the entrance for assistance.<\/li>\n<li>Second automatic door.<\/li>\n<li>The layout of the Tourist Office reception area allows for easy movement.<\/li>\n<li>Access to the building at ground level.<\/li>\n<li>Staff who are aware and trained.<\/li>\n<li>Rest area.<\/li>\n<\/ul>\n<p>Wheelchair loan available upon request at the tourist office reception desk[\/vc_column_text][vc_column_text css=&#8221;&#8221;]<\/p>\n<h1 style=\"text-align: center;\">Hearing impairment<\/h1>\n<ul>\n<li class=\"\" data-filters=\"hearing\">Provision of a hearing aid system for people with hearing impairments, equipped with a dual function (magnetic loop and sound amplifier).<\/li>\n<li>\u00a0We have appropriate signage in our premises.<\/li>\n<li>The staff adapts to each request and can provide information in writing.<\/li>\n<li>Information screens.<\/li>\n<li>Staff who are aware and trained.<\/li>\n<li>Rest area.<\/li>\n<\/ul>\n<p>[\/vc_column_text][\/vc_column][vc_column width=&#8221;1\/2&#8243;][vc_column_text css=&#8221;&#8221;]<\/p>\n<h1 style=\"text-align: center;\">Visual impairment<\/h1>\n<ul>\n<li>Display inside the tourist office in large print.<\/li>\n<li data-filters=\"visual,walking\">Outdoor path on the ground floor.<\/li>\n<li class=\"\" data-filters=\"visual,understand\">Glass door with contrasting elements on the glass section.<\/li>\n<li data-filters=\"all\">Entrance clearly visible.<\/li>\n<li data-filters=\"all\">Reception right next to the entrance.<\/li>\n<li data-filters=\"walking,visual\">Path to the single-storey reception area.<\/li>\n<li>Staff who are aware and trained.<\/li>\n<li>Rest area.<\/li>\n<\/ul>\n<p>[\/vc_column_text][vc_column_text css=&#8221;&#8221;]<\/p>\n<h1 style=\"text-align: center;\">Mental Disability<\/h1>\n<ul>\n<li>Provision of an FALC (easy to read and understand) Guide.<\/li>\n<li>Staff who are aware and trained.<\/li>\n<li>Rest area.<\/li>\n<\/ul>\n<p>[\/vc_column_text][\/vc_column][\/vc_row][vc_row][vc_column][vc_separator css=&#8221;&#8221;][\/vc_column][\/vc_row][vc_row][vc_column][vc_column_text css=&#8221;&#8221;]<\/p>\n<h2>Useful information<\/h2>\n<h4>Disabled parking spaces are located in front of the tourist office entrance (two spaces) and behind the tourist office building (one space).<\/h4>\n<h4>The nearest public toilets to the tourist office building are located at the <a href=\"https:\/\/explore.samoens.com\/en\/shops-and-services\/esf-public-toilets\"><strong>ESF<\/strong><\/a> building.<\/h4>\n<h4>Our holiday advisors recommend that you visit in the morning, between 9am and 10am, or in the early afternoon, between 2pm and 3pm, to enjoy a quieter time and obtain practical information for your stay.<\/h4>\n<p>[\/vc_column_text][\/vc_column][\/vc_row][vc_row][vc_column width=&#8221;1\/2&#8243;][vc_single_image image=&#8221;606483&#8243; img_size=&#8221;medium&#8221; css=&#8221;&#8221;][\/vc_column][vc_column width=&#8221;1\/2&#8243;][vc_single_image image=&#8221;606486&#8243; img_size=&#8221;medium&#8221; css=&#8221;&#8221;][\/vc_column][\/vc_row][vc_row][vc_column][vc_separator css=&#8221;&#8221;][\/vc_column][\/vc_row][vc_row][vc_column width=&#8221;1\/2&#8243;][vc_empty_space height=&#8221;100px&#8221;][vc_column_text css=&#8221;&#8221;]<\/p>\n<h1>Testimonial:<\/h1>\n<h4>A lovely testimonial with photos from Christine \u2013 also known as Caddy and Annie.<\/h4>\n<p>[\/vc_column_text]<div class=\"ye_slick796 \"><div><div class=\"ye_slickinside\" style=\"height:700px; background-image:url(https:\/\/www.samoens.com\/wp-content\/uploads\/2025\/09\/WhatsApp-Image-2025-09-29-at-10.59.28-4-1425x1900.jpeg);\"><\/div><\/div><div><div class=\"ye_slickinside\" style=\"height:700px; background-image:url(https:\/\/www.samoens.com\/wp-content\/uploads\/2025\/09\/WhatsApp-Image-2025-09-29-at-10.59.28-3-1425x1900.jpeg);\"><\/div><\/div><div><div class=\"ye_slickinside\" style=\"height:700px; background-image:url(https:\/\/www.samoens.com\/wp-content\/uploads\/2025\/09\/WhatsApp-Image-2025-09-29-at-10.59.28-2.jpeg);\"><\/div><\/div><div><div class=\"ye_slickinside\" style=\"height:700px; background-image:url(https:\/\/www.samoens.com\/wp-content\/uploads\/2025\/09\/WhatsApp-Image-2025-09-29-at-10.59.28-1-1900x1377.jpeg);\"><\/div><\/div><div><div class=\"ye_slickinside\" style=\"height:700px; background-image:url(https:\/\/www.samoens.com\/wp-content\/uploads\/2025\/09\/WhatsApp-Image-2025-09-29-at-10.59.28-1425x1900.jpeg);\"><\/div><\/div><div><div class=\"ye_slickinside\" style=\"height:700px; background-image:url(https:\/\/www.samoens.com\/wp-content\/uploads\/2025\/09\/WhatsApp-Image-2025-09-29-at-10.59.27-4.jpeg);\"><\/div><\/div><div><div class=\"ye_slickinside\" style=\"height:700px; background-image:url(https:\/\/www.samoens.com\/wp-content\/uploads\/2025\/09\/WhatsApp-Image-2025-09-29-at-10.59.27-3.jpeg);\"><\/div><\/div><div><div class=\"ye_slickinside\" style=\"height:700px; background-image:url(https:\/\/www.samoens.com\/wp-content\/uploads\/2025\/09\/WhatsApp-Image-2025-09-29-at-10.59.27-2-1425x1900.jpeg);\"><\/div><\/div><div><div class=\"ye_slickinside\" style=\"height:700px; background-image:url(https:\/\/www.samoens.com\/wp-content\/uploads\/2025\/09\/WhatsApp-Image-2025-09-29-at-10.59.27-1.jpeg);\"><\/div><\/div><div><div class=\"ye_slickinside\" style=\"height:700px; background-image:url(https:\/\/www.samoens.com\/wp-content\/uploads\/2025\/09\/WhatsApp-Image-2025-09-29-at-10.59.27-1900x1425.jpeg);\"><\/div><\/div><\/div><script>\r\n                  $(\".ye_slick796\").slick({\r\n                      slidesToShow: 1,\r\n                      slidesToScroll: 1,\r\n                      dots: false,\r\n                      arrows: true,\r\n                      responsive: [{breakpoint: 768, settings: {slidesToShow: 1, slidesToScroll: 1}}]\r\n                  });<\/script>[\/vc_column][vc_column width=&#8221;1\/2&#8243;]<section class=\"elem_ambassadeur row\"><div class=\"col-sm-6 imgamba\" style=\"background-image:url();\"><\/div><div class=\"col-sm-6 textamba\"><div class=\"photoamba\" style=\"background-image:url(https:\/\/www.samoens.com\/wp-content\/uploads\/2025\/09\/WhatsApp-Image-2025-09-29-at-10.59.27-768x576.jpeg);\"><\/div><div class=\"titreamba\">Blason Berckois<\/div><p><\/p>\n<p data-start=\"100\" data-end=\"248\">The time has come to leave, bringing an exceptional stay to an end with Xavier and Krystel Davergne at Clos des Cimes, in Vallon d\u2019en Haut, Samo\u00ebns.<\/p>\n<p data-start=\"250\" data-end=\"593\">Our heartfelt thanks go to our hosts for their warm and thoughtful welcome. The g\u00eete, perfectly accessible for an electric wheelchair, had been carefully prepared: furniture was moved to accommodate medical equipment (hospital bed, bedside table, etc.), and the beds were made upon our arrival \u2014 a precious comfort from the very first moments.<\/p>\n<p data-start=\"595\" data-end=\"751\">Discreet yet always attentive, Xavier and Krystel looked after our well-being and kindly supported us in organizing outings perfectly adapted to disability.<\/p>\n<p data-start=\"753\" data-end=\"973\">We discovered the mountains from every angle thanks to the Cimgo \u2014 many thanks to our pilots, Xavier and Serge. Aquazen brought immense benefits to both body and soul; thank you, Krystel, for these moments of relaxation.<\/p>\n<p data-start=\"975\" data-end=\"1076\">Fully re-energized, we have already made plans to return in March to discover skiing on fresh powder.<\/p>\n<p data-start=\"1078\" data-end=\"1223\">At 75 and 63 years old, there is no age limit to discovering, dreaming, and embracing new experiences \u2014 all it takes is meeting the right people.<\/p>\n<p><\/p><\/div><\/section>[\/vc_column][\/vc_row]<\/p>\n<\/div>","protected":false},"excerpt":{"rendered":"<p>[vc_row][vc_column width=&#8221;1\/2&#8243;][vc_single_image image=&#8221;605469&#8243; img_size=&#8221;medium&#8221; css=&#8221;&#8221;][\/vc_column][vc_column width=&#8221;1\/2&#8243;][vc_single_image image=&#8221;605771&#8243; img_size=&#8221;medium&#8221; css=&#8221;&#8221;][\/vc_column][\/vc_row][vc_row][vc_column][vc_column_text css=&#8221;&#8221;] handi-tourism in Samo\u00ebns [\/vc_column_text][vc_column_text css=&#8221;&#8221;] Find all the practical information you need about accessibility and the adapted activities available to you. &nbsp; To find out about accessibility at the tourist office building, please visit our page on Acceslibre. [\/vc_column_text][vc_column_text css=&#8221;&#8221;]Samo\u00ebns is committed to accessible tourism [&hellip;]<\/p>\n","protected":false},"author":1,"featured_media":413887,"parent":0,"menu_order":50,"comment_status":"closed","ping_status":"closed","template":"","meta":{"_acf_changed":false,"footnotes":""},"class_list":["post-11762","page","type-page","status-publish","hentry"],"acf":[],"yoast_head":"<!-- This site is optimized with the Yoast SEO plugin v27.2 - https:\/\/yoast.com\/product\/yoast-seo-wordpress\/ -->\n<title>Handi-tourism Samo\u00ebns, station de ski et village authentique en Haute-Savoie<\/title>\n<meta name=\"description\" content=\"Samo\u00ebns offre de nombreuses activit\u00e9s adapt\u00e9es \u00e0 chacun afin de passer d&#039;agr\u00e9able vacances en famille ou entre amis !\" \/>\n<meta name=\"robots\" content=\"index, follow, max-snippet:-1, max-image-preview:large, max-video-preview:-1\" \/>\n<link rel=\"canonical\" href=\"https:\/\/www.samoens.com\/en\/handicap\/\" \/>\n<meta property=\"og:locale\" content=\"en_US\" \/>\n<meta property=\"og:type\" content=\"article\" \/>\n<meta property=\"og:title\" content=\"Handi-tourism Samo\u00ebns, station de ski et village authentique en Haute-Savoie\" \/>\n<meta property=\"og:description\" content=\"Samo\u00ebns offre de nombreuses activit\u00e9s adapt\u00e9es \u00e0 chacun afin de passer d&#039;agr\u00e9able vacances en famille ou entre amis !\" \/>\n<meta property=\"og:url\" content=\"https:\/\/www.samoens.com\/en\/handicap\/\" \/>\n<meta property=\"og:site_name\" content=\"Samo\u00ebns, station de ski et village authentique en Haute-Savoie\" \/>\n<meta property=\"article:modified_time\" content=\"2026-03-07T16:03:02+00:00\" \/>\n<meta property=\"og:image\" content=\"https:\/\/www.samoens.com\/wp-content\/uploads\/2020\/06\/4-FTT-nov-2016-scaled.jpg\" \/>\n\t<meta property=\"og:image:width\" content=\"2560\" \/>\n\t<meta property=\"og:image:height\" content=\"1920\" \/>\n\t<meta property=\"og:image:type\" content=\"image\/jpeg\" \/>\n<meta name=\"twitter:card\" content=\"summary_large_image\" \/>\n<meta name=\"twitter:label1\" content=\"Est. reading time\" \/>\n\t<meta name=\"twitter:data1\" content=\"2 minutes\" \/>\n<script type=\"application\/ld+json\" class=\"yoast-schema-graph\">{\"@context\":\"https:\/\/schema.org\",\"@graph\":[{\"@type\":\"WebPage\",\"@id\":\"https:\/\/www.samoens.com\/en\/handicap\/\",\"url\":\"https:\/\/www.samoens.com\/en\/handicap\/\",\"name\":\"Handi-tourism Samo\u00ebns, station de ski et village authentique en Haute-Savoie\",\"isPartOf\":{\"@id\":\"https:\/\/www.samoens.com\/#website\"},\"primaryImageOfPage\":{\"@id\":\"https:\/\/www.samoens.com\/en\/handicap\/#primaryimage\"},\"image\":{\"@id\":\"https:\/\/www.samoens.com\/en\/handicap\/#primaryimage\"},\"thumbnailUrl\":\"https:\/\/www.samoens.com\/wp-content\/uploads\/2020\/06\/4-FTT-nov-2016-scaled.jpg\",\"datePublished\":\"2019-08-29T08:41:34+00:00\",\"dateModified\":\"2026-03-07T16:03:02+00:00\",\"description\":\"Samo\u00ebns offre de nombreuses activit\u00e9s adapt\u00e9es \u00e0 chacun afin de passer d'agr\u00e9able vacances en famille ou entre amis !\",\"breadcrumb\":{\"@id\":\"https:\/\/www.samoens.com\/en\/handicap\/#breadcrumb\"},\"inLanguage\":\"en-US\",\"potentialAction\":[{\"@type\":\"ReadAction\",\"target\":[\"https:\/\/www.samoens.com\/en\/handicap\/\"]}]},{\"@type\":\"ImageObject\",\"inLanguage\":\"en-US\",\"@id\":\"https:\/\/www.samoens.com\/en\/handicap\/#primaryimage\",\"url\":\"https:\/\/www.samoens.com\/wp-content\/uploads\/2020\/06\/4-FTT-nov-2016-scaled.jpg\",\"contentUrl\":\"https:\/\/www.samoens.com\/wp-content\/uploads\/2020\/06\/4-FTT-nov-2016-scaled.jpg\",\"width\":2560,\"height\":1920},{\"@type\":\"BreadcrumbList\",\"@id\":\"https:\/\/www.samoens.com\/en\/handicap\/#breadcrumb\",\"itemListElement\":[{\"@type\":\"ListItem\",\"position\":1,\"name\":\"Accueil\",\"item\":\"https:\/\/www.samoens.com\/en\/\"},{\"@type\":\"ListItem\",\"position\":2,\"name\":\"Handi-tourism\"}]},{\"@type\":\"WebSite\",\"@id\":\"https:\/\/www.samoens.com\/#website\",\"url\":\"https:\/\/www.samoens.com\/\",\"name\":\"Samo\u00ebns, station de ski et village authentique en Haute-Savoie\",\"description\":\"Nich\u00e9e au coeur du domaine skiable du Grand Massif et \u00e0 moins d&#039;1h de Gen\u00e8ve, Samo\u00ebns rendra vos vacances inoubliables en \u00e9t\u00e9 comme en hiver\",\"potentialAction\":[{\"@type\":\"SearchAction\",\"target\":{\"@type\":\"EntryPoint\",\"urlTemplate\":\"https:\/\/www.samoens.com\/?s={search_term_string}\"},\"query-input\":{\"@type\":\"PropertyValueSpecification\",\"valueRequired\":true,\"valueName\":\"search_term_string\"}}],\"inLanguage\":\"en-US\"}]}<\/script>\n<!-- \/ Yoast SEO plugin. -->","yoast_head_json":{"title":"Handi-tourism Samo\u00ebns, station de ski et village authentique en Haute-Savoie","description":"Samo\u00ebns offre de nombreuses activit\u00e9s adapt\u00e9es \u00e0 chacun afin de passer d'agr\u00e9able vacances en famille ou entre amis !","robots":{"index":"index","follow":"follow","max-snippet":"max-snippet:-1","max-image-preview":"max-image-preview:large","max-video-preview":"max-video-preview:-1"},"canonical":"https:\/\/www.samoens.com\/en\/handicap\/","og_locale":"en_US","og_type":"article","og_title":"Handi-tourism Samo\u00ebns, station de ski et village authentique en Haute-Savoie","og_description":"Samo\u00ebns offre de nombreuses activit\u00e9s adapt\u00e9es \u00e0 chacun afin de passer d'agr\u00e9able vacances en famille ou entre amis !","og_url":"https:\/\/www.samoens.com\/en\/handicap\/","og_site_name":"Samo\u00ebns, station de ski et village authentique en Haute-Savoie","article_modified_time":"2026-03-07T16:03:02+00:00","og_image":[{"width":2560,"height":1920,"url":"https:\/\/www.samoens.com\/wp-content\/uploads\/2020\/06\/4-FTT-nov-2016-scaled.jpg","type":"image\/jpeg"}],"twitter_card":"summary_large_image","twitter_misc":{"Est. reading time":"2 minutes"},"schema":{"@context":"https:\/\/schema.org","@graph":[{"@type":"WebPage","@id":"https:\/\/www.samoens.com\/en\/handicap\/","url":"https:\/\/www.samoens.com\/en\/handicap\/","name":"Handi-tourism Samo\u00ebns, station de ski et village authentique en Haute-Savoie","isPartOf":{"@id":"https:\/\/www.samoens.com\/#website"},"primaryImageOfPage":{"@id":"https:\/\/www.samoens.com\/en\/handicap\/#primaryimage"},"image":{"@id":"https:\/\/www.samoens.com\/en\/handicap\/#primaryimage"},"thumbnailUrl":"https:\/\/www.samoens.com\/wp-content\/uploads\/2020\/06\/4-FTT-nov-2016-scaled.jpg","datePublished":"2019-08-29T08:41:34+00:00","dateModified":"2026-03-07T16:03:02+00:00","description":"Samo\u00ebns offre de nombreuses activit\u00e9s adapt\u00e9es \u00e0 chacun afin de passer d'agr\u00e9able vacances en famille ou entre amis !","breadcrumb":{"@id":"https:\/\/www.samoens.com\/en\/handicap\/#breadcrumb"},"inLanguage":"en-US","potentialAction":[{"@type":"ReadAction","target":["https:\/\/www.samoens.com\/en\/handicap\/"]}]},{"@type":"ImageObject","inLanguage":"en-US","@id":"https:\/\/www.samoens.com\/en\/handicap\/#primaryimage","url":"https:\/\/www.samoens.com\/wp-content\/uploads\/2020\/06\/4-FTT-nov-2016-scaled.jpg","contentUrl":"https:\/\/www.samoens.com\/wp-content\/uploads\/2020\/06\/4-FTT-nov-2016-scaled.jpg","width":2560,"height":1920},{"@type":"BreadcrumbList","@id":"https:\/\/www.samoens.com\/en\/handicap\/#breadcrumb","itemListElement":[{"@type":"ListItem","position":1,"name":"Accueil","item":"https:\/\/www.samoens.com\/en\/"},{"@type":"ListItem","position":2,"name":"Handi-tourism"}]},{"@type":"WebSite","@id":"https:\/\/www.samoens.com\/#website","url":"https:\/\/www.samoens.com\/","name":"Samo\u00ebns, station de ski et village authentique en Haute-Savoie","description":"Nich\u00e9e au coeur du domaine skiable du Grand Massif et \u00e0 moins d&#039;1h de Gen\u00e8ve, Samo\u00ebns rendra vos vacances inoubliables en \u00e9t\u00e9 comme en hiver","potentialAction":[{"@type":"SearchAction","target":{"@type":"EntryPoint","urlTemplate":"https:\/\/www.samoens.com\/?s={search_term_string}"},"query-input":{"@type":"PropertyValueSpecification","valueRequired":true,"valueName":"search_term_string"}}],"inLanguage":"en-US"}]}},"_links":{"self":[{"href":"https:\/\/www.samoens.com\/en\/wp-json\/wp\/v2\/pages\/11762","targetHints":{"allow":["GET"]}}],"collection":[{"href":"https:\/\/www.samoens.com\/en\/wp-json\/wp\/v2\/pages"}],"about":[{"href":"https:\/\/www.samoens.com\/en\/wp-json\/wp\/v2\/types\/page"}],"author":[{"embeddable":true,"href":"https:\/\/www.samoens.com\/en\/wp-json\/wp\/v2\/users\/1"}],"replies":[{"embeddable":true,"href":"https:\/\/www.samoens.com\/en\/wp-json\/wp\/v2\/comments?post=11762"}],"version-history":[{"count":5,"href":"https:\/\/www.samoens.com\/en\/wp-json\/wp\/v2\/pages\/11762\/revisions"}],"predecessor-version":[{"id":606719,"href":"https:\/\/www.samoens.com\/en\/wp-json\/wp\/v2\/pages\/11762\/revisions\/606719"}],"wp:featuredmedia":[{"embeddable":true,"href":"https:\/\/www.samoens.com\/en\/wp-json\/wp\/v2\/media\/413887"}],"wp:attachment":[{"href":"https:\/\/www.samoens.com\/en\/wp-json\/wp\/v2\/media?parent=11762"}],"curies":[{"name":"wp","href":"https:\/\/api.w.org\/{rel}","templated":true}]}}